{"id":5767,"date":"2022-09-05T19:16:39","date_gmt":"2022-09-05T17:16:39","guid":{"rendered":"http:\/\/vadevela.com\/sailing-experiences\/"},"modified":"2023-12-30T20:49:02","modified_gmt":"2023-12-30T18:49:02","slug":"sailing-rent-boat-palamos-costa-brava","status":"publish","type":"page","link":"https:\/\/vadevela.com\/en\/sailing-rent-boat-palamos-costa-brava\/","title":{"rendered":"Sailing Experiences"},"content":{"rendered":"<div class=\"wpb-content-wrapper\"><p>[vc_row header_feature=&#8221;yes&#8221; padding_top=&#8221;35&#8243;][vc_column]<div class=\"grve-element grve-slogan grve-align-center\" style=\"\"><div class=\"grve-subtitle\">SAILING TRIPS WITH SKIPPER IN PALAM\u00d3S\/COSTA BRAVA<\/div><h4 class=\"grve-slogan-title grve-align-center grve-title-line\"><span>SAILING BOAT TRIPS ,RENT SAILBOAT, ONE DAY SAILING IN PALAM\u00d3S\/COSTA BRAVA, SAILING CHARTER IN PALAM\u00d3S.<\/span><\/h4>  <p class=\"\"><\/p><\/div>[vc_column_text text_style=&#8221;leader-text&#8221;]<\/p>\n<p style=\"text-align: center;\">Sail boat rental in Palam\u00f3s Costa Brava<\/p>\n<p>[\/vc_column_text][\/vc_column][\/vc_row][vc_row padding_top=&#8221;35&#8243;][vc_column width=&#8221;1\/3&#8243;]<div class=\"grve-element grve-box grve-align-center grve-animated-item grve-fadeInUp\" style=\"\" data-delay=\"200\"><div class=\"grve-media\"><img loading=\"lazy\" decoding=\"async\" width=\"500\" height=\"375\" src=\"https:\/\/vadevela.com\/wp-content\/uploads\/2022\/09\/157g.jpg\" class=\"attachment-full size-full\" alt=\"Sailing rent boat Palam\u00f3s Costa Brava\" srcset=\"https:\/\/vadevela.com\/wp-content\/uploads\/2022\/09\/157g.jpg 500w, https:\/\/vadevela.com\/wp-content\/uploads\/2022\/09\/157g-300x225.jpg 300w\" sizes=\"auto, (max-width: 500px) 100vw, 500px\" \/><\/div>  <div class=\"grve-box-content\">    <a href=\"https:\/\/vadevela.com\/en\/sailboat-rental\/\" target=\"_self\"><h5 class=\"grve-box-title\"><span>HALF DAY SAIL BOAT RENTAL<\/span><\/h5>    <\/a>    <p>If you are thinking about amazing experiences, you can\u2019t miss sailing with ourt sail boat, enjoy the best seascape, sound of silence only pushing by the sea breeze for swing  in the best coves&#8230;<br \/>\nDeparture from Port Marina Palam\u00f3s \/ Costa Brava.<\/p>    <a href=\"https:\/\/vadevela.com\/en\/sailboat-rental\/\" target=\"_self\" class=\"grve-read-more\">More info<\/a>  <\/div><\/div>[\/vc_column][vc_column width=&#8221;1\/3&#8243;]<div class=\"grve-element grve-box grve-align-center grve-animated-item grve-fadeInUp\" style=\"\" data-delay=\"200\"><div class=\"grve-media\"><img loading=\"lazy\" decoding=\"async\" width=\"800\" height=\"600\" src=\"https:\/\/vadevela.com\/wp-content\/uploads\/2022\/09\/58g-1.jpg\" class=\"attachment-full size-full\" alt=\"Puesta de sol en velero en las calas de Palam\u00f3s\" srcset=\"https:\/\/vadevela.com\/wp-content\/uploads\/2022\/09\/58g-1.jpg 800w, https:\/\/vadevela.com\/wp-content\/uploads\/2022\/09\/58g-1-300x225.jpg 300w, https:\/\/vadevela.com\/wp-content\/uploads\/2022\/09\/58g-1-768x576.jpg 768w, https:\/\/vadevela.com\/wp-content\/uploads\/2022\/09\/58g-1-600x450.jpg 600w\" sizes=\"auto, (max-width: 800px) 100vw, 800px\" \/><\/div>  <div class=\"grve-box-content\">    <a href=\"https:\/\/vadevela.com\/en\/sunset-on-sailboat\/\" target=\"_self\"><h5 class=\"grve-box-title\"><span>ENJOY SUNSET ON SAIL BOAT IN CASTELL COVE<\/span><\/h5>    <\/a>    <p>Sailing at sunset is lovely experience that you will not forget, if you are thinking of sharing special moments&#8230;.<br \/>\nDeparture from Port Marina Palam\u00f3s \/ Costa Brava.<\/p>    <a href=\"https:\/\/vadevela.com\/en\/sunset-on-sailboat\/\" target=\"_self\" class=\"grve-read-more\">More info<\/a>  <\/div><\/div>[\/vc_column][vc_column width=&#8221;1\/3&#8243;]<div class=\"grve-element grve-box grve-align-center grve-animated-item grve-fadeInUp\" style=\"\" data-delay=\"200\"><div class=\"grve-media\"><img loading=\"lazy\" decoding=\"async\" width=\"800\" height=\"600\" src=\"https:\/\/vadevela.com\/wp-content\/uploads\/2022\/09\/59g.jpg\" class=\"attachment-full size-full\" alt=\"Sailing rent boat Palam\u00f3s Costa Brava\" srcset=\"https:\/\/vadevela.com\/wp-content\/uploads\/2022\/09\/59g.jpg 800w, https:\/\/vadevela.com\/wp-content\/uploads\/2022\/09\/59g-300x225.jpg 300w, https:\/\/vadevela.com\/wp-content\/uploads\/2022\/09\/59g-768x576.jpg 768w, https:\/\/vadevela.com\/wp-content\/uploads\/2022\/09\/59g-600x450.jpg 600w\" sizes=\"auto, (max-width: 800px) 100vw, 800px\" \/><\/div>  <div class=\"grve-box-content\">    <a href=\"https:\/\/vadevela.com\/en\/sailboat-rental-fore-one-day\/\" target=\"_self\"><h5 class=\"grve-box-title\"><span>SAILBOAT RENTAL IN PALAM\u00d3S\/COSTA BRAVA FOR ONE DAY<\/span><\/h5>    <\/a>    <p>Spending the whole day renting our sailboat, sailing and swiming in the best coves like Castell-Illes Formigues-Cap Roig Natural (Palam\u00f3s) or Calella Area is one of\u2026<br \/>\nDeparture from Port Marina Palam\u00f3s \/ Costa Brava.<\/p>    <a href=\"https:\/\/vadevela.com\/en\/sailboat-rental-fore-one-day\/\" target=\"_self\" class=\"grve-read-more\">More info<\/a>  <\/div><\/div>[\/vc_column][\/vc_row][vc_row padding_top=&#8221;35&#8243;][vc_column width=&#8221;1\/3&#8243;]<div class=\"grve-element grve-box grve-align-center grve-animated-item grve-fadeInUp\" style=\"\" data-delay=\"200\"><div class=\"grve-media\"><img loading=\"lazy\" decoding=\"async\" width=\"800\" height=\"600\" src=\"https:\/\/vadevela.com\/wp-content\/uploads\/2022\/09\/60g.jpg\" class=\"attachment-full size-full\" alt=\"Sailing rent boat Palam\u00f3s Costa Brava\" srcset=\"https:\/\/vadevela.com\/wp-content\/uploads\/2022\/09\/60g.jpg 800w, https:\/\/vadevela.com\/wp-content\/uploads\/2022\/09\/60g-300x225.jpg 300w, https:\/\/vadevela.com\/wp-content\/uploads\/2022\/09\/60g-768x576.jpg 768w, https:\/\/vadevela.com\/wp-content\/uploads\/2022\/09\/60g-600x450.jpg 600w\" sizes=\"auto, (max-width: 800px) 100vw, 800px\" \/><\/div>  <div class=\"grve-box-content\">    <a href=\"https:\/\/vadevela.com\/en\/sailing-activities-for-companies\/\" target=\"_self\"><h5 class=\"grve-box-title\"><span>SAILING ACTIVITIES FOR COMPANY IN PALAM\u00d3S.<\/span><\/h5>    <\/a>    <p>We organize activities for companies and teamwork.<br \/>\nDeparture from Port Marina Palam\u00f3s \/ Costa Brava.<\/p>    <a href=\"https:\/\/vadevela.com\/en\/sailing-activities-for-companies\/\" target=\"_self\" class=\"grve-read-more\">More info<\/a>  <\/div><\/div>[\/vc_column][vc_column width=&#8221;1\/3&#8243;]<div class=\"grve-element grve-box grve-align-center grve-animated-item grve-fadeInUp\" style=\"\" data-delay=\"200\"><div class=\"grve-media\"><img loading=\"lazy\" decoding=\"async\" width=\"800\" height=\"600\" src=\"https:\/\/vadevela.com\/wp-content\/uploads\/2022\/09\/53g.jpg\" class=\"attachment-full size-full\" alt=\"Sailing rent boat Palam\u00f3s Costa Brava\" srcset=\"https:\/\/vadevela.com\/wp-content\/uploads\/2022\/09\/53g.jpg 800w, https:\/\/vadevela.com\/wp-content\/uploads\/2022\/09\/53g-300x225.jpg 300w, https:\/\/vadevela.com\/wp-content\/uploads\/2022\/09\/53g-768x576.jpg 768w, https:\/\/vadevela.com\/wp-content\/uploads\/2022\/09\/53g-600x450.jpg 600w\" sizes=\"auto, (max-width: 800px) 100vw, 800px\" \/><\/div>  <div class=\"grve-box-content\">    <a href=\"https:\/\/vadevela.com\/en\/gift-voucher-vadevela\/\" target=\"_self\"><h5 class=\"grve-box-title\"><span>GIFT VOUCHER VADEVELA BOAT RENTING IN PALAM\u00d3S.<\/span><\/h5>    <\/a>    <p>Make an original gift and enjoy renting one of our boats with your friends, family or partner. you can celebrate the birthday from your best friend renting our sailing boat with skipper. we are ready to you in Port Marina Palam\u00f3s..<br \/>\nDeparture from Port Marina Palam\u00f3s \/ Costa Brava.<\/p>    <a href=\"https:\/\/vadevela.com\/en\/gift-voucher-vadevela\/\" target=\"_self\" class=\"grve-read-more\">More info<\/a>  <\/div><\/div>[\/vc_column][vc_column width=&#8221;1\/3&#8243;]<div class=\"grve-element grve-box grve-align-center grve-animated-item grve-fadeInUp\" style=\"\" data-delay=\"200\"><div class=\"grve-media\"><img loading=\"lazy\" decoding=\"async\" width=\"800\" height=\"600\" src=\"https:\/\/vadevela.com\/wp-content\/uploads\/2022\/09\/62g.jpg\" class=\"attachment-full size-full\" alt=\"Rent boat Palam\u00f3s Costa Brava\" srcset=\"https:\/\/vadevela.com\/wp-content\/uploads\/2022\/09\/62g.jpg 800w, https:\/\/vadevela.com\/wp-content\/uploads\/2022\/09\/62g-300x225.jpg 300w, https:\/\/vadevela.com\/wp-content\/uploads\/2022\/09\/62g-768x576.jpg 768w, https:\/\/vadevela.com\/wp-content\/uploads\/2022\/09\/62g-600x450.jpg 600w\" sizes=\"auto, (max-width: 800px) 100vw, 800px\" \/><\/div>  <div class=\"grve-box-content\">    <a href=\"https:\/\/vadevela.com\/en\/sailing-tailored-made\/\" target=\"_self\"><h5 class=\"grve-box-title\"><span>TAILORED SAILING EXPERIENCE<\/span><\/h5>    <\/a>    <p>We can adapt the &#8220;gift voucher&#8221; to the characteristics and needs of the group. DOLPHINS AND SEABIRDS WATCHING: We enter the open sea in search of the company of dolphins and seabirds.<br \/>\nDeparture from Port Marina Palam\u00f3s \/ Costa Brava.<\/p>    <a href=\"https:\/\/vadevela.com\/en\/sailing-tailored-made\/\" target=\"_self\" class=\"grve-read-more\">More info<\/a>  <\/div><\/div>[\/vc_column][\/vc_row][vc_row bg_type=&#8221;color&#8221; footer_feature=&#8221;yes&#8221; font_color=&#8221;#ffffff&#8221; bg_color=&#8221;#008db5&#8243; padding_top=&#8221;80&#8243; padding_bottom=&#8221;80&#8243;][vc_column][vc_column_text text_style=&#8221;leader-text&#8221;]<\/p>\n<div class=\"grve-element grve-text grve-animated-item grve-fadeInUp grve-leader-text grve-animated\" data-delay=\"200\">\n<p style=\"text-align: center;\">Boat and sailboat rental in\u00a0<a href=\"https:\/\/visitpalamos.cat\/\">Palam\u00f3s<\/a>, the heart of the Costa Brava.<a href=\"https:\/\/vadevela.com\/en\/sailboat-rent-for-one-day\/\"> Sailing trips from Palam\u00f3s<\/a> and sailing routes in Costa Brava.<\/p>\n<p style=\"text-align: center;\">Sailing rent boat Palam\u00f3s Costa Brava<\/p>\n<\/div>\n<div class=\"grve-element grve-text grve-animated-item grve-fadeInUp grve-leader-text grve-animated\" style=\"text-align: center;\" data-delay=\"200\">\n<p>Enjoy your holidays on a sailboat. We organize sailing trips for businesses and different sailing activities in Costa Brava.<\/p><\/div>\n<div class=\"grve-element grve-text grve-animated-item grve-fadeInUp grve-leader-text grve-animated\" data-delay=\"200\">\n<p style=\"text-align: center;\">Sailing excursion and sailboat rentals for families or friend groups from Palam\u00f3s towards Begur, the Formigues islands, Calella, Llafranc, Tamariu and L&#8217;Estartit or south towards Sant Antoni de Calonge, Platja d\u2019Aro, Sant Feliu de Gu\u00edxols or to Tossa de Mar.<\/p>\n<p style=\"text-align: center;\">Don&#8217;t miss the sailing experience on a sailboat in Costa Brava<\/p>\n<\/div>\n<p>[\/vc_column_text][\/vc_column][\/vc_row]<\/p>\n<\/div>","protected":false},"excerpt":{"rendered":"<p>[vc_row header_feature=&#8221;yes&#8221; padding_top=&#8221;35&#8243;][vc_column][vc_column_text text_style=&#8221;leader-text&#8221;] Sail boat rental in Palam\u00f3s Costa Brava [\/vc_column_text][\/vc_column][\/vc_row][vc_row padding_top=&#8221;35&#8243;][vc_column width=&#8221;1\/3&#8243;][\/vc_column][vc_column width=&#8221;1\/3&#8243;][\/vc_column][vc_column width=&#8221;1\/3&#8243;][\/vc_column][\/vc_row][vc_row padding_top=&#8221;35&#8243;][vc_column width=&#8221;1\/3&#8243;][\/vc_column][vc_column width=&#8221;1\/3&#8243;][\/vc_column][vc_column width=&#8221;1\/3&#8243;][\/vc_column][\/vc_row][vc_row bg_type=&#8221;color&#8221; footer_feature=&#8221;yes&#8221; font_color=&#8221;#ffffff&#8221; bg_color=&#8221;#008db5&#8243; padding_top=&#8221;80&#8243; padding_bottom=&#8221;80&#8243;][vc_column][vc_column_text text_style=&#8221;leader-text&#8221;] Boat and sailboat rental in\u00a0Palam\u00f3s, the heart of the Costa Brava. Sailing trips from Palam\u00f3s and sailing routes in Costa Brava. Sailing rent boat Palam\u00f3s Costa Brava Enjoy [&hellip;]<\/p>\n","protected":false},"author":1,"featured_media":5750,"parent":0,"menu_order":0,"comment_status":"closed","ping_status":"closed","template":"","meta":{"footnotes":""},"class_list":["post-5767","page","type-page","status-publish","has-post-thumbnail","hentry"],"yoast_head":"<!-- This site is optimized with the Yoast SEO plugin v27.3 - https:\/\/yoast.com\/product\/yoast-seo-wordpress\/ -->\n<title>Sailing rent boat Palam\u00f3s Costa Brava - Sailing Experiences<\/title>\n<meta name=\"description\" content=\"Sailing rent boat Palam\u00f3s Costa Brava. Sailing experiences and rent sailing boats in Palam\u00f3s and Costa Brava. Day sailing trips in Palam\u00f3s.\" \/>\n<meta name=\"robots\" content=\"index, follow, max-snippet:-1, max-image-preview:large, max-video-preview:-1\" \/>\n<link rel=\"canonical\" href=\"https:\/\/vadevela.com\/en\/sailing-rent-boat-palamos-costa-brava\/\" \/>\n<meta property=\"og:locale\" content=\"en_US\" \/>\n<meta property=\"og:type\" content=\"article\" \/>\n<meta property=\"og:title\" content=\"Sailing rent boat Palam\u00f3s Costa Brava - Sailing Experiences\" \/>\n<meta property=\"og:description\" content=\"Sailing rent boat Palam\u00f3s Costa Brava. Sailing experiences and rent sailing boats in Palam\u00f3s and Costa Brava. Day sailing trips in Palam\u00f3s.\" \/>\n<meta property=\"og:url\" content=\"https:\/\/vadevela.com\/en\/sailing-rent-boat-palamos-costa-brava\/\" \/>\n<meta property=\"og:site_name\" content=\"Vadevela\" \/>\n<meta property=\"article:publisher\" content=\"https:\/\/www.facebook.com\/profile.php?id=100066870703106\" \/>\n<meta property=\"article:modified_time\" content=\"2023-12-30T18:49:02+00:00\" \/>\n<meta property=\"og:image\" content=\"https:\/\/vadevela.com\/wp-content\/uploads\/2022\/09\/157g.jpg\" \/>\n\t<meta property=\"og:image:width\" content=\"500\" \/>\n\t<meta property=\"og:image:height\" content=\"375\" \/>\n\t<meta property=\"og:image:type\" content=\"image\/jpeg\" \/>\n<meta name=\"twitter:card\" content=\"summary_large_image\" \/>\n<meta name=\"twitter:label1\" content=\"Est. reading time\" \/>\n\t<meta name=\"twitter:data1\" content=\"3 minutes\" \/>\n<script type=\"application\/ld+json\" class=\"yoast-schema-graph\">{\"@context\":\"https:\\\/\\\/schema.org\",\"@graph\":[{\"@type\":\"WebPage\",\"@id\":\"https:\\\/\\\/vadevela.com\\\/en\\\/sailing-rent-boat-palamos-costa-brava\\\/\",\"url\":\"https:\\\/\\\/vadevela.com\\\/en\\\/sailing-rent-boat-palamos-costa-brava\\\/\",\"name\":\"Sailing rent boat Palam\u00f3s Costa Brava - Sailing Experiences\",\"isPartOf\":{\"@id\":\"https:\\\/\\\/vadevela.com\\\/en\\\/#website\"},\"primaryImageOfPage\":{\"@id\":\"https:\\\/\\\/vadevela.com\\\/en\\\/sailing-rent-boat-palamos-costa-brava\\\/#primaryimage\"},\"image\":{\"@id\":\"https:\\\/\\\/vadevela.com\\\/en\\\/sailing-rent-boat-palamos-costa-brava\\\/#primaryimage\"},\"thumbnailUrl\":\"https:\\\/\\\/vadevela.com\\\/wp-content\\\/uploads\\\/2022\\\/09\\\/157g.jpg\",\"datePublished\":\"2022-09-05T17:16:39+00:00\",\"dateModified\":\"2023-12-30T18:49:02+00:00\",\"description\":\"Sailing rent boat Palam\u00f3s Costa Brava. Sailing experiences and rent sailing boats in Palam\u00f3s and Costa Brava. Day sailing trips in Palam\u00f3s.\",\"breadcrumb\":{\"@id\":\"https:\\\/\\\/vadevela.com\\\/en\\\/sailing-rent-boat-palamos-costa-brava\\\/#breadcrumb\"},\"inLanguage\":\"en-US\",\"potentialAction\":[{\"@type\":\"ReadAction\",\"target\":[\"https:\\\/\\\/vadevela.com\\\/en\\\/sailing-rent-boat-palamos-costa-brava\\\/\"]}]},{\"@type\":\"ImageObject\",\"inLanguage\":\"en-US\",\"@id\":\"https:\\\/\\\/vadevela.com\\\/en\\\/sailing-rent-boat-palamos-costa-brava\\\/#primaryimage\",\"url\":\"https:\\\/\\\/vadevela.com\\\/wp-content\\\/uploads\\\/2022\\\/09\\\/157g.jpg\",\"contentUrl\":\"https:\\\/\\\/vadevela.com\\\/wp-content\\\/uploads\\\/2022\\\/09\\\/157g.jpg\",\"width\":500,\"height\":375,\"caption\":\"Sailing rent boat Palam\u00f3s Costa Brava\"},{\"@type\":\"BreadcrumbList\",\"@id\":\"https:\\\/\\\/vadevela.com\\\/en\\\/sailing-rent-boat-palamos-costa-brava\\\/#breadcrumb\",\"itemListElement\":[{\"@type\":\"ListItem\",\"position\":1,\"name\":\"Inici\",\"item\":\"https:\\\/\\\/vadevela.com\\\/en\\\/\"},{\"@type\":\"ListItem\",\"position\":2,\"name\":\"Sailing Experiences\"}]},{\"@type\":\"WebSite\",\"@id\":\"https:\\\/\\\/vadevela.com\\\/en\\\/#website\",\"url\":\"https:\\\/\\\/vadevela.com\\\/en\\\/\",\"name\":\"Vadevela\",\"description\":\"Lloguer de velers - Alquiler de veleros - Sailboat rental &amp; charter\",\"publisher\":{\"@id\":\"https:\\\/\\\/vadevela.com\\\/en\\\/#organization\"},\"potentialAction\":[{\"@type\":\"SearchAction\",\"target\":{\"@type\":\"EntryPoint\",\"urlTemplate\":\"https:\\\/\\\/vadevela.com\\\/en\\\/?s={search_term_string}\"},\"query-input\":{\"@type\":\"PropertyValueSpecification\",\"valueRequired\":true,\"valueName\":\"search_term_string\"}}],\"inLanguage\":\"en-US\"},{\"@type\":\"Organization\",\"@id\":\"https:\\\/\\\/vadevela.com\\\/en\\\/#organization\",\"name\":\"Vadevela\",\"url\":\"https:\\\/\\\/vadevela.com\\\/en\\\/\",\"logo\":{\"@type\":\"ImageObject\",\"inLanguage\":\"en-US\",\"@id\":\"https:\\\/\\\/vadevela.com\\\/en\\\/#\\\/schema\\\/logo\\\/image\\\/\",\"url\":\"https:\\\/\\\/vadevela.com\\\/wp-content\\\/uploads\\\/2022\\\/09\\\/logo_vadevela_b_2.png\",\"contentUrl\":\"https:\\\/\\\/vadevela.com\\\/wp-content\\\/uploads\\\/2022\\\/09\\\/logo_vadevela_b_2.png\",\"width\":300,\"height\":59,\"caption\":\"Vadevela\"},\"image\":{\"@id\":\"https:\\\/\\\/vadevela.com\\\/en\\\/#\\\/schema\\\/logo\\\/image\\\/\"},\"sameAs\":[\"https:\\\/\\\/www.facebook.com\\\/profile.php?id=100066870703106\",\"https:\\\/\\\/www.youtube.com\\\/user\\\/vadevela1\\\/videos\"]}]}<\/script>\n<!-- \/ Yoast SEO plugin. -->","yoast_head_json":{"title":"Sailing rent boat Palam\u00f3s Costa Brava - Sailing Experiences","description":"Sailing rent boat Palam\u00f3s Costa Brava. Sailing experiences and rent sailing boats in Palam\u00f3s and Costa Brava. Day sailing trips in Palam\u00f3s.","robots":{"index":"index","follow":"follow","max-snippet":"max-snippet:-1","max-image-preview":"max-image-preview:large","max-video-preview":"max-video-preview:-1"},"canonical":"https:\/\/vadevela.com\/en\/sailing-rent-boat-palamos-costa-brava\/","og_locale":"en_US","og_type":"article","og_title":"Sailing rent boat Palam\u00f3s Costa Brava - Sailing Experiences","og_description":"Sailing rent boat Palam\u00f3s Costa Brava. Sailing experiences and rent sailing boats in Palam\u00f3s and Costa Brava. Day sailing trips in Palam\u00f3s.","og_url":"https:\/\/vadevela.com\/en\/sailing-rent-boat-palamos-costa-brava\/","og_site_name":"Vadevela","article_publisher":"https:\/\/www.facebook.com\/profile.php?id=100066870703106","article_modified_time":"2023-12-30T18:49:02+00:00","og_image":[{"width":500,"height":375,"url":"https:\/\/vadevela.com\/wp-content\/uploads\/2022\/09\/157g.jpg","type":"image\/jpeg"}],"twitter_card":"summary_large_image","twitter_misc":{"Est. reading time":"3 minutes"},"schema":{"@context":"https:\/\/schema.org","@graph":[{"@type":"WebPage","@id":"https:\/\/vadevela.com\/en\/sailing-rent-boat-palamos-costa-brava\/","url":"https:\/\/vadevela.com\/en\/sailing-rent-boat-palamos-costa-brava\/","name":"Sailing rent boat Palam\u00f3s Costa Brava - Sailing Experiences","isPartOf":{"@id":"https:\/\/vadevela.com\/en\/#website"},"primaryImageOfPage":{"@id":"https:\/\/vadevela.com\/en\/sailing-rent-boat-palamos-costa-brava\/#primaryimage"},"image":{"@id":"https:\/\/vadevela.com\/en\/sailing-rent-boat-palamos-costa-brava\/#primaryimage"},"thumbnailUrl":"https:\/\/vadevela.com\/wp-content\/uploads\/2022\/09\/157g.jpg","datePublished":"2022-09-05T17:16:39+00:00","dateModified":"2023-12-30T18:49:02+00:00","description":"Sailing rent boat Palam\u00f3s Costa Brava. Sailing experiences and rent sailing boats in Palam\u00f3s and Costa Brava. Day sailing trips in Palam\u00f3s.","breadcrumb":{"@id":"https:\/\/vadevela.com\/en\/sailing-rent-boat-palamos-costa-brava\/#breadcrumb"},"inLanguage":"en-US","potentialAction":[{"@type":"ReadAction","target":["https:\/\/vadevela.com\/en\/sailing-rent-boat-palamos-costa-brava\/"]}]},{"@type":"ImageObject","inLanguage":"en-US","@id":"https:\/\/vadevela.com\/en\/sailing-rent-boat-palamos-costa-brava\/#primaryimage","url":"https:\/\/vadevela.com\/wp-content\/uploads\/2022\/09\/157g.jpg","contentUrl":"https:\/\/vadevela.com\/wp-content\/uploads\/2022\/09\/157g.jpg","width":500,"height":375,"caption":"Sailing rent boat Palam\u00f3s Costa Brava"},{"@type":"BreadcrumbList","@id":"https:\/\/vadevela.com\/en\/sailing-rent-boat-palamos-costa-brava\/#breadcrumb","itemListElement":[{"@type":"ListItem","position":1,"name":"Inici","item":"https:\/\/vadevela.com\/en\/"},{"@type":"ListItem","position":2,"name":"Sailing Experiences"}]},{"@type":"WebSite","@id":"https:\/\/vadevela.com\/en\/#website","url":"https:\/\/vadevela.com\/en\/","name":"Vadevela","description":"Lloguer de velers - Alquiler de veleros - Sailboat rental &amp; charter","publisher":{"@id":"https:\/\/vadevela.com\/en\/#organization"},"potentialAction":[{"@type":"SearchAction","target":{"@type":"EntryPoint","urlTemplate":"https:\/\/vadevela.com\/en\/?s={search_term_string}"},"query-input":{"@type":"PropertyValueSpecification","valueRequired":true,"valueName":"search_term_string"}}],"inLanguage":"en-US"},{"@type":"Organization","@id":"https:\/\/vadevela.com\/en\/#organization","name":"Vadevela","url":"https:\/\/vadevela.com\/en\/","logo":{"@type":"ImageObject","inLanguage":"en-US","@id":"https:\/\/vadevela.com\/en\/#\/schema\/logo\/image\/","url":"https:\/\/vadevela.com\/wp-content\/uploads\/2022\/09\/logo_vadevela_b_2.png","contentUrl":"https:\/\/vadevela.com\/wp-content\/uploads\/2022\/09\/logo_vadevela_b_2.png","width":300,"height":59,"caption":"Vadevela"},"image":{"@id":"https:\/\/vadevela.com\/en\/#\/schema\/logo\/image\/"},"sameAs":["https:\/\/www.facebook.com\/profile.php?id=100066870703106","https:\/\/www.youtube.com\/user\/vadevela1\/videos"]}]}},"_links":{"self":[{"href":"https:\/\/vadevela.com\/en\/wp-json\/wp\/v2\/pages\/5767","targetHints":{"allow":["GET"]}}],"collection":[{"href":"https:\/\/vadevela.com\/en\/wp-json\/wp\/v2\/pages"}],"about":[{"href":"https:\/\/vadevela.com\/en\/wp-json\/wp\/v2\/types\/page"}],"author":[{"embeddable":true,"href":"https:\/\/vadevela.com\/en\/wp-json\/wp\/v2\/users\/1"}],"replies":[{"embeddable":true,"href":"https:\/\/vadevela.com\/en\/wp-json\/wp\/v2\/comments?post=5767"}],"version-history":[{"count":64,"href":"https:\/\/vadevela.com\/en\/wp-json\/wp\/v2\/pages\/5767\/revisions"}],"predecessor-version":[{"id":7085,"href":"https:\/\/vadevela.com\/en\/wp-json\/wp\/v2\/pages\/5767\/revisions\/7085"}],"wp:featuredmedia":[{"embeddable":true,"href":"https:\/\/vadevela.com\/en\/wp-json\/wp\/v2\/media\/5750"}],"wp:attachment":[{"href":"https:\/\/vadevela.com\/en\/wp-json\/wp\/v2\/media?parent=5767"}],"curies":[{"name":"wp","href":"https:\/\/api.w.org\/{rel}","templated":true}]}}