{"id":6177,"date":"2022-09-13T11:27:03","date_gmt":"2022-09-13T09:27:03","guid":{"rendered":"http:\/\/vadevela.com\/?page_id=6177"},"modified":"2022-09-21T18:25:50","modified_gmt":"2022-09-21T16:25:50","slug":"legal-note","status":"publish","type":"page","link":"https:\/\/vadevela.com\/en\/legal-note\/","title":{"rendered":"Legal Note"},"content":{"rendered":"<div class=\"container caixa-general-pagina\">\n<div class=\"row\">\n<div class=\"col-md-12\">\n<h3>Legal note<\/h3>\n<\/div>\n<\/div>\n<div class=\"row\">\n<div class=\"col-md-12\">\n<p>El propietario de esta web y su contenido es Mia Ferrer &#8211; <strong>VADEVELA<\/strong>. Queda prohibida la transmisi\u00f3n, cesi\u00f3n, venta, alquiler y\/o exposici\u00f3n p\u00fablica de esta web sin la correspondiente autorizaci\u00f3n de sus due\u00f1os. La informaci\u00f3n y consejos presentados en esta web son de car\u00e1cter orientativos quedando <strong>VADEVELA<\/strong> exenta de cualquier responsabilidad derivada de la falta de exactitud o efectividad en dicha informaci\u00f3n o consejos.<br \/>\n<strong>VADEVELA<\/strong>\u00a0se reserva el derecho de modificar el contenido de la web sin previo aviso y sin ning\u00fan tipo de limitaci\u00f3n. La informaci\u00f3n remitida a esta web o introducida a trav\u00e9s de sus formularios deber\u00e1 ser veraz y no vulnerar\u00e1 el derecho a terceros ni la legalidad vigente.<br \/>\n<strong>VADEVELA<\/strong>\u00a0declina cualquier responsabilidad contractual o extracontractual con la persona o empresa que tuviera perjuicios de cualquier naturaleza ocasionados por virus inform\u00e1ticos o por elementos inform\u00e1ticos de cualquier \u00edndole al no poder garantizar al 100% la ausencia de virus ni de otros elementos en la web.<\/p>\n<p><strong>Pol\u00edtica de Protecci\u00f3n de Datos Personales<\/strong><br \/>\nAlgunos servicios prestados en la web pueden contener condiciones particulares con previsiones espec\u00edficas en materia de protecci\u00f3n de Datos Personales.<br \/>\nLos datos personales recogidos ser\u00e1n objeto de tratamiento automatizado e incorporados a los correspondientes ficheros automatizados. El usuario garantiza que los datos personales facilitados a <strong>VADEVELA<\/strong> son veraces y se hace responsable de comunicar cualquier modificaci\u00f3n en los mismos.<br \/>\n<strong>VADEVELA<\/strong>, como responsable del fichero automatizado, garantiza el pleno cumplimiento de la normativa de Protecci\u00f3n de Datos de Car\u00e1cter Personal, y as\u00ed, de acuerdo con la L.O. 15\/1999, los apoderados, intervinientes, autorizados y, en su caso, avalistas de la entidad jur\u00eddica firmante quedan informados y prestan su consentimiento a la incorporaci\u00f3n de sus datos a los ficheros automatizados existentes. La recogida y tratamiento automatizado de los datos personales tiene como finalidad el mantenimiento de la relaci\u00f3n contractual con <strong>VADEVELA<\/strong>, la gesti\u00f3n, administraci\u00f3n, prestaci\u00f3n, ampliaci\u00f3n y mejora de los servicios en los que el usuario decida darse de alta, as\u00ed como el env\u00edo por medios tradicionales y electr\u00f3nicos, de informaci\u00f3n t\u00e9cnica, operativa y comercial acerca de productos y servicios ofrecidos por <strong>VADEVELA<\/strong>.<br \/>\n<strong>VADEVELA<\/strong> ha adoptado los niveles de seguridad de protecci\u00f3n de los datos personales legalmente requeridos, y procura instalar aquellos otros medios y medidas t\u00e9cnicas adicionales a su alcance para evitar la p\u00e9rdida, mal uso, alteraci\u00f3n, acceso no autorizado y robo de los datos personales facilitados a <strong>VADEVELA<\/strong>. No obstante, el usuario debe ser consciente de que las medidas de seguridad en Internet no son inexpugnables.<br \/>\nLos usuarios tienen derechos reconocidos y podr\u00e1n ejercitar los derechos de acceso, cancelaci\u00f3n, rectificaci\u00f3n y oposici\u00f3n, as\u00ed como a ser informados de las cesiones realizadas contactando con <strong>VADEVELA<\/strong>.<\/p>\n<\/div>\n<\/div>\n<\/div>\n","protected":false},"excerpt":{"rendered":"<p>Legal note El propietario de esta web y su contenido es Mia Ferrer &#8211; VADEVELA. Queda prohibida la transmisi\u00f3n, cesi\u00f3n, venta, alquiler y\/o exposici\u00f3n p\u00fablica de esta web sin la correspondiente autorizaci\u00f3n de sus due\u00f1os. La informaci\u00f3n y consejos presentados en esta web son de car\u00e1cter orientativos quedando VADEVELA exenta de cualquier responsabilidad derivada de [&hellip;]<\/p>\n","protected":false},"author":1,"featured_media":0,"parent":0,"menu_order":0,"comment_status":"closed","ping_status":"closed","template":"","meta":{"footnotes":""},"class_list":["post-6177","page","type-page","status-publish","hentry"],"yoast_head":"<!-- This site is optimized with the Yoast SEO plugin v27.3 - https:\/\/yoast.com\/product\/yoast-seo-wordpress\/ -->\n<title>Legal Note - Vadevela<\/title>\n<meta name=\"robots\" content=\"index, follow, max-snippet:-1, max-image-preview:large, max-video-preview:-1\" \/>\n<link rel=\"canonical\" href=\"https:\/\/vadevela.com\/en\/legal-note\/\" \/>\n<meta property=\"og:locale\" content=\"en_US\" \/>\n<meta property=\"og:type\" content=\"article\" \/>\n<meta property=\"og:title\" content=\"Legal Note - Vadevela\" \/>\n<meta property=\"og:description\" content=\"Legal note El propietario de esta web y su contenido es Mia Ferrer &#8211; VADEVELA. Queda prohibida la transmisi\u00f3n, cesi\u00f3n, venta, alquiler y\/o exposici\u00f3n p\u00fablica de esta web sin la correspondiente autorizaci\u00f3n de sus due\u00f1os. La informaci\u00f3n y consejos presentados en esta web son de car\u00e1cter orientativos quedando VADEVELA exenta de cualquier responsabilidad derivada de [&hellip;]\" \/>\n<meta property=\"og:url\" content=\"https:\/\/vadevela.com\/en\/legal-note\/\" \/>\n<meta property=\"og:site_name\" content=\"Vadevela\" \/>\n<meta property=\"article:publisher\" content=\"https:\/\/www.facebook.com\/profile.php?id=100066870703106\" \/>\n<meta property=\"article:modified_time\" content=\"2022-09-21T16:25:50+00:00\" \/>\n<meta name=\"twitter:card\" content=\"summary_large_image\" \/>\n<meta name=\"twitter:label1\" content=\"Est. reading time\" \/>\n\t<meta name=\"twitter:data1\" content=\"2 minutes\" \/>\n<script type=\"application\/ld+json\" class=\"yoast-schema-graph\">{\"@context\":\"https:\\\/\\\/schema.org\",\"@graph\":[{\"@type\":\"WebPage\",\"@id\":\"https:\\\/\\\/vadevela.com\\\/en\\\/legal-note\\\/\",\"url\":\"https:\\\/\\\/vadevela.com\\\/en\\\/legal-note\\\/\",\"name\":\"Legal Note - Vadevela\",\"isPartOf\":{\"@id\":\"https:\\\/\\\/vadevela.com\\\/en\\\/#website\"},\"datePublished\":\"2022-09-13T09:27:03+00:00\",\"dateModified\":\"2022-09-21T16:25:50+00:00\",\"breadcrumb\":{\"@id\":\"https:\\\/\\\/vadevela.com\\\/en\\\/legal-note\\\/#breadcrumb\"},\"inLanguage\":\"en-US\",\"potentialAction\":[{\"@type\":\"ReadAction\",\"target\":[\"https:\\\/\\\/vadevela.com\\\/en\\\/legal-note\\\/\"]}]},{\"@type\":\"BreadcrumbList\",\"@id\":\"https:\\\/\\\/vadevela.com\\\/en\\\/legal-note\\\/#breadcrumb\",\"itemListElement\":[{\"@type\":\"ListItem\",\"position\":1,\"name\":\"Inici\",\"item\":\"https:\\\/\\\/vadevela.com\\\/en\\\/\"},{\"@type\":\"ListItem\",\"position\":2,\"name\":\"Legal Note\"}]},{\"@type\":\"WebSite\",\"@id\":\"https:\\\/\\\/vadevela.com\\\/en\\\/#website\",\"url\":\"https:\\\/\\\/vadevela.com\\\/en\\\/\",\"name\":\"Vadevela\",\"description\":\"Lloguer de velers - Alquiler de veleros - Sailboat rental &amp; charter\",\"publisher\":{\"@id\":\"https:\\\/\\\/vadevela.com\\\/en\\\/#organization\"},\"potentialAction\":[{\"@type\":\"SearchAction\",\"target\":{\"@type\":\"EntryPoint\",\"urlTemplate\":\"https:\\\/\\\/vadevela.com\\\/en\\\/?s={search_term_string}\"},\"query-input\":{\"@type\":\"PropertyValueSpecification\",\"valueRequired\":true,\"valueName\":\"search_term_string\"}}],\"inLanguage\":\"en-US\"},{\"@type\":\"Organization\",\"@id\":\"https:\\\/\\\/vadevela.com\\\/en\\\/#organization\",\"name\":\"Vadevela\",\"url\":\"https:\\\/\\\/vadevela.com\\\/en\\\/\",\"logo\":{\"@type\":\"ImageObject\",\"inLanguage\":\"en-US\",\"@id\":\"https:\\\/\\\/vadevela.com\\\/en\\\/#\\\/schema\\\/logo\\\/image\\\/\",\"url\":\"https:\\\/\\\/vadevela.com\\\/wp-content\\\/uploads\\\/2022\\\/09\\\/logo_vadevela_b_2.png\",\"contentUrl\":\"https:\\\/\\\/vadevela.com\\\/wp-content\\\/uploads\\\/2022\\\/09\\\/logo_vadevela_b_2.png\",\"width\":300,\"height\":59,\"caption\":\"Vadevela\"},\"image\":{\"@id\":\"https:\\\/\\\/vadevela.com\\\/en\\\/#\\\/schema\\\/logo\\\/image\\\/\"},\"sameAs\":[\"https:\\\/\\\/www.facebook.com\\\/profile.php?id=100066870703106\",\"https:\\\/\\\/www.youtube.com\\\/user\\\/vadevela1\\\/videos\"]}]}<\/script>\n<!-- \/ Yoast SEO plugin. -->","yoast_head_json":{"title":"Legal Note - Vadevela","robots":{"index":"index","follow":"follow","max-snippet":"max-snippet:-1","max-image-preview":"max-image-preview:large","max-video-preview":"max-video-preview:-1"},"canonical":"https:\/\/vadevela.com\/en\/legal-note\/","og_locale":"en_US","og_type":"article","og_title":"Legal Note - Vadevela","og_description":"Legal note El propietario de esta web y su contenido es Mia Ferrer &#8211; VADEVELA. Queda prohibida la transmisi\u00f3n, cesi\u00f3n, venta, alquiler y\/o exposici\u00f3n p\u00fablica de esta web sin la correspondiente autorizaci\u00f3n de sus due\u00f1os. La informaci\u00f3n y consejos presentados en esta web son de car\u00e1cter orientativos quedando VADEVELA exenta de cualquier responsabilidad derivada de [&hellip;]","og_url":"https:\/\/vadevela.com\/en\/legal-note\/","og_site_name":"Vadevela","article_publisher":"https:\/\/www.facebook.com\/profile.php?id=100066870703106","article_modified_time":"2022-09-21T16:25:50+00:00","twitter_card":"summary_large_image","twitter_misc":{"Est. reading time":"2 minutes"},"schema":{"@context":"https:\/\/schema.org","@graph":[{"@type":"WebPage","@id":"https:\/\/vadevela.com\/en\/legal-note\/","url":"https:\/\/vadevela.com\/en\/legal-note\/","name":"Legal Note - Vadevela","isPartOf":{"@id":"https:\/\/vadevela.com\/en\/#website"},"datePublished":"2022-09-13T09:27:03+00:00","dateModified":"2022-09-21T16:25:50+00:00","breadcrumb":{"@id":"https:\/\/vadevela.com\/en\/legal-note\/#breadcrumb"},"inLanguage":"en-US","potentialAction":[{"@type":"ReadAction","target":["https:\/\/vadevela.com\/en\/legal-note\/"]}]},{"@type":"BreadcrumbList","@id":"https:\/\/vadevela.com\/en\/legal-note\/#breadcrumb","itemListElement":[{"@type":"ListItem","position":1,"name":"Inici","item":"https:\/\/vadevela.com\/en\/"},{"@type":"ListItem","position":2,"name":"Legal Note"}]},{"@type":"WebSite","@id":"https:\/\/vadevela.com\/en\/#website","url":"https:\/\/vadevela.com\/en\/","name":"Vadevela","description":"Lloguer de velers - Alquiler de veleros - Sailboat rental &amp; charter","publisher":{"@id":"https:\/\/vadevela.com\/en\/#organization"},"potentialAction":[{"@type":"SearchAction","target":{"@type":"EntryPoint","urlTemplate":"https:\/\/vadevela.com\/en\/?s={search_term_string}"},"query-input":{"@type":"PropertyValueSpecification","valueRequired":true,"valueName":"search_term_string"}}],"inLanguage":"en-US"},{"@type":"Organization","@id":"https:\/\/vadevela.com\/en\/#organization","name":"Vadevela","url":"https:\/\/vadevela.com\/en\/","logo":{"@type":"ImageObject","inLanguage":"en-US","@id":"https:\/\/vadevela.com\/en\/#\/schema\/logo\/image\/","url":"https:\/\/vadevela.com\/wp-content\/uploads\/2022\/09\/logo_vadevela_b_2.png","contentUrl":"https:\/\/vadevela.com\/wp-content\/uploads\/2022\/09\/logo_vadevela_b_2.png","width":300,"height":59,"caption":"Vadevela"},"image":{"@id":"https:\/\/vadevela.com\/en\/#\/schema\/logo\/image\/"},"sameAs":["https:\/\/www.facebook.com\/profile.php?id=100066870703106","https:\/\/www.youtube.com\/user\/vadevela1\/videos"]}]}},"_links":{"self":[{"href":"https:\/\/vadevela.com\/en\/wp-json\/wp\/v2\/pages\/6177","targetHints":{"allow":["GET"]}}],"collection":[{"href":"https:\/\/vadevela.com\/en\/wp-json\/wp\/v2\/pages"}],"about":[{"href":"https:\/\/vadevela.com\/en\/wp-json\/wp\/v2\/types\/page"}],"author":[{"embeddable":true,"href":"https:\/\/vadevela.com\/en\/wp-json\/wp\/v2\/users\/1"}],"replies":[{"embeddable":true,"href":"https:\/\/vadevela.com\/en\/wp-json\/wp\/v2\/comments?post=6177"}],"version-history":[{"count":1,"href":"https:\/\/vadevela.com\/en\/wp-json\/wp\/v2\/pages\/6177\/revisions"}],"predecessor-version":[{"id":6178,"href":"https:\/\/vadevela.com\/en\/wp-json\/wp\/v2\/pages\/6177\/revisions\/6178"}],"wp:attachment":[{"href":"https:\/\/vadevela.com\/en\/wp-json\/wp\/v2\/media?parent=6177"}],"curies":[{"name":"wp","href":"https:\/\/api.w.org\/{rel}","templated":true}]}}