{"id":6183,"date":"2022-09-13T11:27:44","date_gmt":"2022-09-13T09:27:44","guid":{"rendered":"http:\/\/vadevela.com\/?page_id=6183"},"modified":"2022-09-21T18:29:47","modified_gmt":"2022-09-21T16:29:47","slug":"data-protection-policy","status":"publish","type":"page","link":"https:\/\/vadevela.com\/en\/data-protection-policy\/","title":{"rendered":"Data protection policy"},"content":{"rendered":"<div class=\"container caixa-general-pagina\">\n<div class=\"row\">\n<div class=\"col-md-12\">\n<h3>Pol\u00edtica de protecci\u00f3 de dades<\/h3>\n<\/div>\n<\/div>\n<div class=\"row\">\n<div class=\"col-md-12\">\n<p><strong>Qui \u00e9s el responsable del tractament de les dades personals?<\/strong><br \/>\nEl responsable del tractament de les dades personals \u00e9s Mia Ferrer, amb CIF\u00a040517519Y i domicili al Port Marina de Palam\u00f3s (CP 17230), tel. 645 880 096, adre\u00e7a electr\u00f2nica\u00a0<a href=\"mailto:mia@vadevela.com\">mia@vadevela.com<\/a>, www.vadevela.com. Figura inscrita al Registre Mercantil de Girona.<\/p>\n<p><strong>Amb quina finalitat i amb quina legitimaci\u00f3 tractem les dades?<\/strong><br \/>\nContacte. Atenem les consultes de les persones que contacten amb nosaltres per mitj\u00e0 del correu electr\u00f2nic, formularis de contacte de la nostra web o telef\u00f2nicament. Tractem aquestes dades amb el consentiment de la persona que se\u2019ns ha adre\u00e7at.<\/p>\n<p>Serveis als clients. Registrem els clients i les dades addicionals que es puguin generar com a resultat de la relaci\u00f3 comercial amb aquests clients. La relaci\u00f3 comercial comporta incorporar les dades a la comptabilitat, la facturaci\u00f3 o informaci\u00f3 a l\u2019administraci\u00f3 tribut\u00e0ria. Tractem aquestes dades en compliment de les relacions contractuals i d\u2019obligacions legals.<\/p>\n<p>Gesti\u00f3 de les dades dels nostres prove\u00efdors. Tractem les dades dels prove\u00efdors de qui obtenim serveis o b\u00e9ns. Obtenim les dades necess\u00e0ries per mantenir la relaci\u00f3 comercial i els destinem \u00fanicament a aquesta finalitat. Tractem aquestes dades en compliment de les relacions contractuals i d\u2019obligacions legals.<\/p>\n<p>Informaci\u00f3 de productes i serveis. Amb l\u2019autoritzaci\u00f3 del clients les seves dades de contacte s\u2019utilitzen per enviar publicitat relacionada amb els nostres serveis o productes. Tractem aquestes dades en base al consentiment de la persona que rep les comunicacions.<\/p>\n<p><strong>A qui es comuniquen les dades?<\/strong><br \/>\nCom a criteri general \u00fanicament comuniquem dades a administracions o poders p\u00fablics i sempre en compliments d\u2019obligacions legals. En la facturaci\u00f3 podem comunicar-les a entitats banc\u00e0ries. No es fan transfer\u00e8ncies de dades fora de l\u2019\u00e0mbit de la Uni\u00f3 Europea (transfer\u00e8ncia internacional).<\/p>\n<p><strong>Quant de temps conservem les dades?<\/strong><br \/>\nComplim l\u2019obligaci\u00f3 legal de limitar al m\u00e0xim el termini de conservaci\u00f3 de les dades. Per aquest motiu es conserven nom\u00e9s el temps necessari i justificat per la finalitat que en va motivar l\u2019obtenci\u00f3. En determinats casos, com les dades que figuren en la documentaci\u00f3 comptable i la facturaci\u00f3, la normativa fiscal obliga a conservar-les fins que no prescriguin les responsabilitats en aquesta mat\u00e8ria. En el cas de les dades que es tracten en base al consentiment de la persona interessada, es conserven fins que aquesta persona no revoca aquest consentiment.<\/p>\n<p><strong>Quins drets tenen les persones en relaci\u00f3 a les dades que tractem?<\/strong><br \/>\nLes persones de qui tractem dades tenen els drets seg\u00fcents:<br \/>\nA accedir-hi. Dret a saber quines dades personals s\u00f3n objecte de tractament, quina \u00e9s la finalitat per la que es tracten, les comunicacions a altres persones, el dret a obtenir-ne c\u00f2pia o a saber el termini previst de conservaci\u00f3.<br \/>\nA demanar-ne la rectificaci\u00f3. Dret a fer rectificar les dades inexactes.<br \/>\nA demanar-ne la supressi\u00f3. Dret a demanar la supressi\u00f3 de les dades quan, entre altres motius, no siguin necess\u00e0ries per als fins per als quals van ser recollides i en van justificar el tractament.<br \/>\nDemanar la limitaci\u00f3 del tractament. En determinades circumst\u00e0ncies existeix el dret a demanar la limitaci\u00f3 del tractament de les dades: deixaran de ser tractades i nom\u00e9s es conservaran per a l&#8217;exercici o la defensa de reclamacions.<br \/>\nA la portabilitat. Dret a obtenir les dades personals en un format d&#8217;\u00fas com\u00fa llegible per m\u00e0quina, i a transmetre-les a un altre responsable del tractament si aix\u00ed ho decideix l\u2019interessat.<br \/>\nA oposar-se al tractament. En adduir motius relacionats amb la seva situaci\u00f3 particular, una persona ens pot demanar que deixem de tractar les seves dades si li pot comportar un perjudici.<\/p>\n<p><strong>Com es poden exercir o defensar els drets?<br \/>\n<\/strong>Els drets que acabem d\u2019enumerar es poden exercir adre\u00e7ant una sol\u00b7licitud escrita a Mia Ferrer, a la nostra adre\u00e7a postal o b\u00e9 enviant un correu electr\u00f2nic a\u00a0<a href=\"mailto:mia@vadevela.com\">mia@vadevela.com<\/a>\u00a0\u00a0indicant en tots els casos &#8220;Protecci\u00f3 de dades personals\u201d. Si no s\u2019ha obtingut resposta satisfact\u00f2ria en l\u2019exercici dels drets \u00e9s possible presentar una reclamaci\u00f3 davant l\u2019Ag\u00e8ncia Espanyola de Protecci\u00f3 de Dades, per mitj\u00e0 dels formularis o altres canals accessibles des de la seva p\u00e0gina www.agpd.es.<\/p>\n<\/div>\n<\/div>\n<\/div>\n","protected":false},"excerpt":{"rendered":"<p>Pol\u00edtica de protecci\u00f3 de dades Qui \u00e9s el responsable del tractament de les dades personals? El responsable del tractament de les dades personals \u00e9s Mia Ferrer, amb CIF\u00a040517519Y i domicili al Port Marina de Palam\u00f3s (CP 17230), tel. 645 880 096, adre\u00e7a electr\u00f2nica\u00a0mia@vadevela.com, www.vadevela.com. Figura inscrita al Registre Mercantil de Girona. Amb quina finalitat i [&hellip;]<\/p>\n","protected":false},"author":1,"featured_media":0,"parent":0,"menu_order":0,"comment_status":"closed","ping_status":"closed","template":"","meta":{"footnotes":""},"class_list":["post-6183","page","type-page","status-publish","hentry"],"yoast_head":"<!-- This site is optimized with the Yoast SEO plugin v27.3 - https:\/\/yoast.com\/product\/yoast-seo-wordpress\/ -->\n<title>Data protection policy - Vadevela<\/title>\n<meta name=\"robots\" content=\"index, follow, max-snippet:-1, max-image-preview:large, max-video-preview:-1\" \/>\n<link rel=\"canonical\" href=\"https:\/\/vadevela.com\/en\/data-protection-policy\/\" \/>\n<meta property=\"og:locale\" content=\"en_US\" \/>\n<meta property=\"og:type\" content=\"article\" \/>\n<meta property=\"og:title\" content=\"Data protection policy - Vadevela\" \/>\n<meta property=\"og:description\" content=\"Pol\u00edtica de protecci\u00f3 de dades Qui \u00e9s el responsable del tractament de les dades personals? El responsable del tractament de les dades personals \u00e9s Mia Ferrer, amb CIF\u00a040517519Y i domicili al Port Marina de Palam\u00f3s (CP 17230), tel. 645 880 096, adre\u00e7a electr\u00f2nica\u00a0mia@vadevela.com, www.vadevela.com. Figura inscrita al Registre Mercantil de Girona. Amb quina finalitat i [&hellip;]\" \/>\n<meta property=\"og:url\" content=\"https:\/\/vadevela.com\/en\/data-protection-policy\/\" \/>\n<meta property=\"og:site_name\" content=\"Vadevela\" \/>\n<meta property=\"article:publisher\" content=\"https:\/\/www.facebook.com\/profile.php?id=100066870703106\" \/>\n<meta property=\"article:modified_time\" content=\"2022-09-21T16:29:47+00:00\" \/>\n<meta name=\"twitter:card\" content=\"summary_large_image\" \/>\n<meta name=\"twitter:label1\" content=\"Est. reading time\" \/>\n\t<meta name=\"twitter:data1\" content=\"4 minutes\" \/>\n<script type=\"application\/ld+json\" class=\"yoast-schema-graph\">{\"@context\":\"https:\\\/\\\/schema.org\",\"@graph\":[{\"@type\":\"WebPage\",\"@id\":\"https:\\\/\\\/vadevela.com\\\/en\\\/data-protection-policy\\\/\",\"url\":\"https:\\\/\\\/vadevela.com\\\/en\\\/data-protection-policy\\\/\",\"name\":\"Data protection policy - Vadevela\",\"isPartOf\":{\"@id\":\"https:\\\/\\\/vadevela.com\\\/en\\\/#website\"},\"datePublished\":\"2022-09-13T09:27:44+00:00\",\"dateModified\":\"2022-09-21T16:29:47+00:00\",\"breadcrumb\":{\"@id\":\"https:\\\/\\\/vadevela.com\\\/en\\\/data-protection-policy\\\/#breadcrumb\"},\"inLanguage\":\"en-US\",\"potentialAction\":[{\"@type\":\"ReadAction\",\"target\":[\"https:\\\/\\\/vadevela.com\\\/en\\\/data-protection-policy\\\/\"]}]},{\"@type\":\"BreadcrumbList\",\"@id\":\"https:\\\/\\\/vadevela.com\\\/en\\\/data-protection-policy\\\/#breadcrumb\",\"itemListElement\":[{\"@type\":\"ListItem\",\"position\":1,\"name\":\"Inici\",\"item\":\"https:\\\/\\\/vadevela.com\\\/en\\\/\"},{\"@type\":\"ListItem\",\"position\":2,\"name\":\"Data protection policy\"}]},{\"@type\":\"WebSite\",\"@id\":\"https:\\\/\\\/vadevela.com\\\/en\\\/#website\",\"url\":\"https:\\\/\\\/vadevela.com\\\/en\\\/\",\"name\":\"Vadevela\",\"description\":\"Lloguer de velers - Alquiler de veleros - Sailboat rental &amp; charter\",\"publisher\":{\"@id\":\"https:\\\/\\\/vadevela.com\\\/en\\\/#organization\"},\"potentialAction\":[{\"@type\":\"SearchAction\",\"target\":{\"@type\":\"EntryPoint\",\"urlTemplate\":\"https:\\\/\\\/vadevela.com\\\/en\\\/?s={search_term_string}\"},\"query-input\":{\"@type\":\"PropertyValueSpecification\",\"valueRequired\":true,\"valueName\":\"search_term_string\"}}],\"inLanguage\":\"en-US\"},{\"@type\":\"Organization\",\"@id\":\"https:\\\/\\\/vadevela.com\\\/en\\\/#organization\",\"name\":\"Vadevela\",\"url\":\"https:\\\/\\\/vadevela.com\\\/en\\\/\",\"logo\":{\"@type\":\"ImageObject\",\"inLanguage\":\"en-US\",\"@id\":\"https:\\\/\\\/vadevela.com\\\/en\\\/#\\\/schema\\\/logo\\\/image\\\/\",\"url\":\"https:\\\/\\\/vadevela.com\\\/wp-content\\\/uploads\\\/2022\\\/09\\\/logo_vadevela_b_2.png\",\"contentUrl\":\"https:\\\/\\\/vadevela.com\\\/wp-content\\\/uploads\\\/2022\\\/09\\\/logo_vadevela_b_2.png\",\"width\":300,\"height\":59,\"caption\":\"Vadevela\"},\"image\":{\"@id\":\"https:\\\/\\\/vadevela.com\\\/en\\\/#\\\/schema\\\/logo\\\/image\\\/\"},\"sameAs\":[\"https:\\\/\\\/www.facebook.com\\\/profile.php?id=100066870703106\",\"https:\\\/\\\/www.youtube.com\\\/user\\\/vadevela1\\\/videos\"]}]}<\/script>\n<!-- \/ Yoast SEO plugin. -->","yoast_head_json":{"title":"Data protection policy - Vadevela","robots":{"index":"index","follow":"follow","max-snippet":"max-snippet:-1","max-image-preview":"max-image-preview:large","max-video-preview":"max-video-preview:-1"},"canonical":"https:\/\/vadevela.com\/en\/data-protection-policy\/","og_locale":"en_US","og_type":"article","og_title":"Data protection policy - Vadevela","og_description":"Pol\u00edtica de protecci\u00f3 de dades Qui \u00e9s el responsable del tractament de les dades personals? El responsable del tractament de les dades personals \u00e9s Mia Ferrer, amb CIF\u00a040517519Y i domicili al Port Marina de Palam\u00f3s (CP 17230), tel. 645 880 096, adre\u00e7a electr\u00f2nica\u00a0mia@vadevela.com, www.vadevela.com. Figura inscrita al Registre Mercantil de Girona. Amb quina finalitat i [&hellip;]","og_url":"https:\/\/vadevela.com\/en\/data-protection-policy\/","og_site_name":"Vadevela","article_publisher":"https:\/\/www.facebook.com\/profile.php?id=100066870703106","article_modified_time":"2022-09-21T16:29:47+00:00","twitter_card":"summary_large_image","twitter_misc":{"Est. reading time":"4 minutes"},"schema":{"@context":"https:\/\/schema.org","@graph":[{"@type":"WebPage","@id":"https:\/\/vadevela.com\/en\/data-protection-policy\/","url":"https:\/\/vadevela.com\/en\/data-protection-policy\/","name":"Data protection policy - Vadevela","isPartOf":{"@id":"https:\/\/vadevela.com\/en\/#website"},"datePublished":"2022-09-13T09:27:44+00:00","dateModified":"2022-09-21T16:29:47+00:00","breadcrumb":{"@id":"https:\/\/vadevela.com\/en\/data-protection-policy\/#breadcrumb"},"inLanguage":"en-US","potentialAction":[{"@type":"ReadAction","target":["https:\/\/vadevela.com\/en\/data-protection-policy\/"]}]},{"@type":"BreadcrumbList","@id":"https:\/\/vadevela.com\/en\/data-protection-policy\/#breadcrumb","itemListElement":[{"@type":"ListItem","position":1,"name":"Inici","item":"https:\/\/vadevela.com\/en\/"},{"@type":"ListItem","position":2,"name":"Data protection policy"}]},{"@type":"WebSite","@id":"https:\/\/vadevela.com\/en\/#website","url":"https:\/\/vadevela.com\/en\/","name":"Vadevela","description":"Lloguer de velers - Alquiler de veleros - Sailboat rental &amp; charter","publisher":{"@id":"https:\/\/vadevela.com\/en\/#organization"},"potentialAction":[{"@type":"SearchAction","target":{"@type":"EntryPoint","urlTemplate":"https:\/\/vadevela.com\/en\/?s={search_term_string}"},"query-input":{"@type":"PropertyValueSpecification","valueRequired":true,"valueName":"search_term_string"}}],"inLanguage":"en-US"},{"@type":"Organization","@id":"https:\/\/vadevela.com\/en\/#organization","name":"Vadevela","url":"https:\/\/vadevela.com\/en\/","logo":{"@type":"ImageObject","inLanguage":"en-US","@id":"https:\/\/vadevela.com\/en\/#\/schema\/logo\/image\/","url":"https:\/\/vadevela.com\/wp-content\/uploads\/2022\/09\/logo_vadevela_b_2.png","contentUrl":"https:\/\/vadevela.com\/wp-content\/uploads\/2022\/09\/logo_vadevela_b_2.png","width":300,"height":59,"caption":"Vadevela"},"image":{"@id":"https:\/\/vadevela.com\/en\/#\/schema\/logo\/image\/"},"sameAs":["https:\/\/www.facebook.com\/profile.php?id=100066870703106","https:\/\/www.youtube.com\/user\/vadevela1\/videos"]}]}},"_links":{"self":[{"href":"https:\/\/vadevela.com\/en\/wp-json\/wp\/v2\/pages\/6183","targetHints":{"allow":["GET"]}}],"collection":[{"href":"https:\/\/vadevela.com\/en\/wp-json\/wp\/v2\/pages"}],"about":[{"href":"https:\/\/vadevela.com\/en\/wp-json\/wp\/v2\/types\/page"}],"author":[{"embeddable":true,"href":"https:\/\/vadevela.com\/en\/wp-json\/wp\/v2\/users\/1"}],"replies":[{"embeddable":true,"href":"https:\/\/vadevela.com\/en\/wp-json\/wp\/v2\/comments?post=6183"}],"version-history":[{"count":1,"href":"https:\/\/vadevela.com\/en\/wp-json\/wp\/v2\/pages\/6183\/revisions"}],"predecessor-version":[{"id":6184,"href":"https:\/\/vadevela.com\/en\/wp-json\/wp\/v2\/pages\/6183\/revisions\/6184"}],"wp:attachment":[{"href":"https:\/\/vadevela.com\/en\/wp-json\/wp\/v2\/media?parent=6183"}],"curies":[{"name":"wp","href":"https:\/\/api.w.org\/{rel}","templated":true}]}}