{"id":6188,"date":"2022-09-13T11:28:01","date_gmt":"2022-09-13T09:28:01","guid":{"rendered":"http:\/\/vadevela.com\/?page_id=6188"},"modified":"2022-09-21T18:33:38","modified_gmt":"2022-09-21T16:33:38","slug":"cookies-policy","status":"publish","type":"page","link":"https:\/\/vadevela.com\/en\/cookies-policy\/","title":{"rendered":"Cookies Policy"},"content":{"rendered":"<div class=\"container caixa-general-pagina\">\n<div class=\"row\">\n<div class=\"col-md-12\">\n<h3>Cookies Policy<\/h3>\n<\/div>\n<\/div>\n<div class=\"row\">\n<div class=\"col-md-12\">\n<p>Les cookies o galetes s\u00f3n uns petits arxius de text que s\u2019instal\u00b7len als equips des dels quals s\u2019accedeix al nostre lloc web. Poden guardar la identificaci\u00f3 de l&#8217;usuari que visita el web i els llocs pels quals navega. Quan l\u2019usuari (vost\u00e8 en aquest cas) ens torna a visitar es llegeixen les cookies per identificar-lo i restablir les seves prefer\u00e8ncies i configuraci\u00f3 de navegaci\u00f3. Si un usuari no autoritza l&#8217;\u00fas de les cookies alguns serveis o funcionalitats del lloc web podrien no estar disponibles.<\/p>\n<p>Volem que aquest lloc ofereixi un bon servei i que sigui f\u00e0cil d&#8217;utilitzar. En aquest sentit utilitzem cookies de Google Analytics. Aix\u00f2 ens permet:<\/p>\n<p>\u2022 Analitzar estad\u00edsticament la informaci\u00f3 a la que accedeixen els usuaris del nostre lloc. Les dades recopilades poden incloure l\u2019activitat del navegador de l&#8217;usuari quan ens visita, la ruta que segueixen els usuaris en el nostre lloc, informaci\u00f3 del prove\u00efdor de serveis d&#8217;Internet del visitant, el nombre de vegades que els usuaris accedeixen al lloc i el comportament dels usuaris al nostre lloc (p\u00e0gines que ha visitat, formularis que s\u2019han completat i similars).<\/p>\n<p>\u2022 Identificar els usuaris que ens visiten des de la invitaci\u00f3 d&#8217;un lloc web associat o d\u2019un enlla\u00e7 patrocinat.<\/p>\n<p>Pot obtenir m\u00e9s informaci\u00f3 sobre Google Analytics a\u00a0<a href=\"http:\/\/www.google.com\/analytics\/\">www.google.com\/analytics\/<\/a>. Per controlar la recopilaci\u00f3 de dades amb finalitats anal\u00edtiques per part de Google Analytics, pot anar a\u00a0<a href=\"https:\/\/tools.google.com\/dlpage\/gaoptout?hl=en\">https:\/\/tools.google.com\/dlpage\/gaoptout?hl=en<\/a><\/p>\n<p>Vost\u00e8 pot revocar el consentiment a la utilitzaci\u00f3 de cookies eliminant-les per mitj\u00e0 de les opcions que li ofereix el seu navegador.<\/p>\n<p>Si desitja rebre informaci\u00f3 addicional sobre l\u2019activitat de les empreses de publicitat a Internet i sobre com eliminar les seves dades dels registres d&#8217;aquestes empreses, li recomanem la visita de\u00a0<a href=\"http:\/\/www.networkadvertising.org\">www.networkadvertising.org<\/a>.<\/p>\n<p>Vost\u00e8 pot configurar el seu navegador per tal que l\u2019informi pr\u00e8viament de la possible instal\u00b7laci\u00f3 de cookies. Tamb\u00e9 podr\u00e0 optar per tal que es suprimeixin autom\u00e0ticament un cop es tanqui el navegador, equip o dispositiu. Pot trobar informaci\u00f3 sobre com fer-ho a:<\/p>\n<p>&#8211; Per a Firefox a\u00a0<a href=\"http:\/\/support.mozilla.org\/ca\/kb\/Galetes\">http:\/\/support.mozilla.org\/ca\/kb\/Galetes<\/a><\/p>\n<p>&#8211; Per a Chrome a\u00a0<a href=\"http:\/\/support.google.com\/chrome\/bin\/answer.py?hl=es&amp;answer=95647\">http:\/\/support.google.com\/chrome\/bin\/answer.py?hl=es&amp;answer=95647<\/a><\/p>\n<p>&#8211; Per a Explorer\u00a0<a href=\"http:\/\/windows.microsoft.com\/es-es\/windows7\/how-to-manage-cookies-in-internet-explorer-9\">http:\/\/windows.microsoft.com\/es-es\/windows7\/how-to-manage-cookies-in-internet-explorer-9<\/a><br \/>\n&#8211; Per a Safari\u00a0<a href=\"https:\/\/support.apple.com\/kb\/ph21411?locale=es_ES\">https:\/\/support.apple.com\/kb\/ph21411?locale=es_ES<\/a><\/p>\n<p>&#8211; Per a Safari per a IOS\u00a0<a href=\"http:\/\/support.apple.com\/kb\/HT1677?viewlocale=es_ES&amp;locale=es_ES\">http:\/\/support.apple.com\/kb\/HT1677?viewlocale=es_ES&amp;locale=es_ES<\/a><br \/>\n&#8211; Per a Opera a\u00a0<a href=\"https:\/\/www.opera.com\/help\/tutorials\/security\/cookies\/\">https:\/\/www.opera.com\/help\/tutorials\/security\/cookies\/<\/a><\/p>\n<\/div>\n<\/div>\n<\/div>\n","protected":false},"excerpt":{"rendered":"<p>Cookies Policy Les cookies o galetes s\u00f3n uns petits arxius de text que s\u2019instal\u00b7len als equips des dels quals s\u2019accedeix al nostre lloc web. Poden guardar la identificaci\u00f3 de l&#8217;usuari que visita el web i els llocs pels quals navega. Quan l\u2019usuari (vost\u00e8 en aquest cas) ens torna a visitar es llegeixen les cookies per [&hellip;]<\/p>\n","protected":false},"author":1,"featured_media":0,"parent":0,"menu_order":0,"comment_status":"closed","ping_status":"closed","template":"","meta":{"footnotes":""},"class_list":["post-6188","page","type-page","status-publish","hentry"],"yoast_head":"<!-- This site is optimized with the Yoast SEO plugin v27.3 - https:\/\/yoast.com\/product\/yoast-seo-wordpress\/ -->\n<title>Cookies Policy - Vadevela<\/title>\n<meta name=\"robots\" content=\"index, follow, max-snippet:-1, max-image-preview:large, max-video-preview:-1\" \/>\n<link rel=\"canonical\" href=\"https:\/\/vadevela.com\/en\/cookies-policy\/\" \/>\n<meta property=\"og:locale\" content=\"en_US\" \/>\n<meta property=\"og:type\" content=\"article\" \/>\n<meta property=\"og:title\" content=\"Cookies Policy - Vadevela\" \/>\n<meta property=\"og:description\" content=\"Cookies Policy Les cookies o galetes s\u00f3n uns petits arxius de text que s\u2019instal\u00b7len als equips des dels quals s\u2019accedeix al nostre lloc web. Poden guardar la identificaci\u00f3 de l&#8217;usuari que visita el web i els llocs pels quals navega. Quan l\u2019usuari (vost\u00e8 en aquest cas) ens torna a visitar es llegeixen les cookies per [&hellip;]\" \/>\n<meta property=\"og:url\" content=\"https:\/\/vadevela.com\/en\/cookies-policy\/\" \/>\n<meta property=\"og:site_name\" content=\"Vadevela\" \/>\n<meta property=\"article:publisher\" content=\"https:\/\/www.facebook.com\/profile.php?id=100066870703106\" \/>\n<meta property=\"article:modified_time\" content=\"2022-09-21T16:33:38+00:00\" \/>\n<meta name=\"twitter:card\" content=\"summary_large_image\" \/>\n<meta name=\"twitter:label1\" content=\"Est. reading time\" \/>\n\t<meta name=\"twitter:data1\" content=\"2 minutes\" \/>\n<script type=\"application\/ld+json\" class=\"yoast-schema-graph\">{\"@context\":\"https:\\\/\\\/schema.org\",\"@graph\":[{\"@type\":\"WebPage\",\"@id\":\"https:\\\/\\\/vadevela.com\\\/en\\\/cookies-policy\\\/\",\"url\":\"https:\\\/\\\/vadevela.com\\\/en\\\/cookies-policy\\\/\",\"name\":\"Cookies Policy - Vadevela\",\"isPartOf\":{\"@id\":\"https:\\\/\\\/vadevela.com\\\/en\\\/#website\"},\"datePublished\":\"2022-09-13T09:28:01+00:00\",\"dateModified\":\"2022-09-21T16:33:38+00:00\",\"breadcrumb\":{\"@id\":\"https:\\\/\\\/vadevela.com\\\/en\\\/cookies-policy\\\/#breadcrumb\"},\"inLanguage\":\"en-US\",\"potentialAction\":[{\"@type\":\"ReadAction\",\"target\":[\"https:\\\/\\\/vadevela.com\\\/en\\\/cookies-policy\\\/\"]}]},{\"@type\":\"BreadcrumbList\",\"@id\":\"https:\\\/\\\/vadevela.com\\\/en\\\/cookies-policy\\\/#breadcrumb\",\"itemListElement\":[{\"@type\":\"ListItem\",\"position\":1,\"name\":\"Inici\",\"item\":\"https:\\\/\\\/vadevela.com\\\/en\\\/\"},{\"@type\":\"ListItem\",\"position\":2,\"name\":\"Cookies Policy\"}]},{\"@type\":\"WebSite\",\"@id\":\"https:\\\/\\\/vadevela.com\\\/en\\\/#website\",\"url\":\"https:\\\/\\\/vadevela.com\\\/en\\\/\",\"name\":\"Vadevela\",\"description\":\"Lloguer de velers - Alquiler de veleros - Sailboat rental &amp; charter\",\"publisher\":{\"@id\":\"https:\\\/\\\/vadevela.com\\\/en\\\/#organization\"},\"potentialAction\":[{\"@type\":\"SearchAction\",\"target\":{\"@type\":\"EntryPoint\",\"urlTemplate\":\"https:\\\/\\\/vadevela.com\\\/en\\\/?s={search_term_string}\"},\"query-input\":{\"@type\":\"PropertyValueSpecification\",\"valueRequired\":true,\"valueName\":\"search_term_string\"}}],\"inLanguage\":\"en-US\"},{\"@type\":\"Organization\",\"@id\":\"https:\\\/\\\/vadevela.com\\\/en\\\/#organization\",\"name\":\"Vadevela\",\"url\":\"https:\\\/\\\/vadevela.com\\\/en\\\/\",\"logo\":{\"@type\":\"ImageObject\",\"inLanguage\":\"en-US\",\"@id\":\"https:\\\/\\\/vadevela.com\\\/en\\\/#\\\/schema\\\/logo\\\/image\\\/\",\"url\":\"https:\\\/\\\/vadevela.com\\\/wp-content\\\/uploads\\\/2022\\\/09\\\/logo_vadevela_b_2.png\",\"contentUrl\":\"https:\\\/\\\/vadevela.com\\\/wp-content\\\/uploads\\\/2022\\\/09\\\/logo_vadevela_b_2.png\",\"width\":300,\"height\":59,\"caption\":\"Vadevela\"},\"image\":{\"@id\":\"https:\\\/\\\/vadevela.com\\\/en\\\/#\\\/schema\\\/logo\\\/image\\\/\"},\"sameAs\":[\"https:\\\/\\\/www.facebook.com\\\/profile.php?id=100066870703106\",\"https:\\\/\\\/www.youtube.com\\\/user\\\/vadevela1\\\/videos\"]}]}<\/script>\n<!-- \/ Yoast SEO plugin. -->","yoast_head_json":{"title":"Cookies Policy - Vadevela","robots":{"index":"index","follow":"follow","max-snippet":"max-snippet:-1","max-image-preview":"max-image-preview:large","max-video-preview":"max-video-preview:-1"},"canonical":"https:\/\/vadevela.com\/en\/cookies-policy\/","og_locale":"en_US","og_type":"article","og_title":"Cookies Policy - Vadevela","og_description":"Cookies Policy Les cookies o galetes s\u00f3n uns petits arxius de text que s\u2019instal\u00b7len als equips des dels quals s\u2019accedeix al nostre lloc web. Poden guardar la identificaci\u00f3 de l&#8217;usuari que visita el web i els llocs pels quals navega. Quan l\u2019usuari (vost\u00e8 en aquest cas) ens torna a visitar es llegeixen les cookies per [&hellip;]","og_url":"https:\/\/vadevela.com\/en\/cookies-policy\/","og_site_name":"Vadevela","article_publisher":"https:\/\/www.facebook.com\/profile.php?id=100066870703106","article_modified_time":"2022-09-21T16:33:38+00:00","twitter_card":"summary_large_image","twitter_misc":{"Est. reading time":"2 minutes"},"schema":{"@context":"https:\/\/schema.org","@graph":[{"@type":"WebPage","@id":"https:\/\/vadevela.com\/en\/cookies-policy\/","url":"https:\/\/vadevela.com\/en\/cookies-policy\/","name":"Cookies Policy - Vadevela","isPartOf":{"@id":"https:\/\/vadevela.com\/en\/#website"},"datePublished":"2022-09-13T09:28:01+00:00","dateModified":"2022-09-21T16:33:38+00:00","breadcrumb":{"@id":"https:\/\/vadevela.com\/en\/cookies-policy\/#breadcrumb"},"inLanguage":"en-US","potentialAction":[{"@type":"ReadAction","target":["https:\/\/vadevela.com\/en\/cookies-policy\/"]}]},{"@type":"BreadcrumbList","@id":"https:\/\/vadevela.com\/en\/cookies-policy\/#breadcrumb","itemListElement":[{"@type":"ListItem","position":1,"name":"Inici","item":"https:\/\/vadevela.com\/en\/"},{"@type":"ListItem","position":2,"name":"Cookies Policy"}]},{"@type":"WebSite","@id":"https:\/\/vadevela.com\/en\/#website","url":"https:\/\/vadevela.com\/en\/","name":"Vadevela","description":"Lloguer de velers - Alquiler de veleros - Sailboat rental &amp; charter","publisher":{"@id":"https:\/\/vadevela.com\/en\/#organization"},"potentialAction":[{"@type":"SearchAction","target":{"@type":"EntryPoint","urlTemplate":"https:\/\/vadevela.com\/en\/?s={search_term_string}"},"query-input":{"@type":"PropertyValueSpecification","valueRequired":true,"valueName":"search_term_string"}}],"inLanguage":"en-US"},{"@type":"Organization","@id":"https:\/\/vadevela.com\/en\/#organization","name":"Vadevela","url":"https:\/\/vadevela.com\/en\/","logo":{"@type":"ImageObject","inLanguage":"en-US","@id":"https:\/\/vadevela.com\/en\/#\/schema\/logo\/image\/","url":"https:\/\/vadevela.com\/wp-content\/uploads\/2022\/09\/logo_vadevela_b_2.png","contentUrl":"https:\/\/vadevela.com\/wp-content\/uploads\/2022\/09\/logo_vadevela_b_2.png","width":300,"height":59,"caption":"Vadevela"},"image":{"@id":"https:\/\/vadevela.com\/en\/#\/schema\/logo\/image\/"},"sameAs":["https:\/\/www.facebook.com\/profile.php?id=100066870703106","https:\/\/www.youtube.com\/user\/vadevela1\/videos"]}]}},"_links":{"self":[{"href":"https:\/\/vadevela.com\/en\/wp-json\/wp\/v2\/pages\/6188","targetHints":{"allow":["GET"]}}],"collection":[{"href":"https:\/\/vadevela.com\/en\/wp-json\/wp\/v2\/pages"}],"about":[{"href":"https:\/\/vadevela.com\/en\/wp-json\/wp\/v2\/types\/page"}],"author":[{"embeddable":true,"href":"https:\/\/vadevela.com\/en\/wp-json\/wp\/v2\/users\/1"}],"replies":[{"embeddable":true,"href":"https:\/\/vadevela.com\/en\/wp-json\/wp\/v2\/comments?post=6188"}],"version-history":[{"count":1,"href":"https:\/\/vadevela.com\/en\/wp-json\/wp\/v2\/pages\/6188\/revisions"}],"predecessor-version":[{"id":6189,"href":"https:\/\/vadevela.com\/en\/wp-json\/wp\/v2\/pages\/6188\/revisions\/6189"}],"wp:attachment":[{"href":"https:\/\/vadevela.com\/en\/wp-json\/wp\/v2\/media?parent=6188"}],"curies":[{"name":"wp","href":"https:\/\/api.w.org\/{rel}","templated":true}]}}