{"id":5764,"date":"2022-09-05T19:16:39","date_gmt":"2022-09-05T17:16:39","guid":{"rendered":"http:\/\/vadevela.com\/experiencias-en-velero\/"},"modified":"2025-04-15T15:38:40","modified_gmt":"2025-04-15T13:38:40","slug":"actividades-y-excursiones-en-velero-en-la-costa-brava","status":"publish","type":"page","link":"https:\/\/vadevela.com\/es\/actividades-y-excursiones-en-velero-en-la-costa-brava\/","title":{"rendered":"Experiencias en Velero"},"content":{"rendered":"<div class=\"wpb-content-wrapper\"><p>[vc_row header_feature=\u00bbyes\u00bb padding_top=\u00bb35&#8243;][vc_column]<div class=\"grve-element grve-slogan grve-align-center\" style=\"\"><div class=\"grve-subtitle\">ALQUILER VELERO CON PATR\u00d3N EN PALAM\u00d3S\/COSTA BRAVA<\/div><h4 class=\"grve-slogan-title grve-align-center grve-title-line\"><span>EXCURSIONES EN VELERO, DESPEDIDAS SOLTERA EN VELERO, SALIDAS DE UN D\u00cdA EN VELERO DESDE PALAM\u00d3S\/COSTA BRAVA<\/span><\/h4>  <p class=\"\"><\/p><\/div>[vc_column_text text_style=\u00bbleader-text\u00bb]<\/p>\n<p style=\"text-align: center;\">Alquiler velero y excursiones en velero<\/p>\n<p>[\/vc_column_text][\/vc_column][\/vc_row][vc_row padding_top=\u00bb35&#8243;][vc_column width=\u00bb1\/3&#8243;]<div class=\"grve-element grve-box grve-align-center grve-animated-item grve-fadeInUp\" style=\"\" data-delay=\"200\"><div class=\"grve-media\"><img loading=\"lazy\" decoding=\"async\" width=\"500\" height=\"375\" src=\"https:\/\/vadevela.com\/wp-content\/uploads\/2022\/09\/157g.jpg\" class=\"attachment-full size-full\" alt=\"Grupo de amigos disfrutando de la Costa Brava en un velero al mediod\u00eda\" srcset=\"https:\/\/vadevela.com\/wp-content\/uploads\/2022\/09\/157g.jpg 500w, https:\/\/vadevela.com\/wp-content\/uploads\/2022\/09\/157g-300x225.jpg 300w\" sizes=\"auto, (max-width: 500px) 100vw, 500px\" \/><\/div>  <div class=\"grve-box-content\">    <a href=\"https:\/\/vadevela.com\/es\/salidas-en-velero-palamos\/\" target=\"_self\"><h5 class=\"grve-box-title\"><span>ALQUILER VELERO MEDIODIA EN PALAM\u00d3S\/COSTA BRAVA<\/span><\/h5>    <\/a>    <p>Si est\u00e1s pensando en una experiencia diferente, no puedes perderte embarcarte en nuestro velero de alquiler con patr\u00f3n desde Palam\u00f3s, para disfrutar del mejor paisaje mar\u00edtimo\u2026<br \/>\nEmbarque de los veleros: Port Marina Palam\u00f3s\/Costa Brava.<\/p>    <a href=\"https:\/\/vadevela.com\/es\/salidas-en-velero-palamos\/\" target=\"_self\" class=\"grve-read-more\">M\u00e1s info<\/a>  <\/div><\/div>[\/vc_column][vc_column width=\u00bb1\/3&#8243;]<div class=\"grve-element grve-box grve-align-center grve-animated-item grve-fadeInUp\" style=\"\" data-delay=\"200\"><div class=\"grve-media\"><img loading=\"lazy\" decoding=\"async\" width=\"800\" height=\"600\" src=\"https:\/\/vadevela.com\/wp-content\/uploads\/2022\/09\/58g-1.jpg\" class=\"attachment-full size-full\" alt=\"Puesta de sol en velero en las calas de Palam\u00f3s\" srcset=\"https:\/\/vadevela.com\/wp-content\/uploads\/2022\/09\/58g-1.jpg 800w, https:\/\/vadevela.com\/wp-content\/uploads\/2022\/09\/58g-1-300x225.jpg 300w, https:\/\/vadevela.com\/wp-content\/uploads\/2022\/09\/58g-1-768x576.jpg 768w, https:\/\/vadevela.com\/wp-content\/uploads\/2022\/09\/58g-1-600x450.jpg 600w\" sizes=\"auto, (max-width: 800px) 100vw, 800px\" \/><\/div>  <div class=\"grve-box-content\">    <a href=\"https:\/\/vadevela.com\/es\/puesta-de-sol-en-velero-palamos\/\" target=\"_self\"><h5 class=\"grve-box-title\"><span>PUESTA DE SOL EN VELERO POR LAS CALAS DE PALAM\u00d3S\/COSTA BRAVA<\/span><\/h5>    <\/a>    <p>Navegar para ver la puesta de sol desdel velero es una experiencia que no olvidar\u00e1s, si est\u00e1s pensando en compartir momentos especiales\u2026<br \/>\nEmbarque de los veleros: Port Marina Palam\u00f3s\/Costa Brava.<\/p>    <a href=\"https:\/\/vadevela.com\/es\/puesta-de-sol-en-velero-palamos\/\" target=\"_self\" class=\"grve-read-more\">M\u00e1s info<\/a>  <\/div><\/div>[\/vc_column][vc_column width=\u00bb1\/3&#8243;]<div class=\"grve-element grve-box grve-align-center grve-animated-item grve-fadeInUp\" style=\"\" data-delay=\"200\"><div class=\"grve-media\"><img loading=\"lazy\" decoding=\"async\" width=\"800\" height=\"600\" src=\"https:\/\/vadevela.com\/wp-content\/uploads\/2022\/09\/59g.jpg\" class=\"attachment-full size-full\" alt=\"Grupo de amigos que han alquilado el velero por un d\u00eda en Palam\u00f3s, Costa Brava\" srcset=\"https:\/\/vadevela.com\/wp-content\/uploads\/2022\/09\/59g.jpg 800w, https:\/\/vadevela.com\/wp-content\/uploads\/2022\/09\/59g-300x225.jpg 300w, https:\/\/vadevela.com\/wp-content\/uploads\/2022\/09\/59g-768x576.jpg 768w, https:\/\/vadevela.com\/wp-content\/uploads\/2022\/09\/59g-600x450.jpg 600w\" sizes=\"auto, (max-width: 800px) 100vw, 800px\" \/><\/div>  <div class=\"grve-box-content\">    <a href=\"https:\/\/vadevela.com\/es\/alquiler-velero-palamos-con-patron\/\" target=\"_self\"><h5 class=\"grve-box-title\"><span>ALQUILER VELERO POR UN DIA DESDE PALAM\u00d3S.<\/span><\/h5>    <\/a>    <p>Pasa un dia alquilando nuestro velero, navegando y parando en las calas del Espacio Natural de Castell-Illes Formigues (Palam\u00f3s)-Cap Roig y disfrutar del paisaje de Calella des del velero<br \/>\nes uno de los\u2026<br \/>\nEmbarque de los veleros: Port Marina Palam\u00f3s\/Costa Brava.<\/p>    <a href=\"https:\/\/vadevela.com\/es\/alquiler-velero-palamos-con-patron\/\" target=\"_self\" class=\"grve-read-more\">M\u00e1s info<\/a>  <\/div><\/div>[\/vc_column][\/vc_row][vc_row padding_top=\u00bb35&#8243;][vc_column width=\u00bb1\/3&#8243;]<div class=\"grve-element grve-box grve-align-center grve-animated-item grve-fadeInUp\" style=\"\" data-delay=\"200\"><div class=\"grve-media\"><img loading=\"lazy\" decoding=\"async\" width=\"800\" height=\"600\" src=\"https:\/\/vadevela.com\/wp-content\/uploads\/2022\/09\/60g.jpg\" class=\"attachment-full size-full\" alt=\"Alquiler de veleros para empresas en Palam\u00f3s. Imagen de dos veleros en la Costa Brava\" srcset=\"https:\/\/vadevela.com\/wp-content\/uploads\/2022\/09\/60g.jpg 800w, https:\/\/vadevela.com\/wp-content\/uploads\/2022\/09\/60g-300x225.jpg 300w, https:\/\/vadevela.com\/wp-content\/uploads\/2022\/09\/60g-768x576.jpg 768w, https:\/\/vadevela.com\/wp-content\/uploads\/2022\/09\/60g-600x450.jpg 600w\" sizes=\"auto, (max-width: 800px) 100vw, 800px\" \/><\/div>  <div class=\"grve-box-content\">    <a href=\"https:\/\/vadevela.com\/es\/actividades-en-velero-para-empresas\/\" target=\"_self\"><h5 class=\"grve-box-title\"><span>ACTIVIDADES EN VELERO PARA EMPRESAS, ALQUILER VELEROS EN PALAM\u00d3S<\/span><\/h5>    <\/a>    <p>Organizamos actividades dirigidas a empreses con el objetivo de incentivar y cohesionar al equipo de trabajo.<br \/>\nSalidas desde Port Marina Palam\u00f3s\/Costa Brava.<\/p>    <a href=\"https:\/\/vadevela.com\/es\/actividades-en-velero-para-empresas\/\" target=\"_self\" class=\"grve-read-more\">M\u00e1s info<\/a>  <\/div><\/div>[\/vc_column][vc_column width=\u00bb1\/3&#8243;]<div class=\"grve-element grve-box grve-align-center grve-animated-item grve-fadeInUp\" style=\"\" data-delay=\"200\"><div class=\"grve-media\"><img loading=\"lazy\" decoding=\"async\" width=\"800\" height=\"600\" src=\"https:\/\/vadevela.com\/wp-content\/uploads\/2022\/09\/53g.jpg\" class=\"attachment-full size-full\" alt=\"Grupo de amigos disfrutando del vale regalo de Vadevela en un velero de la Costa Brava\" srcset=\"https:\/\/vadevela.com\/wp-content\/uploads\/2022\/09\/53g.jpg 800w, https:\/\/vadevela.com\/wp-content\/uploads\/2022\/09\/53g-300x225.jpg 300w, https:\/\/vadevela.com\/wp-content\/uploads\/2022\/09\/53g-768x576.jpg 768w, https:\/\/vadevela.com\/wp-content\/uploads\/2022\/09\/53g-600x450.jpg 600w\" sizes=\"auto, (max-width: 800px) 100vw, 800px\" \/><\/div>  <div class=\"grve-box-content\">    <a href=\"https:\/\/vadevela.com\/es\/vale-regalo-vadevela\/\" target=\"_self\"><h5 class=\"grve-box-title\"><span>VALE REGALO VADEVELA. ALQUILER DE EMBARCACIONES.<\/span><\/h5>    <\/a>    <p>Haz un regalo original y disfr\u00fatalo con tus amigos, familia o pareja.<br \/>\nNavegando en una de las nuestras embarcaciones de alquiler en Palam\u00f3s\/Costa Brava. Regala una excursi\u00f3n en velero a tu mejor amiga para su despedida de soltera o aniversario.<br \/>\nEmbarque de los veleros: Port Marina Palam\u00f3s\/Costa Brava.<\/p>    <a href=\"https:\/\/vadevela.com\/es\/vale-regalo-vadevela\/\" target=\"_self\" class=\"grve-read-more\">M\u00e1s info<\/a>  <\/div><\/div>[\/vc_column][vc_column width=\u00bb1\/3&#8243;]<div class=\"grve-element grve-box grve-align-center grve-animated-item grve-fadeInUp\" style=\"\" data-delay=\"200\"><div class=\"grve-media\"><img loading=\"lazy\" decoding=\"async\" width=\"800\" height=\"600\" src=\"https:\/\/vadevela.com\/wp-content\/uploads\/2022\/09\/62g.jpg\" class=\"attachment-full size-full\" alt=\"Paseos con los veleros de Vadevela en la carta\" srcset=\"https:\/\/vadevela.com\/wp-content\/uploads\/2022\/09\/62g.jpg 800w, https:\/\/vadevela.com\/wp-content\/uploads\/2022\/09\/62g-300x225.jpg 300w, https:\/\/vadevela.com\/wp-content\/uploads\/2022\/09\/62g-768x576.jpg 768w, https:\/\/vadevela.com\/wp-content\/uploads\/2022\/09\/62g-600x450.jpg 600w\" sizes=\"auto, (max-width: 800px) 100vw, 800px\" \/><\/div>  <div class=\"grve-box-content\">    <a href=\"https:\/\/vadevela.com\/es\/navegar-en-veler-a-medida\/\" target=\"_self\"><h5 class=\"grve-box-title\"><span>NAVEGAR EN VELERO A LA CARTA.<\/span><\/h5>    <\/a>    <p>Si tienes una idea diferente, haz tu propuesta&#8230; AVISTAMIENTO DE DELFIES Y AVES MARINAS: Nos adentramos a mar abierto.<br \/>\nEmbarque de los veleros: Port Marina Palam\u00f3s\/Costa Brava.<\/p>    <a href=\"https:\/\/vadevela.com\/es\/navegar-en-veler-a-medida\/\" target=\"_self\" class=\"grve-read-more\">M\u00e1s info<\/a>  <\/div><\/div>[\/vc_column][\/vc_row][vc_row bg_type=\u00bbcolor\u00bb footer_feature=\u00bbyes\u00bb font_color=\u00bb#ffffff\u00bb bg_color=\u00bb#008db5&#8243; padding_bottom=\u00bb80&#8243; padding_top=\u00bb80&#8243;][vc_column][vc_column_text text_style=\u00bbleader-text\u00bb]<\/p>\n<p style=\"text-align: center;\">Alquiler de embarcaciones y veleros en <a href=\"https:\/\/visitpalamos.cat\">Palam\u00f3s<\/a> en el coraz\u00f3n de la Costa Brava. <a href=\"https:\/\/vadevela.com\/es\/alquiler-velero-por-un-dia\/\">Paseos en velero desde Palam\u00f3s<\/a> y rutas en velero en la Costa Brava.<\/p>\n<p style=\"text-align: center;\">Alquiler velero y excursiones en velero<\/p>\n<p>[\/vc_column_text][vc_column_text text_style=\u00bbleader-text\u00bb]<\/p>\n<p style=\"text-align: center;\">Disfruta de tus vacaciones en velero, hacemos salidas con veleros para empresa, despedida soltera en velero, diferentes actividades a vela por la Costa Brava.<\/p>\n<p>[\/vc_column_text][vc_column_text text_style=\u00bbleader-text\u00bb]<\/p>\n<p style=\"text-align: center;\">Excursi\u00f3nes en velero y alquiler de veleros para familias o amigos desde Palam\u00f3s hacia Begur, las islas formigues, Calella, Llafranc, Tamariu y L&#8217;Estartit o en direcci\u00f3n sur hacia Sant Antoni de Calonge, Playa de Aro, Sant Feliu de Gu\u00edxols o hasta Tossa de Mar.<\/p>\n<p style=\"text-align: center;\">No te pierdas la experiencia de navegar en velero en la Costa Brava.<\/p>\n<p style=\"text-align: center;\">Alquiler velero y excursiones en velero.<\/p>\n<p>[\/vc_column_text][\/vc_column][\/vc_row]<\/p>\n<\/div>","protected":false},"excerpt":{"rendered":"<p>[vc_row header_feature=\u00bbyes\u00bb padding_top=\u00bb35&#8243;][vc_column][vc_column_text text_style=\u00bbleader-text\u00bb] Alquiler velero y excursiones en velero [\/vc_column_text][\/vc_column][\/vc_row][vc_row padding_top=\u00bb35&#8243;][vc_column width=\u00bb1\/3&#8243;][\/vc_column][vc_column width=\u00bb1\/3&#8243;][\/vc_column][vc_column width=\u00bb1\/3&#8243;][\/vc_column][\/vc_row][vc_row padding_top=\u00bb35&#8243;][vc_column width=\u00bb1\/3&#8243;][\/vc_column][vc_column width=\u00bb1\/3&#8243;][\/vc_column][vc_column width=\u00bb1\/3&#8243;][\/vc_column][\/vc_row][vc_row bg_type=\u00bbcolor\u00bb footer_feature=\u00bbyes\u00bb font_color=\u00bb#ffffff\u00bb bg_color=\u00bb#008db5&#8243; padding_bottom=\u00bb80&#8243; padding_top=\u00bb80&#8243;][vc_column][vc_column_text text_style=\u00bbleader-text\u00bb] Alquiler de embarcaciones y veleros en Palam\u00f3s en el coraz\u00f3n de la Costa Brava. Paseos en velero desde Palam\u00f3s y rutas en velero en la Costa Brava. Alquiler velero [&hellip;]<\/p>\n","protected":false},"author":1,"featured_media":5751,"parent":0,"menu_order":0,"comment_status":"closed","ping_status":"closed","template":"","meta":{"footnotes":""},"class_list":["post-5764","page","type-page","status-publish","has-post-thumbnail","hentry"],"yoast_head":"<!-- This site is optimized with the Yoast SEO plugin v27.3 - https:\/\/yoast.com\/product\/yoast-seo-wordpress\/ -->\n<title>Vadevela - Excursiones y rutas en velero por la Costa Brava<\/title>\n<meta name=\"description\" content=\"Descubre la Costa Brava con Vadevela. Alquiler de veleros en Palam\u00f3s, rutas \u00fanicas, excursiones y actividades en barco con o sin patr\u00f3n. \u00a1Reserva ahora!\" \/>\n<meta name=\"robots\" content=\"index, follow, max-snippet:-1, max-image-preview:large, max-video-preview:-1\" \/>\n<link rel=\"canonical\" href=\"https:\/\/vadevela.com\/es\/actividades-y-excursiones-en-velero-en-la-costa-brava\/\" \/>\n<meta property=\"og:locale\" content=\"es_ES\" \/>\n<meta property=\"og:type\" content=\"article\" \/>\n<meta property=\"og:title\" content=\"Vadevela - Excursiones y rutas en velero por la Costa Brava\" \/>\n<meta property=\"og:description\" content=\"Descubre la Costa Brava con Vadevela. Alquiler de veleros en Palam\u00f3s, rutas \u00fanicas, excursiones y actividades en barco con o sin patr\u00f3n. \u00a1Reserva ahora!\" \/>\n<meta property=\"og:url\" content=\"https:\/\/vadevela.com\/es\/actividades-y-excursiones-en-velero-en-la-costa-brava\/\" \/>\n<meta property=\"og:site_name\" content=\"Vadevela\" \/>\n<meta property=\"article:publisher\" content=\"https:\/\/www.facebook.com\/profile.php?id=100066870703106\" \/>\n<meta property=\"article:modified_time\" content=\"2025-04-15T13:38:40+00:00\" \/>\n<meta property=\"og:image\" content=\"https:\/\/vadevela.com\/wp-content\/uploads\/2022\/09\/157g.jpg\" \/>\n\t<meta property=\"og:image:width\" content=\"500\" \/>\n\t<meta property=\"og:image:height\" content=\"375\" \/>\n\t<meta property=\"og:image:type\" content=\"image\/jpeg\" \/>\n<meta name=\"twitter:card\" content=\"summary_large_image\" \/>\n<meta name=\"twitter:label1\" content=\"Tiempo de lectura\" \/>\n\t<meta name=\"twitter:data1\" content=\"3 minutos\" \/>\n<script type=\"application\/ld+json\" class=\"yoast-schema-graph\">{\"@context\":\"https:\\\/\\\/schema.org\",\"@graph\":[{\"@type\":\"WebPage\",\"@id\":\"https:\\\/\\\/vadevela.com\\\/es\\\/actividades-y-excursiones-en-velero-en-la-costa-brava\\\/\",\"url\":\"https:\\\/\\\/vadevela.com\\\/es\\\/actividades-y-excursiones-en-velero-en-la-costa-brava\\\/\",\"name\":\"Vadevela - Excursiones y rutas en velero por la Costa Brava\",\"isPartOf\":{\"@id\":\"https:\\\/\\\/vadevela.com\\\/es\\\/#website\"},\"primaryImageOfPage\":{\"@id\":\"https:\\\/\\\/vadevela.com\\\/es\\\/actividades-y-excursiones-en-velero-en-la-costa-brava\\\/#primaryimage\"},\"image\":{\"@id\":\"https:\\\/\\\/vadevela.com\\\/es\\\/actividades-y-excursiones-en-velero-en-la-costa-brava\\\/#primaryimage\"},\"thumbnailUrl\":\"https:\\\/\\\/vadevela.com\\\/wp-content\\\/uploads\\\/2022\\\/09\\\/157g.jpg\",\"datePublished\":\"2022-09-05T17:16:39+00:00\",\"dateModified\":\"2025-04-15T13:38:40+00:00\",\"description\":\"Descubre la Costa Brava con Vadevela. Alquiler de veleros en Palam\u00f3s, rutas \u00fanicas, excursiones y actividades en barco con o sin patr\u00f3n. \u00a1Reserva ahora!\",\"breadcrumb\":{\"@id\":\"https:\\\/\\\/vadevela.com\\\/es\\\/actividades-y-excursiones-en-velero-en-la-costa-brava\\\/#breadcrumb\"},\"inLanguage\":\"es\",\"potentialAction\":[{\"@type\":\"ReadAction\",\"target\":[\"https:\\\/\\\/vadevela.com\\\/es\\\/actividades-y-excursiones-en-velero-en-la-costa-brava\\\/\"]}]},{\"@type\":\"ImageObject\",\"inLanguage\":\"es\",\"@id\":\"https:\\\/\\\/vadevela.com\\\/es\\\/actividades-y-excursiones-en-velero-en-la-costa-brava\\\/#primaryimage\",\"url\":\"https:\\\/\\\/vadevela.com\\\/wp-content\\\/uploads\\\/2022\\\/09\\\/157g.jpg\",\"contentUrl\":\"https:\\\/\\\/vadevela.com\\\/wp-content\\\/uploads\\\/2022\\\/09\\\/157g.jpg\",\"width\":500,\"height\":375,\"caption\":\"alquiler velero palamos\"},{\"@type\":\"BreadcrumbList\",\"@id\":\"https:\\\/\\\/vadevela.com\\\/es\\\/actividades-y-excursiones-en-velero-en-la-costa-brava\\\/#breadcrumb\",\"itemListElement\":[{\"@type\":\"ListItem\",\"position\":1,\"name\":\"Inici\",\"item\":\"https:\\\/\\\/vadevela.com\\\/es\\\/\"},{\"@type\":\"ListItem\",\"position\":2,\"name\":\"Experiencias en Velero\"}]},{\"@type\":\"WebSite\",\"@id\":\"https:\\\/\\\/vadevela.com\\\/es\\\/#website\",\"url\":\"https:\\\/\\\/vadevela.com\\\/es\\\/\",\"name\":\"Vadevela\",\"description\":\"Lloguer de velers - Alquiler de veleros - Sailboat rental &amp; charter\",\"publisher\":{\"@id\":\"https:\\\/\\\/vadevela.com\\\/es\\\/#organization\"},\"potentialAction\":[{\"@type\":\"SearchAction\",\"target\":{\"@type\":\"EntryPoint\",\"urlTemplate\":\"https:\\\/\\\/vadevela.com\\\/es\\\/?s={search_term_string}\"},\"query-input\":{\"@type\":\"PropertyValueSpecification\",\"valueRequired\":true,\"valueName\":\"search_term_string\"}}],\"inLanguage\":\"es\"},{\"@type\":\"Organization\",\"@id\":\"https:\\\/\\\/vadevela.com\\\/es\\\/#organization\",\"name\":\"Vadevela\",\"url\":\"https:\\\/\\\/vadevela.com\\\/es\\\/\",\"logo\":{\"@type\":\"ImageObject\",\"inLanguage\":\"es\",\"@id\":\"https:\\\/\\\/vadevela.com\\\/es\\\/#\\\/schema\\\/logo\\\/image\\\/\",\"url\":\"https:\\\/\\\/vadevela.com\\\/wp-content\\\/uploads\\\/2022\\\/09\\\/logo_vadevela_b_2.png\",\"contentUrl\":\"https:\\\/\\\/vadevela.com\\\/wp-content\\\/uploads\\\/2022\\\/09\\\/logo_vadevela_b_2.png\",\"width\":300,\"height\":59,\"caption\":\"Vadevela\"},\"image\":{\"@id\":\"https:\\\/\\\/vadevela.com\\\/es\\\/#\\\/schema\\\/logo\\\/image\\\/\"},\"sameAs\":[\"https:\\\/\\\/www.facebook.com\\\/profile.php?id=100066870703106\",\"https:\\\/\\\/www.youtube.com\\\/user\\\/vadevela1\\\/videos\"]}]}<\/script>\n<!-- \/ Yoast SEO plugin. -->","yoast_head_json":{"title":"Vadevela - Excursiones y rutas en velero por la Costa Brava","description":"Descubre la Costa Brava con Vadevela. Alquiler de veleros en Palam\u00f3s, rutas \u00fanicas, excursiones y actividades en barco con o sin patr\u00f3n. \u00a1Reserva ahora!","robots":{"index":"index","follow":"follow","max-snippet":"max-snippet:-1","max-image-preview":"max-image-preview:large","max-video-preview":"max-video-preview:-1"},"canonical":"https:\/\/vadevela.com\/es\/actividades-y-excursiones-en-velero-en-la-costa-brava\/","og_locale":"es_ES","og_type":"article","og_title":"Vadevela - Excursiones y rutas en velero por la Costa Brava","og_description":"Descubre la Costa Brava con Vadevela. Alquiler de veleros en Palam\u00f3s, rutas \u00fanicas, excursiones y actividades en barco con o sin patr\u00f3n. \u00a1Reserva ahora!","og_url":"https:\/\/vadevela.com\/es\/actividades-y-excursiones-en-velero-en-la-costa-brava\/","og_site_name":"Vadevela","article_publisher":"https:\/\/www.facebook.com\/profile.php?id=100066870703106","article_modified_time":"2025-04-15T13:38:40+00:00","og_image":[{"width":500,"height":375,"url":"https:\/\/vadevela.com\/wp-content\/uploads\/2022\/09\/157g.jpg","type":"image\/jpeg"}],"twitter_card":"summary_large_image","twitter_misc":{"Tiempo de lectura":"3 minutos"},"schema":{"@context":"https:\/\/schema.org","@graph":[{"@type":"WebPage","@id":"https:\/\/vadevela.com\/es\/actividades-y-excursiones-en-velero-en-la-costa-brava\/","url":"https:\/\/vadevela.com\/es\/actividades-y-excursiones-en-velero-en-la-costa-brava\/","name":"Vadevela - Excursiones y rutas en velero por la Costa Brava","isPartOf":{"@id":"https:\/\/vadevela.com\/es\/#website"},"primaryImageOfPage":{"@id":"https:\/\/vadevela.com\/es\/actividades-y-excursiones-en-velero-en-la-costa-brava\/#primaryimage"},"image":{"@id":"https:\/\/vadevela.com\/es\/actividades-y-excursiones-en-velero-en-la-costa-brava\/#primaryimage"},"thumbnailUrl":"https:\/\/vadevela.com\/wp-content\/uploads\/2022\/09\/157g.jpg","datePublished":"2022-09-05T17:16:39+00:00","dateModified":"2025-04-15T13:38:40+00:00","description":"Descubre la Costa Brava con Vadevela. Alquiler de veleros en Palam\u00f3s, rutas \u00fanicas, excursiones y actividades en barco con o sin patr\u00f3n. \u00a1Reserva ahora!","breadcrumb":{"@id":"https:\/\/vadevela.com\/es\/actividades-y-excursiones-en-velero-en-la-costa-brava\/#breadcrumb"},"inLanguage":"es","potentialAction":[{"@type":"ReadAction","target":["https:\/\/vadevela.com\/es\/actividades-y-excursiones-en-velero-en-la-costa-brava\/"]}]},{"@type":"ImageObject","inLanguage":"es","@id":"https:\/\/vadevela.com\/es\/actividades-y-excursiones-en-velero-en-la-costa-brava\/#primaryimage","url":"https:\/\/vadevela.com\/wp-content\/uploads\/2022\/09\/157g.jpg","contentUrl":"https:\/\/vadevela.com\/wp-content\/uploads\/2022\/09\/157g.jpg","width":500,"height":375,"caption":"alquiler velero palamos"},{"@type":"BreadcrumbList","@id":"https:\/\/vadevela.com\/es\/actividades-y-excursiones-en-velero-en-la-costa-brava\/#breadcrumb","itemListElement":[{"@type":"ListItem","position":1,"name":"Inici","item":"https:\/\/vadevela.com\/es\/"},{"@type":"ListItem","position":2,"name":"Experiencias en Velero"}]},{"@type":"WebSite","@id":"https:\/\/vadevela.com\/es\/#website","url":"https:\/\/vadevela.com\/es\/","name":"Vadevela","description":"Lloguer de velers - Alquiler de veleros - Sailboat rental &amp; charter","publisher":{"@id":"https:\/\/vadevela.com\/es\/#organization"},"potentialAction":[{"@type":"SearchAction","target":{"@type":"EntryPoint","urlTemplate":"https:\/\/vadevela.com\/es\/?s={search_term_string}"},"query-input":{"@type":"PropertyValueSpecification","valueRequired":true,"valueName":"search_term_string"}}],"inLanguage":"es"},{"@type":"Organization","@id":"https:\/\/vadevela.com\/es\/#organization","name":"Vadevela","url":"https:\/\/vadevela.com\/es\/","logo":{"@type":"ImageObject","inLanguage":"es","@id":"https:\/\/vadevela.com\/es\/#\/schema\/logo\/image\/","url":"https:\/\/vadevela.com\/wp-content\/uploads\/2022\/09\/logo_vadevela_b_2.png","contentUrl":"https:\/\/vadevela.com\/wp-content\/uploads\/2022\/09\/logo_vadevela_b_2.png","width":300,"height":59,"caption":"Vadevela"},"image":{"@id":"https:\/\/vadevela.com\/es\/#\/schema\/logo\/image\/"},"sameAs":["https:\/\/www.facebook.com\/profile.php?id=100066870703106","https:\/\/www.youtube.com\/user\/vadevela1\/videos"]}]}},"_links":{"self":[{"href":"https:\/\/vadevela.com\/es\/wp-json\/wp\/v2\/pages\/5764","targetHints":{"allow":["GET"]}}],"collection":[{"href":"https:\/\/vadevela.com\/es\/wp-json\/wp\/v2\/pages"}],"about":[{"href":"https:\/\/vadevela.com\/es\/wp-json\/wp\/v2\/types\/page"}],"author":[{"embeddable":true,"href":"https:\/\/vadevela.com\/es\/wp-json\/wp\/v2\/users\/1"}],"replies":[{"embeddable":true,"href":"https:\/\/vadevela.com\/es\/wp-json\/wp\/v2\/comments?post=5764"}],"version-history":[{"count":86,"href":"https:\/\/vadevela.com\/es\/wp-json\/wp\/v2\/pages\/5764\/revisions"}],"predecessor-version":[{"id":7503,"href":"https:\/\/vadevela.com\/es\/wp-json\/wp\/v2\/pages\/5764\/revisions\/7503"}],"wp:featuredmedia":[{"embeddable":true,"href":"https:\/\/vadevela.com\/es\/wp-json\/wp\/v2\/media\/5751"}],"wp:attachment":[{"href":"https:\/\/vadevela.com\/es\/wp-json\/wp\/v2\/media?parent=5764"}],"curies":[{"name":"wp","href":"https:\/\/api.w.org\/{rel}","templated":true}]}}