{"id":5770,"date":"2022-09-14T10:32:54","date_gmt":"2022-09-14T08:32:54","guid":{"rendered":"http:\/\/vadevela.com\/experiencias-en-velero\/salidas-en-velero-palamos\/"},"modified":"2026-03-27T18:09:13","modified_gmt":"2026-03-27T16:09:13","slug":"salidas-en-velero-palamos","status":"publish","type":"page","link":"https:\/\/vadevela.com\/es\/salidas-en-velero-palamos\/","title":{"rendered":"Salidas en velero Palam\u00f3s"},"content":{"rendered":"<div class=\"wpb-content-wrapper\"><p>[vc_row header_feature=\u00bbyes\u00bb padding_top=\u00bb35&#8243;][vc_column]<div class=\"grve-element grve-slogan grve-align-center\" style=\"\"><h4 class=\"grve-slogan-title grve-align-center grve-title-line\"><span>SALIDAS EN VELERO POR LA MA\u00d1ANA O TARDE EN PALAM\u00d3S<\/span><\/h4>  <p class=\"\"><\/p><\/div>[\/vc_column][\/vc_row][vc_row][vc_column width=\u00bb1\/3&#8243;]<div class=\"grve-element grve-carousel-wrapper\"  style=\" \"><div class=\"grve-carousel-navigation grve-light\" data-navigation-type=\"1\">\t<div class=\"grve-carousel-buttons\">\t\t<div class=\"grve-carousel-prev grve-icon-nav-left\"><\/div>\t\t<div class=\"grve-carousel-next grve-icon-nav-right\"><\/div>\t<\/div><\/div><div class=\"grve-slider grve-carousel-element \" data-slider-speed=\"3500\" data-slider-pause=\"no\" data-navigation-type=\"1\" data-slider-autoplay=\"yes\" data-slider-autoheight=\"no\"><div class=\"grve-slider-item\">\t<figure class=\"grve-image-hover grve-zoom-in\">\t\t<div class=\"grve-media grve-dark-overlay grve-opacity-60\"><img loading=\"lazy\" decoding=\"async\" width=\"500\" height=\"315\" src=\"https:\/\/vadevela.com\/wp-content\/uploads\/2022\/09\/157g-500x315.jpg\" class=\"attachment-grve-image-small-rect-horizontal size-grve-image-small-rect-horizontal\" alt=\"Grupo de amigos disfrutando de la Costa Brava en un velero al mediod\u00eda\" \/>\t\t<\/div><figcaption><\/figcaption>\t<\/figure><\/div><div class=\"grve-slider-item\">\t<figure class=\"grve-image-hover grve-zoom-in\">\t\t<div class=\"grve-media grve-dark-overlay grve-opacity-60\"><img loading=\"lazy\" decoding=\"async\" width=\"560\" height=\"315\" src=\"https:\/\/vadevela.com\/wp-content\/uploads\/2022\/09\/65g-560x315.jpg\" class=\"attachment-grve-image-small-rect-horizontal size-grve-image-small-rect-horizontal\" alt=\"LLoguer vaixell a Calella\" \/>\t\t<\/div><figcaption><\/figcaption>\t<\/figure><\/div><div class=\"grve-slider-item\">\t<figure class=\"grve-image-hover grve-zoom-in\">\t\t<div class=\"grve-media grve-dark-overlay grve-opacity-60\"><img loading=\"lazy\" decoding=\"async\" width=\"500\" height=\"315\" src=\"https:\/\/vadevela.com\/wp-content\/uploads\/2022\/09\/149g-500x315.jpg\" class=\"attachment-grve-image-small-rect-horizontal size-grve-image-small-rect-horizontal\" alt=\"lloguer embarcaci\u00f3 a la Costa Brava\" \/>\t\t<\/div><figcaption><\/figcaption>\t<\/figure><\/div>\t<\/div><\/div>[\/vc_column][vc_column width=\u00bb2\/3&#8243;][vc_column_text css=\u00bb\u00bb text_style=\u00bbsubtitle\u00bb]Si est\u00e0s pensant en una experi\u00e8ncia diferent, no et pots perdre embarcar-te al nostre veler per gaudir del millor paisatge mar\u00edtim, navegar en silenci nom\u00e9s impulsat per la brisa marina i un bany a les millors cales de la nostra costa.<\/p>\n<p>Horaris i preus:<\/p>\n<ul>\n<li>Migdia de 11 a 14h\u00a0 0 de 15,30h a 18,30:<strong>440 \u20ac.<\/strong><\/li>\n<li>Migdia de 10h a 14h o de 15,30 a 19,30: <strong>540 \u20ac.<\/strong><\/li>\n<\/ul>\n<p>&nbsp;<\/p>\n<ul>\n<li>Port de sortida i arribada: Port Marina de Palam\u00f3s\/Costa Brava.<\/li>\n<li>Grups m\u00e0xims 11 persones per veler.<\/li>\n<\/ul>\n<p>Sol\u00b7licita m\u00e9s informaci\u00f3:\u00a0\u00a0 <a href=\"https:\/\/api.whatsapp.com\/send?phone=645880096\"><img loading=\"lazy\" decoding=\"async\" class=\"alignnone size-full wp-image-4662\" src=\"http:\/\/vadevela.com\/wp-content\/uploads\/2022\/09\/whatsapp_4.png\" alt=\"\" width=\"44\" height=\"44\" \/><\/a>[\/vc_column_text][\/vc_column][\/vc_row]<\/p>\n<\/div>","protected":false},"excerpt":{"rendered":"<p>[vc_row header_feature=\u00bbyes\u00bb padding_top=\u00bb35&#8243;][vc_column][\/vc_column][\/vc_row][vc_row][vc_column width=\u00bb1\/3&#8243;][\/vc_column][vc_column width=\u00bb2\/3&#8243;][vc_column_text css=\u00bb\u00bb text_style=\u00bbsubtitle\u00bb]Si est\u00e0s pensant en una experi\u00e8ncia diferent, no et pots perdre embarcar-te al nostre veler per gaudir del millor paisatge mar\u00edtim, navegar en silenci nom\u00e9s impulsat per la brisa marina i un bany a les millors cales de la nostra costa. Horaris i preus: Migdia de 11 a 14h\u00a0 [&hellip;]<\/p>\n","protected":false},"author":1,"featured_media":0,"parent":0,"menu_order":0,"comment_status":"closed","ping_status":"closed","template":"","meta":{"footnotes":""},"class_list":["post-5770","page","type-page","status-publish","hentry"],"yoast_head":"<!-- This site is optimized with the Yoast SEO plugin v27.3 - https:\/\/yoast.com\/product\/yoast-seo-wordpress\/ -->\n<title>Salidas en velero Palam\u00f3s - Vadevela<\/title>\n<meta name=\"description\" content=\"Si estas pensando en una experiencia diferente, no puedes perderte embarcarte en nuestro velero para disfrutar del mejor paisaje mar\u00edtimo.\" \/>\n<meta name=\"robots\" content=\"index, follow, max-snippet:-1, max-image-preview:large, max-video-preview:-1\" \/>\n<link rel=\"canonical\" href=\"https:\/\/vadevela.com\/es\/salidas-en-velero-palamos\/\" \/>\n<meta property=\"og:locale\" content=\"es_ES\" \/>\n<meta property=\"og:type\" content=\"article\" \/>\n<meta property=\"og:title\" content=\"Salidas en velero Palam\u00f3s - Vadevela\" \/>\n<meta property=\"og:description\" content=\"Si estas pensando en una experiencia diferente, no puedes perderte embarcarte en nuestro velero para disfrutar del mejor paisaje mar\u00edtimo.\" \/>\n<meta property=\"og:url\" content=\"https:\/\/vadevela.com\/es\/salidas-en-velero-palamos\/\" \/>\n<meta property=\"og:site_name\" content=\"Vadevela\" \/>\n<meta property=\"article:publisher\" content=\"https:\/\/www.facebook.com\/profile.php?id=100066870703106\" \/>\n<meta property=\"article:modified_time\" content=\"2026-03-27T16:09:13+00:00\" \/>\n<meta property=\"og:image\" content=\"http:\/\/vadevela.com\/wp-content\/uploads\/2022\/09\/whatsapp_4.png\" \/>\n<meta name=\"twitter:card\" content=\"summary_large_image\" \/>\n<meta name=\"twitter:label1\" content=\"Tiempo de lectura\" \/>\n\t<meta name=\"twitter:data1\" content=\"1 minuto\" \/>\n<script type=\"application\/ld+json\" class=\"yoast-schema-graph\">{\"@context\":\"https:\\\/\\\/schema.org\",\"@graph\":[{\"@type\":\"WebPage\",\"@id\":\"https:\\\/\\\/vadevela.com\\\/es\\\/salidas-en-velero-palamos\\\/\",\"url\":\"https:\\\/\\\/vadevela.com\\\/es\\\/salidas-en-velero-palamos\\\/\",\"name\":\"Salidas en velero Palam\u00f3s - Vadevela\",\"isPartOf\":{\"@id\":\"https:\\\/\\\/vadevela.com\\\/es\\\/#website\"},\"primaryImageOfPage\":{\"@id\":\"https:\\\/\\\/vadevela.com\\\/es\\\/salidas-en-velero-palamos\\\/#primaryimage\"},\"image\":{\"@id\":\"https:\\\/\\\/vadevela.com\\\/es\\\/salidas-en-velero-palamos\\\/#primaryimage\"},\"thumbnailUrl\":\"http:\\\/\\\/vadevela.com\\\/wp-content\\\/uploads\\\/2022\\\/09\\\/whatsapp_4.png\",\"datePublished\":\"2022-09-14T08:32:54+00:00\",\"dateModified\":\"2026-03-27T16:09:13+00:00\",\"description\":\"Si estas pensando en una experiencia diferente, no puedes perderte embarcarte en nuestro velero para disfrutar del mejor paisaje mar\u00edtimo.\",\"breadcrumb\":{\"@id\":\"https:\\\/\\\/vadevela.com\\\/es\\\/salidas-en-velero-palamos\\\/#breadcrumb\"},\"inLanguage\":\"es\",\"potentialAction\":[{\"@type\":\"ReadAction\",\"target\":[\"https:\\\/\\\/vadevela.com\\\/es\\\/salidas-en-velero-palamos\\\/\"]}]},{\"@type\":\"ImageObject\",\"inLanguage\":\"es\",\"@id\":\"https:\\\/\\\/vadevela.com\\\/es\\\/salidas-en-velero-palamos\\\/#primaryimage\",\"url\":\"http:\\\/\\\/vadevela.com\\\/wp-content\\\/uploads\\\/2022\\\/09\\\/whatsapp_4.png\",\"contentUrl\":\"http:\\\/\\\/vadevela.com\\\/wp-content\\\/uploads\\\/2022\\\/09\\\/whatsapp_4.png\"},{\"@type\":\"BreadcrumbList\",\"@id\":\"https:\\\/\\\/vadevela.com\\\/es\\\/salidas-en-velero-palamos\\\/#breadcrumb\",\"itemListElement\":[{\"@type\":\"ListItem\",\"position\":1,\"name\":\"Inici\",\"item\":\"https:\\\/\\\/vadevela.com\\\/es\\\/\"},{\"@type\":\"ListItem\",\"position\":2,\"name\":\"Salidas en velero Palam\u00f3s\"}]},{\"@type\":\"WebSite\",\"@id\":\"https:\\\/\\\/vadevela.com\\\/es\\\/#website\",\"url\":\"https:\\\/\\\/vadevela.com\\\/es\\\/\",\"name\":\"Vadevela\",\"description\":\"Lloguer de velers - Alquiler de veleros - Sailboat rental &amp; charter\",\"publisher\":{\"@id\":\"https:\\\/\\\/vadevela.com\\\/es\\\/#organization\"},\"potentialAction\":[{\"@type\":\"SearchAction\",\"target\":{\"@type\":\"EntryPoint\",\"urlTemplate\":\"https:\\\/\\\/vadevela.com\\\/es\\\/?s={search_term_string}\"},\"query-input\":{\"@type\":\"PropertyValueSpecification\",\"valueRequired\":true,\"valueName\":\"search_term_string\"}}],\"inLanguage\":\"es\"},{\"@type\":\"Organization\",\"@id\":\"https:\\\/\\\/vadevela.com\\\/es\\\/#organization\",\"name\":\"Vadevela\",\"url\":\"https:\\\/\\\/vadevela.com\\\/es\\\/\",\"logo\":{\"@type\":\"ImageObject\",\"inLanguage\":\"es\",\"@id\":\"https:\\\/\\\/vadevela.com\\\/es\\\/#\\\/schema\\\/logo\\\/image\\\/\",\"url\":\"https:\\\/\\\/vadevela.com\\\/wp-content\\\/uploads\\\/2022\\\/09\\\/logo_vadevela_b_2.png\",\"contentUrl\":\"https:\\\/\\\/vadevela.com\\\/wp-content\\\/uploads\\\/2022\\\/09\\\/logo_vadevela_b_2.png\",\"width\":300,\"height\":59,\"caption\":\"Vadevela\"},\"image\":{\"@id\":\"https:\\\/\\\/vadevela.com\\\/es\\\/#\\\/schema\\\/logo\\\/image\\\/\"},\"sameAs\":[\"https:\\\/\\\/www.facebook.com\\\/profile.php?id=100066870703106\",\"https:\\\/\\\/www.youtube.com\\\/user\\\/vadevela1\\\/videos\"]}]}<\/script>\n<!-- \/ Yoast SEO plugin. -->","yoast_head_json":{"title":"Salidas en velero Palam\u00f3s - Vadevela","description":"Si estas pensando en una experiencia diferente, no puedes perderte embarcarte en nuestro velero para disfrutar del mejor paisaje mar\u00edtimo.","robots":{"index":"index","follow":"follow","max-snippet":"max-snippet:-1","max-image-preview":"max-image-preview:large","max-video-preview":"max-video-preview:-1"},"canonical":"https:\/\/vadevela.com\/es\/salidas-en-velero-palamos\/","og_locale":"es_ES","og_type":"article","og_title":"Salidas en velero Palam\u00f3s - Vadevela","og_description":"Si estas pensando en una experiencia diferente, no puedes perderte embarcarte en nuestro velero para disfrutar del mejor paisaje mar\u00edtimo.","og_url":"https:\/\/vadevela.com\/es\/salidas-en-velero-palamos\/","og_site_name":"Vadevela","article_publisher":"https:\/\/www.facebook.com\/profile.php?id=100066870703106","article_modified_time":"2026-03-27T16:09:13+00:00","og_image":[{"url":"http:\/\/vadevela.com\/wp-content\/uploads\/2022\/09\/whatsapp_4.png","type":"","width":"","height":""}],"twitter_card":"summary_large_image","twitter_misc":{"Tiempo de lectura":"1 minuto"},"schema":{"@context":"https:\/\/schema.org","@graph":[{"@type":"WebPage","@id":"https:\/\/vadevela.com\/es\/salidas-en-velero-palamos\/","url":"https:\/\/vadevela.com\/es\/salidas-en-velero-palamos\/","name":"Salidas en velero Palam\u00f3s - Vadevela","isPartOf":{"@id":"https:\/\/vadevela.com\/es\/#website"},"primaryImageOfPage":{"@id":"https:\/\/vadevela.com\/es\/salidas-en-velero-palamos\/#primaryimage"},"image":{"@id":"https:\/\/vadevela.com\/es\/salidas-en-velero-palamos\/#primaryimage"},"thumbnailUrl":"http:\/\/vadevela.com\/wp-content\/uploads\/2022\/09\/whatsapp_4.png","datePublished":"2022-09-14T08:32:54+00:00","dateModified":"2026-03-27T16:09:13+00:00","description":"Si estas pensando en una experiencia diferente, no puedes perderte embarcarte en nuestro velero para disfrutar del mejor paisaje mar\u00edtimo.","breadcrumb":{"@id":"https:\/\/vadevela.com\/es\/salidas-en-velero-palamos\/#breadcrumb"},"inLanguage":"es","potentialAction":[{"@type":"ReadAction","target":["https:\/\/vadevela.com\/es\/salidas-en-velero-palamos\/"]}]},{"@type":"ImageObject","inLanguage":"es","@id":"https:\/\/vadevela.com\/es\/salidas-en-velero-palamos\/#primaryimage","url":"http:\/\/vadevela.com\/wp-content\/uploads\/2022\/09\/whatsapp_4.png","contentUrl":"http:\/\/vadevela.com\/wp-content\/uploads\/2022\/09\/whatsapp_4.png"},{"@type":"BreadcrumbList","@id":"https:\/\/vadevela.com\/es\/salidas-en-velero-palamos\/#breadcrumb","itemListElement":[{"@type":"ListItem","position":1,"name":"Inici","item":"https:\/\/vadevela.com\/es\/"},{"@type":"ListItem","position":2,"name":"Salidas en velero Palam\u00f3s"}]},{"@type":"WebSite","@id":"https:\/\/vadevela.com\/es\/#website","url":"https:\/\/vadevela.com\/es\/","name":"Vadevela","description":"Lloguer de velers - Alquiler de veleros - Sailboat rental &amp; charter","publisher":{"@id":"https:\/\/vadevela.com\/es\/#organization"},"potentialAction":[{"@type":"SearchAction","target":{"@type":"EntryPoint","urlTemplate":"https:\/\/vadevela.com\/es\/?s={search_term_string}"},"query-input":{"@type":"PropertyValueSpecification","valueRequired":true,"valueName":"search_term_string"}}],"inLanguage":"es"},{"@type":"Organization","@id":"https:\/\/vadevela.com\/es\/#organization","name":"Vadevela","url":"https:\/\/vadevela.com\/es\/","logo":{"@type":"ImageObject","inLanguage":"es","@id":"https:\/\/vadevela.com\/es\/#\/schema\/logo\/image\/","url":"https:\/\/vadevela.com\/wp-content\/uploads\/2022\/09\/logo_vadevela_b_2.png","contentUrl":"https:\/\/vadevela.com\/wp-content\/uploads\/2022\/09\/logo_vadevela_b_2.png","width":300,"height":59,"caption":"Vadevela"},"image":{"@id":"https:\/\/vadevela.com\/es\/#\/schema\/logo\/image\/"},"sameAs":["https:\/\/www.facebook.com\/profile.php?id=100066870703106","https:\/\/www.youtube.com\/user\/vadevela1\/videos"]}]}},"_links":{"self":[{"href":"https:\/\/vadevela.com\/es\/wp-json\/wp\/v2\/pages\/5770","targetHints":{"allow":["GET"]}}],"collection":[{"href":"https:\/\/vadevela.com\/es\/wp-json\/wp\/v2\/pages"}],"about":[{"href":"https:\/\/vadevela.com\/es\/wp-json\/wp\/v2\/types\/page"}],"author":[{"embeddable":true,"href":"https:\/\/vadevela.com\/es\/wp-json\/wp\/v2\/users\/1"}],"replies":[{"embeddable":true,"href":"https:\/\/vadevela.com\/es\/wp-json\/wp\/v2\/comments?post=5770"}],"version-history":[{"count":22,"href":"https:\/\/vadevela.com\/es\/wp-json\/wp\/v2\/pages\/5770\/revisions"}],"predecessor-version":[{"id":7709,"href":"https:\/\/vadevela.com\/es\/wp-json\/wp\/v2\/pages\/5770\/revisions\/7709"}],"wp:attachment":[{"href":"https:\/\/vadevela.com\/es\/wp-json\/wp\/v2\/media?parent=5770"}],"curies":[{"name":"wp","href":"https:\/\/api.w.org\/{rel}","templated":true}]}}