{"id":5773,"date":"2022-09-14T11:10:16","date_gmt":"2022-09-14T09:10:16","guid":{"rendered":"http:\/\/vadevela.com\/experiencias-en-velero\/puesta-de-sol-en-velero-palamos\/"},"modified":"2025-03-03T19:00:40","modified_gmt":"2025-03-03T17:00:40","slug":"puesta-de-sol-en-velero-palamos","status":"publish","type":"page","link":"https:\/\/vadevela.com\/es\/puesta-de-sol-en-velero-palamos\/","title":{"rendered":"Puesta de sol en velero Palam\u00f3s"},"content":{"rendered":"<div class=\"wpb-content-wrapper\"><p>[vc_row header_feature=\u00bbyes\u00bb padding_top=\u00bb35&#8243;][vc_column]<div class=\"grve-element grve-slogan grve-align-center\" style=\"\"><h4 class=\"grve-slogan-title grve-align-center grve-title-line\"><span>VER LA PUESTA DE SOL EN UN VELERO<\/span><\/h4>  <p class=\"\"><\/p><\/div>[\/vc_column][\/vc_row][vc_row][vc_column width=\u00bb1\/3&#8243;]<div class=\"grve-element grve-carousel-wrapper\"  style=\" \"><div class=\"grve-carousel-navigation grve-light\" data-navigation-type=\"1\">\t<div class=\"grve-carousel-buttons\">\t\t<div class=\"grve-carousel-prev grve-icon-nav-left\"><\/div>\t\t<div class=\"grve-carousel-next grve-icon-nav-right\"><\/div>\t<\/div><\/div><div class=\"grve-slider grve-carousel-element \" data-slider-speed=\"3500\" data-slider-pause=\"no\" data-navigation-type=\"1\" data-slider-autoplay=\"yes\" data-slider-autoheight=\"no\"><div class=\"grve-slider-item\">\t<figure class=\"grve-image-hover grve-zoom-in\">\t\t<div class=\"grve-media grve-dark-overlay grve-opacity-60\"><img loading=\"lazy\" decoding=\"async\" width=\"560\" height=\"560\" src=\"https:\/\/vadevela.com\/wp-content\/uploads\/2022\/09\/58g-560x560.jpg\" class=\"attachment-grve-image-small-square size-grve-image-small-square\" alt=\"\" srcset=\"https:\/\/vadevela.com\/wp-content\/uploads\/2022\/09\/58g-560x560.jpg 560w, https:\/\/vadevela.com\/wp-content\/uploads\/2022\/09\/58g-150x150.jpg 150w, https:\/\/vadevela.com\/wp-content\/uploads\/2022\/09\/58g-80x80.jpg 80w, https:\/\/vadevela.com\/wp-content\/uploads\/2022\/09\/58g-300x300.jpg 300w, https:\/\/vadevela.com\/wp-content\/uploads\/2022\/09\/58g-100x100.jpg 100w\" sizes=\"auto, (max-width: 560px) 100vw, 560px\" \/>\t\t<\/div><figcaption><\/figcaption>\t<\/figure><\/div><div class=\"grve-slider-item\">\t<figure class=\"grve-image-hover grve-zoom-in\">\t\t<div class=\"grve-media grve-dark-overlay grve-opacity-60\"><img loading=\"lazy\" decoding=\"async\" width=\"560\" height=\"560\" src=\"https:\/\/vadevela.com\/wp-content\/uploads\/2022\/09\/67g-560x560.jpg\" class=\"attachment-grve-image-small-square size-grve-image-small-square\" alt=\"\" srcset=\"https:\/\/vadevela.com\/wp-content\/uploads\/2022\/09\/67g-560x560.jpg 560w, https:\/\/vadevela.com\/wp-content\/uploads\/2022\/09\/67g-150x150.jpg 150w, https:\/\/vadevela.com\/wp-content\/uploads\/2022\/09\/67g-80x80.jpg 80w, https:\/\/vadevela.com\/wp-content\/uploads\/2022\/09\/67g-300x300.jpg 300w, https:\/\/vadevela.com\/wp-content\/uploads\/2022\/09\/67g-100x100.jpg 100w\" sizes=\"auto, (max-width: 560px) 100vw, 560px\" \/>\t\t<\/div><figcaption><\/figcaption>\t<\/figure><\/div><div class=\"grve-slider-item\">\t<figure class=\"grve-image-hover grve-zoom-in\">\t\t<div class=\"grve-media grve-dark-overlay grve-opacity-60\"><img loading=\"lazy\" decoding=\"async\" width=\"560\" height=\"560\" src=\"https:\/\/vadevela.com\/wp-content\/uploads\/2022\/09\/68g-560x560.jpg\" class=\"attachment-grve-image-small-square size-grve-image-small-square\" alt=\"\" srcset=\"https:\/\/vadevela.com\/wp-content\/uploads\/2022\/09\/68g-560x560.jpg 560w, https:\/\/vadevela.com\/wp-content\/uploads\/2022\/09\/68g-150x150.jpg 150w, https:\/\/vadevela.com\/wp-content\/uploads\/2022\/09\/68g-80x80.jpg 80w, https:\/\/vadevela.com\/wp-content\/uploads\/2022\/09\/68g-300x300.jpg 300w, https:\/\/vadevela.com\/wp-content\/uploads\/2022\/09\/68g-100x100.jpg 100w\" sizes=\"auto, (max-width: 560px) 100vw, 560px\" \/>\t\t<\/div><figcaption><\/figcaption>\t<\/figure><\/div><div class=\"grve-slider-item\">\t<figure class=\"grve-image-hover grve-zoom-in\">\t\t<div class=\"grve-media grve-dark-overlay grve-opacity-60\"><img loading=\"lazy\" decoding=\"async\" width=\"560\" height=\"560\" src=\"https:\/\/vadevela.com\/wp-content\/uploads\/2022\/09\/69g-560x560.jpg\" class=\"attachment-grve-image-small-square size-grve-image-small-square\" alt=\"\" srcset=\"https:\/\/vadevela.com\/wp-content\/uploads\/2022\/09\/69g-560x560.jpg 560w, https:\/\/vadevela.com\/wp-content\/uploads\/2022\/09\/69g-150x150.jpg 150w, https:\/\/vadevela.com\/wp-content\/uploads\/2022\/09\/69g-80x80.jpg 80w, https:\/\/vadevela.com\/wp-content\/uploads\/2022\/09\/69g-300x300.jpg 300w, https:\/\/vadevela.com\/wp-content\/uploads\/2022\/09\/69g-100x100.jpg 100w\" sizes=\"auto, (max-width: 560px) 100vw, 560px\" \/>\t\t<\/div><figcaption><\/figcaption>\t<\/figure><\/div>\t<\/div><\/div>[\/vc_column][vc_column width=\u00bb2\/3&#8243;][vc_column_text text_style=\u00bbsubtitle\u00bb]Navegar a la posta de sol \u00e9s una experi\u00e8ncia que no oblidar\u00e0s, si est\u00e0s pensant amb compartir moments especials per una persona especial no t&#8217;ho pots perdre.<\/p>\n<ul>\n<li>Horaris de 20 h a 22 h. Preu 390 \u20ac (veler exclusiu )<\/li>\n<li>Capacitat max: 11 persones.<\/li>\n<li>Inclou una copa de cava.<\/li>\n<\/ul>\n<p>Sol\u00b7licita m\u00e9s informaci\u00f3:\u00a0\u00a0 <a href=\"https:\/\/api.whatsapp.com\/send?phone=645880096\"><img loading=\"lazy\" decoding=\"async\" class=\"alignnone size-full wp-image-4662\" src=\"http:\/\/vadevela.com\/wp-content\/uploads\/2022\/09\/whatsapp_4.png\" alt=\"\" width=\"44\" height=\"44\" \/><\/a>[\/vc_column_text][\/vc_column][\/vc_row]<\/p>\n<\/div>","protected":false},"excerpt":{"rendered":"<p>[vc_row header_feature=\u00bbyes\u00bb padding_top=\u00bb35&#8243;][vc_column][\/vc_column][\/vc_row][vc_row][vc_column width=\u00bb1\/3&#8243;][\/vc_column][vc_column width=\u00bb2\/3&#8243;][vc_column_text text_style=\u00bbsubtitle\u00bb]Navegar a la posta de sol \u00e9s una experi\u00e8ncia que no oblidar\u00e0s, si est\u00e0s pensant amb compartir moments especials per una persona especial no t&#8217;ho pots perdre. Horaris de 20 h a 22 h. Preu 390 \u20ac (veler exclusiu ) Capacitat max: 11 persones. Inclou una copa de cava. Sol\u00b7licita [&hellip;]<\/p>\n","protected":false},"author":1,"featured_media":5747,"parent":0,"menu_order":0,"comment_status":"closed","ping_status":"closed","template":"","meta":{"footnotes":""},"class_list":["post-5773","page","type-page","status-publish","has-post-thumbnail","hentry"],"yoast_head":"<!-- This site is optimized with the Yoast SEO plugin v27.3 - https:\/\/yoast.com\/product\/yoast-seo-wordpress\/ -->\n<title>Puesta de sol en velero Palam\u00f3s - Vadevela<\/title>\n<meta name=\"description\" content=\"Navegar y ver la puesta de sol des del velero es una experiencia que no olvidaras. Si estas pensando en compartir momentos especiales con una persona especial no te lo puedes perder.\" \/>\n<meta name=\"robots\" content=\"index, follow, max-snippet:-1, max-image-preview:large, max-video-preview:-1\" \/>\n<link rel=\"canonical\" href=\"https:\/\/vadevela.com\/es\/puesta-de-sol-en-velero-palamos\/\" \/>\n<meta property=\"og:locale\" content=\"es_ES\" \/>\n<meta property=\"og:type\" content=\"article\" \/>\n<meta property=\"og:title\" content=\"Puesta de sol en velero Palam\u00f3s - Vadevela\" \/>\n<meta property=\"og:description\" content=\"Navegar y ver la puesta de sol des del velero es una experiencia que no olvidaras. Si estas pensando en compartir momentos especiales con una persona especial no te lo puedes perder.\" \/>\n<meta property=\"og:url\" content=\"https:\/\/vadevela.com\/es\/puesta-de-sol-en-velero-palamos\/\" \/>\n<meta property=\"og:site_name\" content=\"Vadevela\" \/>\n<meta property=\"article:publisher\" content=\"https:\/\/www.facebook.com\/profile.php?id=100066870703106\" \/>\n<meta property=\"article:modified_time\" content=\"2025-03-03T17:00:40+00:00\" \/>\n<meta property=\"og:image\" content=\"https:\/\/vadevela.com\/wp-content\/uploads\/2022\/09\/155g.jpg\" \/>\n\t<meta property=\"og:image:width\" content=\"500\" \/>\n\t<meta property=\"og:image:height\" content=\"375\" \/>\n\t<meta property=\"og:image:type\" content=\"image\/jpeg\" \/>\n<meta name=\"twitter:card\" content=\"summary_large_image\" \/>\n<meta name=\"twitter:label1\" content=\"Tiempo de lectura\" \/>\n\t<meta name=\"twitter:data1\" content=\"1 minuto\" \/>\n<script type=\"application\/ld+json\" class=\"yoast-schema-graph\">{\"@context\":\"https:\\\/\\\/schema.org\",\"@graph\":[{\"@type\":\"WebPage\",\"@id\":\"https:\\\/\\\/vadevela.com\\\/es\\\/puesta-de-sol-en-velero-palamos\\\/\",\"url\":\"https:\\\/\\\/vadevela.com\\\/es\\\/puesta-de-sol-en-velero-palamos\\\/\",\"name\":\"Puesta de sol en velero Palam\u00f3s - Vadevela\",\"isPartOf\":{\"@id\":\"https:\\\/\\\/vadevela.com\\\/es\\\/#website\"},\"primaryImageOfPage\":{\"@id\":\"https:\\\/\\\/vadevela.com\\\/es\\\/puesta-de-sol-en-velero-palamos\\\/#primaryimage\"},\"image\":{\"@id\":\"https:\\\/\\\/vadevela.com\\\/es\\\/puesta-de-sol-en-velero-palamos\\\/#primaryimage\"},\"thumbnailUrl\":\"https:\\\/\\\/vadevela.com\\\/wp-content\\\/uploads\\\/2022\\\/09\\\/155g.jpg\",\"datePublished\":\"2022-09-14T09:10:16+00:00\",\"dateModified\":\"2025-03-03T17:00:40+00:00\",\"description\":\"Navegar y ver la puesta de sol des del velero es una experiencia que no olvidaras. Si estas pensando en compartir momentos especiales con una persona especial no te lo puedes perder.\",\"breadcrumb\":{\"@id\":\"https:\\\/\\\/vadevela.com\\\/es\\\/puesta-de-sol-en-velero-palamos\\\/#breadcrumb\"},\"inLanguage\":\"es\",\"potentialAction\":[{\"@type\":\"ReadAction\",\"target\":[\"https:\\\/\\\/vadevela.com\\\/es\\\/puesta-de-sol-en-velero-palamos\\\/\"]}]},{\"@type\":\"ImageObject\",\"inLanguage\":\"es\",\"@id\":\"https:\\\/\\\/vadevela.com\\\/es\\\/puesta-de-sol-en-velero-palamos\\\/#primaryimage\",\"url\":\"https:\\\/\\\/vadevela.com\\\/wp-content\\\/uploads\\\/2022\\\/09\\\/155g.jpg\",\"contentUrl\":\"https:\\\/\\\/vadevela.com\\\/wp-content\\\/uploads\\\/2022\\\/09\\\/155g.jpg\",\"width\":500,\"height\":375,\"caption\":\"Paseos en velero Palam\u00f3s\"},{\"@type\":\"BreadcrumbList\",\"@id\":\"https:\\\/\\\/vadevela.com\\\/es\\\/puesta-de-sol-en-velero-palamos\\\/#breadcrumb\",\"itemListElement\":[{\"@type\":\"ListItem\",\"position\":1,\"name\":\"Inici\",\"item\":\"https:\\\/\\\/vadevela.com\\\/es\\\/\"},{\"@type\":\"ListItem\",\"position\":2,\"name\":\"Puesta de sol en velero Palam\u00f3s\"}]},{\"@type\":\"WebSite\",\"@id\":\"https:\\\/\\\/vadevela.com\\\/es\\\/#website\",\"url\":\"https:\\\/\\\/vadevela.com\\\/es\\\/\",\"name\":\"Vadevela\",\"description\":\"Lloguer de velers - Alquiler de veleros - Sailboat rental &amp; charter\",\"publisher\":{\"@id\":\"https:\\\/\\\/vadevela.com\\\/es\\\/#organization\"},\"potentialAction\":[{\"@type\":\"SearchAction\",\"target\":{\"@type\":\"EntryPoint\",\"urlTemplate\":\"https:\\\/\\\/vadevela.com\\\/es\\\/?s={search_term_string}\"},\"query-input\":{\"@type\":\"PropertyValueSpecification\",\"valueRequired\":true,\"valueName\":\"search_term_string\"}}],\"inLanguage\":\"es\"},{\"@type\":\"Organization\",\"@id\":\"https:\\\/\\\/vadevela.com\\\/es\\\/#organization\",\"name\":\"Vadevela\",\"url\":\"https:\\\/\\\/vadevela.com\\\/es\\\/\",\"logo\":{\"@type\":\"ImageObject\",\"inLanguage\":\"es\",\"@id\":\"https:\\\/\\\/vadevela.com\\\/es\\\/#\\\/schema\\\/logo\\\/image\\\/\",\"url\":\"https:\\\/\\\/vadevela.com\\\/wp-content\\\/uploads\\\/2022\\\/09\\\/logo_vadevela_b_2.png\",\"contentUrl\":\"https:\\\/\\\/vadevela.com\\\/wp-content\\\/uploads\\\/2022\\\/09\\\/logo_vadevela_b_2.png\",\"width\":300,\"height\":59,\"caption\":\"Vadevela\"},\"image\":{\"@id\":\"https:\\\/\\\/vadevela.com\\\/es\\\/#\\\/schema\\\/logo\\\/image\\\/\"},\"sameAs\":[\"https:\\\/\\\/www.facebook.com\\\/profile.php?id=100066870703106\",\"https:\\\/\\\/www.youtube.com\\\/user\\\/vadevela1\\\/videos\"]}]}<\/script>\n<!-- \/ Yoast SEO plugin. -->","yoast_head_json":{"title":"Puesta de sol en velero Palam\u00f3s - Vadevela","description":"Navegar y ver la puesta de sol des del velero es una experiencia que no olvidaras. Si estas pensando en compartir momentos especiales con una persona especial no te lo puedes perder.","robots":{"index":"index","follow":"follow","max-snippet":"max-snippet:-1","max-image-preview":"max-image-preview:large","max-video-preview":"max-video-preview:-1"},"canonical":"https:\/\/vadevela.com\/es\/puesta-de-sol-en-velero-palamos\/","og_locale":"es_ES","og_type":"article","og_title":"Puesta de sol en velero Palam\u00f3s - Vadevela","og_description":"Navegar y ver la puesta de sol des del velero es una experiencia que no olvidaras. Si estas pensando en compartir momentos especiales con una persona especial no te lo puedes perder.","og_url":"https:\/\/vadevela.com\/es\/puesta-de-sol-en-velero-palamos\/","og_site_name":"Vadevela","article_publisher":"https:\/\/www.facebook.com\/profile.php?id=100066870703106","article_modified_time":"2025-03-03T17:00:40+00:00","og_image":[{"width":500,"height":375,"url":"https:\/\/vadevela.com\/wp-content\/uploads\/2022\/09\/155g.jpg","type":"image\/jpeg"}],"twitter_card":"summary_large_image","twitter_misc":{"Tiempo de lectura":"1 minuto"},"schema":{"@context":"https:\/\/schema.org","@graph":[{"@type":"WebPage","@id":"https:\/\/vadevela.com\/es\/puesta-de-sol-en-velero-palamos\/","url":"https:\/\/vadevela.com\/es\/puesta-de-sol-en-velero-palamos\/","name":"Puesta de sol en velero Palam\u00f3s - Vadevela","isPartOf":{"@id":"https:\/\/vadevela.com\/es\/#website"},"primaryImageOfPage":{"@id":"https:\/\/vadevela.com\/es\/puesta-de-sol-en-velero-palamos\/#primaryimage"},"image":{"@id":"https:\/\/vadevela.com\/es\/puesta-de-sol-en-velero-palamos\/#primaryimage"},"thumbnailUrl":"https:\/\/vadevela.com\/wp-content\/uploads\/2022\/09\/155g.jpg","datePublished":"2022-09-14T09:10:16+00:00","dateModified":"2025-03-03T17:00:40+00:00","description":"Navegar y ver la puesta de sol des del velero es una experiencia que no olvidaras. Si estas pensando en compartir momentos especiales con una persona especial no te lo puedes perder.","breadcrumb":{"@id":"https:\/\/vadevela.com\/es\/puesta-de-sol-en-velero-palamos\/#breadcrumb"},"inLanguage":"es","potentialAction":[{"@type":"ReadAction","target":["https:\/\/vadevela.com\/es\/puesta-de-sol-en-velero-palamos\/"]}]},{"@type":"ImageObject","inLanguage":"es","@id":"https:\/\/vadevela.com\/es\/puesta-de-sol-en-velero-palamos\/#primaryimage","url":"https:\/\/vadevela.com\/wp-content\/uploads\/2022\/09\/155g.jpg","contentUrl":"https:\/\/vadevela.com\/wp-content\/uploads\/2022\/09\/155g.jpg","width":500,"height":375,"caption":"Paseos en velero Palam\u00f3s"},{"@type":"BreadcrumbList","@id":"https:\/\/vadevela.com\/es\/puesta-de-sol-en-velero-palamos\/#breadcrumb","itemListElement":[{"@type":"ListItem","position":1,"name":"Inici","item":"https:\/\/vadevela.com\/es\/"},{"@type":"ListItem","position":2,"name":"Puesta de sol en velero Palam\u00f3s"}]},{"@type":"WebSite","@id":"https:\/\/vadevela.com\/es\/#website","url":"https:\/\/vadevela.com\/es\/","name":"Vadevela","description":"Lloguer de velers - Alquiler de veleros - Sailboat rental &amp; charter","publisher":{"@id":"https:\/\/vadevela.com\/es\/#organization"},"potentialAction":[{"@type":"SearchAction","target":{"@type":"EntryPoint","urlTemplate":"https:\/\/vadevela.com\/es\/?s={search_term_string}"},"query-input":{"@type":"PropertyValueSpecification","valueRequired":true,"valueName":"search_term_string"}}],"inLanguage":"es"},{"@type":"Organization","@id":"https:\/\/vadevela.com\/es\/#organization","name":"Vadevela","url":"https:\/\/vadevela.com\/es\/","logo":{"@type":"ImageObject","inLanguage":"es","@id":"https:\/\/vadevela.com\/es\/#\/schema\/logo\/image\/","url":"https:\/\/vadevela.com\/wp-content\/uploads\/2022\/09\/logo_vadevela_b_2.png","contentUrl":"https:\/\/vadevela.com\/wp-content\/uploads\/2022\/09\/logo_vadevela_b_2.png","width":300,"height":59,"caption":"Vadevela"},"image":{"@id":"https:\/\/vadevela.com\/es\/#\/schema\/logo\/image\/"},"sameAs":["https:\/\/www.facebook.com\/profile.php?id=100066870703106","https:\/\/www.youtube.com\/user\/vadevela1\/videos"]}]}},"_links":{"self":[{"href":"https:\/\/vadevela.com\/es\/wp-json\/wp\/v2\/pages\/5773","targetHints":{"allow":["GET"]}}],"collection":[{"href":"https:\/\/vadevela.com\/es\/wp-json\/wp\/v2\/pages"}],"about":[{"href":"https:\/\/vadevela.com\/es\/wp-json\/wp\/v2\/types\/page"}],"author":[{"embeddable":true,"href":"https:\/\/vadevela.com\/es\/wp-json\/wp\/v2\/users\/1"}],"replies":[{"embeddable":true,"href":"https:\/\/vadevela.com\/es\/wp-json\/wp\/v2\/comments?post=5773"}],"version-history":[{"count":29,"href":"https:\/\/vadevela.com\/es\/wp-json\/wp\/v2\/pages\/5773\/revisions"}],"predecessor-version":[{"id":7285,"href":"https:\/\/vadevela.com\/es\/wp-json\/wp\/v2\/pages\/5773\/revisions\/7285"}],"wp:featuredmedia":[{"embeddable":true,"href":"https:\/\/vadevela.com\/es\/wp-json\/wp\/v2\/media\/5747"}],"wp:attachment":[{"href":"https:\/\/vadevela.com\/es\/wp-json\/wp\/v2\/media?parent=5773"}],"curies":[{"name":"wp","href":"https:\/\/api.w.org\/{rel}","templated":true}]}}