{"id":5779,"date":"2022-09-14T11:40:26","date_gmt":"2022-09-14T09:40:26","guid":{"rendered":"http:\/\/vadevela.com\/experiencias-en-velero\/actividades-en-velero-para-empresas\/"},"modified":"2026-03-31T13:29:16","modified_gmt":"2026-03-31T11:29:16","slug":"actividades-en-velero-para-empresas","status":"publish","type":"page","link":"https:\/\/vadevela.com\/es\/actividades-en-velero-para-empresas\/","title":{"rendered":"Actividades en velero para empresas"},"content":{"rendered":"<div class=\"wpb-content-wrapper\"><p>[vc_row header_feature=\u00bbyes\u00bb padding_top=\u00bb35&#8243;][vc_column]<div class=\"grve-element grve-slogan grve-align-center\" style=\"\"><h4 class=\"grve-slogan-title grve-align-center grve-title-line\"><span>RACE ACTIVITY \/ OUTDOOR SAILING \/ TEAMBUILDING<\/span><\/h4>  <p class=\"\"><\/p><\/div>[\/vc_column][\/vc_row][vc_row][vc_column width=\u00bb1\/3&#8243;]<div class=\"grve-element grve-carousel-wrapper\"  style=\" \"><div class=\"grve-carousel-navigation grve-light\" data-navigation-type=\"1\">\t<div class=\"grve-carousel-buttons\">\t\t<div class=\"grve-carousel-prev grve-icon-nav-left\"><\/div>\t\t<div class=\"grve-carousel-next grve-icon-nav-right\"><\/div>\t<\/div><\/div><div class=\"grve-slider grve-carousel-element \" data-slider-speed=\"3500\" data-slider-pause=\"no\" data-navigation-type=\"1\" data-slider-autoplay=\"yes\" data-slider-autoheight=\"no\"><div class=\"grve-slider-item\">\t<figure class=\"grve-image-hover grve-zoom-in\">\t\t<div class=\"grve-media grve-dark-overlay grve-opacity-60\"><img loading=\"lazy\" decoding=\"async\" width=\"560\" height=\"560\" src=\"https:\/\/vadevela.com\/wp-content\/uploads\/2022\/09\/60g-560x560.jpg\" class=\"attachment-grve-image-small-square size-grve-image-small-square\" alt=\"Alquiler de veleros para empresas en Palam\u00f3s. Imagen de dos veleros en la Costa Brava\" srcset=\"https:\/\/vadevela.com\/wp-content\/uploads\/2022\/09\/60g-560x560.jpg 560w, https:\/\/vadevela.com\/wp-content\/uploads\/2022\/09\/60g-150x150.jpg 150w, https:\/\/vadevela.com\/wp-content\/uploads\/2022\/09\/60g-80x80.jpg 80w, https:\/\/vadevela.com\/wp-content\/uploads\/2022\/09\/60g-300x300.jpg 300w, https:\/\/vadevela.com\/wp-content\/uploads\/2022\/09\/60g-100x100.jpg 100w\" sizes=\"auto, (max-width: 560px) 100vw, 560px\" \/>\t\t<\/div><figcaption><\/figcaption>\t<\/figure><\/div>\t<\/div><\/div>[\/vc_column][vc_column width=\u00bb2\/3&#8243;][vc_column_text css=\u00bb\u00bb text_style=\u00bbsubtitle\u00bb]<strong>Sailboats Race Company \/Sailing Outdoor Activity \/ Teambuilding on sailboat<\/strong><\/p>\n<p>Organizamos <strong>actividades para empresas en veleros<\/strong> desde <strong>Palam\u00f3s(Costa Brava), <\/strong>dirigidas a empresas con el objetivo de incentivar y cohesionar al equipo de trabajo. Podemos adaptar la actividad de empresa organizando una \u00abmini regata\u00bb con dos o mas veleros o una navegaci\u00f3n placentera antiestr\u00e9s. <a href=\"https:\/\/vadevela.com\/es\/alquiler-de-velero-en-palamos\/\">Navegar en velero<\/a> estimula el trabajo en equipo, la cohesi\u00f3n i cooperaci\u00f3n de la tripulaci\u00f3n es la clave para conseguir una buena posici\u00f3n. El ritmo de la navegaci\u00f3n pasa de 0 a 100 en pocos momentos, estimula la atenci\u00f3n y por ello, esta actividad es realmente divertida.<\/p>\n<p>Salimos de Palam\u00f3s hacia el norte y navegamos por uno de los parajes m\u00e1s bonitos del Baix Empord\u00e0: s&#8217;Algue, Illes Formigues y Cala Castell. Durante la navegaci\u00f3n, los instructores explican como funciona el velero, mientras podr\u00e9is llevar el tim\u00f3 del velero y realizar maniobras. Paramos en Cala Castell para aperitivo y ba\u00f1o.<\/p>\n<ul>\n<li>Grado de dificultad bajo.<\/li>\n<li>Abierto a todas las edades.<\/li>\n<li>No se requiere experiencia.<\/li>\n<li>Grupos: hasta 8-9 personas: 1 velero:<\/li>\n<li>Entre 10 i 18 personas: 2 veleros;<\/li>\n<li>Entre 19 i 27 personas: 3 veleros;<\/li>\n<li>Entre 28 i 36 personas: 4 veleros.<\/li>\n<li>Duraci\u00f3n: 4 h<\/li>\n<li>Embarque de los veleros: Port Marina Palam\u00f3s.<\/li>\n<li>Precio del alquiler por velero: <strong>850 \u20ac<\/strong>.<\/li>\n<li>Opcional: aperitivos, picnic, bebidas&#8230;<\/li>\n<\/ul>\n<p>Solicita m\u00e1s informaci\u00f3n: <a href=\"https:\/\/api.whatsapp.com\/send?phone=645880096\"><img loading=\"lazy\" decoding=\"async\" class=\"alignnone size-full wp-image-4662\" src=\"http:\/\/vadevela.com\/wp-content\/uploads\/2022\/09\/whatsapp_4.png\" alt=\"\" width=\"44\" height=\"44\" \/><\/a>[\/vc_column_text][\/vc_column][\/vc_row]<\/p>\n<\/div>","protected":false},"excerpt":{"rendered":"<p>[vc_row header_feature=\u00bbyes\u00bb padding_top=\u00bb35&#8243;][vc_column][\/vc_column][\/vc_row][vc_row][vc_column width=\u00bb1\/3&#8243;][\/vc_column][vc_column width=\u00bb2\/3&#8243;][vc_column_text css=\u00bb\u00bb text_style=\u00bbsubtitle\u00bb]Sailboats Race Company \/Sailing Outdoor Activity \/ Teambuilding on sailboat Organizamos actividades para empresas en veleros desde Palam\u00f3s(Costa Brava), dirigidas a empresas con el objetivo de incentivar y cohesionar al equipo de trabajo. Podemos adaptar la actividad de empresa organizando una \u00abmini regata\u00bb con dos o mas veleros o [&hellip;]<\/p>\n","protected":false},"author":1,"featured_media":0,"parent":0,"menu_order":0,"comment_status":"closed","ping_status":"closed","template":"","meta":{"footnotes":""},"class_list":["post-5779","page","type-page","status-publish","hentry"],"yoast_head":"<!-- This site is optimized with the Yoast SEO plugin v27.3 - https:\/\/yoast.com\/product\/yoast-seo-wordpress\/ -->\n<title>Actividades en velero para empresas - Vadevela<\/title>\n<meta name=\"description\" content=\"Organizamos actividades dirigidas a empresas con el objetivo de incentivar y cohesionar al equipo de trabajo. Navegar en velero estimula el trabajo en equipo.\" \/>\n<meta name=\"robots\" content=\"index, follow, max-snippet:-1, max-image-preview:large, max-video-preview:-1\" \/>\n<link rel=\"canonical\" href=\"https:\/\/vadevela.com\/es\/actividades-en-velero-para-empresas\/\" \/>\n<meta property=\"og:locale\" content=\"es_ES\" \/>\n<meta property=\"og:type\" content=\"article\" \/>\n<meta property=\"og:title\" content=\"Actividades en velero para empresas - Vadevela\" \/>\n<meta property=\"og:description\" content=\"Organizamos actividades dirigidas a empresas con el objetivo de incentivar y cohesionar al equipo de trabajo. Navegar en velero estimula el trabajo en equipo.\" \/>\n<meta property=\"og:url\" content=\"https:\/\/vadevela.com\/es\/actividades-en-velero-para-empresas\/\" \/>\n<meta property=\"og:site_name\" content=\"Vadevela\" \/>\n<meta property=\"article:publisher\" content=\"https:\/\/www.facebook.com\/profile.php?id=100066870703106\" \/>\n<meta property=\"article:modified_time\" content=\"2026-03-31T11:29:16+00:00\" \/>\n<meta property=\"og:image\" content=\"http:\/\/vadevela.com\/wp-content\/uploads\/2022\/09\/whatsapp_4.png\" \/>\n<meta name=\"twitter:card\" content=\"summary_large_image\" \/>\n<meta name=\"twitter:label1\" content=\"Tiempo de lectura\" \/>\n\t<meta name=\"twitter:data1\" content=\"2 minutos\" \/>\n<script type=\"application\/ld+json\" class=\"yoast-schema-graph\">{\"@context\":\"https:\\\/\\\/schema.org\",\"@graph\":[{\"@type\":\"WebPage\",\"@id\":\"https:\\\/\\\/vadevela.com\\\/es\\\/actividades-en-velero-para-empresas\\\/\",\"url\":\"https:\\\/\\\/vadevela.com\\\/es\\\/actividades-en-velero-para-empresas\\\/\",\"name\":\"Actividades en velero para empresas - Vadevela\",\"isPartOf\":{\"@id\":\"https:\\\/\\\/vadevela.com\\\/es\\\/#website\"},\"primaryImageOfPage\":{\"@id\":\"https:\\\/\\\/vadevela.com\\\/es\\\/actividades-en-velero-para-empresas\\\/#primaryimage\"},\"image\":{\"@id\":\"https:\\\/\\\/vadevela.com\\\/es\\\/actividades-en-velero-para-empresas\\\/#primaryimage\"},\"thumbnailUrl\":\"http:\\\/\\\/vadevela.com\\\/wp-content\\\/uploads\\\/2022\\\/09\\\/whatsapp_4.png\",\"datePublished\":\"2022-09-14T09:40:26+00:00\",\"dateModified\":\"2026-03-31T11:29:16+00:00\",\"description\":\"Organizamos actividades dirigidas a empresas con el objetivo de incentivar y cohesionar al equipo de trabajo. Navegar en velero estimula el trabajo en equipo.\",\"breadcrumb\":{\"@id\":\"https:\\\/\\\/vadevela.com\\\/es\\\/actividades-en-velero-para-empresas\\\/#breadcrumb\"},\"inLanguage\":\"es\",\"potentialAction\":[{\"@type\":\"ReadAction\",\"target\":[\"https:\\\/\\\/vadevela.com\\\/es\\\/actividades-en-velero-para-empresas\\\/\"]}]},{\"@type\":\"ImageObject\",\"inLanguage\":\"es\",\"@id\":\"https:\\\/\\\/vadevela.com\\\/es\\\/actividades-en-velero-para-empresas\\\/#primaryimage\",\"url\":\"http:\\\/\\\/vadevela.com\\\/wp-content\\\/uploads\\\/2022\\\/09\\\/whatsapp_4.png\",\"contentUrl\":\"http:\\\/\\\/vadevela.com\\\/wp-content\\\/uploads\\\/2022\\\/09\\\/whatsapp_4.png\"},{\"@type\":\"BreadcrumbList\",\"@id\":\"https:\\\/\\\/vadevela.com\\\/es\\\/actividades-en-velero-para-empresas\\\/#breadcrumb\",\"itemListElement\":[{\"@type\":\"ListItem\",\"position\":1,\"name\":\"Inici\",\"item\":\"https:\\\/\\\/vadevela.com\\\/es\\\/\"},{\"@type\":\"ListItem\",\"position\":2,\"name\":\"Actividades en velero para empresas\"}]},{\"@type\":\"WebSite\",\"@id\":\"https:\\\/\\\/vadevela.com\\\/es\\\/#website\",\"url\":\"https:\\\/\\\/vadevela.com\\\/es\\\/\",\"name\":\"Vadevela\",\"description\":\"Lloguer de velers - Alquiler de veleros - Sailboat rental &amp; charter\",\"publisher\":{\"@id\":\"https:\\\/\\\/vadevela.com\\\/es\\\/#organization\"},\"potentialAction\":[{\"@type\":\"SearchAction\",\"target\":{\"@type\":\"EntryPoint\",\"urlTemplate\":\"https:\\\/\\\/vadevela.com\\\/es\\\/?s={search_term_string}\"},\"query-input\":{\"@type\":\"PropertyValueSpecification\",\"valueRequired\":true,\"valueName\":\"search_term_string\"}}],\"inLanguage\":\"es\"},{\"@type\":\"Organization\",\"@id\":\"https:\\\/\\\/vadevela.com\\\/es\\\/#organization\",\"name\":\"Vadevela\",\"url\":\"https:\\\/\\\/vadevela.com\\\/es\\\/\",\"logo\":{\"@type\":\"ImageObject\",\"inLanguage\":\"es\",\"@id\":\"https:\\\/\\\/vadevela.com\\\/es\\\/#\\\/schema\\\/logo\\\/image\\\/\",\"url\":\"https:\\\/\\\/vadevela.com\\\/wp-content\\\/uploads\\\/2022\\\/09\\\/logo_vadevela_b_2.png\",\"contentUrl\":\"https:\\\/\\\/vadevela.com\\\/wp-content\\\/uploads\\\/2022\\\/09\\\/logo_vadevela_b_2.png\",\"width\":300,\"height\":59,\"caption\":\"Vadevela\"},\"image\":{\"@id\":\"https:\\\/\\\/vadevela.com\\\/es\\\/#\\\/schema\\\/logo\\\/image\\\/\"},\"sameAs\":[\"https:\\\/\\\/www.facebook.com\\\/profile.php?id=100066870703106\",\"https:\\\/\\\/www.youtube.com\\\/user\\\/vadevela1\\\/videos\"]}]}<\/script>\n<!-- \/ Yoast SEO plugin. -->","yoast_head_json":{"title":"Actividades en velero para empresas - Vadevela","description":"Organizamos actividades dirigidas a empresas con el objetivo de incentivar y cohesionar al equipo de trabajo. Navegar en velero estimula el trabajo en equipo.","robots":{"index":"index","follow":"follow","max-snippet":"max-snippet:-1","max-image-preview":"max-image-preview:large","max-video-preview":"max-video-preview:-1"},"canonical":"https:\/\/vadevela.com\/es\/actividades-en-velero-para-empresas\/","og_locale":"es_ES","og_type":"article","og_title":"Actividades en velero para empresas - Vadevela","og_description":"Organizamos actividades dirigidas a empresas con el objetivo de incentivar y cohesionar al equipo de trabajo. Navegar en velero estimula el trabajo en equipo.","og_url":"https:\/\/vadevela.com\/es\/actividades-en-velero-para-empresas\/","og_site_name":"Vadevela","article_publisher":"https:\/\/www.facebook.com\/profile.php?id=100066870703106","article_modified_time":"2026-03-31T11:29:16+00:00","og_image":[{"url":"http:\/\/vadevela.com\/wp-content\/uploads\/2022\/09\/whatsapp_4.png","type":"","width":"","height":""}],"twitter_card":"summary_large_image","twitter_misc":{"Tiempo de lectura":"2 minutos"},"schema":{"@context":"https:\/\/schema.org","@graph":[{"@type":"WebPage","@id":"https:\/\/vadevela.com\/es\/actividades-en-velero-para-empresas\/","url":"https:\/\/vadevela.com\/es\/actividades-en-velero-para-empresas\/","name":"Actividades en velero para empresas - Vadevela","isPartOf":{"@id":"https:\/\/vadevela.com\/es\/#website"},"primaryImageOfPage":{"@id":"https:\/\/vadevela.com\/es\/actividades-en-velero-para-empresas\/#primaryimage"},"image":{"@id":"https:\/\/vadevela.com\/es\/actividades-en-velero-para-empresas\/#primaryimage"},"thumbnailUrl":"http:\/\/vadevela.com\/wp-content\/uploads\/2022\/09\/whatsapp_4.png","datePublished":"2022-09-14T09:40:26+00:00","dateModified":"2026-03-31T11:29:16+00:00","description":"Organizamos actividades dirigidas a empresas con el objetivo de incentivar y cohesionar al equipo de trabajo. Navegar en velero estimula el trabajo en equipo.","breadcrumb":{"@id":"https:\/\/vadevela.com\/es\/actividades-en-velero-para-empresas\/#breadcrumb"},"inLanguage":"es","potentialAction":[{"@type":"ReadAction","target":["https:\/\/vadevela.com\/es\/actividades-en-velero-para-empresas\/"]}]},{"@type":"ImageObject","inLanguage":"es","@id":"https:\/\/vadevela.com\/es\/actividades-en-velero-para-empresas\/#primaryimage","url":"http:\/\/vadevela.com\/wp-content\/uploads\/2022\/09\/whatsapp_4.png","contentUrl":"http:\/\/vadevela.com\/wp-content\/uploads\/2022\/09\/whatsapp_4.png"},{"@type":"BreadcrumbList","@id":"https:\/\/vadevela.com\/es\/actividades-en-velero-para-empresas\/#breadcrumb","itemListElement":[{"@type":"ListItem","position":1,"name":"Inici","item":"https:\/\/vadevela.com\/es\/"},{"@type":"ListItem","position":2,"name":"Actividades en velero para empresas"}]},{"@type":"WebSite","@id":"https:\/\/vadevela.com\/es\/#website","url":"https:\/\/vadevela.com\/es\/","name":"Vadevela","description":"Lloguer de velers - Alquiler de veleros - Sailboat rental &amp; charter","publisher":{"@id":"https:\/\/vadevela.com\/es\/#organization"},"potentialAction":[{"@type":"SearchAction","target":{"@type":"EntryPoint","urlTemplate":"https:\/\/vadevela.com\/es\/?s={search_term_string}"},"query-input":{"@type":"PropertyValueSpecification","valueRequired":true,"valueName":"search_term_string"}}],"inLanguage":"es"},{"@type":"Organization","@id":"https:\/\/vadevela.com\/es\/#organization","name":"Vadevela","url":"https:\/\/vadevela.com\/es\/","logo":{"@type":"ImageObject","inLanguage":"es","@id":"https:\/\/vadevela.com\/es\/#\/schema\/logo\/image\/","url":"https:\/\/vadevela.com\/wp-content\/uploads\/2022\/09\/logo_vadevela_b_2.png","contentUrl":"https:\/\/vadevela.com\/wp-content\/uploads\/2022\/09\/logo_vadevela_b_2.png","width":300,"height":59,"caption":"Vadevela"},"image":{"@id":"https:\/\/vadevela.com\/es\/#\/schema\/logo\/image\/"},"sameAs":["https:\/\/www.facebook.com\/profile.php?id=100066870703106","https:\/\/www.youtube.com\/user\/vadevela1\/videos"]}]}},"_links":{"self":[{"href":"https:\/\/vadevela.com\/es\/wp-json\/wp\/v2\/pages\/5779","targetHints":{"allow":["GET"]}}],"collection":[{"href":"https:\/\/vadevela.com\/es\/wp-json\/wp\/v2\/pages"}],"about":[{"href":"https:\/\/vadevela.com\/es\/wp-json\/wp\/v2\/types\/page"}],"author":[{"embeddable":true,"href":"https:\/\/vadevela.com\/es\/wp-json\/wp\/v2\/users\/1"}],"replies":[{"embeddable":true,"href":"https:\/\/vadevela.com\/es\/wp-json\/wp\/v2\/comments?post=5779"}],"version-history":[{"count":20,"href":"https:\/\/vadevela.com\/es\/wp-json\/wp\/v2\/pages\/5779\/revisions"}],"predecessor-version":[{"id":7726,"href":"https:\/\/vadevela.com\/es\/wp-json\/wp\/v2\/pages\/5779\/revisions\/7726"}],"wp:attachment":[{"href":"https:\/\/vadevela.com\/es\/wp-json\/wp\/v2\/media?parent=5779"}],"curies":[{"name":"wp","href":"https:\/\/api.w.org\/{rel}","templated":true}]}}