{"id":5782,"date":"2022-09-14T11:52:35","date_gmt":"2022-09-14T09:52:35","guid":{"rendered":"http:\/\/vadevela.com\/experiencias-en-velero\/vale-regalo-vadevela\/"},"modified":"2026-03-31T13:42:38","modified_gmt":"2026-03-31T11:42:38","slug":"vale-regalo-vadevela","status":"publish","type":"page","link":"https:\/\/vadevela.com\/es\/vale-regalo-vadevela\/","title":{"rendered":"Vale Regalo Vadevela"},"content":{"rendered":"<div class=\"wpb-content-wrapper\"><p>[vc_row header_feature=\u00bbyes\u00bb padding_top=\u00bb35&#8243;][vc_column]<div class=\"grve-element grve-slogan grve-align-center\" style=\"\"><h4 class=\"grve-slogan-title grve-align-center grve-title-line\"><span>REGALA SENSACIONES EN VELERO POR PALAM\u00d3S Y COSTA BRAVA. DESPEDIDAS DE SOLTERA. ANIVERSARIOS<\/span><\/h4>  <p class=\"\"><\/p><\/div>[\/vc_column][\/vc_row][vc_row][vc_column width=\u00bb1\/3&#8243;]<div class=\"grve-element grve-carousel-wrapper\"  style=\" \"><div class=\"grve-carousel-navigation grve-light\" data-navigation-type=\"1\">\t<div class=\"grve-carousel-buttons\">\t\t<div class=\"grve-carousel-prev grve-icon-nav-left\"><\/div>\t\t<div class=\"grve-carousel-next grve-icon-nav-right\"><\/div>\t<\/div><\/div><div class=\"grve-slider grve-carousel-element \" data-slider-speed=\"3500\" data-slider-pause=\"no\" data-navigation-type=\"1\" data-slider-autoplay=\"yes\" data-slider-autoheight=\"no\"><div class=\"grve-slider-item\">\t<figure class=\"grve-image-hover grve-zoom-in\">\t\t<div class=\"grve-media grve-dark-overlay grve-opacity-60\"><img loading=\"lazy\" decoding=\"async\" width=\"560\" height=\"560\" src=\"https:\/\/vadevela.com\/wp-content\/uploads\/2022\/09\/53g-560x560.jpg\" class=\"attachment-grve-image-small-square size-grve-image-small-square\" alt=\"Grupo de amigos disfrutando del vale regalo de Vadevela en un velero de la Costa Brava\" srcset=\"https:\/\/vadevela.com\/wp-content\/uploads\/2022\/09\/53g-560x560.jpg 560w, https:\/\/vadevela.com\/wp-content\/uploads\/2022\/09\/53g-150x150.jpg 150w, https:\/\/vadevela.com\/wp-content\/uploads\/2022\/09\/53g-80x80.jpg 80w, https:\/\/vadevela.com\/wp-content\/uploads\/2022\/09\/53g-300x300.jpg 300w, https:\/\/vadevela.com\/wp-content\/uploads\/2022\/09\/53g-100x100.jpg 100w\" sizes=\"auto, (max-width: 560px) 100vw, 560px\" \/>\t\t<\/div><figcaption><\/figcaption>\t<\/figure><\/div><div class=\"grve-slider-item\">\t<figure class=\"grve-image-hover grve-zoom-in\">\t\t<div class=\"grve-media grve-dark-overlay grve-opacity-60\"><img loading=\"lazy\" decoding=\"async\" width=\"560\" height=\"560\" src=\"https:\/\/vadevela.com\/wp-content\/uploads\/2022\/09\/61g-560x560.jpg\" class=\"attachment-grve-image-small-square size-grve-image-small-square\" alt=\"Grupo de amigos disfrutando de un velero de Vadevela y saludando a c\u00e1mara\" srcset=\"https:\/\/vadevela.com\/wp-content\/uploads\/2022\/09\/61g-560x560.jpg 560w, https:\/\/vadevela.com\/wp-content\/uploads\/2022\/09\/61g-150x150.jpg 150w, https:\/\/vadevela.com\/wp-content\/uploads\/2022\/09\/61g-80x80.jpg 80w, https:\/\/vadevela.com\/wp-content\/uploads\/2022\/09\/61g-300x300.jpg 300w, https:\/\/vadevela.com\/wp-content\/uploads\/2022\/09\/61g-100x100.jpg 100w\" sizes=\"auto, (max-width: 560px) 100vw, 560px\" \/>\t\t<\/div><figcaption><\/figcaption>\t<\/figure><\/div>\t<\/div><\/div>[\/vc_column][vc_column width=\u00bb2\/3&#8243;][vc_column_text css=\u00bb\u00bb text_style=\u00bbsubtitle\u00bb]Haz un regalo original y disfr\u00fatalo con tus amigos, familia o pareja. Podemos adaptar el <strong>\u00abVale Regalo\u00bb<\/strong> a les caracter\u00edsticas y necesidades del grupo.<\/p>\n<p><strong>\u00a1REGALA SENSACIONES!<\/strong><\/p>\n<p>Te mandamos un <strong>\u00abVale Regalo\u00bb<\/strong> para que puedas regalarlo a la persona\/as que desees, el d\u00eda que desees. Ap\u00fantate a la mejor forma de navegar a vela. Ven, siente la mar y entra en un mundo de sensaciones nuevas. Navega en velero por la Bah\u00eda de Palam\u00f3s, s&#8217;Alguer, Cala Castell o Islas Formigues. (Puedes participar en las maniobras del velero).<\/p>\n<p>Nuestras salidas en velero son adecuadas para todas las edades. Ponte en contacto con nosotros, configuraremos tu vale regalo y te reservamos la fecha. Te mandamos para que lo puedas entregar a la persona o personas que tu quieras.<\/p>\n<p>Regalos ideales en velero para compartir: Despedidas de soltero o soltera en velero, aniversarios en barco, chillout en la badia en velero.<\/p>\n<p><strong>EL VELERO ES EL SUN ODYSSEY 40. <\/strong><\/p>\n<ul>\n<li><strong>Caracter\u00edsticas:<\/strong> Velero de 12 metros de los astilleros JENNEAU totalmente equipado para ofrecerle una confortable estancia.<\/li>\n<li><strong>Capacidad:<\/strong> 11 persones salidas de d\u00eda y de 6 a 8 en salidas de m\u00e1s de un d\u00eda. Tres camarotes dobles m\u00e1s dos literas y dos ba\u00f1os.<\/li>\n<li><strong>Extras incluidos<\/strong> toldo parasol, capota,<strong> equipos de snorkel,<\/strong> <strong>Padel surf<\/strong> y patr\u00f3n<\/li>\n<li><strong>Ubicaci\u00f3n:<\/strong> Puerto Deportivo Marina de Palam\u00f3s.<\/li>\n<\/ul>\n<p><strong>Precio alquiler del velero con patr\u00f3n:<\/strong><\/p>\n<p><strong>Precio alquiler del velero con patr\u00f3n:<\/strong><\/p>\n<p>Mediod\u00eda de 11 a 14h\u00a0 0 de 15,30h a 18,30:<strong> 440 \u20ac.<\/strong><\/p>\n<p>Mediod\u00eda de 10h a 14h o de 15,30h a 19,30: <strong>540<\/strong> <strong>\u20ac.<\/strong><\/p>\n<p>Salida d\u00eda de 11h a 17h : <strong>850\u00a0\u20ac.<\/strong><\/p>\n<p>Salida\u00a0 dia de 11h a 18: <strong>950\u00a0\u20ac.<\/strong><\/p>\n<p>Puesta de sol de 20h a 22h:<strong>\u00a0390\u20ac.<\/strong><\/p>\n<ul>\n<li><strong>Incluye:<\/strong> seguro, amarre en puerto base, patr\u00f3n. <strong>No es necesario deposito de fianza.<\/strong><\/li>\n<\/ul>\n<p>Solicita m\u00e1s informaci\u00f3n: <a href=\"https:\/\/api.whatsapp.com\/send?phone=645880096\"><img loading=\"lazy\" decoding=\"async\" class=\"alignnone size-full wp-image-4662\" src=\"http:\/\/vadevela.com\/wp-content\/uploads\/2022\/09\/whatsapp_4.png\" alt=\"\" width=\"44\" height=\"44\" \/><\/a>[\/vc_column_text][\/vc_column][\/vc_row]<\/p>\n<\/div>","protected":false},"excerpt":{"rendered":"<p>[vc_row header_feature=\u00bbyes\u00bb padding_top=\u00bb35&#8243;][vc_column][\/vc_column][\/vc_row][vc_row][vc_column width=\u00bb1\/3&#8243;][\/vc_column][vc_column width=\u00bb2\/3&#8243;][vc_column_text css=\u00bb\u00bb text_style=\u00bbsubtitle\u00bb]Haz un regalo original y disfr\u00fatalo con tus amigos, familia o pareja. Podemos adaptar el \u00abVale Regalo\u00bb a les caracter\u00edsticas y necesidades del grupo. \u00a1REGALA SENSACIONES! Te mandamos un \u00abVale Regalo\u00bb para que puedas regalarlo a la persona\/as que desees, el d\u00eda que desees. Ap\u00fantate a la mejor forma [&hellip;]<\/p>\n","protected":false},"author":1,"featured_media":0,"parent":0,"menu_order":0,"comment_status":"closed","ping_status":"closed","template":"","meta":{"footnotes":""},"class_list":["post-5782","page","type-page","status-publish","hentry"],"yoast_head":"<!-- This site is optimized with the Yoast SEO plugin v27.3 - https:\/\/yoast.com\/product\/yoast-seo-wordpress\/ -->\n<title>Vale Regalo Vadevela - Vadevela<\/title>\n<meta name=\"description\" content=\"Regala sensaciones en velero por Palam\u00f3s y la Costa brava. Te mandamos un \u00abVale Regalo\u00bb para que puedas regalarlo a la persona\/as que desees.\" \/>\n<meta name=\"robots\" content=\"index, follow, max-snippet:-1, max-image-preview:large, max-video-preview:-1\" \/>\n<link rel=\"canonical\" href=\"https:\/\/vadevela.com\/es\/vale-regalo-vadevela\/\" \/>\n<meta property=\"og:locale\" content=\"es_ES\" \/>\n<meta property=\"og:type\" content=\"article\" \/>\n<meta property=\"og:title\" content=\"Vale Regalo Vadevela - Vadevela\" \/>\n<meta property=\"og:description\" content=\"Regala sensaciones en velero por Palam\u00f3s y la Costa brava. Te mandamos un \u00abVale Regalo\u00bb para que puedas regalarlo a la persona\/as que desees.\" \/>\n<meta property=\"og:url\" content=\"https:\/\/vadevela.com\/es\/vale-regalo-vadevela\/\" \/>\n<meta property=\"og:site_name\" content=\"Vadevela\" \/>\n<meta property=\"article:publisher\" content=\"https:\/\/www.facebook.com\/profile.php?id=100066870703106\" \/>\n<meta property=\"article:modified_time\" content=\"2026-03-31T11:42:38+00:00\" \/>\n<meta property=\"og:image\" content=\"http:\/\/vadevela.com\/wp-content\/uploads\/2022\/09\/whatsapp_4.png\" \/>\n<meta name=\"twitter:card\" content=\"summary_large_image\" \/>\n<meta name=\"twitter:label1\" content=\"Tiempo de lectura\" \/>\n\t<meta name=\"twitter:data1\" content=\"2 minutos\" \/>\n<script type=\"application\/ld+json\" class=\"yoast-schema-graph\">{\"@context\":\"https:\\\/\\\/schema.org\",\"@graph\":[{\"@type\":\"WebPage\",\"@id\":\"https:\\\/\\\/vadevela.com\\\/es\\\/vale-regalo-vadevela\\\/\",\"url\":\"https:\\\/\\\/vadevela.com\\\/es\\\/vale-regalo-vadevela\\\/\",\"name\":\"Vale Regalo Vadevela - Vadevela\",\"isPartOf\":{\"@id\":\"https:\\\/\\\/vadevela.com\\\/es\\\/#website\"},\"primaryImageOfPage\":{\"@id\":\"https:\\\/\\\/vadevela.com\\\/es\\\/vale-regalo-vadevela\\\/#primaryimage\"},\"image\":{\"@id\":\"https:\\\/\\\/vadevela.com\\\/es\\\/vale-regalo-vadevela\\\/#primaryimage\"},\"thumbnailUrl\":\"http:\\\/\\\/vadevela.com\\\/wp-content\\\/uploads\\\/2022\\\/09\\\/whatsapp_4.png\",\"datePublished\":\"2022-09-14T09:52:35+00:00\",\"dateModified\":\"2026-03-31T11:42:38+00:00\",\"description\":\"Regala sensaciones en velero por Palam\u00f3s y la Costa brava. Te mandamos un \u00abVale Regalo\u00bb para que puedas regalarlo a la persona\\\/as que desees.\",\"breadcrumb\":{\"@id\":\"https:\\\/\\\/vadevela.com\\\/es\\\/vale-regalo-vadevela\\\/#breadcrumb\"},\"inLanguage\":\"es\",\"potentialAction\":[{\"@type\":\"ReadAction\",\"target\":[\"https:\\\/\\\/vadevela.com\\\/es\\\/vale-regalo-vadevela\\\/\"]}]},{\"@type\":\"ImageObject\",\"inLanguage\":\"es\",\"@id\":\"https:\\\/\\\/vadevela.com\\\/es\\\/vale-regalo-vadevela\\\/#primaryimage\",\"url\":\"http:\\\/\\\/vadevela.com\\\/wp-content\\\/uploads\\\/2022\\\/09\\\/whatsapp_4.png\",\"contentUrl\":\"http:\\\/\\\/vadevela.com\\\/wp-content\\\/uploads\\\/2022\\\/09\\\/whatsapp_4.png\"},{\"@type\":\"BreadcrumbList\",\"@id\":\"https:\\\/\\\/vadevela.com\\\/es\\\/vale-regalo-vadevela\\\/#breadcrumb\",\"itemListElement\":[{\"@type\":\"ListItem\",\"position\":1,\"name\":\"Inici\",\"item\":\"https:\\\/\\\/vadevela.com\\\/es\\\/\"},{\"@type\":\"ListItem\",\"position\":2,\"name\":\"Vale Regalo Vadevela\"}]},{\"@type\":\"WebSite\",\"@id\":\"https:\\\/\\\/vadevela.com\\\/es\\\/#website\",\"url\":\"https:\\\/\\\/vadevela.com\\\/es\\\/\",\"name\":\"Vadevela\",\"description\":\"Lloguer de velers - Alquiler de veleros - Sailboat rental &amp; charter\",\"publisher\":{\"@id\":\"https:\\\/\\\/vadevela.com\\\/es\\\/#organization\"},\"potentialAction\":[{\"@type\":\"SearchAction\",\"target\":{\"@type\":\"EntryPoint\",\"urlTemplate\":\"https:\\\/\\\/vadevela.com\\\/es\\\/?s={search_term_string}\"},\"query-input\":{\"@type\":\"PropertyValueSpecification\",\"valueRequired\":true,\"valueName\":\"search_term_string\"}}],\"inLanguage\":\"es\"},{\"@type\":\"Organization\",\"@id\":\"https:\\\/\\\/vadevela.com\\\/es\\\/#organization\",\"name\":\"Vadevela\",\"url\":\"https:\\\/\\\/vadevela.com\\\/es\\\/\",\"logo\":{\"@type\":\"ImageObject\",\"inLanguage\":\"es\",\"@id\":\"https:\\\/\\\/vadevela.com\\\/es\\\/#\\\/schema\\\/logo\\\/image\\\/\",\"url\":\"https:\\\/\\\/vadevela.com\\\/wp-content\\\/uploads\\\/2022\\\/09\\\/logo_vadevela_b_2.png\",\"contentUrl\":\"https:\\\/\\\/vadevela.com\\\/wp-content\\\/uploads\\\/2022\\\/09\\\/logo_vadevela_b_2.png\",\"width\":300,\"height\":59,\"caption\":\"Vadevela\"},\"image\":{\"@id\":\"https:\\\/\\\/vadevela.com\\\/es\\\/#\\\/schema\\\/logo\\\/image\\\/\"},\"sameAs\":[\"https:\\\/\\\/www.facebook.com\\\/profile.php?id=100066870703106\",\"https:\\\/\\\/www.youtube.com\\\/user\\\/vadevela1\\\/videos\"]}]}<\/script>\n<!-- \/ Yoast SEO plugin. -->","yoast_head_json":{"title":"Vale Regalo Vadevela - Vadevela","description":"Regala sensaciones en velero por Palam\u00f3s y la Costa brava. Te mandamos un \u00abVale Regalo\u00bb para que puedas regalarlo a la persona\/as que desees.","robots":{"index":"index","follow":"follow","max-snippet":"max-snippet:-1","max-image-preview":"max-image-preview:large","max-video-preview":"max-video-preview:-1"},"canonical":"https:\/\/vadevela.com\/es\/vale-regalo-vadevela\/","og_locale":"es_ES","og_type":"article","og_title":"Vale Regalo Vadevela - Vadevela","og_description":"Regala sensaciones en velero por Palam\u00f3s y la Costa brava. Te mandamos un \u00abVale Regalo\u00bb para que puedas regalarlo a la persona\/as que desees.","og_url":"https:\/\/vadevela.com\/es\/vale-regalo-vadevela\/","og_site_name":"Vadevela","article_publisher":"https:\/\/www.facebook.com\/profile.php?id=100066870703106","article_modified_time":"2026-03-31T11:42:38+00:00","og_image":[{"url":"http:\/\/vadevela.com\/wp-content\/uploads\/2022\/09\/whatsapp_4.png","type":"","width":"","height":""}],"twitter_card":"summary_large_image","twitter_misc":{"Tiempo de lectura":"2 minutos"},"schema":{"@context":"https:\/\/schema.org","@graph":[{"@type":"WebPage","@id":"https:\/\/vadevela.com\/es\/vale-regalo-vadevela\/","url":"https:\/\/vadevela.com\/es\/vale-regalo-vadevela\/","name":"Vale Regalo Vadevela - Vadevela","isPartOf":{"@id":"https:\/\/vadevela.com\/es\/#website"},"primaryImageOfPage":{"@id":"https:\/\/vadevela.com\/es\/vale-regalo-vadevela\/#primaryimage"},"image":{"@id":"https:\/\/vadevela.com\/es\/vale-regalo-vadevela\/#primaryimage"},"thumbnailUrl":"http:\/\/vadevela.com\/wp-content\/uploads\/2022\/09\/whatsapp_4.png","datePublished":"2022-09-14T09:52:35+00:00","dateModified":"2026-03-31T11:42:38+00:00","description":"Regala sensaciones en velero por Palam\u00f3s y la Costa brava. Te mandamos un \u00abVale Regalo\u00bb para que puedas regalarlo a la persona\/as que desees.","breadcrumb":{"@id":"https:\/\/vadevela.com\/es\/vale-regalo-vadevela\/#breadcrumb"},"inLanguage":"es","potentialAction":[{"@type":"ReadAction","target":["https:\/\/vadevela.com\/es\/vale-regalo-vadevela\/"]}]},{"@type":"ImageObject","inLanguage":"es","@id":"https:\/\/vadevela.com\/es\/vale-regalo-vadevela\/#primaryimage","url":"http:\/\/vadevela.com\/wp-content\/uploads\/2022\/09\/whatsapp_4.png","contentUrl":"http:\/\/vadevela.com\/wp-content\/uploads\/2022\/09\/whatsapp_4.png"},{"@type":"BreadcrumbList","@id":"https:\/\/vadevela.com\/es\/vale-regalo-vadevela\/#breadcrumb","itemListElement":[{"@type":"ListItem","position":1,"name":"Inici","item":"https:\/\/vadevela.com\/es\/"},{"@type":"ListItem","position":2,"name":"Vale Regalo Vadevela"}]},{"@type":"WebSite","@id":"https:\/\/vadevela.com\/es\/#website","url":"https:\/\/vadevela.com\/es\/","name":"Vadevela","description":"Lloguer de velers - Alquiler de veleros - Sailboat rental &amp; charter","publisher":{"@id":"https:\/\/vadevela.com\/es\/#organization"},"potentialAction":[{"@type":"SearchAction","target":{"@type":"EntryPoint","urlTemplate":"https:\/\/vadevela.com\/es\/?s={search_term_string}"},"query-input":{"@type":"PropertyValueSpecification","valueRequired":true,"valueName":"search_term_string"}}],"inLanguage":"es"},{"@type":"Organization","@id":"https:\/\/vadevela.com\/es\/#organization","name":"Vadevela","url":"https:\/\/vadevela.com\/es\/","logo":{"@type":"ImageObject","inLanguage":"es","@id":"https:\/\/vadevela.com\/es\/#\/schema\/logo\/image\/","url":"https:\/\/vadevela.com\/wp-content\/uploads\/2022\/09\/logo_vadevela_b_2.png","contentUrl":"https:\/\/vadevela.com\/wp-content\/uploads\/2022\/09\/logo_vadevela_b_2.png","width":300,"height":59,"caption":"Vadevela"},"image":{"@id":"https:\/\/vadevela.com\/es\/#\/schema\/logo\/image\/"},"sameAs":["https:\/\/www.facebook.com\/profile.php?id=100066870703106","https:\/\/www.youtube.com\/user\/vadevela1\/videos"]}]}},"_links":{"self":[{"href":"https:\/\/vadevela.com\/es\/wp-json\/wp\/v2\/pages\/5782","targetHints":{"allow":["GET"]}}],"collection":[{"href":"https:\/\/vadevela.com\/es\/wp-json\/wp\/v2\/pages"}],"about":[{"href":"https:\/\/vadevela.com\/es\/wp-json\/wp\/v2\/types\/page"}],"author":[{"embeddable":true,"href":"https:\/\/vadevela.com\/es\/wp-json\/wp\/v2\/users\/1"}],"replies":[{"embeddable":true,"href":"https:\/\/vadevela.com\/es\/wp-json\/wp\/v2\/comments?post=5782"}],"version-history":[{"count":18,"href":"https:\/\/vadevela.com\/es\/wp-json\/wp\/v2\/pages\/5782\/revisions"}],"predecessor-version":[{"id":7732,"href":"https:\/\/vadevela.com\/es\/wp-json\/wp\/v2\/pages\/5782\/revisions\/7732"}],"wp:attachment":[{"href":"https:\/\/vadevela.com\/es\/wp-json\/wp\/v2\/media?parent=5782"}],"curies":[{"name":"wp","href":"https:\/\/api.w.org\/{rel}","templated":true}]}}