{"id":5785,"date":"2022-09-14T12:05:31","date_gmt":"2022-09-14T10:05:31","guid":{"rendered":"http:\/\/vadevela.com\/experiencias-en-velero\/navegar-en-veler-a-medida\/"},"modified":"2023-03-23T14:51:04","modified_gmt":"2023-03-23T12:51:04","slug":"navegar-en-veler-a-medida","status":"publish","type":"page","link":"https:\/\/vadevela.com\/es\/navegar-en-veler-a-medida\/","title":{"rendered":"Navegar en veler a medida"},"content":{"rendered":"<div class=\"wpb-content-wrapper\"><p>[vc_row header_feature=\u00bbyes\u00bb padding_top=\u00bb35&#8243;][vc_column]<div class=\"grve-element grve-slogan grve-align-center\" style=\"\"><h4 class=\"grve-slogan-title grve-align-center grve-title-line\"><span>ALQUILER VELERO A LA CARTA.<\/span><\/h4>  <p class=\"\"><\/p><\/div>[\/vc_column][\/vc_row][vc_row][vc_column width=\u00bb1\/3&#8243;]<div class=\"grve-element grve-carousel-wrapper\"  style=\" \"><div class=\"grve-carousel-navigation grve-light\" data-navigation-type=\"1\">\t<div class=\"grve-carousel-buttons\">\t\t<div class=\"grve-carousel-prev grve-icon-nav-left\"><\/div>\t\t<div class=\"grve-carousel-next grve-icon-nav-right\"><\/div>\t<\/div><\/div><div class=\"grve-slider grve-carousel-element \" data-slider-speed=\"3500\" data-slider-pause=\"no\" data-navigation-type=\"1\" data-slider-autoplay=\"yes\" data-slider-autoheight=\"no\"><div class=\"grve-slider-item\">\t<figure class=\"grve-image-hover grve-zoom-in\">\t\t<div class=\"grve-media grve-dark-overlay grve-opacity-60\"><img loading=\"lazy\" decoding=\"async\" width=\"560\" height=\"560\" src=\"https:\/\/vadevela.com\/wp-content\/uploads\/2022\/09\/62g-560x560.jpg\" class=\"attachment-grve-image-small-square size-grve-image-small-square\" alt=\"Paseos con los veleros de Vadevela en la carta\" srcset=\"https:\/\/vadevela.com\/wp-content\/uploads\/2022\/09\/62g-560x560.jpg 560w, https:\/\/vadevela.com\/wp-content\/uploads\/2022\/09\/62g-150x150.jpg 150w, https:\/\/vadevela.com\/wp-content\/uploads\/2022\/09\/62g-80x80.jpg 80w, https:\/\/vadevela.com\/wp-content\/uploads\/2022\/09\/62g-300x300.jpg 300w, https:\/\/vadevela.com\/wp-content\/uploads\/2022\/09\/62g-100x100.jpg 100w\" sizes=\"auto, (max-width: 560px) 100vw, 560px\" \/>\t\t<\/div><figcaption><\/figcaption>\t<\/figure><\/div><div class=\"grve-slider-item\">\t<figure class=\"grve-image-hover grve-zoom-in\">\t\t<div class=\"grve-media grve-dark-overlay grve-opacity-60\"><img loading=\"lazy\" decoding=\"async\" width=\"560\" height=\"560\" src=\"https:\/\/vadevela.com\/wp-content\/uploads\/2022\/09\/74g-560x560.jpg\" class=\"attachment-grve-image-small-square size-grve-image-small-square\" alt=\"\" srcset=\"https:\/\/vadevela.com\/wp-content\/uploads\/2022\/09\/74g-560x560.jpg 560w, https:\/\/vadevela.com\/wp-content\/uploads\/2022\/09\/74g-150x150.jpg 150w, https:\/\/vadevela.com\/wp-content\/uploads\/2022\/09\/74g-80x80.jpg 80w, https:\/\/vadevela.com\/wp-content\/uploads\/2022\/09\/74g-300x300.jpg 300w, https:\/\/vadevela.com\/wp-content\/uploads\/2022\/09\/74g-100x100.jpg 100w\" sizes=\"auto, (max-width: 560px) 100vw, 560px\" \/>\t\t<\/div><figcaption><\/figcaption>\t<\/figure><\/div><div class=\"grve-slider-item\">\t<figure class=\"grve-image-hover grve-zoom-in\">\t\t<div class=\"grve-media grve-dark-overlay grve-opacity-60\"><img loading=\"lazy\" decoding=\"async\" width=\"560\" height=\"560\" src=\"https:\/\/vadevela.com\/wp-content\/uploads\/2022\/09\/75g-560x560.jpg\" class=\"attachment-grve-image-small-square size-grve-image-small-square\" alt=\"\" srcset=\"https:\/\/vadevela.com\/wp-content\/uploads\/2022\/09\/75g-560x560.jpg 560w, https:\/\/vadevela.com\/wp-content\/uploads\/2022\/09\/75g-150x150.jpg 150w, https:\/\/vadevela.com\/wp-content\/uploads\/2022\/09\/75g-80x80.jpg 80w, https:\/\/vadevela.com\/wp-content\/uploads\/2022\/09\/75g-300x300.jpg 300w, https:\/\/vadevela.com\/wp-content\/uploads\/2022\/09\/75g-100x100.jpg 100w\" sizes=\"auto, (max-width: 560px) 100vw, 560px\" \/>\t\t<\/div><figcaption><\/figcaption>\t<\/figure><\/div>\t<\/div><\/div>[\/vc_column][vc_column width=\u00bb2\/3&#8243;][vc_column_text text_style=\u00bbsubtitle\u00bb]<strong>Otras propuestas&#8230;.<\/strong><\/p>\n<ul>\n<li><strong>AVISTAMIENTO DE DELFINES Y AVES MARINAS<\/strong>: Nos adentramos a mar abierto en busca de la compa\u00f1\u00eda de los delfines y p\u00e1jaros marinos. Disfrutar de nuestra fauna marina en estado natural, es una de las experiencias m\u00e1s sorprendentes.<\/li>\n<li><strong>CLASES DE VELA<\/strong>: Si te gusta el mar y los veleros, aprende el antiguo arte de la navegaci\u00f3n.<\/li>\n<li>Te proponemos clases de vela practicas a bordo de nuestros veleros. Adaptaremos la clase de vela a tu nivel y tu mismo decidiras la duraci\u00f3n segun vayas mejorando&#8230;<\/li>\n<li><strong>SAILING MASTER CLASS.<\/strong> (Dirigido a patrones, tripulaciones y familias) Salimos todos los sabados y domingos de invierno para refrescar conocimientos y resolver todas las questiones a bordo.<\/li>\n<\/ul>\n<p>Si tienes una idea diferente, <strong>haz tu propuesta\u2026<\/strong><\/p>\n<p><strong>Solicita m\u00e1s informaci\u00f3n:<\/strong> <a href=\"https:\/\/api.whatsapp.com\/send?phone=645880096\"><img loading=\"lazy\" decoding=\"async\" class=\"alignnone size-full wp-image-4662\" src=\"http:\/\/vadevela.com\/wp-content\/uploads\/2022\/09\/whatsapp_4.png\" alt=\"\" width=\"44\" height=\"44\" \/><\/a>[\/vc_column_text][\/vc_column][\/vc_row]<\/p>\n<\/div>","protected":false},"excerpt":{"rendered":"<p>[vc_row header_feature=\u00bbyes\u00bb padding_top=\u00bb35&#8243;][vc_column][\/vc_column][\/vc_row][vc_row][vc_column width=\u00bb1\/3&#8243;][\/vc_column][vc_column width=\u00bb2\/3&#8243;][vc_column_text text_style=\u00bbsubtitle\u00bb]Otras propuestas&#8230;. AVISTAMIENTO DE DELFINES Y AVES MARINAS: Nos adentramos a mar abierto en busca de la compa\u00f1\u00eda de los delfines y p\u00e1jaros marinos. Disfrutar de nuestra fauna marina en estado natural, es una de las experiencias m\u00e1s sorprendentes. CLASES DE VELA: Si te gusta el mar y los veleros, [&hellip;]<\/p>\n","protected":false},"author":1,"featured_media":0,"parent":0,"menu_order":0,"comment_status":"closed","ping_status":"closed","template":"","meta":{"footnotes":""},"class_list":["post-5785","page","type-page","status-publish","hentry"],"yoast_head":"<!-- This site is optimized with the Yoast SEO plugin v27.3 - https:\/\/yoast.com\/product\/yoast-seo-wordpress\/ -->\n<title>Navegar en veler a medida - Vadevela<\/title>\n<meta name=\"description\" content=\"Alquiler de velero a la carta Te proponemos: 1. Avistamiento de delfines y aves marinas 2. Clases de vela. Si tienes una idea diferente, haz tu propuesta\u2026\" \/>\n<meta name=\"robots\" content=\"index, follow, max-snippet:-1, max-image-preview:large, max-video-preview:-1\" \/>\n<link rel=\"canonical\" href=\"https:\/\/vadevela.com\/es\/navegar-en-veler-a-medida\/\" \/>\n<meta property=\"og:locale\" content=\"es_ES\" \/>\n<meta property=\"og:type\" content=\"article\" \/>\n<meta property=\"og:title\" content=\"Navegar en veler a medida - Vadevela\" \/>\n<meta property=\"og:description\" content=\"Alquiler de velero a la carta Te proponemos: 1. Avistamiento de delfines y aves marinas 2. Clases de vela. Si tienes una idea diferente, haz tu propuesta\u2026\" \/>\n<meta property=\"og:url\" content=\"https:\/\/vadevela.com\/es\/navegar-en-veler-a-medida\/\" \/>\n<meta property=\"og:site_name\" content=\"Vadevela\" \/>\n<meta property=\"article:publisher\" content=\"https:\/\/www.facebook.com\/profile.php?id=100066870703106\" \/>\n<meta property=\"article:modified_time\" content=\"2023-03-23T12:51:04+00:00\" \/>\n<meta property=\"og:image\" content=\"http:\/\/vadevela.com\/wp-content\/uploads\/2022\/09\/whatsapp_4.png\" \/>\n<meta name=\"twitter:card\" content=\"summary_large_image\" \/>\n<meta name=\"twitter:label1\" content=\"Tiempo de lectura\" \/>\n\t<meta name=\"twitter:data1\" content=\"1 minuto\" \/>\n<script type=\"application\/ld+json\" class=\"yoast-schema-graph\">{\"@context\":\"https:\\\/\\\/schema.org\",\"@graph\":[{\"@type\":\"WebPage\",\"@id\":\"https:\\\/\\\/vadevela.com\\\/es\\\/navegar-en-veler-a-medida\\\/\",\"url\":\"https:\\\/\\\/vadevela.com\\\/es\\\/navegar-en-veler-a-medida\\\/\",\"name\":\"Navegar en veler a medida - Vadevela\",\"isPartOf\":{\"@id\":\"https:\\\/\\\/vadevela.com\\\/es\\\/#website\"},\"primaryImageOfPage\":{\"@id\":\"https:\\\/\\\/vadevela.com\\\/es\\\/navegar-en-veler-a-medida\\\/#primaryimage\"},\"image\":{\"@id\":\"https:\\\/\\\/vadevela.com\\\/es\\\/navegar-en-veler-a-medida\\\/#primaryimage\"},\"thumbnailUrl\":\"http:\\\/\\\/vadevela.com\\\/wp-content\\\/uploads\\\/2022\\\/09\\\/whatsapp_4.png\",\"datePublished\":\"2022-09-14T10:05:31+00:00\",\"dateModified\":\"2023-03-23T12:51:04+00:00\",\"description\":\"Alquiler de velero a la carta Te proponemos: 1. Avistamiento de delfines y aves marinas 2. Clases de vela. Si tienes una idea diferente, haz tu propuesta\u2026\",\"breadcrumb\":{\"@id\":\"https:\\\/\\\/vadevela.com\\\/es\\\/navegar-en-veler-a-medida\\\/#breadcrumb\"},\"inLanguage\":\"es\",\"potentialAction\":[{\"@type\":\"ReadAction\",\"target\":[\"https:\\\/\\\/vadevela.com\\\/es\\\/navegar-en-veler-a-medida\\\/\"]}]},{\"@type\":\"ImageObject\",\"inLanguage\":\"es\",\"@id\":\"https:\\\/\\\/vadevela.com\\\/es\\\/navegar-en-veler-a-medida\\\/#primaryimage\",\"url\":\"http:\\\/\\\/vadevela.com\\\/wp-content\\\/uploads\\\/2022\\\/09\\\/whatsapp_4.png\",\"contentUrl\":\"http:\\\/\\\/vadevela.com\\\/wp-content\\\/uploads\\\/2022\\\/09\\\/whatsapp_4.png\"},{\"@type\":\"BreadcrumbList\",\"@id\":\"https:\\\/\\\/vadevela.com\\\/es\\\/navegar-en-veler-a-medida\\\/#breadcrumb\",\"itemListElement\":[{\"@type\":\"ListItem\",\"position\":1,\"name\":\"Inici\",\"item\":\"https:\\\/\\\/vadevela.com\\\/es\\\/\"},{\"@type\":\"ListItem\",\"position\":2,\"name\":\"Navegar en veler a medida\"}]},{\"@type\":\"WebSite\",\"@id\":\"https:\\\/\\\/vadevela.com\\\/es\\\/#website\",\"url\":\"https:\\\/\\\/vadevela.com\\\/es\\\/\",\"name\":\"Vadevela\",\"description\":\"Lloguer de velers - Alquiler de veleros - Sailboat rental &amp; charter\",\"publisher\":{\"@id\":\"https:\\\/\\\/vadevela.com\\\/es\\\/#organization\"},\"potentialAction\":[{\"@type\":\"SearchAction\",\"target\":{\"@type\":\"EntryPoint\",\"urlTemplate\":\"https:\\\/\\\/vadevela.com\\\/es\\\/?s={search_term_string}\"},\"query-input\":{\"@type\":\"PropertyValueSpecification\",\"valueRequired\":true,\"valueName\":\"search_term_string\"}}],\"inLanguage\":\"es\"},{\"@type\":\"Organization\",\"@id\":\"https:\\\/\\\/vadevela.com\\\/es\\\/#organization\",\"name\":\"Vadevela\",\"url\":\"https:\\\/\\\/vadevela.com\\\/es\\\/\",\"logo\":{\"@type\":\"ImageObject\",\"inLanguage\":\"es\",\"@id\":\"https:\\\/\\\/vadevela.com\\\/es\\\/#\\\/schema\\\/logo\\\/image\\\/\",\"url\":\"https:\\\/\\\/vadevela.com\\\/wp-content\\\/uploads\\\/2022\\\/09\\\/logo_vadevela_b_2.png\",\"contentUrl\":\"https:\\\/\\\/vadevela.com\\\/wp-content\\\/uploads\\\/2022\\\/09\\\/logo_vadevela_b_2.png\",\"width\":300,\"height\":59,\"caption\":\"Vadevela\"},\"image\":{\"@id\":\"https:\\\/\\\/vadevela.com\\\/es\\\/#\\\/schema\\\/logo\\\/image\\\/\"},\"sameAs\":[\"https:\\\/\\\/www.facebook.com\\\/profile.php?id=100066870703106\",\"https:\\\/\\\/www.youtube.com\\\/user\\\/vadevela1\\\/videos\"]}]}<\/script>\n<!-- \/ Yoast SEO plugin. -->","yoast_head_json":{"title":"Navegar en veler a medida - Vadevela","description":"Alquiler de velero a la carta Te proponemos: 1. Avistamiento de delfines y aves marinas 2. Clases de vela. Si tienes una idea diferente, haz tu propuesta\u2026","robots":{"index":"index","follow":"follow","max-snippet":"max-snippet:-1","max-image-preview":"max-image-preview:large","max-video-preview":"max-video-preview:-1"},"canonical":"https:\/\/vadevela.com\/es\/navegar-en-veler-a-medida\/","og_locale":"es_ES","og_type":"article","og_title":"Navegar en veler a medida - Vadevela","og_description":"Alquiler de velero a la carta Te proponemos: 1. Avistamiento de delfines y aves marinas 2. Clases de vela. Si tienes una idea diferente, haz tu propuesta\u2026","og_url":"https:\/\/vadevela.com\/es\/navegar-en-veler-a-medida\/","og_site_name":"Vadevela","article_publisher":"https:\/\/www.facebook.com\/profile.php?id=100066870703106","article_modified_time":"2023-03-23T12:51:04+00:00","og_image":[{"url":"http:\/\/vadevela.com\/wp-content\/uploads\/2022\/09\/whatsapp_4.png","type":"","width":"","height":""}],"twitter_card":"summary_large_image","twitter_misc":{"Tiempo de lectura":"1 minuto"},"schema":{"@context":"https:\/\/schema.org","@graph":[{"@type":"WebPage","@id":"https:\/\/vadevela.com\/es\/navegar-en-veler-a-medida\/","url":"https:\/\/vadevela.com\/es\/navegar-en-veler-a-medida\/","name":"Navegar en veler a medida - Vadevela","isPartOf":{"@id":"https:\/\/vadevela.com\/es\/#website"},"primaryImageOfPage":{"@id":"https:\/\/vadevela.com\/es\/navegar-en-veler-a-medida\/#primaryimage"},"image":{"@id":"https:\/\/vadevela.com\/es\/navegar-en-veler-a-medida\/#primaryimage"},"thumbnailUrl":"http:\/\/vadevela.com\/wp-content\/uploads\/2022\/09\/whatsapp_4.png","datePublished":"2022-09-14T10:05:31+00:00","dateModified":"2023-03-23T12:51:04+00:00","description":"Alquiler de velero a la carta Te proponemos: 1. Avistamiento de delfines y aves marinas 2. Clases de vela. Si tienes una idea diferente, haz tu propuesta\u2026","breadcrumb":{"@id":"https:\/\/vadevela.com\/es\/navegar-en-veler-a-medida\/#breadcrumb"},"inLanguage":"es","potentialAction":[{"@type":"ReadAction","target":["https:\/\/vadevela.com\/es\/navegar-en-veler-a-medida\/"]}]},{"@type":"ImageObject","inLanguage":"es","@id":"https:\/\/vadevela.com\/es\/navegar-en-veler-a-medida\/#primaryimage","url":"http:\/\/vadevela.com\/wp-content\/uploads\/2022\/09\/whatsapp_4.png","contentUrl":"http:\/\/vadevela.com\/wp-content\/uploads\/2022\/09\/whatsapp_4.png"},{"@type":"BreadcrumbList","@id":"https:\/\/vadevela.com\/es\/navegar-en-veler-a-medida\/#breadcrumb","itemListElement":[{"@type":"ListItem","position":1,"name":"Inici","item":"https:\/\/vadevela.com\/es\/"},{"@type":"ListItem","position":2,"name":"Navegar en veler a medida"}]},{"@type":"WebSite","@id":"https:\/\/vadevela.com\/es\/#website","url":"https:\/\/vadevela.com\/es\/","name":"Vadevela","description":"Lloguer de velers - Alquiler de veleros - Sailboat rental &amp; charter","publisher":{"@id":"https:\/\/vadevela.com\/es\/#organization"},"potentialAction":[{"@type":"SearchAction","target":{"@type":"EntryPoint","urlTemplate":"https:\/\/vadevela.com\/es\/?s={search_term_string}"},"query-input":{"@type":"PropertyValueSpecification","valueRequired":true,"valueName":"search_term_string"}}],"inLanguage":"es"},{"@type":"Organization","@id":"https:\/\/vadevela.com\/es\/#organization","name":"Vadevela","url":"https:\/\/vadevela.com\/es\/","logo":{"@type":"ImageObject","inLanguage":"es","@id":"https:\/\/vadevela.com\/es\/#\/schema\/logo\/image\/","url":"https:\/\/vadevela.com\/wp-content\/uploads\/2022\/09\/logo_vadevela_b_2.png","contentUrl":"https:\/\/vadevela.com\/wp-content\/uploads\/2022\/09\/logo_vadevela_b_2.png","width":300,"height":59,"caption":"Vadevela"},"image":{"@id":"https:\/\/vadevela.com\/es\/#\/schema\/logo\/image\/"},"sameAs":["https:\/\/www.facebook.com\/profile.php?id=100066870703106","https:\/\/www.youtube.com\/user\/vadevela1\/videos"]}]}},"_links":{"self":[{"href":"https:\/\/vadevela.com\/es\/wp-json\/wp\/v2\/pages\/5785","targetHints":{"allow":["GET"]}}],"collection":[{"href":"https:\/\/vadevela.com\/es\/wp-json\/wp\/v2\/pages"}],"about":[{"href":"https:\/\/vadevela.com\/es\/wp-json\/wp\/v2\/types\/page"}],"author":[{"embeddable":true,"href":"https:\/\/vadevela.com\/es\/wp-json\/wp\/v2\/users\/1"}],"replies":[{"embeddable":true,"href":"https:\/\/vadevela.com\/es\/wp-json\/wp\/v2\/comments?post=5785"}],"version-history":[{"count":19,"href":"https:\/\/vadevela.com\/es\/wp-json\/wp\/v2\/pages\/5785\/revisions"}],"predecessor-version":[{"id":6779,"href":"https:\/\/vadevela.com\/es\/wp-json\/wp\/v2\/pages\/5785\/revisions\/6779"}],"wp:attachment":[{"href":"https:\/\/vadevela.com\/es\/wp-json\/wp\/v2\/media?parent=5785"}],"curies":[{"name":"wp","href":"https:\/\/api.w.org\/{rel}","templated":true}]}}