{"id":5788,"date":"2022-09-14T17:23:53","date_gmt":"2022-09-14T15:23:53","guid":{"rendered":"http:\/\/vadevela.com\/alquiler-de-veleros-en-palamos-costa-brava\/"},"modified":"2026-03-15T21:47:17","modified_gmt":"2026-03-15T19:47:17","slug":"alquiler-velero-palamos-costa-brava","status":"publish","type":"page","link":"https:\/\/vadevela.com\/es\/alquiler-velero-palamos-costa-brava\/","title":{"rendered":"Alquiler de veleros en Palam\u00f3s Costa Brava"},"content":{"rendered":"<div class=\"wpb-content-wrapper\"><p>[vc_row header_feature=\u00bbyes\u00bb padding_top=\u00bb35&#8243;][vc_column]<div class=\"grve-element grve-slogan grve-align-center\" style=\"\"><h4 class=\"grve-slogan-title grve-align-center grve-title-line\"><span>ALQUILER DE VELEROS EN PALAM\u00d3S, COSTA BRAVA<\/span><\/h4>  <p class=\"\"><\/p><\/div>[\/vc_column][\/vc_row][vc_row][vc_column width=\u00bb1\/2&#8243;]<div class=\"grve-element grve-carousel-wrapper\"  style=\" \"><div class=\"grve-carousel-navigation grve-light\" data-navigation-type=\"1\">\t<div class=\"grve-carousel-buttons\">\t\t<div class=\"grve-carousel-prev grve-icon-nav-left\"><\/div>\t\t<div class=\"grve-carousel-next grve-icon-nav-right\"><\/div>\t<\/div><\/div><div class=\"grve-slider grve-carousel-element \" data-slider-speed=\"3500\" data-slider-pause=\"no\" data-navigation-type=\"1\" data-slider-autoplay=\"yes\" data-slider-autoheight=\"no\"><div class=\"grve-slider-item\">\t<figure class=\"grve-image-hover grve-zoom-in\">\t\t<div class=\"grve-media grve-dark-overlay grve-opacity-60\"><img loading=\"lazy\" decoding=\"async\" width=\"500\" height=\"375\" src=\"https:\/\/vadevela.com\/wp-content\/uploads\/2025\/02\/galeria_oceanis_11.jpg\" class=\"attachment-grve-image-small-square size-grve-image-small-square\" alt=\"\" srcset=\"https:\/\/vadevela.com\/wp-content\/uploads\/2025\/02\/galeria_oceanis_11.jpg 500w, https:\/\/vadevela.com\/wp-content\/uploads\/2025\/02\/galeria_oceanis_11-300x225.jpg 300w\" sizes=\"auto, (max-width: 500px) 100vw, 500px\" \/>\t\t<\/div><figcaption><\/figcaption>\t<\/figure><\/div><div class=\"grve-slider-item\">\t<figure class=\"grve-image-hover grve-zoom-in\">\t\t<div class=\"grve-media grve-dark-overlay grve-opacity-60\"><img loading=\"lazy\" decoding=\"async\" width=\"500\" height=\"375\" src=\"https:\/\/vadevela.com\/wp-content\/uploads\/2025\/02\/galeria_oceanis_10-1.jpg\" class=\"attachment-grve-image-small-square size-grve-image-small-square\" alt=\"\" srcset=\"https:\/\/vadevela.com\/wp-content\/uploads\/2025\/02\/galeria_oceanis_10-1.jpg 500w, https:\/\/vadevela.com\/wp-content\/uploads\/2025\/02\/galeria_oceanis_10-1-300x225.jpg 300w\" sizes=\"auto, (max-width: 500px) 100vw, 500px\" \/>\t\t<\/div><figcaption><\/figcaption>\t<\/figure><\/div><div class=\"grve-slider-item\">\t<figure class=\"grve-image-hover grve-zoom-in\">\t\t<div class=\"grve-media grve-dark-overlay grve-opacity-60\"><img loading=\"lazy\" decoding=\"async\" width=\"500\" height=\"375\" src=\"https:\/\/vadevela.com\/wp-content\/uploads\/2025\/02\/galeria_oceanis_09-1.jpg\" class=\"attachment-grve-image-small-square size-grve-image-small-square\" alt=\"\" srcset=\"https:\/\/vadevela.com\/wp-content\/uploads\/2025\/02\/galeria_oceanis_09-1.jpg 500w, https:\/\/vadevela.com\/wp-content\/uploads\/2025\/02\/galeria_oceanis_09-1-300x225.jpg 300w\" sizes=\"auto, (max-width: 500px) 100vw, 500px\" \/>\t\t<\/div><figcaption><\/figcaption>\t<\/figure><\/div><div class=\"grve-slider-item\">\t<figure class=\"grve-image-hover grve-zoom-in\">\t\t<div class=\"grve-media grve-dark-overlay grve-opacity-60\"><img loading=\"lazy\" decoding=\"async\" width=\"500\" height=\"375\" src=\"https:\/\/vadevela.com\/wp-content\/uploads\/2025\/02\/galeria_oceanis_08-1.jpg\" class=\"attachment-grve-image-small-square size-grve-image-small-square\" alt=\"\" srcset=\"https:\/\/vadevela.com\/wp-content\/uploads\/2025\/02\/galeria_oceanis_08-1.jpg 500w, https:\/\/vadevela.com\/wp-content\/uploads\/2025\/02\/galeria_oceanis_08-1-300x225.jpg 300w\" sizes=\"auto, (max-width: 500px) 100vw, 500px\" \/>\t\t<\/div><figcaption><\/figcaption>\t<\/figure><\/div><div class=\"grve-slider-item\">\t<figure class=\"grve-image-hover grve-zoom-in\">\t\t<div class=\"grve-media grve-dark-overlay grve-opacity-60\"><img loading=\"lazy\" decoding=\"async\" width=\"500\" height=\"375\" src=\"https:\/\/vadevela.com\/wp-content\/uploads\/2025\/02\/galeria_oceanis_07.jpg\" class=\"attachment-grve-image-small-square size-grve-image-small-square\" alt=\"\" srcset=\"https:\/\/vadevela.com\/wp-content\/uploads\/2025\/02\/galeria_oceanis_07.jpg 500w, https:\/\/vadevela.com\/wp-content\/uploads\/2025\/02\/galeria_oceanis_07-300x225.jpg 300w\" sizes=\"auto, (max-width: 500px) 100vw, 500px\" \/>\t\t<\/div><figcaption><\/figcaption>\t<\/figure><\/div><div class=\"grve-slider-item\">\t<figure class=\"grve-image-hover grve-zoom-in\">\t\t<div class=\"grve-media grve-dark-overlay grve-opacity-60\"><img loading=\"lazy\" decoding=\"async\" width=\"500\" height=\"375\" src=\"https:\/\/vadevela.com\/wp-content\/uploads\/2025\/02\/galeria_oceanis_06-1.jpg\" class=\"attachment-grve-image-small-square size-grve-image-small-square\" alt=\"\" srcset=\"https:\/\/vadevela.com\/wp-content\/uploads\/2025\/02\/galeria_oceanis_06-1.jpg 500w, https:\/\/vadevela.com\/wp-content\/uploads\/2025\/02\/galeria_oceanis_06-1-300x225.jpg 300w\" sizes=\"auto, (max-width: 500px) 100vw, 500px\" \/>\t\t<\/div><figcaption><\/figcaption>\t<\/figure><\/div><div class=\"grve-slider-item\">\t<figure class=\"grve-image-hover grve-zoom-in\">\t\t<div class=\"grve-media grve-dark-overlay grve-opacity-60\"><img loading=\"lazy\" decoding=\"async\" width=\"500\" height=\"375\" src=\"https:\/\/vadevela.com\/wp-content\/uploads\/2025\/02\/galeria_oceanis_05-1.jpg\" class=\"attachment-grve-image-small-square size-grve-image-small-square\" alt=\"\" srcset=\"https:\/\/vadevela.com\/wp-content\/uploads\/2025\/02\/galeria_oceanis_05-1.jpg 500w, https:\/\/vadevela.com\/wp-content\/uploads\/2025\/02\/galeria_oceanis_05-1-300x225.jpg 300w\" sizes=\"auto, (max-width: 500px) 100vw, 500px\" \/>\t\t<\/div><figcaption><\/figcaption>\t<\/figure><\/div><div class=\"grve-slider-item\">\t<figure class=\"grve-image-hover grve-zoom-in\">\t\t<div class=\"grve-media grve-dark-overlay grve-opacity-60\"><img loading=\"lazy\" decoding=\"async\" width=\"500\" height=\"375\" src=\"https:\/\/vadevela.com\/wp-content\/uploads\/2025\/02\/galeria_oceanis_04-1.jpg\" class=\"attachment-grve-image-small-square size-grve-image-small-square\" alt=\"\" srcset=\"https:\/\/vadevela.com\/wp-content\/uploads\/2025\/02\/galeria_oceanis_04-1.jpg 500w, https:\/\/vadevela.com\/wp-content\/uploads\/2025\/02\/galeria_oceanis_04-1-300x225.jpg 300w\" sizes=\"auto, (max-width: 500px) 100vw, 500px\" \/>\t\t<\/div><figcaption><\/figcaption>\t<\/figure><\/div><div class=\"grve-slider-item\">\t<figure class=\"grve-image-hover grve-zoom-in\">\t\t<div class=\"grve-media grve-dark-overlay grve-opacity-60\"><img loading=\"lazy\" decoding=\"async\" width=\"500\" height=\"375\" src=\"https:\/\/vadevela.com\/wp-content\/uploads\/2025\/02\/galeria_oceanis_03-1.jpg\" class=\"attachment-grve-image-small-square size-grve-image-small-square\" alt=\"\" srcset=\"https:\/\/vadevela.com\/wp-content\/uploads\/2025\/02\/galeria_oceanis_03-1.jpg 500w, https:\/\/vadevela.com\/wp-content\/uploads\/2025\/02\/galeria_oceanis_03-1-300x225.jpg 300w\" sizes=\"auto, (max-width: 500px) 100vw, 500px\" \/>\t\t<\/div><figcaption><\/figcaption>\t<\/figure><\/div><div class=\"grve-slider-item\">\t<figure class=\"grve-image-hover grve-zoom-in\">\t\t<div class=\"grve-media grve-dark-overlay grve-opacity-60\"><img loading=\"lazy\" decoding=\"async\" width=\"500\" height=\"375\" src=\"https:\/\/vadevela.com\/wp-content\/uploads\/2025\/02\/galeria_oceanis_02-1.jpg\" class=\"attachment-grve-image-small-square size-grve-image-small-square\" alt=\"\" srcset=\"https:\/\/vadevela.com\/wp-content\/uploads\/2025\/02\/galeria_oceanis_02-1.jpg 500w, https:\/\/vadevela.com\/wp-content\/uploads\/2025\/02\/galeria_oceanis_02-1-300x225.jpg 300w\" sizes=\"auto, (max-width: 500px) 100vw, 500px\" \/>\t\t<\/div><figcaption><\/figcaption>\t<\/figure><\/div><div class=\"grve-slider-item\">\t<figure class=\"grve-image-hover grve-zoom-in\">\t\t<div class=\"grve-media grve-dark-overlay grve-opacity-60\"><img loading=\"lazy\" decoding=\"async\" width=\"500\" height=\"375\" src=\"https:\/\/vadevela.com\/wp-content\/uploads\/2025\/02\/galeria_oceanis_01-1.jpg\" class=\"attachment-grve-image-small-square size-grve-image-small-square\" alt=\"\" srcset=\"https:\/\/vadevela.com\/wp-content\/uploads\/2025\/02\/galeria_oceanis_01-1.jpg 500w, https:\/\/vadevela.com\/wp-content\/uploads\/2025\/02\/galeria_oceanis_01-1-300x225.jpg 300w\" sizes=\"auto, (max-width: 500px) 100vw, 500px\" \/>\t\t<\/div><figcaption><\/figcaption>\t<\/figure><\/div>\t<\/div><\/div>[\/vc_column][vc_column width=\u00bb1\/2&#8243;][vc_column_text text_style=\u00bbsubtitle\u00bb]<strong>OCEANIS 331 (10 m) \u00abBREEZE\u00bb<\/strong><\/p>\n<p>Titulaci\u00f3n m\u00ednima: PER (PATR\u00d3N EMBARCACIONES DE RECREO) \u00a0A VELA<\/p>\n<p><strong>FORFAIT: ALQUILA EL VELERO\u00a0 POR SOLO 172,86 \u20ac\/D\u00cdA! (<\/strong>forfait de 7 d\u00edas por 1210 \u20ac) Del 1 de octubre al 30 de Abril (excepto Semana Santa)<\/p>\n<p>El BREEZE \u00e9s un velero de 10 metros f\u00e1cil de gobernar, r\u00e1pido y muy espacioso.<\/p>\n<p>Esta dirigido a navegantes que quieran\u00a0 explorar la Costa Brava. Dispone de tres cabinas dobles.[\/vc_column_text][\/vc_column][\/vc_row][vc_row][vc_column]<div class=\"grve-element grve-hr grve-line-divider\" style=\"\"><\/div>[\/vc_column][\/vc_row][vc_row][vc_column width=\u00bb1\/2&#8243;][vc_column_text text_style=\u00bbsubtitle\u00bb]Possibilidad de refrescar conocimientos con un Patr\u00f3n.<\/p>\n<p>SE RECOMIENDA LA DESCARGA\u00a0 DE LA APP DE \u00abNAVIONICS BOATING\u00bb ( Gratis 10 d\u00edas)<\/p>\n<ul>\n<li><strong>CARACTERS\u00cdTICAS:<\/strong> Eslora 10 m. Motor\u00a0 Volvo 30 cv.<\/li>\n<li><strong>EQUIPAMIENTO<\/strong>: Material de seguridad completo <strong>zona 4\u00aa<\/strong> <strong>(12mn. NO Baleares)<\/strong>. Bimini, GPS , Radio vhf con DSC, Equipo de viento, Sonda, Corredera, Piloto autom\u00e1tico, molinete de ancla con mando a distancia, ducha en ban\u00f1era, cocina de dos fogones, nevera el\u00e9ctrica y microondas en puerto.<\/li>\n<li><strong>MOTOR:<\/strong> Volvo 30cv<\/li>\n<li><strong>CAPACIDAD:<\/strong> 6\/8 personas. 3 cabinas dobles y un ba\u00f1o (pernoctaci\u00f3n 6 personas) .<\/li>\n<li><strong>UBICACI\u00d3N:<\/strong>\u00a0Port Marina de Palam\u00f3s.<\/li>\n<\/ul>\n<p>[\/vc_column_text][\/vc_column][vc_column width=\u00bb1\/2&#8243;][vc_column_text css=\u00bb\u00bb text_style=\u00bbsubtitle\u00bb]<strong>PRECIOS ALQUILER VELERO OCEANIS 331<\/strong><\/p>\n<table>\n<tbody>\n<tr>\n<td width=\"142\"><strong>\u00a0DE &#8211; HASTA<\/strong><\/td>\n<td width=\"142\"><strong>D\u00cdA<\/strong><\/td>\n<td width=\"142\"><strong>SEMANA<\/strong><\/td>\n<\/tr>\n<tr>\n<td width=\"142\">02\/01 to 30\/04<\/td>\n<td width=\"142\">245 \u20ac<\/td>\n<td width=\"142\">1.225 \u20ac<\/td>\n<\/tr>\n<tr>\n<td width=\"142\">01\/05 to 10\/06<\/td>\n<td width=\"142\">280 \u20ac<\/td>\n<td width=\"142\">desde 1.400 \u20ac<\/td>\n<\/tr>\n<tr>\n<td width=\"142\">11\/06 to 22\/07<\/td>\n<td width=\"142\">363 \u20ac<\/td>\n<td width=\"142\">desde 2178 \u20ac<\/td>\n<\/tr>\n<tr>\n<td width=\"142\">23\/07 to 26\/08<\/td>\n<td width=\"142\">424 \u20ac<\/td>\n<td width=\"142\">desde 2.544 \u20ac<\/td>\n<\/tr>\n<tr>\n<td width=\"142\">27\/08 to 16\/09<\/td>\n<td width=\"142\">363\u20ac<\/td>\n<td width=\"142\">desde 2178 \u20ac<\/td>\n<\/tr>\n<tr>\n<td width=\"142\">17\/09 to 14\/10<\/td>\n<td width=\"142\">280 \u20ac<\/td>\n<td width=\"142\">desde 1.400 \u20ac<\/td>\n<\/tr>\n<tr>\n<td width=\"142\">15\/10 to 30\/12<\/td>\n<td width=\"142\">245 \u20ac<\/td>\n<td width=\"142\">1.225 \u20ac<\/td>\n<\/tr>\n<\/tbody>\n<\/table>\n<p>[\/vc_column_text][vc_column_text css=\u00bb\u00bb text_style=\u00bbsubtitle\u00bb]<\/p>\n<ul>\n<li>Embarques: Check in\u00a0 09.00 h. Check out 19<\/li>\n<li>Incluye: seguro. Amarre gratis en port Marina de Palam\u00f3s. Parking en\u00a0 el port (preguntar precio bono). wifi, servicios y duchas. Auxiliar a remos.<\/li>\n<li>No incluye: <strong>combustible, limpieza m\u00ednima obligatoria\/ 95\u20ac.<\/strong><\/li>\n<li>Opcional:<strong> motor fuera borda para auxiliar 25 \u20ac\/dia.\u00a0<\/strong><\/li>\n<li>Fianza obligatoria 1200 \u20ac<strong>.<\/strong><\/li>\n<\/ul>\n<p>[\/vc_column_text][\/vc_column][\/vc_row][vc_row][vc_column][vc_column_text text_style=\u00bbsubtitle\u00bb]Solicita m\u00e1s informaci\u00f3n: <a href=\"https:\/\/api.whatsapp.com\/send?phone=645880096\"><img loading=\"lazy\" decoding=\"async\" class=\"alignnone size-full wp-image-4662\" src=\"http:\/\/vadevela.com\/wp-content\/uploads\/2022\/09\/whatsapp_4.png\" alt=\"\" width=\"44\" height=\"44\" \/><\/a>[\/vc_column_text][\/vc_column][\/vc_row]<\/p>\n<\/div>","protected":false},"excerpt":{"rendered":"<p>[vc_row header_feature=\u00bbyes\u00bb padding_top=\u00bb35&#8243;][vc_column][\/vc_column][\/vc_row][vc_row][vc_column width=\u00bb1\/2&#8243;][\/vc_column][vc_column width=\u00bb1\/2&#8243;][vc_column_text text_style=\u00bbsubtitle\u00bb]OCEANIS 331 (10 m) \u00abBREEZE\u00bb Titulaci\u00f3n m\u00ednima: PER (PATR\u00d3N EMBARCACIONES DE RECREO) \u00a0A VELA FORFAIT: ALQUILA EL VELERO\u00a0 POR SOLO 172,86 \u20ac\/D\u00cdA! (forfait de 7 d\u00edas por 1210 \u20ac) Del 1 de octubre al 30 de Abril (excepto Semana Santa) El BREEZE \u00e9s un velero de 10 metros f\u00e1cil de [&hellip;]<\/p>\n","protected":false},"author":1,"featured_media":0,"parent":0,"menu_order":0,"comment_status":"closed","ping_status":"closed","template":"","meta":{"footnotes":""},"class_list":["post-5788","page","type-page","status-publish","hentry"],"yoast_head":"<!-- This site is optimized with the Yoast SEO plugin v27.3 - https:\/\/yoast.com\/product\/yoast-seo-wordpress\/ -->\n<title>Alquiler de veleros en Palam\u00f3s Costa Brava - Vadevela<\/title>\n<meta name=\"description\" content=\"Alquiler de veleros en Palam\u00f3s Costa Brava por 142,50 \u20ac\/d\u00eda! (forfait de 7 d\u00cdas por 995\u20ac) Del 1 de octubre al 30 de abril.\" \/>\n<meta name=\"robots\" content=\"index, follow, max-snippet:-1, max-image-preview:large, max-video-preview:-1\" \/>\n<link rel=\"canonical\" href=\"https:\/\/vadevela.com\/es\/alquiler-velero-palamos-costa-brava\/\" \/>\n<meta property=\"og:locale\" content=\"es_ES\" \/>\n<meta property=\"og:type\" content=\"article\" \/>\n<meta property=\"og:title\" content=\"Alquiler de veleros en Palam\u00f3s Costa Brava - Vadevela\" \/>\n<meta property=\"og:description\" content=\"Alquiler de veleros en Palam\u00f3s Costa Brava por 142,50 \u20ac\/d\u00eda! (forfait de 7 d\u00cdas por 995\u20ac) Del 1 de octubre al 30 de abril.\" \/>\n<meta property=\"og:url\" content=\"https:\/\/vadevela.com\/es\/alquiler-velero-palamos-costa-brava\/\" \/>\n<meta property=\"og:site_name\" content=\"Vadevela\" \/>\n<meta property=\"article:publisher\" content=\"https:\/\/www.facebook.com\/profile.php?id=100066870703106\" \/>\n<meta property=\"article:modified_time\" content=\"2026-03-15T19:47:17+00:00\" \/>\n<meta property=\"og:image\" content=\"http:\/\/vadevela.com\/wp-content\/uploads\/2022\/09\/whatsapp_4.png\" \/>\n<meta name=\"twitter:card\" content=\"summary_large_image\" \/>\n<meta name=\"twitter:label1\" content=\"Tiempo de lectura\" \/>\n\t<meta name=\"twitter:data1\" content=\"5 minutos\" \/>\n<script type=\"application\/ld+json\" class=\"yoast-schema-graph\">{\"@context\":\"https:\\\/\\\/schema.org\",\"@graph\":[{\"@type\":\"WebPage\",\"@id\":\"https:\\\/\\\/vadevela.com\\\/es\\\/alquiler-velero-palamos-costa-brava\\\/\",\"url\":\"https:\\\/\\\/vadevela.com\\\/es\\\/alquiler-velero-palamos-costa-brava\\\/\",\"name\":\"Alquiler de veleros en Palam\u00f3s Costa Brava - Vadevela\",\"isPartOf\":{\"@id\":\"https:\\\/\\\/vadevela.com\\\/es\\\/#website\"},\"primaryImageOfPage\":{\"@id\":\"https:\\\/\\\/vadevela.com\\\/es\\\/alquiler-velero-palamos-costa-brava\\\/#primaryimage\"},\"image\":{\"@id\":\"https:\\\/\\\/vadevela.com\\\/es\\\/alquiler-velero-palamos-costa-brava\\\/#primaryimage\"},\"thumbnailUrl\":\"http:\\\/\\\/vadevela.com\\\/wp-content\\\/uploads\\\/2022\\\/09\\\/whatsapp_4.png\",\"datePublished\":\"2022-09-14T15:23:53+00:00\",\"dateModified\":\"2026-03-15T19:47:17+00:00\",\"description\":\"Alquiler de veleros en Palam\u00f3s Costa Brava por 142,50 \u20ac\\\/d\u00eda! (forfait de 7 d\u00cdas por 995\u20ac) Del 1 de octubre al 30 de abril.\",\"breadcrumb\":{\"@id\":\"https:\\\/\\\/vadevela.com\\\/es\\\/alquiler-velero-palamos-costa-brava\\\/#breadcrumb\"},\"inLanguage\":\"es\",\"potentialAction\":[{\"@type\":\"ReadAction\",\"target\":[\"https:\\\/\\\/vadevela.com\\\/es\\\/alquiler-velero-palamos-costa-brava\\\/\"]}]},{\"@type\":\"ImageObject\",\"inLanguage\":\"es\",\"@id\":\"https:\\\/\\\/vadevela.com\\\/es\\\/alquiler-velero-palamos-costa-brava\\\/#primaryimage\",\"url\":\"http:\\\/\\\/vadevela.com\\\/wp-content\\\/uploads\\\/2022\\\/09\\\/whatsapp_4.png\",\"contentUrl\":\"http:\\\/\\\/vadevela.com\\\/wp-content\\\/uploads\\\/2022\\\/09\\\/whatsapp_4.png\"},{\"@type\":\"BreadcrumbList\",\"@id\":\"https:\\\/\\\/vadevela.com\\\/es\\\/alquiler-velero-palamos-costa-brava\\\/#breadcrumb\",\"itemListElement\":[{\"@type\":\"ListItem\",\"position\":1,\"name\":\"Inici\",\"item\":\"https:\\\/\\\/vadevela.com\\\/es\\\/\"},{\"@type\":\"ListItem\",\"position\":2,\"name\":\"Alquiler de veleros en Palam\u00f3s Costa Brava\"}]},{\"@type\":\"WebSite\",\"@id\":\"https:\\\/\\\/vadevela.com\\\/es\\\/#website\",\"url\":\"https:\\\/\\\/vadevela.com\\\/es\\\/\",\"name\":\"Vadevela\",\"description\":\"Lloguer de velers - Alquiler de veleros - Sailboat rental &amp; charter\",\"publisher\":{\"@id\":\"https:\\\/\\\/vadevela.com\\\/es\\\/#organization\"},\"potentialAction\":[{\"@type\":\"SearchAction\",\"target\":{\"@type\":\"EntryPoint\",\"urlTemplate\":\"https:\\\/\\\/vadevela.com\\\/es\\\/?s={search_term_string}\"},\"query-input\":{\"@type\":\"PropertyValueSpecification\",\"valueRequired\":true,\"valueName\":\"search_term_string\"}}],\"inLanguage\":\"es\"},{\"@type\":\"Organization\",\"@id\":\"https:\\\/\\\/vadevela.com\\\/es\\\/#organization\",\"name\":\"Vadevela\",\"url\":\"https:\\\/\\\/vadevela.com\\\/es\\\/\",\"logo\":{\"@type\":\"ImageObject\",\"inLanguage\":\"es\",\"@id\":\"https:\\\/\\\/vadevela.com\\\/es\\\/#\\\/schema\\\/logo\\\/image\\\/\",\"url\":\"https:\\\/\\\/vadevela.com\\\/wp-content\\\/uploads\\\/2022\\\/09\\\/logo_vadevela_b_2.png\",\"contentUrl\":\"https:\\\/\\\/vadevela.com\\\/wp-content\\\/uploads\\\/2022\\\/09\\\/logo_vadevela_b_2.png\",\"width\":300,\"height\":59,\"caption\":\"Vadevela\"},\"image\":{\"@id\":\"https:\\\/\\\/vadevela.com\\\/es\\\/#\\\/schema\\\/logo\\\/image\\\/\"},\"sameAs\":[\"https:\\\/\\\/www.facebook.com\\\/profile.php?id=100066870703106\",\"https:\\\/\\\/www.youtube.com\\\/user\\\/vadevela1\\\/videos\"]}]}<\/script>\n<!-- \/ Yoast SEO plugin. -->","yoast_head_json":{"title":"Alquiler de veleros en Palam\u00f3s Costa Brava - Vadevela","description":"Alquiler de veleros en Palam\u00f3s Costa Brava por 142,50 \u20ac\/d\u00eda! (forfait de 7 d\u00cdas por 995\u20ac) Del 1 de octubre al 30 de abril.","robots":{"index":"index","follow":"follow","max-snippet":"max-snippet:-1","max-image-preview":"max-image-preview:large","max-video-preview":"max-video-preview:-1"},"canonical":"https:\/\/vadevela.com\/es\/alquiler-velero-palamos-costa-brava\/","og_locale":"es_ES","og_type":"article","og_title":"Alquiler de veleros en Palam\u00f3s Costa Brava - Vadevela","og_description":"Alquiler de veleros en Palam\u00f3s Costa Brava por 142,50 \u20ac\/d\u00eda! (forfait de 7 d\u00cdas por 995\u20ac) Del 1 de octubre al 30 de abril.","og_url":"https:\/\/vadevela.com\/es\/alquiler-velero-palamos-costa-brava\/","og_site_name":"Vadevela","article_publisher":"https:\/\/www.facebook.com\/profile.php?id=100066870703106","article_modified_time":"2026-03-15T19:47:17+00:00","og_image":[{"url":"http:\/\/vadevela.com\/wp-content\/uploads\/2022\/09\/whatsapp_4.png","type":"","width":"","height":""}],"twitter_card":"summary_large_image","twitter_misc":{"Tiempo de lectura":"5 minutos"},"schema":{"@context":"https:\/\/schema.org","@graph":[{"@type":"WebPage","@id":"https:\/\/vadevela.com\/es\/alquiler-velero-palamos-costa-brava\/","url":"https:\/\/vadevela.com\/es\/alquiler-velero-palamos-costa-brava\/","name":"Alquiler de veleros en Palam\u00f3s Costa Brava - Vadevela","isPartOf":{"@id":"https:\/\/vadevela.com\/es\/#website"},"primaryImageOfPage":{"@id":"https:\/\/vadevela.com\/es\/alquiler-velero-palamos-costa-brava\/#primaryimage"},"image":{"@id":"https:\/\/vadevela.com\/es\/alquiler-velero-palamos-costa-brava\/#primaryimage"},"thumbnailUrl":"http:\/\/vadevela.com\/wp-content\/uploads\/2022\/09\/whatsapp_4.png","datePublished":"2022-09-14T15:23:53+00:00","dateModified":"2026-03-15T19:47:17+00:00","description":"Alquiler de veleros en Palam\u00f3s Costa Brava por 142,50 \u20ac\/d\u00eda! (forfait de 7 d\u00cdas por 995\u20ac) Del 1 de octubre al 30 de abril.","breadcrumb":{"@id":"https:\/\/vadevela.com\/es\/alquiler-velero-palamos-costa-brava\/#breadcrumb"},"inLanguage":"es","potentialAction":[{"@type":"ReadAction","target":["https:\/\/vadevela.com\/es\/alquiler-velero-palamos-costa-brava\/"]}]},{"@type":"ImageObject","inLanguage":"es","@id":"https:\/\/vadevela.com\/es\/alquiler-velero-palamos-costa-brava\/#primaryimage","url":"http:\/\/vadevela.com\/wp-content\/uploads\/2022\/09\/whatsapp_4.png","contentUrl":"http:\/\/vadevela.com\/wp-content\/uploads\/2022\/09\/whatsapp_4.png"},{"@type":"BreadcrumbList","@id":"https:\/\/vadevela.com\/es\/alquiler-velero-palamos-costa-brava\/#breadcrumb","itemListElement":[{"@type":"ListItem","position":1,"name":"Inici","item":"https:\/\/vadevela.com\/es\/"},{"@type":"ListItem","position":2,"name":"Alquiler de veleros en Palam\u00f3s Costa Brava"}]},{"@type":"WebSite","@id":"https:\/\/vadevela.com\/es\/#website","url":"https:\/\/vadevela.com\/es\/","name":"Vadevela","description":"Lloguer de velers - Alquiler de veleros - Sailboat rental &amp; charter","publisher":{"@id":"https:\/\/vadevela.com\/es\/#organization"},"potentialAction":[{"@type":"SearchAction","target":{"@type":"EntryPoint","urlTemplate":"https:\/\/vadevela.com\/es\/?s={search_term_string}"},"query-input":{"@type":"PropertyValueSpecification","valueRequired":true,"valueName":"search_term_string"}}],"inLanguage":"es"},{"@type":"Organization","@id":"https:\/\/vadevela.com\/es\/#organization","name":"Vadevela","url":"https:\/\/vadevela.com\/es\/","logo":{"@type":"ImageObject","inLanguage":"es","@id":"https:\/\/vadevela.com\/es\/#\/schema\/logo\/image\/","url":"https:\/\/vadevela.com\/wp-content\/uploads\/2022\/09\/logo_vadevela_b_2.png","contentUrl":"https:\/\/vadevela.com\/wp-content\/uploads\/2022\/09\/logo_vadevela_b_2.png","width":300,"height":59,"caption":"Vadevela"},"image":{"@id":"https:\/\/vadevela.com\/es\/#\/schema\/logo\/image\/"},"sameAs":["https:\/\/www.facebook.com\/profile.php?id=100066870703106","https:\/\/www.youtube.com\/user\/vadevela1\/videos"]}]}},"_links":{"self":[{"href":"https:\/\/vadevela.com\/es\/wp-json\/wp\/v2\/pages\/5788","targetHints":{"allow":["GET"]}}],"collection":[{"href":"https:\/\/vadevela.com\/es\/wp-json\/wp\/v2\/pages"}],"about":[{"href":"https:\/\/vadevela.com\/es\/wp-json\/wp\/v2\/types\/page"}],"author":[{"embeddable":true,"href":"https:\/\/vadevela.com\/es\/wp-json\/wp\/v2\/users\/1"}],"replies":[{"embeddable":true,"href":"https:\/\/vadevela.com\/es\/wp-json\/wp\/v2\/comments?post=5788"}],"version-history":[{"count":36,"href":"https:\/\/vadevela.com\/es\/wp-json\/wp\/v2\/pages\/5788\/revisions"}],"predecessor-version":[{"id":6593,"href":"https:\/\/vadevela.com\/es\/wp-json\/wp\/v2\/pages\/5788\/revisions\/6593"}],"wp:attachment":[{"href":"https:\/\/vadevela.com\/es\/wp-json\/wp\/v2\/media?parent=5788"}],"curies":[{"name":"wp","href":"https:\/\/api.w.org\/{rel}","templated":true}]}}