{"id":5794,"date":"2022-09-14T18:15:17","date_gmt":"2022-09-14T16:15:17","guid":{"rendered":"http:\/\/vadevela.com\/alquiler-de-veleros-experiencia-costa-brava\/"},"modified":"2026-03-31T13:15:28","modified_gmt":"2026-03-31T11:15:28","slug":"alquiler-de-veleros-con-patron","status":"publish","type":"page","link":"https:\/\/vadevela.com\/es\/alquiler-de-veleros-con-patron\/","title":{"rendered":"Alquiler de veleros experiencia Costa Brava"},"content":{"rendered":"<div class=\"wpb-content-wrapper\"><p>[vc_row header_feature=\u00bbyes\u00bb padding_top=\u00bb35&#8243;][vc_column]<div class=\"grve-element grve-slogan grve-align-center\" style=\"\"><h4 class=\"grve-slogan-title grve-align-center grve-title-line\"><span>VIVE LA EXPERIENCIA DE NAVEGAR CON VELERO POR LA COSTA BRAVA<\/span><\/h4>  <p class=\"\"><\/p><\/div>[\/vc_column][\/vc_row][vc_row][vc_column width=\u00bb1\/2&#8243;]<div class=\"grve-element grve-carousel-wrapper\"  style=\" \"><div class=\"grve-carousel-navigation grve-light\" data-navigation-type=\"1\">\t<div class=\"grve-carousel-buttons\">\t\t<div class=\"grve-carousel-prev grve-icon-nav-left\"><\/div>\t\t<div class=\"grve-carousel-next grve-icon-nav-right\"><\/div>\t<\/div><\/div><div class=\"grve-slider grve-carousel-element \" data-slider-speed=\"3500\" data-slider-pause=\"no\" data-navigation-type=\"1\" data-slider-autoplay=\"yes\" data-slider-autoheight=\"no\"><div class=\"grve-slider-item\">\t<figure class=\"grve-image-hover grve-zoom-in\">\t\t<div class=\"grve-media grve-dark-overlay grve-opacity-60\"><img loading=\"lazy\" decoding=\"async\" width=\"500\" height=\"375\" src=\"https:\/\/vadevela.com\/wp-content\/uploads\/2022\/09\/146g.jpg\" class=\"attachment-grve-image-small-square size-grve-image-small-square\" alt=\"\" srcset=\"https:\/\/vadevela.com\/wp-content\/uploads\/2022\/09\/146g.jpg 500w, https:\/\/vadevela.com\/wp-content\/uploads\/2022\/09\/146g-300x225.jpg 300w\" sizes=\"auto, (max-width: 500px) 100vw, 500px\" \/>\t\t<\/div><figcaption><\/figcaption>\t<\/figure><\/div><div class=\"grve-slider-item\">\t<figure class=\"grve-image-hover grve-zoom-in\">\t\t<div class=\"grve-media grve-dark-overlay grve-opacity-60\"><img loading=\"lazy\" decoding=\"async\" width=\"500\" height=\"375\" src=\"https:\/\/vadevela.com\/wp-content\/uploads\/2022\/09\/148g.jpg\" class=\"attachment-grve-image-small-square size-grve-image-small-square\" alt=\"\" srcset=\"https:\/\/vadevela.com\/wp-content\/uploads\/2022\/09\/148g.jpg 500w, https:\/\/vadevela.com\/wp-content\/uploads\/2022\/09\/148g-300x225.jpg 300w\" sizes=\"auto, (max-width: 500px) 100vw, 500px\" \/>\t\t<\/div><figcaption><\/figcaption>\t<\/figure><\/div><div class=\"grve-slider-item\">\t<figure class=\"grve-image-hover grve-zoom-in\">\t\t<div class=\"grve-media grve-dark-overlay grve-opacity-60\"><img loading=\"lazy\" decoding=\"async\" width=\"500\" height=\"375\" src=\"https:\/\/vadevela.com\/wp-content\/uploads\/2022\/09\/147g.jpg\" class=\"attachment-grve-image-small-square size-grve-image-small-square\" alt=\"\" srcset=\"https:\/\/vadevela.com\/wp-content\/uploads\/2022\/09\/147g.jpg 500w, https:\/\/vadevela.com\/wp-content\/uploads\/2022\/09\/147g-300x225.jpg 300w\" sizes=\"auto, (max-width: 500px) 100vw, 500px\" \/>\t\t<\/div><figcaption><\/figcaption>\t<\/figure><\/div><div class=\"grve-slider-item\">\t<figure class=\"grve-image-hover grve-zoom-in\">\t\t<div class=\"grve-media grve-dark-overlay grve-opacity-60\"><img loading=\"lazy\" decoding=\"async\" width=\"500\" height=\"375\" src=\"https:\/\/vadevela.com\/wp-content\/uploads\/2022\/09\/149g.jpg\" class=\"attachment-grve-image-small-square size-grve-image-small-square\" alt=\"lloguer embarcaci\u00f3 a la Costa Brava\" srcset=\"https:\/\/vadevela.com\/wp-content\/uploads\/2022\/09\/149g.jpg 500w, https:\/\/vadevela.com\/wp-content\/uploads\/2022\/09\/149g-300x225.jpg 300w\" sizes=\"auto, (max-width: 500px) 100vw, 500px\" \/>\t\t<\/div><figcaption><\/figcaption>\t<\/figure><\/div><div class=\"grve-slider-item\">\t<figure class=\"grve-image-hover grve-zoom-in\">\t\t<div class=\"grve-media grve-dark-overlay grve-opacity-60\"><img loading=\"lazy\" decoding=\"async\" width=\"500\" height=\"375\" src=\"https:\/\/vadevela.com\/wp-content\/uploads\/2022\/09\/138g.jpg\" class=\"attachment-grve-image-small-square size-grve-image-small-square\" alt=\"\" srcset=\"https:\/\/vadevela.com\/wp-content\/uploads\/2022\/09\/138g.jpg 500w, https:\/\/vadevela.com\/wp-content\/uploads\/2022\/09\/138g-300x225.jpg 300w\" sizes=\"auto, (max-width: 500px) 100vw, 500px\" \/>\t\t<\/div><figcaption><\/figcaption>\t<\/figure><\/div><div class=\"grve-slider-item\">\t<figure class=\"grve-image-hover grve-zoom-in\">\t\t<div class=\"grve-media grve-dark-overlay grve-opacity-60\"><img loading=\"lazy\" decoding=\"async\" width=\"500\" height=\"375\" src=\"https:\/\/vadevela.com\/wp-content\/uploads\/2022\/09\/156g.jpg\" class=\"attachment-grve-image-small-square size-grve-image-small-square\" alt=\"Puesta de sol en el velero de Vadevela en las calas de Palam\u00f3s\" srcset=\"https:\/\/vadevela.com\/wp-content\/uploads\/2022\/09\/156g.jpg 500w, https:\/\/vadevela.com\/wp-content\/uploads\/2022\/09\/156g-300x225.jpg 300w\" sizes=\"auto, (max-width: 500px) 100vw, 500px\" \/>\t\t<\/div><figcaption><\/figcaption>\t<\/figure><\/div><div class=\"grve-slider-item\">\t<figure class=\"grve-image-hover grve-zoom-in\">\t\t<div class=\"grve-media grve-dark-overlay grve-opacity-60\"><img loading=\"lazy\" decoding=\"async\" width=\"500\" height=\"375\" src=\"https:\/\/vadevela.com\/wp-content\/uploads\/2022\/09\/157g.jpg\" class=\"attachment-grve-image-small-square size-grve-image-small-square\" alt=\"Grupo de amigos disfrutando de la Costa Brava en un velero al mediod\u00eda\" srcset=\"https:\/\/vadevela.com\/wp-content\/uploads\/2022\/09\/157g.jpg 500w, https:\/\/vadevela.com\/wp-content\/uploads\/2022\/09\/157g-300x225.jpg 300w\" sizes=\"auto, (max-width: 500px) 100vw, 500px\" \/>\t\t<\/div><figcaption><\/figcaption>\t<\/figure><\/div><div class=\"grve-slider-item\">\t<figure class=\"grve-image-hover grve-zoom-in\">\t\t<div class=\"grve-media grve-dark-overlay grve-opacity-60\"><img loading=\"lazy\" decoding=\"async\" width=\"480\" height=\"375\" src=\"https:\/\/vadevela.com\/wp-content\/uploads\/2022\/09\/109g.jpg\" class=\"attachment-grve-image-small-square size-grve-image-small-square\" alt=\"\" srcset=\"https:\/\/vadevela.com\/wp-content\/uploads\/2022\/09\/109g.jpg 480w, https:\/\/vadevela.com\/wp-content\/uploads\/2022\/09\/109g-300x234.jpg 300w\" sizes=\"auto, (max-width: 480px) 100vw, 480px\" \/>\t\t<\/div><figcaption><\/figcaption>\t<\/figure><\/div>\t<\/div><\/div>[\/vc_column][vc_column width=\u00bb1\/2&#8243;][vc_column_text css=\u00bb\u00bb text_style=\u00bbsubtitle\u00bb]Si quer\u00e9is navegar con seguridad sin contratiempos ni imprevistos, os reconendamos la opci\u00f3n de charter con patr\u00f3n profesional.<\/p>\n<p><strong> EL VELERO ES EL SUN ODYSSEY 40. <\/strong><\/p>\n<ul>\n<li><strong>Caracter\u00edsticas:<\/strong> Velero de 12 metros de los astilleros <strong>JEANNEAU<\/strong>. totalmente equipado para ofrecerle una confortable estancia.<\/li>\n<li><strong>Capacidad: 11 persones. <\/strong>Tres camarotes dobles m\u00e1s dos literas y dos ba\u00f1os.<\/li>\n<li><strong>Extras incluidos<\/strong> toldo parasol, capota, <strong>equipos de snorkel<\/strong>, <strong>Padel surf, combustible( en las salidas hasta Cap Roig) y Patr\u00f3n.<\/strong><\/li>\n<li><strong>Ubicaci\u00f3n:<\/strong> Puerto Deportivo Marina de Palam\u00f3s.<\/li>\n<\/ul>\n<p><strong>Precio alquiler del velero con patr\u00f3n:<\/strong><\/p>\n<p>Mediod\u00eda de 11 a 14h\u00a0 0 de 15,30h a 18,30:<strong> 440 \u20ac.<\/strong><\/p>\n<p>Mediod\u00eda de 10h a 14h o de 15,30h a 19,30:<strong> 540\u20ac.<\/strong><\/p>\n<p>Salida d\u00eda de 11h a 17h :<strong> 850\u20ac.<\/strong><\/p>\n<p>Salida\u00a0 dia de 11h a 18: <strong>950 \u20ac.<\/strong><\/p>\n<p>Puesta de sol de 20h a 22h:<strong> 390\u20ac.<\/strong><\/p>\n<p><strong>Incluye:<\/strong> seguro, amarre en puerto base, patr\u00f3n. <strong>No es necesario deposito de fianza.<\/strong>[\/vc_column_text][vc_column_text text_style=\u00bbsubtitle\u00bb]Solicita m\u00e1s informaci\u00f3n: <a href=\"https:\/\/api.whatsapp.com\/send?phone=645880096\"><img loading=\"lazy\" decoding=\"async\" class=\"alignnone size-full wp-image-4662\" src=\"https:\/\/vadevela.com\/wp-content\/uploads\/2022\/09\/whatsapp_4.png\" alt=\"\" width=\"44\" height=\"44\" \/><\/a>[\/vc_column_text][\/vc_column][\/vc_row]<\/p>\n<\/div>","protected":false},"excerpt":{"rendered":"<p>[vc_row header_feature=\u00bbyes\u00bb padding_top=\u00bb35&#8243;][vc_column][\/vc_column][\/vc_row][vc_row][vc_column width=\u00bb1\/2&#8243;][\/vc_column][vc_column width=\u00bb1\/2&#8243;][vc_column_text css=\u00bb\u00bb text_style=\u00bbsubtitle\u00bb]Si quer\u00e9is navegar con seguridad sin contratiempos ni imprevistos, os reconendamos la opci\u00f3n de charter con patr\u00f3n profesional. EL VELERO ES EL SUN ODYSSEY 40. Caracter\u00edsticas: Velero de 12 metros de los astilleros JEANNEAU. totalmente equipado para ofrecerle una confortable estancia. Capacidad: 11 persones. Tres camarotes dobles m\u00e1s dos [&hellip;]<\/p>\n","protected":false},"author":1,"featured_media":0,"parent":0,"menu_order":0,"comment_status":"closed","ping_status":"closed","template":"","meta":{"footnotes":""},"class_list":["post-5794","page","type-page","status-publish","hentry"],"yoast_head":"<!-- This site is optimized with the Yoast SEO plugin v27.3 - https:\/\/yoast.com\/product\/yoast-seo-wordpress\/ -->\n<title>Alquiler de veleros experiencia Costa Brava - Vadevela<\/title>\n<meta name=\"description\" content=\"Alquiler de veleros Experiencia Costa Brava Si quer\u00e9is navegar con seguridad sin contratiempos ni imprevistos, te recomendamos esta opci\u00f3n.\" \/>\n<meta name=\"robots\" content=\"index, follow, max-snippet:-1, max-image-preview:large, max-video-preview:-1\" \/>\n<link rel=\"canonical\" href=\"https:\/\/vadevela.com\/es\/alquiler-de-veleros-con-patron\/\" \/>\n<meta property=\"og:locale\" content=\"es_ES\" \/>\n<meta property=\"og:type\" content=\"article\" \/>\n<meta property=\"og:title\" content=\"Alquiler de veleros experiencia Costa Brava - Vadevela\" \/>\n<meta property=\"og:description\" content=\"Alquiler de veleros Experiencia Costa Brava Si quer\u00e9is navegar con seguridad sin contratiempos ni imprevistos, te recomendamos esta opci\u00f3n.\" \/>\n<meta property=\"og:url\" content=\"https:\/\/vadevela.com\/es\/alquiler-de-veleros-con-patron\/\" \/>\n<meta property=\"og:site_name\" content=\"Vadevela\" \/>\n<meta property=\"article:publisher\" content=\"https:\/\/www.facebook.com\/profile.php?id=100066870703106\" \/>\n<meta property=\"article:modified_time\" content=\"2026-03-31T11:15:28+00:00\" \/>\n<meta property=\"og:image\" content=\"https:\/\/vadevela.com\/wp-content\/uploads\/2022\/09\/whatsapp_4.png\" \/>\n<meta name=\"twitter:card\" content=\"summary_large_image\" \/>\n<meta name=\"twitter:label1\" content=\"Tiempo de lectura\" \/>\n\t<meta name=\"twitter:data1\" content=\"3 minutos\" \/>\n<script type=\"application\/ld+json\" class=\"yoast-schema-graph\">{\"@context\":\"https:\\\/\\\/schema.org\",\"@graph\":[{\"@type\":\"WebPage\",\"@id\":\"https:\\\/\\\/vadevela.com\\\/es\\\/alquiler-de-veleros-con-patron\\\/\",\"url\":\"https:\\\/\\\/vadevela.com\\\/es\\\/alquiler-de-veleros-con-patron\\\/\",\"name\":\"Alquiler de veleros experiencia Costa Brava - Vadevela\",\"isPartOf\":{\"@id\":\"https:\\\/\\\/vadevela.com\\\/es\\\/#website\"},\"primaryImageOfPage\":{\"@id\":\"https:\\\/\\\/vadevela.com\\\/es\\\/alquiler-de-veleros-con-patron\\\/#primaryimage\"},\"image\":{\"@id\":\"https:\\\/\\\/vadevela.com\\\/es\\\/alquiler-de-veleros-con-patron\\\/#primaryimage\"},\"thumbnailUrl\":\"https:\\\/\\\/vadevela.com\\\/wp-content\\\/uploads\\\/2022\\\/09\\\/whatsapp_4.png\",\"datePublished\":\"2022-09-14T16:15:17+00:00\",\"dateModified\":\"2026-03-31T11:15:28+00:00\",\"description\":\"Alquiler de veleros Experiencia Costa Brava Si quer\u00e9is navegar con seguridad sin contratiempos ni imprevistos, te recomendamos esta opci\u00f3n.\",\"breadcrumb\":{\"@id\":\"https:\\\/\\\/vadevela.com\\\/es\\\/alquiler-de-veleros-con-patron\\\/#breadcrumb\"},\"inLanguage\":\"es\",\"potentialAction\":[{\"@type\":\"ReadAction\",\"target\":[\"https:\\\/\\\/vadevela.com\\\/es\\\/alquiler-de-veleros-con-patron\\\/\"]}]},{\"@type\":\"ImageObject\",\"inLanguage\":\"es\",\"@id\":\"https:\\\/\\\/vadevela.com\\\/es\\\/alquiler-de-veleros-con-patron\\\/#primaryimage\",\"url\":\"https:\\\/\\\/vadevela.com\\\/wp-content\\\/uploads\\\/2022\\\/09\\\/whatsapp_4.png\",\"contentUrl\":\"https:\\\/\\\/vadevela.com\\\/wp-content\\\/uploads\\\/2022\\\/09\\\/whatsapp_4.png\"},{\"@type\":\"BreadcrumbList\",\"@id\":\"https:\\\/\\\/vadevela.com\\\/es\\\/alquiler-de-veleros-con-patron\\\/#breadcrumb\",\"itemListElement\":[{\"@type\":\"ListItem\",\"position\":1,\"name\":\"Inici\",\"item\":\"https:\\\/\\\/vadevela.com\\\/es\\\/\"},{\"@type\":\"ListItem\",\"position\":2,\"name\":\"Alquiler de veleros experiencia Costa Brava\"}]},{\"@type\":\"WebSite\",\"@id\":\"https:\\\/\\\/vadevela.com\\\/es\\\/#website\",\"url\":\"https:\\\/\\\/vadevela.com\\\/es\\\/\",\"name\":\"Vadevela\",\"description\":\"Lloguer de velers - Alquiler de veleros - Sailboat rental &amp; charter\",\"publisher\":{\"@id\":\"https:\\\/\\\/vadevela.com\\\/es\\\/#organization\"},\"potentialAction\":[{\"@type\":\"SearchAction\",\"target\":{\"@type\":\"EntryPoint\",\"urlTemplate\":\"https:\\\/\\\/vadevela.com\\\/es\\\/?s={search_term_string}\"},\"query-input\":{\"@type\":\"PropertyValueSpecification\",\"valueRequired\":true,\"valueName\":\"search_term_string\"}}],\"inLanguage\":\"es\"},{\"@type\":\"Organization\",\"@id\":\"https:\\\/\\\/vadevela.com\\\/es\\\/#organization\",\"name\":\"Vadevela\",\"url\":\"https:\\\/\\\/vadevela.com\\\/es\\\/\",\"logo\":{\"@type\":\"ImageObject\",\"inLanguage\":\"es\",\"@id\":\"https:\\\/\\\/vadevela.com\\\/es\\\/#\\\/schema\\\/logo\\\/image\\\/\",\"url\":\"https:\\\/\\\/vadevela.com\\\/wp-content\\\/uploads\\\/2022\\\/09\\\/logo_vadevela_b_2.png\",\"contentUrl\":\"https:\\\/\\\/vadevela.com\\\/wp-content\\\/uploads\\\/2022\\\/09\\\/logo_vadevela_b_2.png\",\"width\":300,\"height\":59,\"caption\":\"Vadevela\"},\"image\":{\"@id\":\"https:\\\/\\\/vadevela.com\\\/es\\\/#\\\/schema\\\/logo\\\/image\\\/\"},\"sameAs\":[\"https:\\\/\\\/www.facebook.com\\\/profile.php?id=100066870703106\",\"https:\\\/\\\/www.youtube.com\\\/user\\\/vadevela1\\\/videos\"]}]}<\/script>\n<!-- \/ Yoast SEO plugin. -->","yoast_head_json":{"title":"Alquiler de veleros experiencia Costa Brava - Vadevela","description":"Alquiler de veleros Experiencia Costa Brava Si quer\u00e9is navegar con seguridad sin contratiempos ni imprevistos, te recomendamos esta opci\u00f3n.","robots":{"index":"index","follow":"follow","max-snippet":"max-snippet:-1","max-image-preview":"max-image-preview:large","max-video-preview":"max-video-preview:-1"},"canonical":"https:\/\/vadevela.com\/es\/alquiler-de-veleros-con-patron\/","og_locale":"es_ES","og_type":"article","og_title":"Alquiler de veleros experiencia Costa Brava - Vadevela","og_description":"Alquiler de veleros Experiencia Costa Brava Si quer\u00e9is navegar con seguridad sin contratiempos ni imprevistos, te recomendamos esta opci\u00f3n.","og_url":"https:\/\/vadevela.com\/es\/alquiler-de-veleros-con-patron\/","og_site_name":"Vadevela","article_publisher":"https:\/\/www.facebook.com\/profile.php?id=100066870703106","article_modified_time":"2026-03-31T11:15:28+00:00","og_image":[{"url":"https:\/\/vadevela.com\/wp-content\/uploads\/2022\/09\/whatsapp_4.png","type":"","width":"","height":""}],"twitter_card":"summary_large_image","twitter_misc":{"Tiempo de lectura":"3 minutos"},"schema":{"@context":"https:\/\/schema.org","@graph":[{"@type":"WebPage","@id":"https:\/\/vadevela.com\/es\/alquiler-de-veleros-con-patron\/","url":"https:\/\/vadevela.com\/es\/alquiler-de-veleros-con-patron\/","name":"Alquiler de veleros experiencia Costa Brava - Vadevela","isPartOf":{"@id":"https:\/\/vadevela.com\/es\/#website"},"primaryImageOfPage":{"@id":"https:\/\/vadevela.com\/es\/alquiler-de-veleros-con-patron\/#primaryimage"},"image":{"@id":"https:\/\/vadevela.com\/es\/alquiler-de-veleros-con-patron\/#primaryimage"},"thumbnailUrl":"https:\/\/vadevela.com\/wp-content\/uploads\/2022\/09\/whatsapp_4.png","datePublished":"2022-09-14T16:15:17+00:00","dateModified":"2026-03-31T11:15:28+00:00","description":"Alquiler de veleros Experiencia Costa Brava Si quer\u00e9is navegar con seguridad sin contratiempos ni imprevistos, te recomendamos esta opci\u00f3n.","breadcrumb":{"@id":"https:\/\/vadevela.com\/es\/alquiler-de-veleros-con-patron\/#breadcrumb"},"inLanguage":"es","potentialAction":[{"@type":"ReadAction","target":["https:\/\/vadevela.com\/es\/alquiler-de-veleros-con-patron\/"]}]},{"@type":"ImageObject","inLanguage":"es","@id":"https:\/\/vadevela.com\/es\/alquiler-de-veleros-con-patron\/#primaryimage","url":"https:\/\/vadevela.com\/wp-content\/uploads\/2022\/09\/whatsapp_4.png","contentUrl":"https:\/\/vadevela.com\/wp-content\/uploads\/2022\/09\/whatsapp_4.png"},{"@type":"BreadcrumbList","@id":"https:\/\/vadevela.com\/es\/alquiler-de-veleros-con-patron\/#breadcrumb","itemListElement":[{"@type":"ListItem","position":1,"name":"Inici","item":"https:\/\/vadevela.com\/es\/"},{"@type":"ListItem","position":2,"name":"Alquiler de veleros experiencia Costa Brava"}]},{"@type":"WebSite","@id":"https:\/\/vadevela.com\/es\/#website","url":"https:\/\/vadevela.com\/es\/","name":"Vadevela","description":"Lloguer de velers - Alquiler de veleros - Sailboat rental &amp; charter","publisher":{"@id":"https:\/\/vadevela.com\/es\/#organization"},"potentialAction":[{"@type":"SearchAction","target":{"@type":"EntryPoint","urlTemplate":"https:\/\/vadevela.com\/es\/?s={search_term_string}"},"query-input":{"@type":"PropertyValueSpecification","valueRequired":true,"valueName":"search_term_string"}}],"inLanguage":"es"},{"@type":"Organization","@id":"https:\/\/vadevela.com\/es\/#organization","name":"Vadevela","url":"https:\/\/vadevela.com\/es\/","logo":{"@type":"ImageObject","inLanguage":"es","@id":"https:\/\/vadevela.com\/es\/#\/schema\/logo\/image\/","url":"https:\/\/vadevela.com\/wp-content\/uploads\/2022\/09\/logo_vadevela_b_2.png","contentUrl":"https:\/\/vadevela.com\/wp-content\/uploads\/2022\/09\/logo_vadevela_b_2.png","width":300,"height":59,"caption":"Vadevela"},"image":{"@id":"https:\/\/vadevela.com\/es\/#\/schema\/logo\/image\/"},"sameAs":["https:\/\/www.facebook.com\/profile.php?id=100066870703106","https:\/\/www.youtube.com\/user\/vadevela1\/videos"]}]}},"_links":{"self":[{"href":"https:\/\/vadevela.com\/es\/wp-json\/wp\/v2\/pages\/5794","targetHints":{"allow":["GET"]}}],"collection":[{"href":"https:\/\/vadevela.com\/es\/wp-json\/wp\/v2\/pages"}],"about":[{"href":"https:\/\/vadevela.com\/es\/wp-json\/wp\/v2\/types\/page"}],"author":[{"embeddable":true,"href":"https:\/\/vadevela.com\/es\/wp-json\/wp\/v2\/users\/1"}],"replies":[{"embeddable":true,"href":"https:\/\/vadevela.com\/es\/wp-json\/wp\/v2\/comments?post=5794"}],"version-history":[{"count":33,"href":"https:\/\/vadevela.com\/es\/wp-json\/wp\/v2\/pages\/5794\/revisions"}],"predecessor-version":[{"id":7719,"href":"https:\/\/vadevela.com\/es\/wp-json\/wp\/v2\/pages\/5794\/revisions\/7719"}],"wp:attachment":[{"href":"https:\/\/vadevela.com\/es\/wp-json\/wp\/v2\/media?parent=5794"}],"curies":[{"name":"wp","href":"https:\/\/api.w.org\/{rel}","templated":true}]}}