{"id":5956,"date":"2022-09-05T19:16:59","date_gmt":"2022-09-05T17:16:59","guid":{"rendered":"http:\/\/vadevela.com\/alquiler-de-velero-en-palamos\/"},"modified":"2025-04-15T15:46:32","modified_gmt":"2025-04-15T13:46:32","slug":"alquiler-de-velero-en-palamos","status":"publish","type":"page","link":"https:\/\/vadevela.com\/es\/alquiler-de-velero-en-palamos\/","title":{"rendered":"Alquiler de velero en Palam\u00f3s"},"content":{"rendered":"<div class=\"wpb-content-wrapper\"><p>[vc_row][vc_column]<div class=\"grve-element grve-slogan grve-align-left\" style=\"\"><h4 class=\"grve-slogan-title grve-align-left grve-title-line\"><span>PROPONEMOS DOS FORMAS DE DISFRUTAR DE NUESTROS VELEROS DE ALQUILER EN PALAM\u00d3S<\/span><\/h4>  <p class=\"\"><\/p><\/div>[\/vc_column][\/vc_row][vc_row][vc_column width=\u00bb2\/3&#8243;][vc_column_text css=\u00bb\u00bb]<strong>-Alquiler de velero con Patr\u00f3n:<\/strong> Disfruta\u00a0 a bordo de nuestro <a href=\"https:\/\/vadevela.com\/es\/alquiler-de-veleros-con-patron\/\">SUN ODYSSEY 40<\/a> de 12 metros con capacidad de hasta 11 personas. Comparte con tu pareja, familia o amigos la experiencia de navegar en velero.<\/p>\n<ul>\n<li>Salidas del mediod\u00eda o d\u00eda a trav\u00e9s del \u00e1rea protegida de la playa de Castell (Palam\u00f3s) a los acantilados de Cap Roig (Calella de Palafrugell) Uno de los rincones de la Costa Brava con las calas m\u00e1s bellas.<\/li>\n<li>Aniversarios en velero.<\/li>\n<li>Despedidas de soltera en barco.<\/li>\n<li>Sesiones de fotos en velero.<\/li>\n<li>Regalos especiales en velero.<\/li>\n<li>Rutas en velero.<\/li>\n<li>Incentivos para empresas.<\/li>\n<li>Avistamiento de cet\u00e1ceos<\/li>\n<li>Regatas en velero.<\/li>\n<\/ul>\n<p><strong>-Alquiler de velero con titulaci\u00f3n:<\/strong> navega\u00a0 con el\u00a0 <a href=\"https:\/\/vadevela.com\/es\/alquiler-velero-palamos-costa-brava\/\">OCEANIS 331<\/a> de 10 metros. Con \u00e9l podr\u00e1s explorar toda la Costa Brava viviendo a bordo varios d\u00edas y navegar\u00a0 hacia el norte llegando a Cadaqu\u00e9s o hacia el sur hacia Tossa de Mar o si prefiere,\u00a0 simplemente pasar el d\u00eda por la costa de Palam\u00f3s.<\/p>\n<p>Le informaremos sobre las caracter\u00edsticas de cada\u00a0 \u00e1rea de Costa Brava que desea explorar, tambi\u00e9n\u00a0 le aconsejaremos sobre las mejores zonas de fondeo y campos de\u00a0 boyas, as\u00ed como\u00a0 los mejores pron\u00f3sticos meteorol\u00f3gicos\u00a0 para que tenga una navegaci\u00f3n segura.<\/p>\n<p>Estaremos a su disposici\u00f3n para que disfrute\u00a0 en todo momento de la mejor navegaci\u00f3n a bordo de nuestras embarcaciones![\/vc_column_text][\/vc_column][vc_column width=\u00bb1\/3&#8243;]<div class=\"grve-element grve-carousel-wrapper\"  style=\" \"><div class=\"grve-carousel-navigation grve-light\" data-navigation-type=\"1\">\t<div class=\"grve-carousel-buttons\">\t\t<div class=\"grve-carousel-prev grve-icon-nav-left\"><\/div>\t\t<div class=\"grve-carousel-next grve-icon-nav-right\"><\/div>\t<\/div><\/div><div class=\"grve-slider grve-carousel-element \" data-slider-speed=\"3500\" data-slider-pause=\"no\" data-navigation-type=\"1\" data-slider-autoplay=\"yes\" data-slider-autoheight=\"no\"><div class=\"grve-slider-item\">\t<figure class=\"grve-image-hover grve-zoom-in\">\t\t<div class=\"grve-media grve-dark-overlay grve-opacity-60\"><img loading=\"lazy\" decoding=\"async\" width=\"500\" height=\"375\" src=\"https:\/\/vadevela.com\/wp-content\/uploads\/2022\/09\/157g.jpg\" class=\"attachment-grve-image-small-square size-grve-image-small-square\" alt=\"Grupo de amigos disfrutando de la Costa Brava en un velero al mediod\u00eda\" srcset=\"https:\/\/vadevela.com\/wp-content\/uploads\/2022\/09\/157g.jpg 500w, https:\/\/vadevela.com\/wp-content\/uploads\/2022\/09\/157g-300x225.jpg 300w\" sizes=\"auto, (max-width: 500px) 100vw, 500px\" \/>\t\t<\/div><figcaption><h6 class=\"grve-title grve-dark\">alquiler velero palamos<\/h6><span class=\"grve-caption grve-dark\">alquiler velero palamos<\/span><\/figcaption>\t<\/figure><\/div><div class=\"grve-slider-item\">\t<figure class=\"grve-image-hover grve-zoom-in\">\t\t<div class=\"grve-media grve-dark-overlay grve-opacity-60\"><img loading=\"lazy\" decoding=\"async\" width=\"500\" height=\"375\" src=\"https:\/\/vadevela.com\/wp-content\/uploads\/2022\/09\/156g.jpg\" class=\"attachment-grve-image-small-square size-grve-image-small-square\" alt=\"Puesta de sol en el velero de Vadevela en las calas de Palam\u00f3s\" srcset=\"https:\/\/vadevela.com\/wp-content\/uploads\/2022\/09\/156g.jpg 500w, https:\/\/vadevela.com\/wp-content\/uploads\/2022\/09\/156g-300x225.jpg 300w\" sizes=\"auto, (max-width: 500px) 100vw, 500px\" \/>\t\t<\/div><figcaption><h6 class=\"grve-title grve-dark\">_156g<\/h6><\/figcaption>\t<\/figure><\/div><div class=\"grve-slider-item\">\t<figure class=\"grve-image-hover grve-zoom-in\">\t\t<div class=\"grve-media grve-dark-overlay grve-opacity-60\"><img loading=\"lazy\" decoding=\"async\" width=\"500\" height=\"375\" src=\"https:\/\/vadevela.com\/wp-content\/uploads\/2022\/09\/155g.jpg\" class=\"attachment-grve-image-small-square size-grve-image-small-square\" alt=\"Puesta de sol en velero en las calas de Palam\u00f3s\" srcset=\"https:\/\/vadevela.com\/wp-content\/uploads\/2022\/09\/155g.jpg 500w, https:\/\/vadevela.com\/wp-content\/uploads\/2022\/09\/155g-300x225.jpg 300w\" sizes=\"auto, (max-width: 500px) 100vw, 500px\" \/>\t\t<\/div><figcaption><h6 class=\"grve-title grve-dark\">Paseos en velero Palam\u00f3s<\/h6><span class=\"grve-caption grve-dark\">Paseos en velero Palam\u00f3s<\/span><\/figcaption>\t<\/figure><\/div><div class=\"grve-slider-item\">\t<figure class=\"grve-image-hover grve-zoom-in\">\t\t<div class=\"grve-media grve-dark-overlay grve-opacity-60\"><img loading=\"lazy\" decoding=\"async\" width=\"500\" height=\"375\" src=\"https:\/\/vadevela.com\/wp-content\/uploads\/2022\/09\/150g.jpg\" class=\"attachment-grve-image-small-square size-grve-image-small-square\" alt=\"Grupo de amigos disfrutando de un velero de Vadevela por Palam\u00f3s\" srcset=\"https:\/\/vadevela.com\/wp-content\/uploads\/2022\/09\/150g.jpg 500w, https:\/\/vadevela.com\/wp-content\/uploads\/2022\/09\/150g-300x225.jpg 300w\" sizes=\"auto, (max-width: 500px) 100vw, 500px\" \/>\t\t<\/div><figcaption><h6 class=\"grve-title grve-dark\">_150g<\/h6><\/figcaption>\t<\/figure><\/div>\t<\/div><\/div>[\/vc_column][\/vc_row][vc_row][vc_column width=\u00bb1\/3&#8243;]<div class=\"grve-element grve-carousel-wrapper\"  style=\" \"><div class=\"grve-carousel-navigation grve-light\" data-navigation-type=\"1\">\t<div class=\"grve-carousel-buttons\">\t\t<div class=\"grve-carousel-prev grve-icon-nav-left\"><\/div>\t\t<div class=\"grve-carousel-next grve-icon-nav-right\"><\/div>\t<\/div><\/div><div class=\"grve-slider grve-carousel-element \" data-slider-speed=\"3500\" data-slider-pause=\"no\" data-navigation-type=\"1\" data-slider-autoplay=\"yes\" data-slider-autoheight=\"no\"><div class=\"grve-slider-item\">\t<figure class=\"grve-image-hover grve-zoom-in\">\t\t<div class=\"grve-media grve-dark-overlay grve-opacity-60\"><img loading=\"lazy\" decoding=\"async\" width=\"560\" height=\"560\" src=\"https:\/\/vadevela.com\/wp-content\/uploads\/2022\/09\/61g-560x560.jpg\" class=\"attachment-grve-image-small-square size-grve-image-small-square\" alt=\"Grupo de amigos disfrutando de un velero de Vadevela y saludando a c\u00e1mara\" srcset=\"https:\/\/vadevela.com\/wp-content\/uploads\/2022\/09\/61g-560x560.jpg 560w, https:\/\/vadevela.com\/wp-content\/uploads\/2022\/09\/61g-150x150.jpg 150w, https:\/\/vadevela.com\/wp-content\/uploads\/2022\/09\/61g-80x80.jpg 80w, https:\/\/vadevela.com\/wp-content\/uploads\/2022\/09\/61g-300x300.jpg 300w, https:\/\/vadevela.com\/wp-content\/uploads\/2022\/09\/61g-100x100.jpg 100w\" sizes=\"auto, (max-width: 560px) 100vw, 560px\" \/>\t\t<\/div><figcaption><h6 class=\"grve-title grve-dark\">_61g<\/h6><\/figcaption>\t<\/figure><\/div><div class=\"grve-slider-item\">\t<figure class=\"grve-image-hover grve-zoom-in\">\t\t<div class=\"grve-media grve-dark-overlay grve-opacity-60\"><img loading=\"lazy\" decoding=\"async\" width=\"560\" height=\"560\" src=\"https:\/\/vadevela.com\/wp-content\/uploads\/2022\/09\/53g-560x560.jpg\" class=\"attachment-grve-image-small-square size-grve-image-small-square\" alt=\"Grupo de amigos disfrutando del vale regalo de Vadevela en un velero de la Costa Brava\" srcset=\"https:\/\/vadevela.com\/wp-content\/uploads\/2022\/09\/53g-560x560.jpg 560w, https:\/\/vadevela.com\/wp-content\/uploads\/2022\/09\/53g-150x150.jpg 150w, https:\/\/vadevela.com\/wp-content\/uploads\/2022\/09\/53g-80x80.jpg 80w, https:\/\/vadevela.com\/wp-content\/uploads\/2022\/09\/53g-300x300.jpg 300w, https:\/\/vadevela.com\/wp-content\/uploads\/2022\/09\/53g-100x100.jpg 100w\" sizes=\"auto, (max-width: 560px) 100vw, 560px\" \/>\t\t<\/div><figcaption><h6 class=\"grve-title grve-dark\">Alquiler velero y excursiones en velero<\/h6><span class=\"grve-caption grve-dark\">Alquiler velero y excursiones en velero<\/span><\/figcaption>\t<\/figure><\/div><div class=\"grve-slider-item\">\t<figure class=\"grve-image-hover grve-zoom-in\">\t\t<div class=\"grve-media grve-dark-overlay grve-opacity-60\"><img loading=\"lazy\" decoding=\"async\" width=\"560\" height=\"560\" src=\"https:\/\/vadevela.com\/wp-content\/uploads\/2022\/09\/60g-560x560.jpg\" class=\"attachment-grve-image-small-square size-grve-image-small-square\" alt=\"Alquiler de veleros para empresas en Palam\u00f3s. Imagen de dos veleros en la Costa Brava\" srcset=\"https:\/\/vadevela.com\/wp-content\/uploads\/2022\/09\/60g-560x560.jpg 560w, https:\/\/vadevela.com\/wp-content\/uploads\/2022\/09\/60g-150x150.jpg 150w, https:\/\/vadevela.com\/wp-content\/uploads\/2022\/09\/60g-80x80.jpg 80w, https:\/\/vadevela.com\/wp-content\/uploads\/2022\/09\/60g-300x300.jpg 300w, https:\/\/vadevela.com\/wp-content\/uploads\/2022\/09\/60g-100x100.jpg 100w\" sizes=\"auto, (max-width: 560px) 100vw, 560px\" \/>\t\t<\/div><figcaption><h6 class=\"grve-title grve-dark\">Alquiler velero y excursiones en velero<\/h6><span class=\"grve-caption grve-dark\">Alquiler velero y excursiones en velero<\/span><\/figcaption>\t<\/figure><\/div><div class=\"grve-slider-item\">\t<figure class=\"grve-image-hover grve-zoom-in\">\t\t<div class=\"grve-media grve-dark-overlay grve-opacity-60\"><img loading=\"lazy\" decoding=\"async\" width=\"560\" height=\"560\" src=\"https:\/\/vadevela.com\/wp-content\/uploads\/2022\/09\/72g-560x560.jpg\" class=\"attachment-grve-image-small-square size-grve-image-small-square\" alt=\"Imagen aerea de el mar en una cala de Palam\u00f3s\" srcset=\"https:\/\/vadevela.com\/wp-content\/uploads\/2022\/09\/72g-560x560.jpg 560w, https:\/\/vadevela.com\/wp-content\/uploads\/2022\/09\/72g-150x150.jpg 150w, https:\/\/vadevela.com\/wp-content\/uploads\/2022\/09\/72g-80x80.jpg 80w, https:\/\/vadevela.com\/wp-content\/uploads\/2022\/09\/72g-300x300.jpg 300w, https:\/\/vadevela.com\/wp-content\/uploads\/2022\/09\/72g-100x100.jpg 100w\" sizes=\"auto, (max-width: 560px) 100vw, 560px\" \/>\t\t<\/div><figcaption><h6 class=\"grve-title grve-dark\">_72g<\/h6><\/figcaption>\t<\/figure><\/div><div class=\"grve-slider-item\">\t<figure class=\"grve-image-hover grve-zoom-in\">\t\t<div class=\"grve-media grve-dark-overlay grve-opacity-60\"><img loading=\"lazy\" decoding=\"async\" width=\"560\" height=\"560\" src=\"https:\/\/vadevela.com\/wp-content\/uploads\/2022\/09\/59g-560x560.jpg\" class=\"attachment-grve-image-small-square size-grve-image-small-square\" alt=\"Grupo de amigos que han alquilado el velero por un d\u00eda en Palam\u00f3s, Costa Brava\" srcset=\"https:\/\/vadevela.com\/wp-content\/uploads\/2022\/09\/59g-560x560.jpg 560w, https:\/\/vadevela.com\/wp-content\/uploads\/2022\/09\/59g-150x150.jpg 150w, https:\/\/vadevela.com\/wp-content\/uploads\/2022\/09\/59g-80x80.jpg 80w, https:\/\/vadevela.com\/wp-content\/uploads\/2022\/09\/59g-300x300.jpg 300w, https:\/\/vadevela.com\/wp-content\/uploads\/2022\/09\/59g-100x100.jpg 100w\" sizes=\"auto, (max-width: 560px) 100vw, 560px\" \/>\t\t<\/div><figcaption><h6 class=\"grve-title grve-dark\">Alquiler velero y excursiones en velero<\/h6><span class=\"grve-caption grve-dark\">Alquiler velero y excursiones en velero<\/span><\/figcaption>\t<\/figure><\/div>\t<\/div><\/div>[\/vc_column][vc_column width=\u00bb2\/3&#8243;][vc_column_text]Ah! Disponemos de espaciosos amarres con una gran \u00e1rea de maniobra en el puerto marina de Palamos, para que tenga un buen amarre sin ansiedad.<\/p>\n<p>Si necesita refrescar el conocimiento para navegar de forma segura, podemos navegar con usted durante unas horas hasta que lo decida.<\/p>\n<p>Tambi\u00e9n tenemos un <a href=\"https:\/\/vadevela.com\/es\/alquiler-velero-palamos-costa-brava\/\">FORFAIT<\/a> (fuera de temporada) para que no se desconecte y pueda obtener la experiencia necesaria para cuando haga el velero con su familia o amigos de sus vacaciones.<\/p>\n<p>Si tiene m\u00e1s preguntas, puede consultar la p\u00e1gina de preguntas frecuentes o contactarnos por <a href=\"mailto:%20mia@vadevela.com\">correo electr\u00f3nico<\/a> o <a href=\"https:\/\/api.whatsapp.com\/send?phone=645880096\">WhatsApp<\/a>[\/vc_column_text][\/vc_column][\/vc_row]<\/p>\n<\/div>","protected":false},"excerpt":{"rendered":"<p>[vc_row][vc_column][\/vc_column][\/vc_row][vc_row][vc_column width=\u00bb2\/3&#8243;][vc_column_text css=\u00bb\u00bb]-Alquiler de velero con Patr\u00f3n: Disfruta\u00a0 a bordo de nuestro SUN ODYSSEY 40 de 12 metros con capacidad de hasta 11 personas. Comparte con tu pareja, familia o amigos la experiencia de navegar en velero. Salidas del mediod\u00eda o d\u00eda a trav\u00e9s del \u00e1rea protegida de la playa de Castell (Palam\u00f3s) a los [&hellip;]<\/p>\n","protected":false},"author":1,"featured_media":0,"parent":0,"menu_order":0,"comment_status":"closed","ping_status":"closed","template":"","meta":{"footnotes":""},"class_list":["post-5956","page","type-page","status-publish","hentry"],"yoast_head":"<!-- This site is optimized with the Yoast SEO plugin v27.3 - https:\/\/yoast.com\/product\/yoast-seo-wordpress\/ -->\n<title>Vadevela - Alquiler de velero en Palam\u00f3s y la Costa Brava<\/title>\n<meta name=\"description\" content=\"Alquila un velero en Palam\u00f3s con Vadevela. Navega por la Costa Brava y disfruta de excursiones, rutas \u00fanicas con o sin titulaci\u00f3n.\" \/>\n<meta name=\"robots\" content=\"index, follow, max-snippet:-1, max-image-preview:large, max-video-preview:-1\" \/>\n<link rel=\"canonical\" href=\"https:\/\/vadevela.com\/es\/alquiler-de-velero-en-palamos\/\" \/>\n<meta property=\"og:locale\" content=\"es_ES\" \/>\n<meta property=\"og:type\" content=\"article\" \/>\n<meta property=\"og:title\" content=\"Vadevela - Alquiler de velero en Palam\u00f3s y la Costa Brava\" \/>\n<meta property=\"og:description\" content=\"Alquila un velero en Palam\u00f3s con Vadevela. Navega por la Costa Brava y disfruta de excursiones, rutas \u00fanicas con o sin titulaci\u00f3n.\" \/>\n<meta property=\"og:url\" content=\"https:\/\/vadevela.com\/es\/alquiler-de-velero-en-palamos\/\" \/>\n<meta property=\"og:site_name\" content=\"Vadevela\" \/>\n<meta property=\"article:publisher\" content=\"https:\/\/www.facebook.com\/profile.php?id=100066870703106\" \/>\n<meta property=\"article:modified_time\" content=\"2025-04-15T13:46:32+00:00\" \/>\n<meta name=\"twitter:card\" content=\"summary_large_image\" \/>\n<meta name=\"twitter:label1\" content=\"Tiempo de lectura\" \/>\n\t<meta name=\"twitter:data1\" content=\"2 minutos\" \/>\n<script type=\"application\/ld+json\" class=\"yoast-schema-graph\">{\"@context\":\"https:\\\/\\\/schema.org\",\"@graph\":[{\"@type\":\"WebPage\",\"@id\":\"https:\\\/\\\/vadevela.com\\\/es\\\/alquiler-de-velero-en-palamos\\\/\",\"url\":\"https:\\\/\\\/vadevela.com\\\/es\\\/alquiler-de-velero-en-palamos\\\/\",\"name\":\"Vadevela - Alquiler de velero en Palam\u00f3s y la Costa Brava\",\"isPartOf\":{\"@id\":\"https:\\\/\\\/vadevela.com\\\/es\\\/#website\"},\"datePublished\":\"2022-09-05T17:16:59+00:00\",\"dateModified\":\"2025-04-15T13:46:32+00:00\",\"description\":\"Alquila un velero en Palam\u00f3s con Vadevela. Navega por la Costa Brava y disfruta de excursiones, rutas \u00fanicas con o sin titulaci\u00f3n.\",\"breadcrumb\":{\"@id\":\"https:\\\/\\\/vadevela.com\\\/es\\\/alquiler-de-velero-en-palamos\\\/#breadcrumb\"},\"inLanguage\":\"es\",\"potentialAction\":[{\"@type\":\"ReadAction\",\"target\":[\"https:\\\/\\\/vadevela.com\\\/es\\\/alquiler-de-velero-en-palamos\\\/\"]}]},{\"@type\":\"BreadcrumbList\",\"@id\":\"https:\\\/\\\/vadevela.com\\\/es\\\/alquiler-de-velero-en-palamos\\\/#breadcrumb\",\"itemListElement\":[{\"@type\":\"ListItem\",\"position\":1,\"name\":\"Inici\",\"item\":\"https:\\\/\\\/vadevela.com\\\/es\\\/\"},{\"@type\":\"ListItem\",\"position\":2,\"name\":\"Alquiler de velero en Palam\u00f3s\"}]},{\"@type\":\"WebSite\",\"@id\":\"https:\\\/\\\/vadevela.com\\\/es\\\/#website\",\"url\":\"https:\\\/\\\/vadevela.com\\\/es\\\/\",\"name\":\"Vadevela\",\"description\":\"Lloguer de velers - Alquiler de veleros - Sailboat rental &amp; charter\",\"publisher\":{\"@id\":\"https:\\\/\\\/vadevela.com\\\/es\\\/#organization\"},\"potentialAction\":[{\"@type\":\"SearchAction\",\"target\":{\"@type\":\"EntryPoint\",\"urlTemplate\":\"https:\\\/\\\/vadevela.com\\\/es\\\/?s={search_term_string}\"},\"query-input\":{\"@type\":\"PropertyValueSpecification\",\"valueRequired\":true,\"valueName\":\"search_term_string\"}}],\"inLanguage\":\"es\"},{\"@type\":\"Organization\",\"@id\":\"https:\\\/\\\/vadevela.com\\\/es\\\/#organization\",\"name\":\"Vadevela\",\"url\":\"https:\\\/\\\/vadevela.com\\\/es\\\/\",\"logo\":{\"@type\":\"ImageObject\",\"inLanguage\":\"es\",\"@id\":\"https:\\\/\\\/vadevela.com\\\/es\\\/#\\\/schema\\\/logo\\\/image\\\/\",\"url\":\"https:\\\/\\\/vadevela.com\\\/wp-content\\\/uploads\\\/2022\\\/09\\\/logo_vadevela_b_2.png\",\"contentUrl\":\"https:\\\/\\\/vadevela.com\\\/wp-content\\\/uploads\\\/2022\\\/09\\\/logo_vadevela_b_2.png\",\"width\":300,\"height\":59,\"caption\":\"Vadevela\"},\"image\":{\"@id\":\"https:\\\/\\\/vadevela.com\\\/es\\\/#\\\/schema\\\/logo\\\/image\\\/\"},\"sameAs\":[\"https:\\\/\\\/www.facebook.com\\\/profile.php?id=100066870703106\",\"https:\\\/\\\/www.youtube.com\\\/user\\\/vadevela1\\\/videos\"]}]}<\/script>\n<!-- \/ Yoast SEO plugin. -->","yoast_head_json":{"title":"Vadevela - Alquiler de velero en Palam\u00f3s y la Costa Brava","description":"Alquila un velero en Palam\u00f3s con Vadevela. Navega por la Costa Brava y disfruta de excursiones, rutas \u00fanicas con o sin titulaci\u00f3n.","robots":{"index":"index","follow":"follow","max-snippet":"max-snippet:-1","max-image-preview":"max-image-preview:large","max-video-preview":"max-video-preview:-1"},"canonical":"https:\/\/vadevela.com\/es\/alquiler-de-velero-en-palamos\/","og_locale":"es_ES","og_type":"article","og_title":"Vadevela - Alquiler de velero en Palam\u00f3s y la Costa Brava","og_description":"Alquila un velero en Palam\u00f3s con Vadevela. Navega por la Costa Brava y disfruta de excursiones, rutas \u00fanicas con o sin titulaci\u00f3n.","og_url":"https:\/\/vadevela.com\/es\/alquiler-de-velero-en-palamos\/","og_site_name":"Vadevela","article_publisher":"https:\/\/www.facebook.com\/profile.php?id=100066870703106","article_modified_time":"2025-04-15T13:46:32+00:00","twitter_card":"summary_large_image","twitter_misc":{"Tiempo de lectura":"2 minutos"},"schema":{"@context":"https:\/\/schema.org","@graph":[{"@type":"WebPage","@id":"https:\/\/vadevela.com\/es\/alquiler-de-velero-en-palamos\/","url":"https:\/\/vadevela.com\/es\/alquiler-de-velero-en-palamos\/","name":"Vadevela - Alquiler de velero en Palam\u00f3s y la Costa Brava","isPartOf":{"@id":"https:\/\/vadevela.com\/es\/#website"},"datePublished":"2022-09-05T17:16:59+00:00","dateModified":"2025-04-15T13:46:32+00:00","description":"Alquila un velero en Palam\u00f3s con Vadevela. Navega por la Costa Brava y disfruta de excursiones, rutas \u00fanicas con o sin titulaci\u00f3n.","breadcrumb":{"@id":"https:\/\/vadevela.com\/es\/alquiler-de-velero-en-palamos\/#breadcrumb"},"inLanguage":"es","potentialAction":[{"@type":"ReadAction","target":["https:\/\/vadevela.com\/es\/alquiler-de-velero-en-palamos\/"]}]},{"@type":"BreadcrumbList","@id":"https:\/\/vadevela.com\/es\/alquiler-de-velero-en-palamos\/#breadcrumb","itemListElement":[{"@type":"ListItem","position":1,"name":"Inici","item":"https:\/\/vadevela.com\/es\/"},{"@type":"ListItem","position":2,"name":"Alquiler de velero en Palam\u00f3s"}]},{"@type":"WebSite","@id":"https:\/\/vadevela.com\/es\/#website","url":"https:\/\/vadevela.com\/es\/","name":"Vadevela","description":"Lloguer de velers - Alquiler de veleros - Sailboat rental &amp; charter","publisher":{"@id":"https:\/\/vadevela.com\/es\/#organization"},"potentialAction":[{"@type":"SearchAction","target":{"@type":"EntryPoint","urlTemplate":"https:\/\/vadevela.com\/es\/?s={search_term_string}"},"query-input":{"@type":"PropertyValueSpecification","valueRequired":true,"valueName":"search_term_string"}}],"inLanguage":"es"},{"@type":"Organization","@id":"https:\/\/vadevela.com\/es\/#organization","name":"Vadevela","url":"https:\/\/vadevela.com\/es\/","logo":{"@type":"ImageObject","inLanguage":"es","@id":"https:\/\/vadevela.com\/es\/#\/schema\/logo\/image\/","url":"https:\/\/vadevela.com\/wp-content\/uploads\/2022\/09\/logo_vadevela_b_2.png","contentUrl":"https:\/\/vadevela.com\/wp-content\/uploads\/2022\/09\/logo_vadevela_b_2.png","width":300,"height":59,"caption":"Vadevela"},"image":{"@id":"https:\/\/vadevela.com\/es\/#\/schema\/logo\/image\/"},"sameAs":["https:\/\/www.facebook.com\/profile.php?id=100066870703106","https:\/\/www.youtube.com\/user\/vadevela1\/videos"]}]}},"_links":{"self":[{"href":"https:\/\/vadevela.com\/es\/wp-json\/wp\/v2\/pages\/5956","targetHints":{"allow":["GET"]}}],"collection":[{"href":"https:\/\/vadevela.com\/es\/wp-json\/wp\/v2\/pages"}],"about":[{"href":"https:\/\/vadevela.com\/es\/wp-json\/wp\/v2\/types\/page"}],"author":[{"embeddable":true,"href":"https:\/\/vadevela.com\/es\/wp-json\/wp\/v2\/users\/1"}],"replies":[{"embeddable":true,"href":"https:\/\/vadevela.com\/es\/wp-json\/wp\/v2\/comments?post=5956"}],"version-history":[{"count":21,"href":"https:\/\/vadevela.com\/es\/wp-json\/wp\/v2\/pages\/5956\/revisions"}],"predecessor-version":[{"id":7504,"href":"https:\/\/vadevela.com\/es\/wp-json\/wp\/v2\/pages\/5956\/revisions\/7504"}],"wp:attachment":[{"href":"https:\/\/vadevela.com\/es\/wp-json\/wp\/v2\/media?parent=5956"}],"curies":[{"name":"wp","href":"https:\/\/api.w.org\/{rel}","templated":true}]}}