{"id":7237,"date":"2022-09-14T10:32:54","date_gmt":"2022-09-14T08:32:54","guid":{"rendered":"https:\/\/vadevela.com\/sortides-en-veler-palamos\/"},"modified":"2026-03-27T18:13:36","modified_gmt":"2026-03-27T16:13:36","slug":"excursions-en-voilier-a-palamos","status":"publish","type":"page","link":"https:\/\/vadevela.com\/fr\/excursions-en-voilier-a-palamos\/","title":{"rendered":"Excursions en voilier \u00e0 Palam\u00f3s"},"content":{"rendered":"<div class=\"wpb-content-wrapper\"><p>[vc_row header_feature=\u00a0\u00bbyes\u00a0\u00bb padding_top=\u00a0\u00bb35&Prime;][vc_column]<div class=\"grve-element grve-slogan grve-align-center\" style=\"\"><h4 class=\"grve-slogan-title grve-align-center grve-title-line\"><span>BALADE EN VOILE LE MATIN OU L'APRES-MIDI A PALAM\u00d3S<\/span><\/h4>  <p class=\"\"><\/p><\/div>[\/vc_column][\/vc_row][vc_row][vc_column width=\u00a0\u00bb1\/3&Prime;]<div class=\"grve-element grve-carousel-wrapper\"  style=\" \"><div class=\"grve-carousel-navigation grve-light\" data-navigation-type=\"1\">\t<div class=\"grve-carousel-buttons\">\t\t<div class=\"grve-carousel-prev grve-icon-nav-left\"><\/div>\t\t<div class=\"grve-carousel-next grve-icon-nav-right\"><\/div>\t<\/div><\/div><div class=\"grve-slider grve-carousel-element \" data-slider-speed=\"3500\" data-slider-pause=\"no\" data-navigation-type=\"1\" data-slider-autoplay=\"yes\" data-slider-autoheight=\"no\"><div class=\"grve-slider-item\">\t<figure class=\"grve-image-hover grve-zoom-in\">\t\t<div class=\"grve-media grve-dark-overlay grve-opacity-60\"><img loading=\"lazy\" decoding=\"async\" width=\"500\" height=\"315\" src=\"https:\/\/vadevela.com\/wp-content\/uploads\/2022\/09\/157g-500x315.jpg\" class=\"attachment-grve-image-small-rect-horizontal size-grve-image-small-rect-horizontal\" alt=\"Grupo de amigos disfrutando de la Costa Brava en un velero al mediod\u00eda\" \/>\t\t<\/div><figcaption><\/figcaption>\t<\/figure><\/div><div class=\"grve-slider-item\">\t<figure class=\"grve-image-hover grve-zoom-in\">\t\t<div class=\"grve-media grve-dark-overlay grve-opacity-60\"><img loading=\"lazy\" decoding=\"async\" width=\"560\" height=\"315\" src=\"https:\/\/vadevela.com\/wp-content\/uploads\/2022\/09\/65g-560x315.jpg\" class=\"attachment-grve-image-small-rect-horizontal size-grve-image-small-rect-horizontal\" alt=\"LLoguer vaixell a Calella\" \/>\t\t<\/div><figcaption><\/figcaption>\t<\/figure><\/div><div class=\"grve-slider-item\">\t<figure class=\"grve-image-hover grve-zoom-in\">\t\t<div class=\"grve-media grve-dark-overlay grve-opacity-60\"><img loading=\"lazy\" decoding=\"async\" width=\"500\" height=\"315\" src=\"https:\/\/vadevela.com\/wp-content\/uploads\/2022\/09\/149g-500x315.jpg\" class=\"attachment-grve-image-small-rect-horizontal size-grve-image-small-rect-horizontal\" alt=\"lloguer embarcaci\u00f3 a la Costa Brava\" \/>\t\t<\/div><figcaption><\/figcaption>\t<\/figure><\/div>\t<\/div><\/div>[\/vc_column][vc_column width=\u00a0\u00bb2\/3&Prime;][vc_column_text css=\u00a0\u00bb\u00a0\u00bb text_style=\u00a0\u00bbsubtitle\u00a0\u00bb]Si vous pensez \u00e0 une exp\u00e9rience diff\u00e9rente, vous ne pouvez pas manquer de monter \u00e0 bord de notre voilier pour profiter des meilleurs paysages maritimes, naviguer en silence pouss\u00e9 uniquement par la brise marine et une baignade dans les meilleures criques de notre c\u00f4te.<\/p>\n<p>Horaires et tarifs :<\/p>\n<ul>\n<li>D\u00e9jeuner de 11h \u00e0 14h et de 15h30 \u00e0 18h30 : <strong>440 \u20ac.<\/strong><\/li>\n<li>D\u00e9jeuner de 10h \u00e0 14h ou de 15h30 \u00e0 19h30:<strong> 540\u20ac.<\/strong><\/li>\n<\/ul>\n<p>Port de d\u00e9part et d&rsquo;arriv\u00e9e : Port Marina de Palam\u00f3s\/Costa Brava.<br \/>\nGroupes maximum 11 personnes par voilier.<\/p>\n<p>Demander plus d&rsquo;informations : <a href=\"https:\/\/api.whatsapp.com\/send?phone=645880096\"><img loading=\"lazy\" decoding=\"async\" class=\"alignnone size-full wp-image-4662\" src=\"http:\/\/vadevela.com\/wp-content\/uploads\/2022\/09\/whatsapp_4.png\" alt=\"\" width=\"44\" height=\"44\" \/><\/a>[\/vc_column_text][\/vc_column][\/vc_row]<\/p>\n<\/div>","protected":false},"excerpt":{"rendered":"<p>[vc_row header_feature=\u00a0\u00bbyes\u00a0\u00bb padding_top=\u00a0\u00bb35&Prime;][vc_column][\/vc_column][\/vc_row][vc_row][vc_column width=\u00a0\u00bb1\/3&Prime;][\/vc_column][vc_column width=\u00a0\u00bb2\/3&Prime;][vc_column_text css=\u00a0\u00bb\u00a0\u00bb text_style=\u00a0\u00bbsubtitle\u00a0\u00bb]Si vous pensez \u00e0 une exp\u00e9rience diff\u00e9rente, vous ne pouvez pas manquer de monter \u00e0 bord de notre voilier pour profiter des meilleurs paysages maritimes, naviguer en silence pouss\u00e9 uniquement par la brise marine et une baignade dans les meilleures criques de notre c\u00f4te. Horaires et tarifs : D\u00e9jeuner [&hellip;]<\/p>\n","protected":false},"author":1,"featured_media":0,"parent":0,"menu_order":0,"comment_status":"closed","ping_status":"closed","template":"","meta":{"footnotes":""},"class_list":["post-7237","page","type-page","status-publish","hentry"],"yoast_head":"<!-- This site is optimized with the Yoast SEO plugin v27.3 - https:\/\/yoast.com\/product\/yoast-seo-wordpress\/ -->\n<title>Excursions en voilier \u00e0 Palam\u00f3s - Vadevela<\/title>\n<meta name=\"description\" content=\"Si vous envisagez une exp\u00e9rience diff\u00e9rente, vous ne pouvez pas manquer d&#039;embarquer sur notre voilier \u00e0 Palam\u00f3s pour profiter du meilleur paysage maritime\" \/>\n<meta name=\"robots\" content=\"index, follow, max-snippet:-1, max-image-preview:large, max-video-preview:-1\" \/>\n<link rel=\"canonical\" href=\"https:\/\/vadevela.com\/fr\/excursions-en-voilier-a-palamos\/\" \/>\n<meta property=\"og:locale\" content=\"fr_FR\" \/>\n<meta property=\"og:type\" content=\"article\" \/>\n<meta property=\"og:title\" content=\"Excursions en voilier \u00e0 Palam\u00f3s - Vadevela\" \/>\n<meta property=\"og:description\" content=\"Si vous envisagez une exp\u00e9rience diff\u00e9rente, vous ne pouvez pas manquer d&#039;embarquer sur notre voilier \u00e0 Palam\u00f3s pour profiter du meilleur paysage maritime\" \/>\n<meta property=\"og:url\" content=\"https:\/\/vadevela.com\/fr\/excursions-en-voilier-a-palamos\/\" \/>\n<meta property=\"og:site_name\" content=\"Vadevela\" \/>\n<meta property=\"article:publisher\" content=\"https:\/\/www.facebook.com\/profile.php?id=100066870703106\" \/>\n<meta property=\"article:modified_time\" content=\"2026-03-27T16:13:36+00:00\" \/>\n<meta property=\"og:image\" content=\"http:\/\/vadevela.com\/wp-content\/uploads\/2022\/09\/whatsapp_4.png\" \/>\n<meta name=\"twitter:card\" content=\"summary_large_image\" \/>\n<meta name=\"twitter:label1\" content=\"Dur\u00e9e de lecture estim\u00e9e\" \/>\n\t<meta name=\"twitter:data1\" content=\"2 minutes\" \/>\n<script type=\"application\/ld+json\" class=\"yoast-schema-graph\">{\"@context\":\"https:\\\/\\\/schema.org\",\"@graph\":[{\"@type\":\"WebPage\",\"@id\":\"https:\\\/\\\/vadevela.com\\\/fr\\\/excursions-en-voilier-a-palamos\\\/\",\"url\":\"https:\\\/\\\/vadevela.com\\\/fr\\\/excursions-en-voilier-a-palamos\\\/\",\"name\":\"Excursions en voilier \u00e0 Palam\u00f3s - Vadevela\",\"isPartOf\":{\"@id\":\"https:\\\/\\\/vadevela.com\\\/fr\\\/#website\"},\"primaryImageOfPage\":{\"@id\":\"https:\\\/\\\/vadevela.com\\\/fr\\\/excursions-en-voilier-a-palamos\\\/#primaryimage\"},\"image\":{\"@id\":\"https:\\\/\\\/vadevela.com\\\/fr\\\/excursions-en-voilier-a-palamos\\\/#primaryimage\"},\"thumbnailUrl\":\"http:\\\/\\\/vadevela.com\\\/wp-content\\\/uploads\\\/2022\\\/09\\\/whatsapp_4.png\",\"datePublished\":\"2022-09-14T08:32:54+00:00\",\"dateModified\":\"2026-03-27T16:13:36+00:00\",\"description\":\"Si vous envisagez une exp\u00e9rience diff\u00e9rente, vous ne pouvez pas manquer d'embarquer sur notre voilier \u00e0 Palam\u00f3s pour profiter du meilleur paysage maritime\",\"breadcrumb\":{\"@id\":\"https:\\\/\\\/vadevela.com\\\/fr\\\/excursions-en-voilier-a-palamos\\\/#breadcrumb\"},\"inLanguage\":\"fr-FR\",\"potentialAction\":[{\"@type\":\"ReadAction\",\"target\":[\"https:\\\/\\\/vadevela.com\\\/fr\\\/excursions-en-voilier-a-palamos\\\/\"]}]},{\"@type\":\"ImageObject\",\"inLanguage\":\"fr-FR\",\"@id\":\"https:\\\/\\\/vadevela.com\\\/fr\\\/excursions-en-voilier-a-palamos\\\/#primaryimage\",\"url\":\"http:\\\/\\\/vadevela.com\\\/wp-content\\\/uploads\\\/2022\\\/09\\\/whatsapp_4.png\",\"contentUrl\":\"http:\\\/\\\/vadevela.com\\\/wp-content\\\/uploads\\\/2022\\\/09\\\/whatsapp_4.png\"},{\"@type\":\"BreadcrumbList\",\"@id\":\"https:\\\/\\\/vadevela.com\\\/fr\\\/excursions-en-voilier-a-palamos\\\/#breadcrumb\",\"itemListElement\":[{\"@type\":\"ListItem\",\"position\":1,\"name\":\"Inici\",\"item\":\"https:\\\/\\\/vadevela.com\\\/fr\\\/\"},{\"@type\":\"ListItem\",\"position\":2,\"name\":\"Excursions en voilier \u00e0 Palam\u00f3s\"}]},{\"@type\":\"WebSite\",\"@id\":\"https:\\\/\\\/vadevela.com\\\/fr\\\/#website\",\"url\":\"https:\\\/\\\/vadevela.com\\\/fr\\\/\",\"name\":\"Vadevela\",\"description\":\"Lloguer de velers - Alquiler de veleros - Sailboat rental &amp; charter\",\"publisher\":{\"@id\":\"https:\\\/\\\/vadevela.com\\\/fr\\\/#organization\"},\"potentialAction\":[{\"@type\":\"SearchAction\",\"target\":{\"@type\":\"EntryPoint\",\"urlTemplate\":\"https:\\\/\\\/vadevela.com\\\/fr\\\/?s={search_term_string}\"},\"query-input\":{\"@type\":\"PropertyValueSpecification\",\"valueRequired\":true,\"valueName\":\"search_term_string\"}}],\"inLanguage\":\"fr-FR\"},{\"@type\":\"Organization\",\"@id\":\"https:\\\/\\\/vadevela.com\\\/fr\\\/#organization\",\"name\":\"Vadevela\",\"url\":\"https:\\\/\\\/vadevela.com\\\/fr\\\/\",\"logo\":{\"@type\":\"ImageObject\",\"inLanguage\":\"fr-FR\",\"@id\":\"https:\\\/\\\/vadevela.com\\\/fr\\\/#\\\/schema\\\/logo\\\/image\\\/\",\"url\":\"https:\\\/\\\/vadevela.com\\\/wp-content\\\/uploads\\\/2022\\\/09\\\/logo_vadevela_b_2.png\",\"contentUrl\":\"https:\\\/\\\/vadevela.com\\\/wp-content\\\/uploads\\\/2022\\\/09\\\/logo_vadevela_b_2.png\",\"width\":300,\"height\":59,\"caption\":\"Vadevela\"},\"image\":{\"@id\":\"https:\\\/\\\/vadevela.com\\\/fr\\\/#\\\/schema\\\/logo\\\/image\\\/\"},\"sameAs\":[\"https:\\\/\\\/www.facebook.com\\\/profile.php?id=100066870703106\",\"https:\\\/\\\/www.youtube.com\\\/user\\\/vadevela1\\\/videos\"]}]}<\/script>\n<!-- \/ Yoast SEO plugin. -->","yoast_head_json":{"title":"Excursions en voilier \u00e0 Palam\u00f3s - Vadevela","description":"Si vous envisagez une exp\u00e9rience diff\u00e9rente, vous ne pouvez pas manquer d'embarquer sur notre voilier \u00e0 Palam\u00f3s pour profiter du meilleur paysage maritime","robots":{"index":"index","follow":"follow","max-snippet":"max-snippet:-1","max-image-preview":"max-image-preview:large","max-video-preview":"max-video-preview:-1"},"canonical":"https:\/\/vadevela.com\/fr\/excursions-en-voilier-a-palamos\/","og_locale":"fr_FR","og_type":"article","og_title":"Excursions en voilier \u00e0 Palam\u00f3s - Vadevela","og_description":"Si vous envisagez une exp\u00e9rience diff\u00e9rente, vous ne pouvez pas manquer d'embarquer sur notre voilier \u00e0 Palam\u00f3s pour profiter du meilleur paysage maritime","og_url":"https:\/\/vadevela.com\/fr\/excursions-en-voilier-a-palamos\/","og_site_name":"Vadevela","article_publisher":"https:\/\/www.facebook.com\/profile.php?id=100066870703106","article_modified_time":"2026-03-27T16:13:36+00:00","og_image":[{"url":"http:\/\/vadevela.com\/wp-content\/uploads\/2022\/09\/whatsapp_4.png","type":"","width":"","height":""}],"twitter_card":"summary_large_image","twitter_misc":{"Dur\u00e9e de lecture estim\u00e9e":"2 minutes"},"schema":{"@context":"https:\/\/schema.org","@graph":[{"@type":"WebPage","@id":"https:\/\/vadevela.com\/fr\/excursions-en-voilier-a-palamos\/","url":"https:\/\/vadevela.com\/fr\/excursions-en-voilier-a-palamos\/","name":"Excursions en voilier \u00e0 Palam\u00f3s - Vadevela","isPartOf":{"@id":"https:\/\/vadevela.com\/fr\/#website"},"primaryImageOfPage":{"@id":"https:\/\/vadevela.com\/fr\/excursions-en-voilier-a-palamos\/#primaryimage"},"image":{"@id":"https:\/\/vadevela.com\/fr\/excursions-en-voilier-a-palamos\/#primaryimage"},"thumbnailUrl":"http:\/\/vadevela.com\/wp-content\/uploads\/2022\/09\/whatsapp_4.png","datePublished":"2022-09-14T08:32:54+00:00","dateModified":"2026-03-27T16:13:36+00:00","description":"Si vous envisagez une exp\u00e9rience diff\u00e9rente, vous ne pouvez pas manquer d'embarquer sur notre voilier \u00e0 Palam\u00f3s pour profiter du meilleur paysage maritime","breadcrumb":{"@id":"https:\/\/vadevela.com\/fr\/excursions-en-voilier-a-palamos\/#breadcrumb"},"inLanguage":"fr-FR","potentialAction":[{"@type":"ReadAction","target":["https:\/\/vadevela.com\/fr\/excursions-en-voilier-a-palamos\/"]}]},{"@type":"ImageObject","inLanguage":"fr-FR","@id":"https:\/\/vadevela.com\/fr\/excursions-en-voilier-a-palamos\/#primaryimage","url":"http:\/\/vadevela.com\/wp-content\/uploads\/2022\/09\/whatsapp_4.png","contentUrl":"http:\/\/vadevela.com\/wp-content\/uploads\/2022\/09\/whatsapp_4.png"},{"@type":"BreadcrumbList","@id":"https:\/\/vadevela.com\/fr\/excursions-en-voilier-a-palamos\/#breadcrumb","itemListElement":[{"@type":"ListItem","position":1,"name":"Inici","item":"https:\/\/vadevela.com\/fr\/"},{"@type":"ListItem","position":2,"name":"Excursions en voilier \u00e0 Palam\u00f3s"}]},{"@type":"WebSite","@id":"https:\/\/vadevela.com\/fr\/#website","url":"https:\/\/vadevela.com\/fr\/","name":"Vadevela","description":"Lloguer de velers - Alquiler de veleros - Sailboat rental &amp; charter","publisher":{"@id":"https:\/\/vadevela.com\/fr\/#organization"},"potentialAction":[{"@type":"SearchAction","target":{"@type":"EntryPoint","urlTemplate":"https:\/\/vadevela.com\/fr\/?s={search_term_string}"},"query-input":{"@type":"PropertyValueSpecification","valueRequired":true,"valueName":"search_term_string"}}],"inLanguage":"fr-FR"},{"@type":"Organization","@id":"https:\/\/vadevela.com\/fr\/#organization","name":"Vadevela","url":"https:\/\/vadevela.com\/fr\/","logo":{"@type":"ImageObject","inLanguage":"fr-FR","@id":"https:\/\/vadevela.com\/fr\/#\/schema\/logo\/image\/","url":"https:\/\/vadevela.com\/wp-content\/uploads\/2022\/09\/logo_vadevela_b_2.png","contentUrl":"https:\/\/vadevela.com\/wp-content\/uploads\/2022\/09\/logo_vadevela_b_2.png","width":300,"height":59,"caption":"Vadevela"},"image":{"@id":"https:\/\/vadevela.com\/fr\/#\/schema\/logo\/image\/"},"sameAs":["https:\/\/www.facebook.com\/profile.php?id=100066870703106","https:\/\/www.youtube.com\/user\/vadevela1\/videos"]}]}},"_links":{"self":[{"href":"https:\/\/vadevela.com\/fr\/wp-json\/wp\/v2\/pages\/7237","targetHints":{"allow":["GET"]}}],"collection":[{"href":"https:\/\/vadevela.com\/fr\/wp-json\/wp\/v2\/pages"}],"about":[{"href":"https:\/\/vadevela.com\/fr\/wp-json\/wp\/v2\/types\/page"}],"author":[{"embeddable":true,"href":"https:\/\/vadevela.com\/fr\/wp-json\/wp\/v2\/users\/1"}],"replies":[{"embeddable":true,"href":"https:\/\/vadevela.com\/fr\/wp-json\/wp\/v2\/comments?post=7237"}],"version-history":[{"count":6,"href":"https:\/\/vadevela.com\/fr\/wp-json\/wp\/v2\/pages\/7237\/revisions"}],"predecessor-version":[{"id":7717,"href":"https:\/\/vadevela.com\/fr\/wp-json\/wp\/v2\/pages\/7237\/revisions\/7717"}],"wp:attachment":[{"href":"https:\/\/vadevela.com\/fr\/wp-json\/wp\/v2\/media?parent=7237"}],"curies":[{"name":"wp","href":"https:\/\/api.w.org\/{rel}","templated":true}]}}