{"id":7289,"date":"2022-09-14T11:25:02","date_gmt":"2022-09-14T09:25:02","guid":{"rendered":"https:\/\/vadevela.com\/lloguer-veler-palamos-amb-patro\/"},"modified":"2026-03-31T13:23:58","modified_gmt":"2026-03-31T11:23:58","slug":"location-de-voilier-palamos-avec-skipper","status":"publish","type":"page","link":"https:\/\/vadevela.com\/fr\/location-de-voilier-palamos-avec-skipper\/","title":{"rendered":"Location de voilier Palam\u00f3s avec skipper"},"content":{"rendered":"<div class=\"wpb-content-wrapper\"><p>[vc_row header_feature=\u00a0\u00bbyes\u00a0\u00bb padding_top=\u00a0\u00bb35&Prime;][vc_column]<div class=\"grve-element grve-slogan grve-align-center\" style=\"\"><h4 class=\"grve-slogan-title grve-align-center grve-title-line\"><span>LOCATION DE VOILIER AVEC SKIPPER \u00c0 PALAM\u00d3S POUR UNE JOURN\u00c9E<\/span><\/h4>  <p class=\"\"><\/p><\/div>[\/vc_column][\/vc_row][vc_row][vc_column width=\u00a0\u00bb1\/3&Prime;]<div class=\"grve-element grve-carousel-wrapper\"  style=\" \"><div class=\"grve-carousel-navigation grve-light\" data-navigation-type=\"1\">\t<div class=\"grve-carousel-buttons\">\t\t<div class=\"grve-carousel-prev grve-icon-nav-left\"><\/div>\t\t<div class=\"grve-carousel-next grve-icon-nav-right\"><\/div>\t<\/div><\/div><div class=\"grve-slider grve-carousel-element \" data-slider-speed=\"3500\" data-slider-pause=\"no\" data-navigation-type=\"1\" data-slider-autoplay=\"yes\" data-slider-autoheight=\"no\"><div class=\"grve-slider-item\">\t<figure class=\"grve-image-hover grve-zoom-in\">\t\t<div class=\"grve-media grve-dark-overlay grve-opacity-60\"><img loading=\"lazy\" decoding=\"async\" width=\"560\" height=\"560\" src=\"https:\/\/vadevela.com\/wp-content\/uploads\/2022\/09\/59g-560x560.jpg\" class=\"attachment-grve-image-small-square size-grve-image-small-square\" alt=\"Grupo de amigos que han alquilado el velero por un d\u00eda en Palam\u00f3s, Costa Brava\" srcset=\"https:\/\/vadevela.com\/wp-content\/uploads\/2022\/09\/59g-560x560.jpg 560w, https:\/\/vadevela.com\/wp-content\/uploads\/2022\/09\/59g-150x150.jpg 150w, https:\/\/vadevela.com\/wp-content\/uploads\/2022\/09\/59g-80x80.jpg 80w, https:\/\/vadevela.com\/wp-content\/uploads\/2022\/09\/59g-300x300.jpg 300w, https:\/\/vadevela.com\/wp-content\/uploads\/2022\/09\/59g-100x100.jpg 100w\" sizes=\"auto, (max-width: 560px) 100vw, 560px\" \/>\t\t<\/div><figcaption><\/figcaption>\t<\/figure><\/div><div class=\"grve-slider-item\">\t<figure class=\"grve-image-hover grve-zoom-in\">\t\t<div class=\"grve-media grve-dark-overlay grve-opacity-60\"><img loading=\"lazy\" decoding=\"async\" width=\"560\" height=\"560\" src=\"https:\/\/vadevela.com\/wp-content\/uploads\/2022\/09\/70g-560x560.jpg\" class=\"attachment-grve-image-small-square size-grve-image-small-square\" alt=\"\" srcset=\"https:\/\/vadevela.com\/wp-content\/uploads\/2022\/09\/70g-560x560.jpg 560w, https:\/\/vadevela.com\/wp-content\/uploads\/2022\/09\/70g-150x150.jpg 150w, https:\/\/vadevela.com\/wp-content\/uploads\/2022\/09\/70g-80x80.jpg 80w, https:\/\/vadevela.com\/wp-content\/uploads\/2022\/09\/70g-300x300.jpg 300w, https:\/\/vadevela.com\/wp-content\/uploads\/2022\/09\/70g-100x100.jpg 100w\" sizes=\"auto, (max-width: 560px) 100vw, 560px\" \/>\t\t<\/div><figcaption><\/figcaption>\t<\/figure><\/div><div class=\"grve-slider-item\">\t<figure class=\"grve-image-hover grve-zoom-in\">\t\t<div class=\"grve-media grve-dark-overlay grve-opacity-60\"><img loading=\"lazy\" decoding=\"async\" width=\"560\" height=\"560\" src=\"https:\/\/vadevela.com\/wp-content\/uploads\/2022\/09\/71g-560x560.jpg\" class=\"attachment-grve-image-small-square size-grve-image-small-square\" alt=\"\" srcset=\"https:\/\/vadevela.com\/wp-content\/uploads\/2022\/09\/71g-560x560.jpg 560w, https:\/\/vadevela.com\/wp-content\/uploads\/2022\/09\/71g-150x150.jpg 150w, https:\/\/vadevela.com\/wp-content\/uploads\/2022\/09\/71g-80x80.jpg 80w, https:\/\/vadevela.com\/wp-content\/uploads\/2022\/09\/71g-300x300.jpg 300w, https:\/\/vadevela.com\/wp-content\/uploads\/2022\/09\/71g-100x100.jpg 100w\" sizes=\"auto, (max-width: 560px) 100vw, 560px\" \/>\t\t<\/div><figcaption><\/figcaption>\t<\/figure><\/div><div class=\"grve-slider-item\">\t<figure class=\"grve-image-hover grve-zoom-in\">\t\t<div class=\"grve-media grve-dark-overlay grve-opacity-60\"><img loading=\"lazy\" decoding=\"async\" width=\"560\" height=\"560\" src=\"https:\/\/vadevela.com\/wp-content\/uploads\/2022\/09\/72g-560x560.jpg\" class=\"attachment-grve-image-small-square size-grve-image-small-square\" alt=\"Imatge a\u00e8ria del mar a una cala de Palam\u00f3s\" srcset=\"https:\/\/vadevela.com\/wp-content\/uploads\/2022\/09\/72g-560x560.jpg 560w, https:\/\/vadevela.com\/wp-content\/uploads\/2022\/09\/72g-150x150.jpg 150w, https:\/\/vadevela.com\/wp-content\/uploads\/2022\/09\/72g-80x80.jpg 80w, https:\/\/vadevela.com\/wp-content\/uploads\/2022\/09\/72g-300x300.jpg 300w, https:\/\/vadevela.com\/wp-content\/uploads\/2022\/09\/72g-100x100.jpg 100w\" sizes=\"auto, (max-width: 560px) 100vw, 560px\" \/>\t\t<\/div><figcaption><\/figcaption>\t<\/figure><\/div>\t<\/div><\/div>[\/vc_column][vc_column width=\u00a0\u00bb2\/3&Prime;][vc_column_text css=\u00a0\u00bb\u00a0\u00bb text_style=\u00a0\u00bbsubtitle\u00a0\u00bb]Venez passer la journ\u00e9e \u00e0 louer un voilier en naviguant et en vous arr\u00eatant dans les criques de l&rsquo;espace naturel de Castell \u00e0 Palam\u00f3s, en passant par les Illes Formigues et en arrivant \u00e0 Cap Roig \u00e0 Calella. C&rsquo;est un des plaisirs que vous aurez s\u00fbrement envie de renouveler.<\/p>\n<p>Une multitude de sensations \u00e0 partager en famille ou entre amis, une v\u00e9ritable source d&rsquo;anti-stress. Des bains rafra\u00eechissants dans les meilleures criques et si vous \u00eates passionn\u00e9 par la mer, hisser les voiles et naviguer pouss\u00e9 par la brise marine est une exp\u00e9rience qui vous transportera dans le temps vers d&rsquo;anciennes aventures maritimes.<\/p>\n<p>Horaires d&rsquo;ouverture et tarifs.<\/p>\n<p>Jour de d\u00e9part de 11h \u00e0 17h : <strong>850 \u20ac<\/strong>.<\/p>\n<p>Jour de d\u00e9part de 11h \u00e0 18h : <strong>950 \u20ac<\/strong>.<\/p>\n<p>Capacit\u00e9 maximale par voilier : jusqu&rsquo;\u00e0 11 personnes.<\/p>\n<p>Demander plus d&rsquo;informations : <a href=\"https:\/\/api.whatsapp.com\/send?phone=645880096\"><img loading=\"lazy\" decoding=\"async\" class=\"alignnone size-full wp-image-4662\" src=\"http:\/\/vadevela.com\/wp-content\/uploads\/2022\/09\/whatsapp_4.png\" alt=\"\" width=\"44\" height=\"44\" \/><\/a>[\/vc_column_text][\/vc_column][\/vc_row]<\/p>\n<\/div>","protected":false},"excerpt":{"rendered":"<p>[vc_row header_feature=\u00a0\u00bbyes\u00a0\u00bb padding_top=\u00a0\u00bb35&Prime;][vc_column][\/vc_column][\/vc_row][vc_row][vc_column width=\u00a0\u00bb1\/3&Prime;][\/vc_column][vc_column width=\u00a0\u00bb2\/3&Prime;][vc_column_text css=\u00a0\u00bb\u00a0\u00bb text_style=\u00a0\u00bbsubtitle\u00a0\u00bb]Venez passer la journ\u00e9e \u00e0 louer un voilier en naviguant et en vous arr\u00eatant dans les criques de l&rsquo;espace naturel de Castell \u00e0 Palam\u00f3s, en passant par les Illes Formigues et en arrivant \u00e0 Cap Roig \u00e0 Calella. C&rsquo;est un des plaisirs que vous aurez s\u00fbrement envie de renouveler. [&hellip;]<\/p>\n","protected":false},"author":1,"featured_media":0,"parent":0,"menu_order":0,"comment_status":"closed","ping_status":"closed","template":"","meta":{"footnotes":""},"class_list":["post-7289","page","type-page","status-publish","hentry"],"yoast_head":"<!-- This site is optimized with the Yoast SEO plugin v27.3 - https:\/\/yoast.com\/product\/yoast-seo-wordpress\/ -->\n<title>Location de voilier Palam\u00f3s avec skipper - Vadevela<\/title>\n<meta name=\"description\" content=\"Venez profiter d&#039;une journ\u00e9e de location de voilier, de navigation et d&#039;escale dans les criques de l&#039;Espace Naturel Castell, Illes Formigues, Cap Roig\" \/>\n<meta name=\"robots\" content=\"index, follow, max-snippet:-1, max-image-preview:large, max-video-preview:-1\" \/>\n<link rel=\"canonical\" href=\"https:\/\/vadevela.com\/fr\/location-de-voilier-palamos-avec-skipper\/\" \/>\n<meta property=\"og:locale\" content=\"fr_FR\" \/>\n<meta property=\"og:type\" content=\"article\" \/>\n<meta property=\"og:title\" content=\"Location de voilier Palam\u00f3s avec skipper - Vadevela\" \/>\n<meta property=\"og:description\" content=\"Venez profiter d&#039;une journ\u00e9e de location de voilier, de navigation et d&#039;escale dans les criques de l&#039;Espace Naturel Castell, Illes Formigues, Cap Roig\" \/>\n<meta property=\"og:url\" content=\"https:\/\/vadevela.com\/fr\/location-de-voilier-palamos-avec-skipper\/\" \/>\n<meta property=\"og:site_name\" content=\"Vadevela\" \/>\n<meta property=\"article:publisher\" content=\"https:\/\/www.facebook.com\/profile.php?id=100066870703106\" \/>\n<meta property=\"article:modified_time\" content=\"2026-03-31T11:23:58+00:00\" \/>\n<meta property=\"og:image\" content=\"http:\/\/vadevela.com\/wp-content\/uploads\/2022\/09\/whatsapp_4.png\" \/>\n<meta name=\"twitter:card\" content=\"summary_large_image\" \/>\n<meta name=\"twitter:label1\" content=\"Dur\u00e9e de lecture estim\u00e9e\" \/>\n\t<meta name=\"twitter:data1\" content=\"2 minutes\" \/>\n<script type=\"application\/ld+json\" class=\"yoast-schema-graph\">{\"@context\":\"https:\\\/\\\/schema.org\",\"@graph\":[{\"@type\":\"WebPage\",\"@id\":\"https:\\\/\\\/vadevela.com\\\/fr\\\/location-de-voilier-palamos-avec-skipper\\\/\",\"url\":\"https:\\\/\\\/vadevela.com\\\/fr\\\/location-de-voilier-palamos-avec-skipper\\\/\",\"name\":\"Location de voilier Palam\u00f3s avec skipper - Vadevela\",\"isPartOf\":{\"@id\":\"https:\\\/\\\/vadevela.com\\\/fr\\\/#website\"},\"primaryImageOfPage\":{\"@id\":\"https:\\\/\\\/vadevela.com\\\/fr\\\/location-de-voilier-palamos-avec-skipper\\\/#primaryimage\"},\"image\":{\"@id\":\"https:\\\/\\\/vadevela.com\\\/fr\\\/location-de-voilier-palamos-avec-skipper\\\/#primaryimage\"},\"thumbnailUrl\":\"http:\\\/\\\/vadevela.com\\\/wp-content\\\/uploads\\\/2022\\\/09\\\/whatsapp_4.png\",\"datePublished\":\"2022-09-14T09:25:02+00:00\",\"dateModified\":\"2026-03-31T11:23:58+00:00\",\"description\":\"Venez profiter d'une journ\u00e9e de location de voilier, de navigation et d'escale dans les criques de l'Espace Naturel Castell, Illes Formigues, Cap Roig\",\"breadcrumb\":{\"@id\":\"https:\\\/\\\/vadevela.com\\\/fr\\\/location-de-voilier-palamos-avec-skipper\\\/#breadcrumb\"},\"inLanguage\":\"fr-FR\",\"potentialAction\":[{\"@type\":\"ReadAction\",\"target\":[\"https:\\\/\\\/vadevela.com\\\/fr\\\/location-de-voilier-palamos-avec-skipper\\\/\"]}]},{\"@type\":\"ImageObject\",\"inLanguage\":\"fr-FR\",\"@id\":\"https:\\\/\\\/vadevela.com\\\/fr\\\/location-de-voilier-palamos-avec-skipper\\\/#primaryimage\",\"url\":\"http:\\\/\\\/vadevela.com\\\/wp-content\\\/uploads\\\/2022\\\/09\\\/whatsapp_4.png\",\"contentUrl\":\"http:\\\/\\\/vadevela.com\\\/wp-content\\\/uploads\\\/2022\\\/09\\\/whatsapp_4.png\"},{\"@type\":\"BreadcrumbList\",\"@id\":\"https:\\\/\\\/vadevela.com\\\/fr\\\/location-de-voilier-palamos-avec-skipper\\\/#breadcrumb\",\"itemListElement\":[{\"@type\":\"ListItem\",\"position\":1,\"name\":\"Inici\",\"item\":\"https:\\\/\\\/vadevela.com\\\/fr\\\/\"},{\"@type\":\"ListItem\",\"position\":2,\"name\":\"Location de voilier Palam\u00f3s avec skipper\"}]},{\"@type\":\"WebSite\",\"@id\":\"https:\\\/\\\/vadevela.com\\\/fr\\\/#website\",\"url\":\"https:\\\/\\\/vadevela.com\\\/fr\\\/\",\"name\":\"Vadevela\",\"description\":\"Lloguer de velers - Alquiler de veleros - Sailboat rental &amp; charter\",\"publisher\":{\"@id\":\"https:\\\/\\\/vadevela.com\\\/fr\\\/#organization\"},\"potentialAction\":[{\"@type\":\"SearchAction\",\"target\":{\"@type\":\"EntryPoint\",\"urlTemplate\":\"https:\\\/\\\/vadevela.com\\\/fr\\\/?s={search_term_string}\"},\"query-input\":{\"@type\":\"PropertyValueSpecification\",\"valueRequired\":true,\"valueName\":\"search_term_string\"}}],\"inLanguage\":\"fr-FR\"},{\"@type\":\"Organization\",\"@id\":\"https:\\\/\\\/vadevela.com\\\/fr\\\/#organization\",\"name\":\"Vadevela\",\"url\":\"https:\\\/\\\/vadevela.com\\\/fr\\\/\",\"logo\":{\"@type\":\"ImageObject\",\"inLanguage\":\"fr-FR\",\"@id\":\"https:\\\/\\\/vadevela.com\\\/fr\\\/#\\\/schema\\\/logo\\\/image\\\/\",\"url\":\"https:\\\/\\\/vadevela.com\\\/wp-content\\\/uploads\\\/2022\\\/09\\\/logo_vadevela_b_2.png\",\"contentUrl\":\"https:\\\/\\\/vadevela.com\\\/wp-content\\\/uploads\\\/2022\\\/09\\\/logo_vadevela_b_2.png\",\"width\":300,\"height\":59,\"caption\":\"Vadevela\"},\"image\":{\"@id\":\"https:\\\/\\\/vadevela.com\\\/fr\\\/#\\\/schema\\\/logo\\\/image\\\/\"},\"sameAs\":[\"https:\\\/\\\/www.facebook.com\\\/profile.php?id=100066870703106\",\"https:\\\/\\\/www.youtube.com\\\/user\\\/vadevela1\\\/videos\"]}]}<\/script>\n<!-- \/ Yoast SEO plugin. -->","yoast_head_json":{"title":"Location de voilier Palam\u00f3s avec skipper - Vadevela","description":"Venez profiter d'une journ\u00e9e de location de voilier, de navigation et d'escale dans les criques de l'Espace Naturel Castell, Illes Formigues, Cap Roig","robots":{"index":"index","follow":"follow","max-snippet":"max-snippet:-1","max-image-preview":"max-image-preview:large","max-video-preview":"max-video-preview:-1"},"canonical":"https:\/\/vadevela.com\/fr\/location-de-voilier-palamos-avec-skipper\/","og_locale":"fr_FR","og_type":"article","og_title":"Location de voilier Palam\u00f3s avec skipper - Vadevela","og_description":"Venez profiter d'une journ\u00e9e de location de voilier, de navigation et d'escale dans les criques de l'Espace Naturel Castell, Illes Formigues, Cap Roig","og_url":"https:\/\/vadevela.com\/fr\/location-de-voilier-palamos-avec-skipper\/","og_site_name":"Vadevela","article_publisher":"https:\/\/www.facebook.com\/profile.php?id=100066870703106","article_modified_time":"2026-03-31T11:23:58+00:00","og_image":[{"url":"http:\/\/vadevela.com\/wp-content\/uploads\/2022\/09\/whatsapp_4.png","type":"","width":"","height":""}],"twitter_card":"summary_large_image","twitter_misc":{"Dur\u00e9e de lecture estim\u00e9e":"2 minutes"},"schema":{"@context":"https:\/\/schema.org","@graph":[{"@type":"WebPage","@id":"https:\/\/vadevela.com\/fr\/location-de-voilier-palamos-avec-skipper\/","url":"https:\/\/vadevela.com\/fr\/location-de-voilier-palamos-avec-skipper\/","name":"Location de voilier Palam\u00f3s avec skipper - Vadevela","isPartOf":{"@id":"https:\/\/vadevela.com\/fr\/#website"},"primaryImageOfPage":{"@id":"https:\/\/vadevela.com\/fr\/location-de-voilier-palamos-avec-skipper\/#primaryimage"},"image":{"@id":"https:\/\/vadevela.com\/fr\/location-de-voilier-palamos-avec-skipper\/#primaryimage"},"thumbnailUrl":"http:\/\/vadevela.com\/wp-content\/uploads\/2022\/09\/whatsapp_4.png","datePublished":"2022-09-14T09:25:02+00:00","dateModified":"2026-03-31T11:23:58+00:00","description":"Venez profiter d'une journ\u00e9e de location de voilier, de navigation et d'escale dans les criques de l'Espace Naturel Castell, Illes Formigues, Cap Roig","breadcrumb":{"@id":"https:\/\/vadevela.com\/fr\/location-de-voilier-palamos-avec-skipper\/#breadcrumb"},"inLanguage":"fr-FR","potentialAction":[{"@type":"ReadAction","target":["https:\/\/vadevela.com\/fr\/location-de-voilier-palamos-avec-skipper\/"]}]},{"@type":"ImageObject","inLanguage":"fr-FR","@id":"https:\/\/vadevela.com\/fr\/location-de-voilier-palamos-avec-skipper\/#primaryimage","url":"http:\/\/vadevela.com\/wp-content\/uploads\/2022\/09\/whatsapp_4.png","contentUrl":"http:\/\/vadevela.com\/wp-content\/uploads\/2022\/09\/whatsapp_4.png"},{"@type":"BreadcrumbList","@id":"https:\/\/vadevela.com\/fr\/location-de-voilier-palamos-avec-skipper\/#breadcrumb","itemListElement":[{"@type":"ListItem","position":1,"name":"Inici","item":"https:\/\/vadevela.com\/fr\/"},{"@type":"ListItem","position":2,"name":"Location de voilier Palam\u00f3s avec skipper"}]},{"@type":"WebSite","@id":"https:\/\/vadevela.com\/fr\/#website","url":"https:\/\/vadevela.com\/fr\/","name":"Vadevela","description":"Lloguer de velers - Alquiler de veleros - Sailboat rental &amp; charter","publisher":{"@id":"https:\/\/vadevela.com\/fr\/#organization"},"potentialAction":[{"@type":"SearchAction","target":{"@type":"EntryPoint","urlTemplate":"https:\/\/vadevela.com\/fr\/?s={search_term_string}"},"query-input":{"@type":"PropertyValueSpecification","valueRequired":true,"valueName":"search_term_string"}}],"inLanguage":"fr-FR"},{"@type":"Organization","@id":"https:\/\/vadevela.com\/fr\/#organization","name":"Vadevela","url":"https:\/\/vadevela.com\/fr\/","logo":{"@type":"ImageObject","inLanguage":"fr-FR","@id":"https:\/\/vadevela.com\/fr\/#\/schema\/logo\/image\/","url":"https:\/\/vadevela.com\/wp-content\/uploads\/2022\/09\/logo_vadevela_b_2.png","contentUrl":"https:\/\/vadevela.com\/wp-content\/uploads\/2022\/09\/logo_vadevela_b_2.png","width":300,"height":59,"caption":"Vadevela"},"image":{"@id":"https:\/\/vadevela.com\/fr\/#\/schema\/logo\/image\/"},"sameAs":["https:\/\/www.facebook.com\/profile.php?id=100066870703106","https:\/\/www.youtube.com\/user\/vadevela1\/videos"]}]}},"_links":{"self":[{"href":"https:\/\/vadevela.com\/fr\/wp-json\/wp\/v2\/pages\/7289","targetHints":{"allow":["GET"]}}],"collection":[{"href":"https:\/\/vadevela.com\/fr\/wp-json\/wp\/v2\/pages"}],"about":[{"href":"https:\/\/vadevela.com\/fr\/wp-json\/wp\/v2\/types\/page"}],"author":[{"embeddable":true,"href":"https:\/\/vadevela.com\/fr\/wp-json\/wp\/v2\/users\/1"}],"replies":[{"embeddable":true,"href":"https:\/\/vadevela.com\/fr\/wp-json\/wp\/v2\/comments?post=7289"}],"version-history":[{"count":7,"href":"https:\/\/vadevela.com\/fr\/wp-json\/wp\/v2\/pages\/7289\/revisions"}],"predecessor-version":[{"id":7723,"href":"https:\/\/vadevela.com\/fr\/wp-json\/wp\/v2\/pages\/7289\/revisions\/7723"}],"wp:attachment":[{"href":"https:\/\/vadevela.com\/fr\/wp-json\/wp\/v2\/media?parent=7289"}],"curies":[{"name":"wp","href":"https:\/\/api.w.org\/{rel}","templated":true}]}}