{"id":7295,"date":"2022-09-14T11:40:26","date_gmt":"2022-09-14T09:40:26","guid":{"rendered":"https:\/\/vadevela.com\/activitats-en-veler-per-a-empreses\/"},"modified":"2026-03-31T13:30:32","modified_gmt":"2026-03-31T11:30:32","slug":"activites-de-voile-pour-entreprises","status":"publish","type":"page","link":"https:\/\/vadevela.com\/fr\/activites-de-voile-pour-entreprises\/","title":{"rendered":"Activit\u00e9s de voile pour entreprises"},"content":{"rendered":"<div class=\"wpb-content-wrapper\"><p>[vc_row header_feature=\u00a0\u00bbyes\u00a0\u00bb padding_top=\u00a0\u00bb35&Prime;][vc_column]<div class=\"grve-element grve-slogan grve-align-center\" style=\"\"><h4 class=\"grve-slogan-title grve-align-center grve-title-line\"><span>ACTIVIT\u00c9 DE COURSE \/ VOILE EN PLEIN AIR \/ TEAMBUILDING<\/span><\/h4>  <p class=\"\"><\/p><\/div>[\/vc_column][\/vc_row][vc_row][vc_column width=\u00a0\u00bb1\/3&Prime;]<div class=\"grve-element grve-carousel-wrapper\"  style=\" \"><div class=\"grve-carousel-navigation grve-light\" data-navigation-type=\"1\">\t<div class=\"grve-carousel-buttons\">\t\t<div class=\"grve-carousel-prev grve-icon-nav-left\"><\/div>\t\t<div class=\"grve-carousel-next grve-icon-nav-right\"><\/div>\t<\/div><\/div><div class=\"grve-slider grve-carousel-element \" data-slider-speed=\"3500\" data-slider-pause=\"no\" data-navigation-type=\"1\" data-slider-autoplay=\"yes\" data-slider-autoheight=\"no\"><div class=\"grve-slider-item\">\t<figure class=\"grve-image-hover grve-zoom-in\">\t\t<div class=\"grve-media grve-dark-overlay grve-opacity-60\"><img loading=\"lazy\" decoding=\"async\" width=\"560\" height=\"560\" src=\"https:\/\/vadevela.com\/wp-content\/uploads\/2022\/09\/60g-560x560.jpg\" class=\"attachment-grve-image-small-square size-grve-image-small-square\" alt=\"Lloguer de velers per a empreses a Palam\u00f3s. Imatge de dos velers a la Costa Brava\" srcset=\"https:\/\/vadevela.com\/wp-content\/uploads\/2022\/09\/60g-560x560.jpg 560w, https:\/\/vadevela.com\/wp-content\/uploads\/2022\/09\/60g-150x150.jpg 150w, https:\/\/vadevela.com\/wp-content\/uploads\/2022\/09\/60g-80x80.jpg 80w, https:\/\/vadevela.com\/wp-content\/uploads\/2022\/09\/60g-300x300.jpg 300w, https:\/\/vadevela.com\/wp-content\/uploads\/2022\/09\/60g-100x100.jpg 100w\" sizes=\"auto, (max-width: 560px) 100vw, 560px\" \/>\t\t<\/div><figcaption><\/figcaption>\t<\/figure><\/div>\t<\/div><\/div>[\/vc_column][vc_column width=\u00a0\u00bb2\/3&Prime;][vc_column_text css=\u00a0\u00bb\u00a0\u00bb text_style=\u00a0\u00bbsubtitle\u00a0\u00bb]Soci\u00e9t\u00e9 de Course de Voiliers \/ Activit\u00e9 de Plein Air Voile \/ Teambuilding sur Voiliers<\/p>\n<p>Nous organisons des activit\u00e9s avec des voiliers pour les entreprises de Palam\u00f3s (Costa Brava) dans le but de favoriser la confiance et le travail d&rsquo;\u00e9quipe. Nous pouvons adapter les activit\u00e9s en organisant une \u00ab mini r\u00e9gate \u00bb avec deux ou plusieurs voiliers. La voile favorise le travail d&rsquo;\u00e9quipe, la coh\u00e9sion et la coop\u00e9ration de l&rsquo;\u00e9quipage sont la cl\u00e9 pour atteindre une bonne position. Le rythme de navigation passe de 0 \u00e0 100 en quelques instants, stimule l&rsquo;attention et rend cette activit\u00e9 particuli\u00e8rement amusante.<\/p>\n<p>Nous quittons Palam\u00f3s en direction du nord et naviguons \u00e0 travers certains des plus beaux endroits du Baix Empord\u00e0 : s&rsquo;Algue, Illes Formigues et Cala Castell. Durant la navigation, les instructeurs vous expliqueront le fonctionnement du voilier, tandis que vous pourrez prendre la barre et effectuer les man\u0153uvres. Nous nous arr\u00eatons \u00e0 Cala Castell pour nous baigner ou prendre l&rsquo;ap\u00e9ritif.<\/p>\n<p>Faible degr\u00e9 de difficult\u00e9.<br \/>\nOuvert \u00e0 tous les \u00e2ges.<br \/>\nAucune exp\u00e9rience n\u00e9cessaire.<br \/>\nGroupes : jusqu&rsquo;\u00e0 8-9 personnes : 1 voilier ;<br \/>\nEntre 10 et 18 personnes : 2 voiliers ;<br \/>\nEntre 19 et 27 personnes : 3 voiliers ;<br \/>\nEntre 28 et 36 personnes : 4 voiliers.<br \/>\nDur\u00e9e : 4h<br \/>\nEmbarquement sur les voiliers : Port Marina Palam\u00f3s.<br \/>\nPrix \u200b\u200bde location par voilier : <strong>850 \u20ac<\/strong><br \/>\nEn option : collations, pique-nique, boissons&#8230;<\/p>\n<p>Demander plus d&rsquo;informations : \u00a0<a href=\"https:\/\/api.whatsapp.com\/send?phone=645880096\"><img loading=\"lazy\" decoding=\"async\" class=\"alignnone size-full wp-image-4662\" src=\"http:\/\/vadevela.com\/wp-content\/uploads\/2022\/09\/whatsapp_4.png\" alt=\"\" width=\"44\" height=\"44\" \/><\/a>[\/vc_column_text][\/vc_column][\/vc_row]<\/p>\n<\/div>","protected":false},"excerpt":{"rendered":"<p>[vc_row header_feature=\u00a0\u00bbyes\u00a0\u00bb padding_top=\u00a0\u00bb35&Prime;][vc_column][\/vc_column][\/vc_row][vc_row][vc_column width=\u00a0\u00bb1\/3&Prime;][\/vc_column][vc_column width=\u00a0\u00bb2\/3&Prime;][vc_column_text css=\u00a0\u00bb\u00a0\u00bb text_style=\u00a0\u00bbsubtitle\u00a0\u00bb]Soci\u00e9t\u00e9 de Course de Voiliers \/ Activit\u00e9 de Plein Air Voile \/ Teambuilding sur Voiliers Nous organisons des activit\u00e9s avec des voiliers pour les entreprises de Palam\u00f3s (Costa Brava) dans le but de favoriser la confiance et le travail d&rsquo;\u00e9quipe. Nous pouvons adapter les activit\u00e9s en organisant une \u00ab [&hellip;]<\/p>\n","protected":false},"author":1,"featured_media":0,"parent":0,"menu_order":0,"comment_status":"closed","ping_status":"closed","template":"","meta":{"footnotes":""},"class_list":["post-7295","page","type-page","status-publish","hentry"],"yoast_head":"<!-- This site is optimized with the Yoast SEO plugin v27.3 - https:\/\/yoast.com\/product\/yoast-seo-wordpress\/ -->\n<title>Activit\u00e9s de voile pour entreprises - Vadevela<\/title>\n<meta name=\"description\" content=\"Nous organisons des activit\u00e9s de voile pour les entreprises, afin de favoriser la confiance et le travail d&#039;\u00e9quipe. La voile encourage le travail d\u2019\u00e9quipe.\" \/>\n<meta name=\"robots\" content=\"index, follow, max-snippet:-1, max-image-preview:large, max-video-preview:-1\" \/>\n<link rel=\"canonical\" href=\"https:\/\/vadevela.com\/fr\/activites-de-voile-pour-entreprises\/\" \/>\n<meta property=\"og:locale\" content=\"fr_FR\" \/>\n<meta property=\"og:type\" content=\"article\" \/>\n<meta property=\"og:title\" content=\"Activit\u00e9s de voile pour entreprises - Vadevela\" \/>\n<meta property=\"og:description\" content=\"Nous organisons des activit\u00e9s de voile pour les entreprises, afin de favoriser la confiance et le travail d&#039;\u00e9quipe. La voile encourage le travail d\u2019\u00e9quipe.\" \/>\n<meta property=\"og:url\" content=\"https:\/\/vadevela.com\/fr\/activites-de-voile-pour-entreprises\/\" \/>\n<meta property=\"og:site_name\" content=\"Vadevela\" \/>\n<meta property=\"article:publisher\" content=\"https:\/\/www.facebook.com\/profile.php?id=100066870703106\" \/>\n<meta property=\"article:modified_time\" content=\"2026-03-31T11:30:32+00:00\" \/>\n<meta property=\"og:image\" content=\"http:\/\/vadevela.com\/wp-content\/uploads\/2022\/09\/whatsapp_4.png\" \/>\n<meta name=\"twitter:card\" content=\"summary_large_image\" \/>\n<meta name=\"twitter:label1\" content=\"Dur\u00e9e de lecture estim\u00e9e\" \/>\n\t<meta name=\"twitter:data1\" content=\"2 minutes\" \/>\n<script type=\"application\/ld+json\" class=\"yoast-schema-graph\">{\"@context\":\"https:\\\/\\\/schema.org\",\"@graph\":[{\"@type\":\"WebPage\",\"@id\":\"https:\\\/\\\/vadevela.com\\\/fr\\\/activites-de-voile-pour-entreprises\\\/\",\"url\":\"https:\\\/\\\/vadevela.com\\\/fr\\\/activites-de-voile-pour-entreprises\\\/\",\"name\":\"Activit\u00e9s de voile pour entreprises - Vadevela\",\"isPartOf\":{\"@id\":\"https:\\\/\\\/vadevela.com\\\/fr\\\/#website\"},\"primaryImageOfPage\":{\"@id\":\"https:\\\/\\\/vadevela.com\\\/fr\\\/activites-de-voile-pour-entreprises\\\/#primaryimage\"},\"image\":{\"@id\":\"https:\\\/\\\/vadevela.com\\\/fr\\\/activites-de-voile-pour-entreprises\\\/#primaryimage\"},\"thumbnailUrl\":\"http:\\\/\\\/vadevela.com\\\/wp-content\\\/uploads\\\/2022\\\/09\\\/whatsapp_4.png\",\"datePublished\":\"2022-09-14T09:40:26+00:00\",\"dateModified\":\"2026-03-31T11:30:32+00:00\",\"description\":\"Nous organisons des activit\u00e9s de voile pour les entreprises, afin de favoriser la confiance et le travail d'\u00e9quipe. La voile encourage le travail d\u2019\u00e9quipe.\",\"breadcrumb\":{\"@id\":\"https:\\\/\\\/vadevela.com\\\/fr\\\/activites-de-voile-pour-entreprises\\\/#breadcrumb\"},\"inLanguage\":\"fr-FR\",\"potentialAction\":[{\"@type\":\"ReadAction\",\"target\":[\"https:\\\/\\\/vadevela.com\\\/fr\\\/activites-de-voile-pour-entreprises\\\/\"]}]},{\"@type\":\"ImageObject\",\"inLanguage\":\"fr-FR\",\"@id\":\"https:\\\/\\\/vadevela.com\\\/fr\\\/activites-de-voile-pour-entreprises\\\/#primaryimage\",\"url\":\"http:\\\/\\\/vadevela.com\\\/wp-content\\\/uploads\\\/2022\\\/09\\\/whatsapp_4.png\",\"contentUrl\":\"http:\\\/\\\/vadevela.com\\\/wp-content\\\/uploads\\\/2022\\\/09\\\/whatsapp_4.png\"},{\"@type\":\"BreadcrumbList\",\"@id\":\"https:\\\/\\\/vadevela.com\\\/fr\\\/activites-de-voile-pour-entreprises\\\/#breadcrumb\",\"itemListElement\":[{\"@type\":\"ListItem\",\"position\":1,\"name\":\"Inici\",\"item\":\"https:\\\/\\\/vadevela.com\\\/fr\\\/\"},{\"@type\":\"ListItem\",\"position\":2,\"name\":\"Activit\u00e9s de voile pour entreprises\"}]},{\"@type\":\"WebSite\",\"@id\":\"https:\\\/\\\/vadevela.com\\\/fr\\\/#website\",\"url\":\"https:\\\/\\\/vadevela.com\\\/fr\\\/\",\"name\":\"Vadevela\",\"description\":\"Lloguer de velers - Alquiler de veleros - Sailboat rental &amp; charter\",\"publisher\":{\"@id\":\"https:\\\/\\\/vadevela.com\\\/fr\\\/#organization\"},\"potentialAction\":[{\"@type\":\"SearchAction\",\"target\":{\"@type\":\"EntryPoint\",\"urlTemplate\":\"https:\\\/\\\/vadevela.com\\\/fr\\\/?s={search_term_string}\"},\"query-input\":{\"@type\":\"PropertyValueSpecification\",\"valueRequired\":true,\"valueName\":\"search_term_string\"}}],\"inLanguage\":\"fr-FR\"},{\"@type\":\"Organization\",\"@id\":\"https:\\\/\\\/vadevela.com\\\/fr\\\/#organization\",\"name\":\"Vadevela\",\"url\":\"https:\\\/\\\/vadevela.com\\\/fr\\\/\",\"logo\":{\"@type\":\"ImageObject\",\"inLanguage\":\"fr-FR\",\"@id\":\"https:\\\/\\\/vadevela.com\\\/fr\\\/#\\\/schema\\\/logo\\\/image\\\/\",\"url\":\"https:\\\/\\\/vadevela.com\\\/wp-content\\\/uploads\\\/2022\\\/09\\\/logo_vadevela_b_2.png\",\"contentUrl\":\"https:\\\/\\\/vadevela.com\\\/wp-content\\\/uploads\\\/2022\\\/09\\\/logo_vadevela_b_2.png\",\"width\":300,\"height\":59,\"caption\":\"Vadevela\"},\"image\":{\"@id\":\"https:\\\/\\\/vadevela.com\\\/fr\\\/#\\\/schema\\\/logo\\\/image\\\/\"},\"sameAs\":[\"https:\\\/\\\/www.facebook.com\\\/profile.php?id=100066870703106\",\"https:\\\/\\\/www.youtube.com\\\/user\\\/vadevela1\\\/videos\"]}]}<\/script>\n<!-- \/ Yoast SEO plugin. -->","yoast_head_json":{"title":"Activit\u00e9s de voile pour entreprises - Vadevela","description":"Nous organisons des activit\u00e9s de voile pour les entreprises, afin de favoriser la confiance et le travail d'\u00e9quipe. La voile encourage le travail d\u2019\u00e9quipe.","robots":{"index":"index","follow":"follow","max-snippet":"max-snippet:-1","max-image-preview":"max-image-preview:large","max-video-preview":"max-video-preview:-1"},"canonical":"https:\/\/vadevela.com\/fr\/activites-de-voile-pour-entreprises\/","og_locale":"fr_FR","og_type":"article","og_title":"Activit\u00e9s de voile pour entreprises - Vadevela","og_description":"Nous organisons des activit\u00e9s de voile pour les entreprises, afin de favoriser la confiance et le travail d'\u00e9quipe. La voile encourage le travail d\u2019\u00e9quipe.","og_url":"https:\/\/vadevela.com\/fr\/activites-de-voile-pour-entreprises\/","og_site_name":"Vadevela","article_publisher":"https:\/\/www.facebook.com\/profile.php?id=100066870703106","article_modified_time":"2026-03-31T11:30:32+00:00","og_image":[{"url":"http:\/\/vadevela.com\/wp-content\/uploads\/2022\/09\/whatsapp_4.png","type":"","width":"","height":""}],"twitter_card":"summary_large_image","twitter_misc":{"Dur\u00e9e de lecture estim\u00e9e":"2 minutes"},"schema":{"@context":"https:\/\/schema.org","@graph":[{"@type":"WebPage","@id":"https:\/\/vadevela.com\/fr\/activites-de-voile-pour-entreprises\/","url":"https:\/\/vadevela.com\/fr\/activites-de-voile-pour-entreprises\/","name":"Activit\u00e9s de voile pour entreprises - Vadevela","isPartOf":{"@id":"https:\/\/vadevela.com\/fr\/#website"},"primaryImageOfPage":{"@id":"https:\/\/vadevela.com\/fr\/activites-de-voile-pour-entreprises\/#primaryimage"},"image":{"@id":"https:\/\/vadevela.com\/fr\/activites-de-voile-pour-entreprises\/#primaryimage"},"thumbnailUrl":"http:\/\/vadevela.com\/wp-content\/uploads\/2022\/09\/whatsapp_4.png","datePublished":"2022-09-14T09:40:26+00:00","dateModified":"2026-03-31T11:30:32+00:00","description":"Nous organisons des activit\u00e9s de voile pour les entreprises, afin de favoriser la confiance et le travail d'\u00e9quipe. La voile encourage le travail d\u2019\u00e9quipe.","breadcrumb":{"@id":"https:\/\/vadevela.com\/fr\/activites-de-voile-pour-entreprises\/#breadcrumb"},"inLanguage":"fr-FR","potentialAction":[{"@type":"ReadAction","target":["https:\/\/vadevela.com\/fr\/activites-de-voile-pour-entreprises\/"]}]},{"@type":"ImageObject","inLanguage":"fr-FR","@id":"https:\/\/vadevela.com\/fr\/activites-de-voile-pour-entreprises\/#primaryimage","url":"http:\/\/vadevela.com\/wp-content\/uploads\/2022\/09\/whatsapp_4.png","contentUrl":"http:\/\/vadevela.com\/wp-content\/uploads\/2022\/09\/whatsapp_4.png"},{"@type":"BreadcrumbList","@id":"https:\/\/vadevela.com\/fr\/activites-de-voile-pour-entreprises\/#breadcrumb","itemListElement":[{"@type":"ListItem","position":1,"name":"Inici","item":"https:\/\/vadevela.com\/fr\/"},{"@type":"ListItem","position":2,"name":"Activit\u00e9s de voile pour entreprises"}]},{"@type":"WebSite","@id":"https:\/\/vadevela.com\/fr\/#website","url":"https:\/\/vadevela.com\/fr\/","name":"Vadevela","description":"Lloguer de velers - Alquiler de veleros - Sailboat rental &amp; charter","publisher":{"@id":"https:\/\/vadevela.com\/fr\/#organization"},"potentialAction":[{"@type":"SearchAction","target":{"@type":"EntryPoint","urlTemplate":"https:\/\/vadevela.com\/fr\/?s={search_term_string}"},"query-input":{"@type":"PropertyValueSpecification","valueRequired":true,"valueName":"search_term_string"}}],"inLanguage":"fr-FR"},{"@type":"Organization","@id":"https:\/\/vadevela.com\/fr\/#organization","name":"Vadevela","url":"https:\/\/vadevela.com\/fr\/","logo":{"@type":"ImageObject","inLanguage":"fr-FR","@id":"https:\/\/vadevela.com\/fr\/#\/schema\/logo\/image\/","url":"https:\/\/vadevela.com\/wp-content\/uploads\/2022\/09\/logo_vadevela_b_2.png","contentUrl":"https:\/\/vadevela.com\/wp-content\/uploads\/2022\/09\/logo_vadevela_b_2.png","width":300,"height":59,"caption":"Vadevela"},"image":{"@id":"https:\/\/vadevela.com\/fr\/#\/schema\/logo\/image\/"},"sameAs":["https:\/\/www.facebook.com\/profile.php?id=100066870703106","https:\/\/www.youtube.com\/user\/vadevela1\/videos"]}]}},"_links":{"self":[{"href":"https:\/\/vadevela.com\/fr\/wp-json\/wp\/v2\/pages\/7295","targetHints":{"allow":["GET"]}}],"collection":[{"href":"https:\/\/vadevela.com\/fr\/wp-json\/wp\/v2\/pages"}],"about":[{"href":"https:\/\/vadevela.com\/fr\/wp-json\/wp\/v2\/types\/page"}],"author":[{"embeddable":true,"href":"https:\/\/vadevela.com\/fr\/wp-json\/wp\/v2\/users\/1"}],"replies":[{"embeddable":true,"href":"https:\/\/vadevela.com\/fr\/wp-json\/wp\/v2\/comments?post=7295"}],"version-history":[{"count":4,"href":"https:\/\/vadevela.com\/fr\/wp-json\/wp\/v2\/pages\/7295\/revisions"}],"predecessor-version":[{"id":7727,"href":"https:\/\/vadevela.com\/fr\/wp-json\/wp\/v2\/pages\/7295\/revisions\/7727"}],"wp:attachment":[{"href":"https:\/\/vadevela.com\/fr\/wp-json\/wp\/v2\/media?parent=7295"}],"curies":[{"name":"wp","href":"https:\/\/api.w.org\/{rel}","templated":true}]}}