{"id":7301,"date":"2022-09-14T11:52:35","date_gmt":"2022-09-14T09:52:35","guid":{"rendered":"https:\/\/vadevela.com\/val-regal-vadevela\/"},"modified":"2026-03-31T13:34:00","modified_gmt":"2026-03-31T11:34:00","slug":"cheque-cadeau-vadevela","status":"publish","type":"page","link":"https:\/\/vadevela.com\/fr\/cheque-cadeau-vadevela\/","title":{"rendered":"Ch\u00e8que-cadeau Vadevela"},"content":{"rendered":"<div class=\"wpb-content-wrapper\"><p>[vc_row header_feature=\u00a0\u00bbyes\u00a0\u00bb padding_top=\u00a0\u00bb35&Prime;][vc_column]<div class=\"grve-element grve-slogan grve-align-center\" style=\"\"><h4 class=\"grve-slogan-title grve-align-center grve-title-line\"><span>DONNEZ DES SENSATIONS EN VOILE \u00c0 PALAM\u00d3S ET SUR LA COSTA BRAVA. SOIR\u00c9ES AU BAIN. ANNIVERSAIRES.<\/span><\/h4>  <p class=\"\"><\/p><\/div>[\/vc_column][\/vc_row][vc_row][vc_column width=\u00a0\u00bb1\/3&Prime;]<div class=\"grve-element grve-carousel-wrapper\"  style=\" \"><div class=\"grve-carousel-navigation grve-light\" data-navigation-type=\"1\">\t<div class=\"grve-carousel-buttons\">\t\t<div class=\"grve-carousel-prev grve-icon-nav-left\"><\/div>\t\t<div class=\"grve-carousel-next grve-icon-nav-right\"><\/div>\t<\/div><\/div><div class=\"grve-slider grve-carousel-element \" data-slider-speed=\"3500\" data-slider-pause=\"no\" data-navigation-type=\"1\" data-slider-autoplay=\"yes\" data-slider-autoheight=\"no\"><div class=\"grve-slider-item\">\t<figure class=\"grve-image-hover grve-zoom-in\">\t\t<div class=\"grve-media grve-dark-overlay grve-opacity-60\"><img loading=\"lazy\" decoding=\"async\" width=\"560\" height=\"560\" src=\"https:\/\/vadevela.com\/wp-content\/uploads\/2022\/09\/53g-560x560.jpg\" class=\"attachment-grve-image-small-square size-grve-image-small-square\" alt=\"Grup d&#039;amics disfrutant del val regal de Vadevela a un veler de la Costa Brava\" srcset=\"https:\/\/vadevela.com\/wp-content\/uploads\/2022\/09\/53g-560x560.jpg 560w, https:\/\/vadevela.com\/wp-content\/uploads\/2022\/09\/53g-150x150.jpg 150w, https:\/\/vadevela.com\/wp-content\/uploads\/2022\/09\/53g-80x80.jpg 80w, https:\/\/vadevela.com\/wp-content\/uploads\/2022\/09\/53g-300x300.jpg 300w, https:\/\/vadevela.com\/wp-content\/uploads\/2022\/09\/53g-100x100.jpg 100w\" sizes=\"auto, (max-width: 560px) 100vw, 560px\" \/>\t\t<\/div><figcaption><\/figcaption>\t<\/figure><\/div><div class=\"grve-slider-item\">\t<figure class=\"grve-image-hover grve-zoom-in\">\t\t<div class=\"grve-media grve-dark-overlay grve-opacity-60\"><img loading=\"lazy\" decoding=\"async\" width=\"560\" height=\"560\" src=\"https:\/\/vadevela.com\/wp-content\/uploads\/2022\/09\/61g-560x560.jpg\" class=\"attachment-grve-image-small-square size-grve-image-small-square\" alt=\"Grup d&#039;amics gaudint d&#039;un veler de Vadevela i saludant a c\u00e0mera\" srcset=\"https:\/\/vadevela.com\/wp-content\/uploads\/2022\/09\/61g-560x560.jpg 560w, https:\/\/vadevela.com\/wp-content\/uploads\/2022\/09\/61g-150x150.jpg 150w, https:\/\/vadevela.com\/wp-content\/uploads\/2022\/09\/61g-80x80.jpg 80w, https:\/\/vadevela.com\/wp-content\/uploads\/2022\/09\/61g-300x300.jpg 300w, https:\/\/vadevela.com\/wp-content\/uploads\/2022\/09\/61g-100x100.jpg 100w\" sizes=\"auto, (max-width: 560px) 100vw, 560px\" \/>\t\t<\/div><figcaption><\/figcaption>\t<\/figure><\/div>\t<\/div><\/div>[\/vc_column][vc_column width=\u00a0\u00bb2\/3&Prime;][vc_column_text css=\u00a0\u00bb\u00a0\u00bb text_style=\u00a0\u00bbsubtitle\u00a0\u00bb]Si vous voulez \u00eatre original, vous pouvez faire un cadeau diff\u00e9rent et en profiter avec qui vous voulez. Nous pouvons adapter le \u00ab Ch\u00e8que Cadeau \u00bb aux caract\u00e9ristiques et aux besoins du groupe.<\/p>\n<p>OFFREZ LE CADEAU DES SENSATIONS !<\/p>\n<p>Nous vous envoyons le \u00ab Bon Cadeau \u00bb afin que vous puissiez l&rsquo;offrir \u00e0 la ou aux personnes que vous souhaitez, le jour que vous souhaitez. Inscrivez-vous pour la meilleure fa\u00e7on de naviguer. Venez ressentir la mer et entrez dans un monde de sensations nouvelles. Nous naviguons en voilier \u00e0 travers la baie de Palam\u00f3s, s&rsquo;Alguer, Cala Castell ou Illes Formigues. (Vous pourrez participer et apprendre les man\u0153uvres du voilier).<\/p>\n<p>Nos sorties sont adapt\u00e9es \u00e0 tous les \u00e2ges. Contactez-nous, nous configurerons le bon cadeau et r\u00e9serverons la date. Nous vous enverrons un \u00ab Bon Cadeau \u00bb afin que vous puissiez l&rsquo;offrir \u00e0 la ou aux personnes de votre choix.<\/p>\n<p>Cadeaux id\u00e9aux avec un voilier \u00e0 partager : Enterrement de vie de jeune fille ou de gar\u00e7on avec un voilier, anniversaire avec un bateau, d\u00e9tente dans la baie&#8230;<\/p>\n<p>LE VOILIER EST LE SUN ODYSSEY 40.<\/p>\n<p>Caract\u00e9ristiques : Voilier de 12 m\u00e8tres des chantiers JEANNEAU, enti\u00e8rement \u00e9quip\u00e9 pour offrir un s\u00e9jour confortable.<br \/>\nCapacit\u00e9 : 11 personnes en sorties d&rsquo;une journ\u00e9e et 6 \u00e0 8 personnes en sorties de plus d&rsquo;une journ\u00e9e. Trois cabines doubles plus deux lits superpos\u00e9s et deux salles de bain.<br \/>\nExtras inclus : parasol, capuche, \u00e9quipement de plong\u00e9e, paddle surf et skipper.<br \/>\nLocalisation : Marina de Palam\u00f3s.<\/p>\n<p>Prix \u200b\u200bde location de voilier avec skipper :<\/p>\n<p>D\u00e9jeuner de 11h \u00e0 14h et de 15h30 \u00e0 18h30 : <strong>440 \u20ac<\/strong>.<\/p>\n<p>D\u00e9jeuner de 10h \u00e0 14h ou de 15h30 \u00e0 19h30 : <strong>540 \u20ac<\/strong>.<\/p>\n<p>Jour de d\u00e9part de 11h \u00e0 17h : <strong>850 \u20ac<\/strong>.<\/p>\n<p>Jour de d\u00e9part de 11h \u00e0 18h :<strong> 950 \u20ac<\/strong>.<\/p>\n<p>Comprend : Assurance, amarrage au port de base, skipper.Aucun d\u00e9p\u00f4t de garantie n&rsquo;est requis.<\/p>\n<p>Demander plus d&rsquo;informations : \u00a0<a href=\"https:\/\/api.whatsapp.com\/send?phone=645880096\"><img loading=\"lazy\" decoding=\"async\" class=\"alignnone size-full wp-image-4662\" src=\"http:\/\/vadevela.com\/wp-content\/uploads\/2022\/09\/whatsapp_4.png\" alt=\"\" width=\"44\" height=\"44\" \/><\/a>[\/vc_column_text][\/vc_column][\/vc_row]<\/p>\n<\/div>","protected":false},"excerpt":{"rendered":"<p>[vc_row header_feature=\u00a0\u00bbyes\u00a0\u00bb padding_top=\u00a0\u00bb35&Prime;][vc_column][\/vc_column][\/vc_row][vc_row][vc_column width=\u00a0\u00bb1\/3&Prime;][\/vc_column][vc_column width=\u00a0\u00bb2\/3&Prime;][vc_column_text css=\u00a0\u00bb\u00a0\u00bb text_style=\u00a0\u00bbsubtitle\u00a0\u00bb]Si vous voulez \u00eatre original, vous pouvez faire un cadeau diff\u00e9rent et en profiter avec qui vous voulez. Nous pouvons adapter le \u00ab Ch\u00e8que Cadeau \u00bb aux caract\u00e9ristiques et aux besoins du groupe. OFFREZ LE CADEAU DES SENSATIONS ! Nous vous envoyons le \u00ab Bon Cadeau \u00bb afin que [&hellip;]<\/p>\n","protected":false},"author":1,"featured_media":0,"parent":0,"menu_order":0,"comment_status":"closed","ping_status":"closed","template":"","meta":{"footnotes":""},"class_list":["post-7301","page","type-page","status-publish","hentry"],"yoast_head":"<!-- This site is optimized with the Yoast SEO plugin v27.3 - https:\/\/yoast.com\/product\/yoast-seo-wordpress\/ -->\n<title>Ch\u00e8que-cadeau Vadevela - Vadevela<\/title>\n<meta name=\"description\" content=\"Offrez le cadeau de sensations de navigation autour de Palam\u00f3s et de la Costa Brava. Nous vous envoyons le \u00ab Bon Cadeau \u00bb afin que vous puissiez l&#039;offrir \u00e0 la ou aux personnes de votre choix.\" \/>\n<meta name=\"robots\" content=\"index, follow, max-snippet:-1, max-image-preview:large, max-video-preview:-1\" \/>\n<link rel=\"canonical\" href=\"https:\/\/vadevela.com\/fr\/cheque-cadeau-vadevela\/\" \/>\n<meta property=\"og:locale\" content=\"fr_FR\" \/>\n<meta property=\"og:type\" content=\"article\" \/>\n<meta property=\"og:title\" content=\"Ch\u00e8que-cadeau Vadevela - Vadevela\" \/>\n<meta property=\"og:description\" content=\"Offrez le cadeau de sensations de navigation autour de Palam\u00f3s et de la Costa Brava. Nous vous envoyons le \u00ab Bon Cadeau \u00bb afin que vous puissiez l&#039;offrir \u00e0 la ou aux personnes de votre choix.\" \/>\n<meta property=\"og:url\" content=\"https:\/\/vadevela.com\/fr\/cheque-cadeau-vadevela\/\" \/>\n<meta property=\"og:site_name\" content=\"Vadevela\" \/>\n<meta property=\"article:publisher\" content=\"https:\/\/www.facebook.com\/profile.php?id=100066870703106\" \/>\n<meta property=\"article:modified_time\" content=\"2026-03-31T11:34:00+00:00\" \/>\n<meta property=\"og:image\" content=\"http:\/\/vadevela.com\/wp-content\/uploads\/2022\/09\/whatsapp_4.png\" \/>\n<meta name=\"twitter:card\" content=\"summary_large_image\" \/>\n<meta name=\"twitter:label1\" content=\"Dur\u00e9e de lecture estim\u00e9e\" \/>\n\t<meta name=\"twitter:data1\" content=\"3 minutes\" \/>\n<script type=\"application\/ld+json\" class=\"yoast-schema-graph\">{\"@context\":\"https:\\\/\\\/schema.org\",\"@graph\":[{\"@type\":\"WebPage\",\"@id\":\"https:\\\/\\\/vadevela.com\\\/fr\\\/cheque-cadeau-vadevela\\\/\",\"url\":\"https:\\\/\\\/vadevela.com\\\/fr\\\/cheque-cadeau-vadevela\\\/\",\"name\":\"Ch\u00e8que-cadeau Vadevela - Vadevela\",\"isPartOf\":{\"@id\":\"https:\\\/\\\/vadevela.com\\\/fr\\\/#website\"},\"primaryImageOfPage\":{\"@id\":\"https:\\\/\\\/vadevela.com\\\/fr\\\/cheque-cadeau-vadevela\\\/#primaryimage\"},\"image\":{\"@id\":\"https:\\\/\\\/vadevela.com\\\/fr\\\/cheque-cadeau-vadevela\\\/#primaryimage\"},\"thumbnailUrl\":\"http:\\\/\\\/vadevela.com\\\/wp-content\\\/uploads\\\/2022\\\/09\\\/whatsapp_4.png\",\"datePublished\":\"2022-09-14T09:52:35+00:00\",\"dateModified\":\"2026-03-31T11:34:00+00:00\",\"description\":\"Offrez le cadeau de sensations de navigation autour de Palam\u00f3s et de la Costa Brava. Nous vous envoyons le \u00ab Bon Cadeau \u00bb afin que vous puissiez l'offrir \u00e0 la ou aux personnes de votre choix.\",\"breadcrumb\":{\"@id\":\"https:\\\/\\\/vadevela.com\\\/fr\\\/cheque-cadeau-vadevela\\\/#breadcrumb\"},\"inLanguage\":\"fr-FR\",\"potentialAction\":[{\"@type\":\"ReadAction\",\"target\":[\"https:\\\/\\\/vadevela.com\\\/fr\\\/cheque-cadeau-vadevela\\\/\"]}]},{\"@type\":\"ImageObject\",\"inLanguage\":\"fr-FR\",\"@id\":\"https:\\\/\\\/vadevela.com\\\/fr\\\/cheque-cadeau-vadevela\\\/#primaryimage\",\"url\":\"http:\\\/\\\/vadevela.com\\\/wp-content\\\/uploads\\\/2022\\\/09\\\/whatsapp_4.png\",\"contentUrl\":\"http:\\\/\\\/vadevela.com\\\/wp-content\\\/uploads\\\/2022\\\/09\\\/whatsapp_4.png\"},{\"@type\":\"BreadcrumbList\",\"@id\":\"https:\\\/\\\/vadevela.com\\\/fr\\\/cheque-cadeau-vadevela\\\/#breadcrumb\",\"itemListElement\":[{\"@type\":\"ListItem\",\"position\":1,\"name\":\"Inici\",\"item\":\"https:\\\/\\\/vadevela.com\\\/fr\\\/\"},{\"@type\":\"ListItem\",\"position\":2,\"name\":\"Ch\u00e8que-cadeau Vadevela\"}]},{\"@type\":\"WebSite\",\"@id\":\"https:\\\/\\\/vadevela.com\\\/fr\\\/#website\",\"url\":\"https:\\\/\\\/vadevela.com\\\/fr\\\/\",\"name\":\"Vadevela\",\"description\":\"Lloguer de velers - Alquiler de veleros - Sailboat rental &amp; charter\",\"publisher\":{\"@id\":\"https:\\\/\\\/vadevela.com\\\/fr\\\/#organization\"},\"potentialAction\":[{\"@type\":\"SearchAction\",\"target\":{\"@type\":\"EntryPoint\",\"urlTemplate\":\"https:\\\/\\\/vadevela.com\\\/fr\\\/?s={search_term_string}\"},\"query-input\":{\"@type\":\"PropertyValueSpecification\",\"valueRequired\":true,\"valueName\":\"search_term_string\"}}],\"inLanguage\":\"fr-FR\"},{\"@type\":\"Organization\",\"@id\":\"https:\\\/\\\/vadevela.com\\\/fr\\\/#organization\",\"name\":\"Vadevela\",\"url\":\"https:\\\/\\\/vadevela.com\\\/fr\\\/\",\"logo\":{\"@type\":\"ImageObject\",\"inLanguage\":\"fr-FR\",\"@id\":\"https:\\\/\\\/vadevela.com\\\/fr\\\/#\\\/schema\\\/logo\\\/image\\\/\",\"url\":\"https:\\\/\\\/vadevela.com\\\/wp-content\\\/uploads\\\/2022\\\/09\\\/logo_vadevela_b_2.png\",\"contentUrl\":\"https:\\\/\\\/vadevela.com\\\/wp-content\\\/uploads\\\/2022\\\/09\\\/logo_vadevela_b_2.png\",\"width\":300,\"height\":59,\"caption\":\"Vadevela\"},\"image\":{\"@id\":\"https:\\\/\\\/vadevela.com\\\/fr\\\/#\\\/schema\\\/logo\\\/image\\\/\"},\"sameAs\":[\"https:\\\/\\\/www.facebook.com\\\/profile.php?id=100066870703106\",\"https:\\\/\\\/www.youtube.com\\\/user\\\/vadevela1\\\/videos\"]}]}<\/script>\n<!-- \/ Yoast SEO plugin. -->","yoast_head_json":{"title":"Ch\u00e8que-cadeau Vadevela - Vadevela","description":"Offrez le cadeau de sensations de navigation autour de Palam\u00f3s et de la Costa Brava. Nous vous envoyons le \u00ab Bon Cadeau \u00bb afin que vous puissiez l'offrir \u00e0 la ou aux personnes de votre choix.","robots":{"index":"index","follow":"follow","max-snippet":"max-snippet:-1","max-image-preview":"max-image-preview:large","max-video-preview":"max-video-preview:-1"},"canonical":"https:\/\/vadevela.com\/fr\/cheque-cadeau-vadevela\/","og_locale":"fr_FR","og_type":"article","og_title":"Ch\u00e8que-cadeau Vadevela - Vadevela","og_description":"Offrez le cadeau de sensations de navigation autour de Palam\u00f3s et de la Costa Brava. Nous vous envoyons le \u00ab Bon Cadeau \u00bb afin que vous puissiez l'offrir \u00e0 la ou aux personnes de votre choix.","og_url":"https:\/\/vadevela.com\/fr\/cheque-cadeau-vadevela\/","og_site_name":"Vadevela","article_publisher":"https:\/\/www.facebook.com\/profile.php?id=100066870703106","article_modified_time":"2026-03-31T11:34:00+00:00","og_image":[{"url":"http:\/\/vadevela.com\/wp-content\/uploads\/2022\/09\/whatsapp_4.png","type":"","width":"","height":""}],"twitter_card":"summary_large_image","twitter_misc":{"Dur\u00e9e de lecture estim\u00e9e":"3 minutes"},"schema":{"@context":"https:\/\/schema.org","@graph":[{"@type":"WebPage","@id":"https:\/\/vadevela.com\/fr\/cheque-cadeau-vadevela\/","url":"https:\/\/vadevela.com\/fr\/cheque-cadeau-vadevela\/","name":"Ch\u00e8que-cadeau Vadevela - Vadevela","isPartOf":{"@id":"https:\/\/vadevela.com\/fr\/#website"},"primaryImageOfPage":{"@id":"https:\/\/vadevela.com\/fr\/cheque-cadeau-vadevela\/#primaryimage"},"image":{"@id":"https:\/\/vadevela.com\/fr\/cheque-cadeau-vadevela\/#primaryimage"},"thumbnailUrl":"http:\/\/vadevela.com\/wp-content\/uploads\/2022\/09\/whatsapp_4.png","datePublished":"2022-09-14T09:52:35+00:00","dateModified":"2026-03-31T11:34:00+00:00","description":"Offrez le cadeau de sensations de navigation autour de Palam\u00f3s et de la Costa Brava. Nous vous envoyons le \u00ab Bon Cadeau \u00bb afin que vous puissiez l'offrir \u00e0 la ou aux personnes de votre choix.","breadcrumb":{"@id":"https:\/\/vadevela.com\/fr\/cheque-cadeau-vadevela\/#breadcrumb"},"inLanguage":"fr-FR","potentialAction":[{"@type":"ReadAction","target":["https:\/\/vadevela.com\/fr\/cheque-cadeau-vadevela\/"]}]},{"@type":"ImageObject","inLanguage":"fr-FR","@id":"https:\/\/vadevela.com\/fr\/cheque-cadeau-vadevela\/#primaryimage","url":"http:\/\/vadevela.com\/wp-content\/uploads\/2022\/09\/whatsapp_4.png","contentUrl":"http:\/\/vadevela.com\/wp-content\/uploads\/2022\/09\/whatsapp_4.png"},{"@type":"BreadcrumbList","@id":"https:\/\/vadevela.com\/fr\/cheque-cadeau-vadevela\/#breadcrumb","itemListElement":[{"@type":"ListItem","position":1,"name":"Inici","item":"https:\/\/vadevela.com\/fr\/"},{"@type":"ListItem","position":2,"name":"Ch\u00e8que-cadeau Vadevela"}]},{"@type":"WebSite","@id":"https:\/\/vadevela.com\/fr\/#website","url":"https:\/\/vadevela.com\/fr\/","name":"Vadevela","description":"Lloguer de velers - Alquiler de veleros - Sailboat rental &amp; charter","publisher":{"@id":"https:\/\/vadevela.com\/fr\/#organization"},"potentialAction":[{"@type":"SearchAction","target":{"@type":"EntryPoint","urlTemplate":"https:\/\/vadevela.com\/fr\/?s={search_term_string}"},"query-input":{"@type":"PropertyValueSpecification","valueRequired":true,"valueName":"search_term_string"}}],"inLanguage":"fr-FR"},{"@type":"Organization","@id":"https:\/\/vadevela.com\/fr\/#organization","name":"Vadevela","url":"https:\/\/vadevela.com\/fr\/","logo":{"@type":"ImageObject","inLanguage":"fr-FR","@id":"https:\/\/vadevela.com\/fr\/#\/schema\/logo\/image\/","url":"https:\/\/vadevela.com\/wp-content\/uploads\/2022\/09\/logo_vadevela_b_2.png","contentUrl":"https:\/\/vadevela.com\/wp-content\/uploads\/2022\/09\/logo_vadevela_b_2.png","width":300,"height":59,"caption":"Vadevela"},"image":{"@id":"https:\/\/vadevela.com\/fr\/#\/schema\/logo\/image\/"},"sameAs":["https:\/\/www.facebook.com\/profile.php?id=100066870703106","https:\/\/www.youtube.com\/user\/vadevela1\/videos"]}]}},"_links":{"self":[{"href":"https:\/\/vadevela.com\/fr\/wp-json\/wp\/v2\/pages\/7301","targetHints":{"allow":["GET"]}}],"collection":[{"href":"https:\/\/vadevela.com\/fr\/wp-json\/wp\/v2\/pages"}],"about":[{"href":"https:\/\/vadevela.com\/fr\/wp-json\/wp\/v2\/types\/page"}],"author":[{"embeddable":true,"href":"https:\/\/vadevela.com\/fr\/wp-json\/wp\/v2\/users\/1"}],"replies":[{"embeddable":true,"href":"https:\/\/vadevela.com\/fr\/wp-json\/wp\/v2\/comments?post=7301"}],"version-history":[{"count":5,"href":"https:\/\/vadevela.com\/fr\/wp-json\/wp\/v2\/pages\/7301\/revisions"}],"predecessor-version":[{"id":7729,"href":"https:\/\/vadevela.com\/fr\/wp-json\/wp\/v2\/pages\/7301\/revisions\/7729"}],"wp:attachment":[{"href":"https:\/\/vadevela.com\/fr\/wp-json\/wp\/v2\/media?parent=7301"}],"curies":[{"name":"wp","href":"https:\/\/api.w.org\/{rel}","templated":true}]}}