{"id":7314,"date":"2022-09-05T19:16:39","date_gmt":"2022-09-05T17:16:39","guid":{"rendered":"https:\/\/vadevela.com\/experiencies-en-veler-palamos-costa-brava\/"},"modified":"2025-03-06T10:47:02","modified_gmt":"2025-03-06T08:47:02","slug":"experiences-de-navigation-palamos-costa-brava","status":"publish","type":"page","link":"https:\/\/vadevela.com\/fr\/experiences-de-navigation-palamos-costa-brava\/","title":{"rendered":"Exp\u00e9riences de navigation"},"content":{"rendered":"<div class=\"wpb-content-wrapper\"><p>[vc_row header_feature=\u00a0\u00bbyes\u00a0\u00bb padding_top=\u00a0\u00bb35&Prime;][vc_column]<div class=\"grve-element grve-slogan grve-align-center\" style=\"\"><div class=\"grve-subtitle\">LOCATION DE VOILIER AVEC SKIPPER \u00c0 PALAM\u00d3S\/COSTA BRAVA<\/div><h4 class=\"grve-slogan-title grve-align-center grve-title-line\"><span>EXCURSIONS EN VOILE \u00c0 PALAM\u00d3S ET COSTA BRAVA, ANNIVERSAIRES AVEC VOILIER, EXCURSIONS D'UNE JOURN\u00c9E EN VOILE AU D\u00c9PART DE PALAM\u00d3S\/COSTA BRAVA<\/span><\/h4>  <p class=\"\"><\/p><\/div>[vc_column_text css=\u00a0\u00bb\u00a0\u00bb text_style=\u00a0\u00bbleader-text\u00a0\u00bb]<\/p>\n<p style=\"text-align: center;\">Location de voiliers Palam\u00f3s et Costa Brava<\/p>\n<p>[\/vc_column_text][\/vc_column][\/vc_row][vc_row padding_top=\u00a0\u00bb35&Prime;][vc_column width=\u00a0\u00bb1\/3&Prime;]<div class=\"grve-element grve-box grve-align-center grve-animated-item grve-fadeInUp\" style=\"\" data-delay=\"200\"><div class=\"grve-media\"><img loading=\"lazy\" decoding=\"async\" width=\"500\" height=\"375\" src=\"https:\/\/vadevela.com\/wp-content\/uploads\/2022\/09\/157g.jpg\" class=\"attachment-full size-full\" alt=\"Grupo de amigos disfrutando de la Costa Brava en un velero al mediod\u00eda\" srcset=\"https:\/\/vadevela.com\/wp-content\/uploads\/2022\/09\/157g.jpg 500w, https:\/\/vadevela.com\/wp-content\/uploads\/2022\/09\/157g-300x225.jpg 300w\" sizes=\"auto, (max-width: 500px) 100vw, 500px\" \/><\/div>  <div class=\"grve-box-content\">    <a href=\"https:\/\/vadevela.com\/fr\/excursions-en-voilier-a-palamos\/\" target=\"_self\"><h5 class=\"grve-box-title\"><span>LOCATION DE VOILIER \u00c0 PALAM\u00d3S\/COSTA BRAVA<\/span><\/h5>    <\/a>    <p>Si vous envisagez une exp\u00e9rience diff\u00e9rente, vous ne pouvez pas manquer de monter \u00e0 bord de notre voilier \u00e0 louer avec skipper depuis Palam\u00f3s pour profiter du meilleur paysage maritime&#8230;<br \/>\nD\u00e9parts depuis le Port Marina Palam\u00f3s \/ Costa Brava.<\/p>    <a href=\"https:\/\/vadevela.com\/fr\/excursions-en-voilier-a-palamos\/\" target=\"_self\" class=\"grve-read-more\">Plus d'infos<\/a>  <\/div><\/div>[\/vc_column][vc_column width=\u00a0\u00bb1\/3&Prime;]<div class=\"grve-element grve-box grve-align-center grve-animated-item grve-fadeInUp\" style=\"\" data-delay=\"200\"><div class=\"grve-media\"><img loading=\"lazy\" decoding=\"async\" width=\"800\" height=\"600\" src=\"https:\/\/vadevela.com\/wp-content\/uploads\/2022\/09\/58g-1.jpg\" class=\"attachment-full size-full\" alt=\"Posta de sol en veler a les cales de Palam\u00f3s\" srcset=\"https:\/\/vadevela.com\/wp-content\/uploads\/2022\/09\/58g-1.jpg 800w, https:\/\/vadevela.com\/wp-content\/uploads\/2022\/09\/58g-1-300x225.jpg 300w, https:\/\/vadevela.com\/wp-content\/uploads\/2022\/09\/58g-1-768x576.jpg 768w, https:\/\/vadevela.com\/wp-content\/uploads\/2022\/09\/58g-1-600x450.jpg 600w\" sizes=\"auto, (max-width: 800px) 100vw, 800px\" \/><\/div>  <div class=\"grve-box-content\">    <a href=\"https:\/\/vadevela.com\/fr\/coucher-de-soleil-sur-un-voilier-a-palamos\/\" target=\"_self\"><h5 class=\"grve-box-title\"><span>COUCHER DE SOLEIL SUR LE VOILIER CALES DE PALAM\u00d3S<\/span><\/h5>    <\/a>    <p>Naviguer au coucher du soleil est une exp\u00e9rience que vous n&rsquo;oublierez pas si vous envisagez de partager des moments privil\u00e9gi\u00e9s&#8230;<br \/>\nD\u00e9parts depuis le Port Marina Palam\u00f3s \/ Costa Brava.<\/p>    <a href=\"https:\/\/vadevela.com\/fr\/coucher-de-soleil-sur-un-voilier-a-palamos\/\" target=\"_self\" class=\"grve-read-more\">Plus d'infos<\/a>  <\/div><\/div>[\/vc_column][vc_column width=\u00a0\u00bb1\/3&Prime;]<div class=\"grve-element grve-box grve-align-center grve-animated-item grve-fadeInUp\" style=\"\" data-delay=\"200\"><div class=\"grve-media\"><img loading=\"lazy\" decoding=\"async\" width=\"800\" height=\"600\" src=\"https:\/\/vadevela.com\/wp-content\/uploads\/2022\/09\/59g.jpg\" class=\"attachment-full size-full\" alt=\"Grupo de amigos que han alquilado el velero por un d\u00eda en Palam\u00f3s, Costa Brava\" srcset=\"https:\/\/vadevela.com\/wp-content\/uploads\/2022\/09\/59g.jpg 800w, https:\/\/vadevela.com\/wp-content\/uploads\/2022\/09\/59g-300x225.jpg 300w, https:\/\/vadevela.com\/wp-content\/uploads\/2022\/09\/59g-768x576.jpg 768w, https:\/\/vadevela.com\/wp-content\/uploads\/2022\/09\/59g-600x450.jpg 600w\" sizes=\"auto, (max-width: 800px) 100vw, 800px\" \/><\/div>  <div class=\"grve-box-content\">    <a href=\"https:\/\/vadevela.com\/fr\/location-de-voilier-palamos-avec-skipper\/\" target=\"_self\"><h5 class=\"grve-box-title\"><span>LOCATION DE VOILIER POUR UNE JOURN\u00c9E \u00c0 PALAM\u00d3S\/COSTA BRAVA<\/span><\/h5>    <\/a>    <p>Passer la journ\u00e9e sur notre voilier de location, naviguer et s&rsquo;arr\u00eater dans les criques de l&rsquo;espace naturel Castell &#8211; Illes Formigues (Palam\u00f3s) &#8211; Cap Roig est l&rsquo;une des\u2026<br \/>\nD\u00e9parts depuis le Port Marina Palam\u00f3s \/ Costa Brava.<\/p>    <a href=\"https:\/\/vadevela.com\/fr\/location-de-voilier-palamos-avec-skipper\/\" target=\"_self\" class=\"grve-read-more\">Plus d'infos<\/a>  <\/div><\/div>[\/vc_column][\/vc_row][vc_row padding_top=\u00a0\u00bb35&Prime;][vc_column width=\u00a0\u00bb1\/3&Prime;]<div class=\"grve-element grve-box grve-align-center grve-animated-item grve-fadeInUp\" style=\"\" data-delay=\"200\"><div class=\"grve-media\"><img loading=\"lazy\" decoding=\"async\" width=\"800\" height=\"600\" src=\"https:\/\/vadevela.com\/wp-content\/uploads\/2022\/09\/60g.jpg\" class=\"attachment-full size-full\" alt=\"Lloguer de velers per a empreses a Palam\u00f3s. Imatge de dos velers a la Costa Brava\" srcset=\"https:\/\/vadevela.com\/wp-content\/uploads\/2022\/09\/60g.jpg 800w, https:\/\/vadevela.com\/wp-content\/uploads\/2022\/09\/60g-300x225.jpg 300w, https:\/\/vadevela.com\/wp-content\/uploads\/2022\/09\/60g-768x576.jpg 768w, https:\/\/vadevela.com\/wp-content\/uploads\/2022\/09\/60g-600x450.jpg 600w\" sizes=\"auto, (max-width: 800px) 100vw, 800px\" \/><\/div>  <div class=\"grve-box-content\">    <a href=\"https:\/\/vadevela.com\/fr\/activites-de-voile-pour-entreprises\/\" target=\"_self\"><h5 class=\"grve-box-title\"><span>ACTIVIT\u00c9S DE NAVIGATION POUR ENTREPRISES, LOCATION DE VOILIERS \u00c0 PALAM\u00d3S<\/span><\/h5>    <\/a>    <p>Nous organisons des activit\u00e9s pour les entreprises afin de favoriser la confiance et le travail d&rsquo;\u00e9quipe.<br \/>\nD\u00e9parts depuis le Port de Plaisance de Palam\u00f3s.<br \/>\nD\u00e9parts depuis le Port Marina Palam\u00f3s \/ Costa Brava.<\/p>    <a href=\"https:\/\/vadevela.com\/fr\/activites-de-voile-pour-entreprises\/\" target=\"_self\" class=\"grve-read-more\">Plus d'infos<\/a>  <\/div><\/div>[\/vc_column][vc_column width=\u00a0\u00bb1\/3&Prime;]<div class=\"grve-element grve-box grve-align-center grve-animated-item grve-fadeInUp\" style=\"\" data-delay=\"200\"><div class=\"grve-media\"><img loading=\"lazy\" decoding=\"async\" width=\"800\" height=\"600\" src=\"https:\/\/vadevela.com\/wp-content\/uploads\/2022\/09\/53g.jpg\" class=\"attachment-full size-full\" alt=\"Grup d&#039;amics disfrutant del val regal de Vadevela a un veler de la Costa Brava\" srcset=\"https:\/\/vadevela.com\/wp-content\/uploads\/2022\/09\/53g.jpg 800w, https:\/\/vadevela.com\/wp-content\/uploads\/2022\/09\/53g-300x225.jpg 300w, https:\/\/vadevela.com\/wp-content\/uploads\/2022\/09\/53g-768x576.jpg 768w, https:\/\/vadevela.com\/wp-content\/uploads\/2022\/09\/53g-600x450.jpg 600w\" sizes=\"auto, (max-width: 800px) 100vw, 800px\" \/><\/div>  <div class=\"grve-box-content\">    <a href=\"https:\/\/vadevela.com\/fr\/cheque-cadeau-vadevela\/\" target=\"_self\"><h5 class=\"grve-box-title\"><span>LOCATION DE VOILIER VAL REGAL VADEVELA SUR LA COSTA BRAVA<\/span><\/h5>    <\/a>    <p>Si vous voulez \u00eatre original, vous pouvez faire un cadeau diff\u00e9rent et en profiter avec qui vous voulez. Venez passer une journ\u00e9e sp\u00e9ciale en louant un bateau \u00e0 Palam\u00f3s.<br \/>\nOrganisez un enterrement de vie de jeune fille ou offrez-lui une excursion en voilier pour son anniversaire.<br \/>\nD\u00e9parts depuis le Port Marina Palam\u00f3s \/ Costa Brava.<\/p>    <a href=\"https:\/\/vadevela.com\/fr\/cheque-cadeau-vadevela\/\" target=\"_self\" class=\"grve-read-more\">Plus d'infos<\/a>  <\/div><\/div>[\/vc_column][vc_column width=\u00a0\u00bb1\/3&Prime;]<div class=\"grve-element grve-box grve-align-center grve-animated-item grve-fadeInUp\" style=\"\" data-delay=\"200\"><div class=\"grve-media\"><img loading=\"lazy\" decoding=\"async\" width=\"800\" height=\"600\" src=\"https:\/\/vadevela.com\/wp-content\/uploads\/2022\/09\/62g.jpg\" class=\"attachment-full size-full\" alt=\"Passejos amb els velers de Vadevela a la carta\" srcset=\"https:\/\/vadevela.com\/wp-content\/uploads\/2022\/09\/62g.jpg 800w, https:\/\/vadevela.com\/wp-content\/uploads\/2022\/09\/62g-300x225.jpg 300w, https:\/\/vadevela.com\/wp-content\/uploads\/2022\/09\/62g-768x576.jpg 768w, https:\/\/vadevela.com\/wp-content\/uploads\/2022\/09\/62g-600x450.jpg 600w\" sizes=\"auto, (max-width: 800px) 100vw, 800px\" \/><\/div>  <div class=\"grve-box-content\">    <a href=\"https:\/\/vadevela.com\/fr\/naviguer-sur-un-voilier-sur-mesure\/\" target=\"_self\"><h5 class=\"grve-box-title\"><span>NAVIGUEZ EN CHARTER, CHOISISSEZ LA MANI\u00c8RE QUE VOUS PR\u00c9F\u00c9REZ.<\/span><\/h5>    <\/a>    <p>Si vous avez une id\u00e9e diff\u00e9rente, faites votre proposition. OBSERVATION DES OISEAUX ET DES C\u00c9TAC\u00c9S : Nous irons dans la mer pour profiter\u2026<br \/>\nD\u00e9parts depuis le Port Marina Palam\u00f3s \/ Costa Brava.<\/p>    <a href=\"https:\/\/vadevela.com\/fr\/naviguer-sur-un-voilier-sur-mesure\/\" target=\"_self\" class=\"grve-read-more\">Plus d'infos<\/a>  <\/div><\/div>[\/vc_column][\/vc_row][vc_row bg_type=\u00a0\u00bbcolor\u00a0\u00bb footer_feature=\u00a0\u00bbyes\u00a0\u00bb font_color=\u00a0\u00bb#ffffff\u00a0\u00bb bg_color=\u00a0\u00bb#008db5&Prime; padding_top=\u00a0\u00bb80&Prime; padding_bottom=\u00a0\u00bb80&Prime;][vc_column][vc_column_text css=\u00a0\u00bb\u00a0\u00bb text_style=\u00a0\u00bbleader-text\u00a0\u00bb]<\/p>\n<div class=\"grve-element grve-text grve-animated-item grve-fadeInUp grve-leader-text grve-animated\" data-delay=\"200\">\n<p style=\"text-align: center;\">Location de bateaux et voiliers \u00e0 Palam\u00f3s au c\u0153ur de la Costa Brava. Excursions en voilier au d\u00e9part de Palam\u00f3s et itin\u00e9raires de navigation le long de la Costa Brava<\/p>\n<p style=\"text-align: center;\">Profitez de vos vacances sur un voilier, nous faisons des sorties en voilier pour les entreprises, des enterrements de vie de jeune fille sur un voilier, diff\u00e9rentes activit\u00e9s de voile sur la Costa Brava.<\/p>\n<p style=\"text-align: center;\">Location de voiliers Palam\u00f3s et Costa Brava<\/p>\n<p style=\"text-align: center;\">Excursions en voilier et locations de voiliers pour familles ou amis de Palam\u00f3s \u00e0 Begur, les \u00eeles Fourmis, Calella, Llafranc, Tamariu et l&rsquo;Estartit ou au sud jusqu&rsquo;\u00e0 Sant Antoni de Calonge, Platja d&rsquo;Aro, Sant Feliu de Gu\u00edxols ou jusqu&rsquo;\u00e0 Tossa de Mar.<\/p>\n<p style=\"text-align: center;\">Ne manquez pas l&rsquo;exp\u00e9rience de naviguer le long de la Costa Brava.<\/p>\n<p style=\"text-align: center;\">Excursions en voilier au d\u00e9part de Palam\u00f3s (Costa Brava). Itin\u00e9raires en bateau vers Calella. Exp\u00e9riences en bateau autour de Palam\u00f3s, Costa Brava.<\/p>\n<p style=\"text-align: center;\">Location de voiliers Palam\u00f3s et Costa Brava<\/p>\n<\/div>\n<p>[\/vc_column_text][\/vc_column][\/vc_row]<\/p>\n<\/div>","protected":false},"excerpt":{"rendered":"<p>[vc_row header_feature=\u00a0\u00bbyes\u00a0\u00bb padding_top=\u00a0\u00bb35&Prime;][vc_column][vc_column_text css=\u00a0\u00bb\u00a0\u00bb text_style=\u00a0\u00bbleader-text\u00a0\u00bb] Location de voiliers Palam\u00f3s et Costa Brava [\/vc_column_text][\/vc_column][\/vc_row][vc_row padding_top=\u00a0\u00bb35&Prime;][vc_column width=\u00a0\u00bb1\/3&Prime;][\/vc_column][vc_column width=\u00a0\u00bb1\/3&Prime;][\/vc_column][vc_column width=\u00a0\u00bb1\/3&Prime;][\/vc_column][\/vc_row][vc_row padding_top=\u00a0\u00bb35&Prime;][vc_column width=\u00a0\u00bb1\/3&Prime;][\/vc_column][vc_column width=\u00a0\u00bb1\/3&Prime;][\/vc_column][vc_column width=\u00a0\u00bb1\/3&Prime;][\/vc_column][\/vc_row][vc_row bg_type=\u00a0\u00bbcolor\u00a0\u00bb footer_feature=\u00a0\u00bbyes\u00a0\u00bb font_color=\u00a0\u00bb#ffffff\u00a0\u00bb bg_color=\u00a0\u00bb#008db5&Prime; padding_top=\u00a0\u00bb80&Prime; padding_bottom=\u00a0\u00bb80&Prime;][vc_column][vc_column_text css=\u00a0\u00bb\u00a0\u00bb text_style=\u00a0\u00bbleader-text\u00a0\u00bb] Location de bateaux et voiliers \u00e0 Palam\u00f3s au c\u0153ur de la Costa Brava. Excursions en voilier au d\u00e9part de Palam\u00f3s et itin\u00e9raires de navigation le long [&hellip;]<\/p>\n","protected":false},"author":1,"featured_media":7316,"parent":0,"menu_order":0,"comment_status":"closed","ping_status":"closed","template":"","meta":{"footnotes":""},"class_list":["post-7314","page","type-page","status-publish","has-post-thumbnail","hentry"],"yoast_head":"<!-- This site is optimized with the Yoast SEO plugin v27.3 - https:\/\/yoast.com\/product\/yoast-seo-wordpress\/ -->\n<title>Lloguer veler Palam\u00f3s i Costa Brava - Exp\u00e9riences de navigation<\/title>\n<meta name=\"description\" content=\"Exp\u00e9riences, excursions et location de voiliers \u00e0 Palam\u00f3s et sur la Costa Brava. Anniversaires avec un voilier, adieux avec un voilier, sorties en voilier depuis Palam\u00f3s\" \/>\n<meta name=\"robots\" content=\"index, follow, max-snippet:-1, max-image-preview:large, max-video-preview:-1\" \/>\n<link rel=\"canonical\" href=\"https:\/\/vadevela.com\/fr\/experiences-de-navigation-palamos-costa-brava\/\" \/>\n<meta property=\"og:locale\" content=\"fr_FR\" \/>\n<meta property=\"og:type\" content=\"article\" \/>\n<meta property=\"og:title\" content=\"Lloguer veler Palam\u00f3s i Costa Brava - Exp\u00e9riences de navigation\" \/>\n<meta property=\"og:description\" content=\"Exp\u00e9riences, excursions et location de voiliers \u00e0 Palam\u00f3s et sur la Costa Brava. Anniversaires avec un voilier, adieux avec un voilier, sorties en voilier depuis Palam\u00f3s\" \/>\n<meta property=\"og:url\" content=\"https:\/\/vadevela.com\/fr\/experiences-de-navigation-palamos-costa-brava\/\" \/>\n<meta property=\"og:site_name\" content=\"Vadevela\" \/>\n<meta property=\"article:publisher\" content=\"https:\/\/www.facebook.com\/profile.php?id=100066870703106\" \/>\n<meta property=\"article:modified_time\" content=\"2025-03-06T08:47:02+00:00\" \/>\n<meta property=\"og:image\" content=\"https:\/\/vadevela.com\/wp-content\/uploads\/2022\/09\/157g.jpg\" \/>\n\t<meta property=\"og:image:width\" content=\"500\" \/>\n\t<meta property=\"og:image:height\" content=\"375\" \/>\n\t<meta property=\"og:image:type\" content=\"image\/jpeg\" \/>\n<meta name=\"twitter:card\" content=\"summary_large_image\" \/>\n<meta name=\"twitter:label1\" content=\"Dur\u00e9e de lecture estim\u00e9e\" \/>\n\t<meta name=\"twitter:data1\" content=\"5 minutes\" \/>\n<script type=\"application\/ld+json\" class=\"yoast-schema-graph\">{\"@context\":\"https:\\\/\\\/schema.org\",\"@graph\":[{\"@type\":\"WebPage\",\"@id\":\"https:\\\/\\\/vadevela.com\\\/fr\\\/experiences-de-navigation-palamos-costa-brava\\\/\",\"url\":\"https:\\\/\\\/vadevela.com\\\/fr\\\/experiences-de-navigation-palamos-costa-brava\\\/\",\"name\":\"Lloguer veler Palam\u00f3s i Costa Brava - Exp\u00e9riences de navigation\",\"isPartOf\":{\"@id\":\"https:\\\/\\\/vadevela.com\\\/fr\\\/#website\"},\"primaryImageOfPage\":{\"@id\":\"https:\\\/\\\/vadevela.com\\\/fr\\\/experiences-de-navigation-palamos-costa-brava\\\/#primaryimage\"},\"image\":{\"@id\":\"https:\\\/\\\/vadevela.com\\\/fr\\\/experiences-de-navigation-palamos-costa-brava\\\/#primaryimage\"},\"thumbnailUrl\":\"https:\\\/\\\/vadevela.com\\\/wp-content\\\/uploads\\\/2022\\\/09\\\/157g.jpg\",\"datePublished\":\"2022-09-05T17:16:39+00:00\",\"dateModified\":\"2025-03-06T08:47:02+00:00\",\"description\":\"Exp\u00e9riences, excursions et location de voiliers \u00e0 Palam\u00f3s et sur la Costa Brava. Anniversaires avec un voilier, adieux avec un voilier, sorties en voilier depuis Palam\u00f3s\",\"breadcrumb\":{\"@id\":\"https:\\\/\\\/vadevela.com\\\/fr\\\/experiences-de-navigation-palamos-costa-brava\\\/#breadcrumb\"},\"inLanguage\":\"fr-FR\",\"potentialAction\":[{\"@type\":\"ReadAction\",\"target\":[\"https:\\\/\\\/vadevela.com\\\/fr\\\/experiences-de-navigation-palamos-costa-brava\\\/\"]}]},{\"@type\":\"ImageObject\",\"inLanguage\":\"fr-FR\",\"@id\":\"https:\\\/\\\/vadevela.com\\\/fr\\\/experiences-de-navigation-palamos-costa-brava\\\/#primaryimage\",\"url\":\"https:\\\/\\\/vadevela.com\\\/wp-content\\\/uploads\\\/2022\\\/09\\\/157g.jpg\",\"contentUrl\":\"https:\\\/\\\/vadevela.com\\\/wp-content\\\/uploads\\\/2022\\\/09\\\/157g.jpg\",\"width\":500,\"height\":375,\"caption\":\"Lloguer veler Palam\u00f3s i Costa Brava\"},{\"@type\":\"BreadcrumbList\",\"@id\":\"https:\\\/\\\/vadevela.com\\\/fr\\\/experiences-de-navigation-palamos-costa-brava\\\/#breadcrumb\",\"itemListElement\":[{\"@type\":\"ListItem\",\"position\":1,\"name\":\"Inici\",\"item\":\"https:\\\/\\\/vadevela.com\\\/fr\\\/\"},{\"@type\":\"ListItem\",\"position\":2,\"name\":\"Exp\u00e9riences de navigation\"}]},{\"@type\":\"WebSite\",\"@id\":\"https:\\\/\\\/vadevela.com\\\/fr\\\/#website\",\"url\":\"https:\\\/\\\/vadevela.com\\\/fr\\\/\",\"name\":\"Vadevela\",\"description\":\"Lloguer de velers - Alquiler de veleros - Sailboat rental &amp; charter\",\"publisher\":{\"@id\":\"https:\\\/\\\/vadevela.com\\\/fr\\\/#organization\"},\"potentialAction\":[{\"@type\":\"SearchAction\",\"target\":{\"@type\":\"EntryPoint\",\"urlTemplate\":\"https:\\\/\\\/vadevela.com\\\/fr\\\/?s={search_term_string}\"},\"query-input\":{\"@type\":\"PropertyValueSpecification\",\"valueRequired\":true,\"valueName\":\"search_term_string\"}}],\"inLanguage\":\"fr-FR\"},{\"@type\":\"Organization\",\"@id\":\"https:\\\/\\\/vadevela.com\\\/fr\\\/#organization\",\"name\":\"Vadevela\",\"url\":\"https:\\\/\\\/vadevela.com\\\/fr\\\/\",\"logo\":{\"@type\":\"ImageObject\",\"inLanguage\":\"fr-FR\",\"@id\":\"https:\\\/\\\/vadevela.com\\\/fr\\\/#\\\/schema\\\/logo\\\/image\\\/\",\"url\":\"https:\\\/\\\/vadevela.com\\\/wp-content\\\/uploads\\\/2022\\\/09\\\/logo_vadevela_b_2.png\",\"contentUrl\":\"https:\\\/\\\/vadevela.com\\\/wp-content\\\/uploads\\\/2022\\\/09\\\/logo_vadevela_b_2.png\",\"width\":300,\"height\":59,\"caption\":\"Vadevela\"},\"image\":{\"@id\":\"https:\\\/\\\/vadevela.com\\\/fr\\\/#\\\/schema\\\/logo\\\/image\\\/\"},\"sameAs\":[\"https:\\\/\\\/www.facebook.com\\\/profile.php?id=100066870703106\",\"https:\\\/\\\/www.youtube.com\\\/user\\\/vadevela1\\\/videos\"]}]}<\/script>\n<!-- \/ Yoast SEO plugin. -->","yoast_head_json":{"title":"Lloguer veler Palam\u00f3s i Costa Brava - Exp\u00e9riences de navigation","description":"Exp\u00e9riences, excursions et location de voiliers \u00e0 Palam\u00f3s et sur la Costa Brava. Anniversaires avec un voilier, adieux avec un voilier, sorties en voilier depuis Palam\u00f3s","robots":{"index":"index","follow":"follow","max-snippet":"max-snippet:-1","max-image-preview":"max-image-preview:large","max-video-preview":"max-video-preview:-1"},"canonical":"https:\/\/vadevela.com\/fr\/experiences-de-navigation-palamos-costa-brava\/","og_locale":"fr_FR","og_type":"article","og_title":"Lloguer veler Palam\u00f3s i Costa Brava - Exp\u00e9riences de navigation","og_description":"Exp\u00e9riences, excursions et location de voiliers \u00e0 Palam\u00f3s et sur la Costa Brava. Anniversaires avec un voilier, adieux avec un voilier, sorties en voilier depuis Palam\u00f3s","og_url":"https:\/\/vadevela.com\/fr\/experiences-de-navigation-palamos-costa-brava\/","og_site_name":"Vadevela","article_publisher":"https:\/\/www.facebook.com\/profile.php?id=100066870703106","article_modified_time":"2025-03-06T08:47:02+00:00","og_image":[{"width":500,"height":375,"url":"https:\/\/vadevela.com\/wp-content\/uploads\/2022\/09\/157g.jpg","type":"image\/jpeg"}],"twitter_card":"summary_large_image","twitter_misc":{"Dur\u00e9e de lecture estim\u00e9e":"5 minutes"},"schema":{"@context":"https:\/\/schema.org","@graph":[{"@type":"WebPage","@id":"https:\/\/vadevela.com\/fr\/experiences-de-navigation-palamos-costa-brava\/","url":"https:\/\/vadevela.com\/fr\/experiences-de-navigation-palamos-costa-brava\/","name":"Lloguer veler Palam\u00f3s i Costa Brava - Exp\u00e9riences de navigation","isPartOf":{"@id":"https:\/\/vadevela.com\/fr\/#website"},"primaryImageOfPage":{"@id":"https:\/\/vadevela.com\/fr\/experiences-de-navigation-palamos-costa-brava\/#primaryimage"},"image":{"@id":"https:\/\/vadevela.com\/fr\/experiences-de-navigation-palamos-costa-brava\/#primaryimage"},"thumbnailUrl":"https:\/\/vadevela.com\/wp-content\/uploads\/2022\/09\/157g.jpg","datePublished":"2022-09-05T17:16:39+00:00","dateModified":"2025-03-06T08:47:02+00:00","description":"Exp\u00e9riences, excursions et location de voiliers \u00e0 Palam\u00f3s et sur la Costa Brava. Anniversaires avec un voilier, adieux avec un voilier, sorties en voilier depuis Palam\u00f3s","breadcrumb":{"@id":"https:\/\/vadevela.com\/fr\/experiences-de-navigation-palamos-costa-brava\/#breadcrumb"},"inLanguage":"fr-FR","potentialAction":[{"@type":"ReadAction","target":["https:\/\/vadevela.com\/fr\/experiences-de-navigation-palamos-costa-brava\/"]}]},{"@type":"ImageObject","inLanguage":"fr-FR","@id":"https:\/\/vadevela.com\/fr\/experiences-de-navigation-palamos-costa-brava\/#primaryimage","url":"https:\/\/vadevela.com\/wp-content\/uploads\/2022\/09\/157g.jpg","contentUrl":"https:\/\/vadevela.com\/wp-content\/uploads\/2022\/09\/157g.jpg","width":500,"height":375,"caption":"Lloguer veler Palam\u00f3s i Costa Brava"},{"@type":"BreadcrumbList","@id":"https:\/\/vadevela.com\/fr\/experiences-de-navigation-palamos-costa-brava\/#breadcrumb","itemListElement":[{"@type":"ListItem","position":1,"name":"Inici","item":"https:\/\/vadevela.com\/fr\/"},{"@type":"ListItem","position":2,"name":"Exp\u00e9riences de navigation"}]},{"@type":"WebSite","@id":"https:\/\/vadevela.com\/fr\/#website","url":"https:\/\/vadevela.com\/fr\/","name":"Vadevela","description":"Lloguer de velers - Alquiler de veleros - Sailboat rental &amp; charter","publisher":{"@id":"https:\/\/vadevela.com\/fr\/#organization"},"potentialAction":[{"@type":"SearchAction","target":{"@type":"EntryPoint","urlTemplate":"https:\/\/vadevela.com\/fr\/?s={search_term_string}"},"query-input":{"@type":"PropertyValueSpecification","valueRequired":true,"valueName":"search_term_string"}}],"inLanguage":"fr-FR"},{"@type":"Organization","@id":"https:\/\/vadevela.com\/fr\/#organization","name":"Vadevela","url":"https:\/\/vadevela.com\/fr\/","logo":{"@type":"ImageObject","inLanguage":"fr-FR","@id":"https:\/\/vadevela.com\/fr\/#\/schema\/logo\/image\/","url":"https:\/\/vadevela.com\/wp-content\/uploads\/2022\/09\/logo_vadevela_b_2.png","contentUrl":"https:\/\/vadevela.com\/wp-content\/uploads\/2022\/09\/logo_vadevela_b_2.png","width":300,"height":59,"caption":"Vadevela"},"image":{"@id":"https:\/\/vadevela.com\/fr\/#\/schema\/logo\/image\/"},"sameAs":["https:\/\/www.facebook.com\/profile.php?id=100066870703106","https:\/\/www.youtube.com\/user\/vadevela1\/videos"]}]}},"_links":{"self":[{"href":"https:\/\/vadevela.com\/fr\/wp-json\/wp\/v2\/pages\/7314","targetHints":{"allow":["GET"]}}],"collection":[{"href":"https:\/\/vadevela.com\/fr\/wp-json\/wp\/v2\/pages"}],"about":[{"href":"https:\/\/vadevela.com\/fr\/wp-json\/wp\/v2\/types\/page"}],"author":[{"embeddable":true,"href":"https:\/\/vadevela.com\/fr\/wp-json\/wp\/v2\/users\/1"}],"replies":[{"embeddable":true,"href":"https:\/\/vadevela.com\/fr\/wp-json\/wp\/v2\/comments?post=7314"}],"version-history":[{"count":5,"href":"https:\/\/vadevela.com\/fr\/wp-json\/wp\/v2\/pages\/7314\/revisions"}],"predecessor-version":[{"id":7399,"href":"https:\/\/vadevela.com\/fr\/wp-json\/wp\/v2\/pages\/7314\/revisions\/7399"}],"wp:featuredmedia":[{"embeddable":true,"href":"https:\/\/vadevela.com\/fr\/wp-json\/wp\/v2\/media\/7316"}],"wp:attachment":[{"href":"https:\/\/vadevela.com\/fr\/wp-json\/wp\/v2\/media?parent=7314"}],"curies":[{"name":"wp","href":"https:\/\/api.w.org\/{rel}","templated":true}]}}