{"id":7332,"date":"2025-03-03T19:46:50","date_gmt":"2025-03-03T17:46:50","guid":{"rendered":"https:\/\/vadevela.com\/quadern-de-navegacio\/"},"modified":"2025-03-03T19:56:41","modified_gmt":"2025-03-03T17:56:41","slug":"blog","status":"publish","type":"page","link":"https:\/\/vadevela.com\/fr\/blog\/","title":{"rendered":"Blog"},"content":{"rendered":"<div class=\"wpb-content-wrapper\"><p>[vc_row][vc_column]\t\t<div class=\"grve-element grve-blog grve-blog-grid grve-isotope\" style=\"\" data-type=\"3-columns\" data-layout=\"fitRows\" data-spinner=\"no\">\r\n\t\t\t<div class=\"grve-isotope-container\">\r\n\t\t\t<article id=\"post-7459\" class=\"grve-blog-item grve-isotope-item post-7459 post type-post status-publish format-standard has-post-thumbnail hentry category-non-categorise\" itemscope itemType=\"http:\/\/schema.org\/BlogPosting\">\r\n\t\t\t\t<div class=\"grve-isotope-item-inner\">\t\t\t\t\t\t\t<div class=\"grve-media grve-image-hover\">\r\n\t\t\t<a href=\"https:\/\/vadevela.com\/fr\/initiation-a-la-voile\/\" target=\"_self\"><img loading=\"lazy\" decoding=\"async\" width=\"560\" height=\"315\" src=\"https:\/\/vadevela.com\/wp-content\/uploads\/2025\/03\/foto-clase-560x315.jpeg\" class=\"attachment-grve-image-small-rect-horizontal size-grve-image-small-rect-horizontal wp-post-image\" alt=\"clase de voile\" \/><\/a>\r\n\t\t<\/div>\r\n\r\n\t\t\t\t\t\t\t\t\t\t\t<div class=\"grve-post-content\">\r\n\t\t\t\t\t\t\t<a href=\"https:\/\/vadevela.com\/fr\/initiation-a-la-voile\/\" rel=\"bookmark\"><h5 class=\"grve-post-title\" itemprop=\"headline\">INITIATION \u00c0 LA VOILE (2 vendredis) 1 ECTS<\/h5><\/a>\t\t\t\t\t\t\t\t\t<span class=\"grve-hidden\">\r\n\t\t\t<span class=\"grve-structured-data\" itemprop=\"image\" itemscope itemtype=\"http:\/\/schema.org\/ImageObject\">\r\n\t\t\t   <span itemprop='url' >https:\/\/vadevela.com\/wp-content\/uploads\/2025\/03\/foto-clase.jpeg<\/span>\r\n\t\t\t   <span itemprop='height' >820<\/span>\r\n\t\t\t   <span itemprop='width' >402<\/span>\r\n\t\t\t<\/span>\r\n\t\t\t\t\t\t<span class=\"grve-structured-data\" itemprop=\"author\" itemscope itemtype=\"http:\/\/schema.org\/Person\">\r\n\t\t\t\t<span itemprop=\"name\">Mia<\/span>\r\n\t\t\t<\/span>\r\n\t\t\t<span class=\"grve-structured-data\" itemprop=\"publisher\" itemscope itemtype=\"http:\/\/schema.org\/Organization\">\r\n\t\t\t\t<span itemprop='name'>Mia<\/span>\r\n\t\t\t\t<span itemprop='logo' itemscope itemtype='http:\/\/schema.org\/ImageObject'>\r\n\t\t\t\t\t<span itemprop='url'>https:\/\/secure.gravatar.com\/avatar\/33c7ecd61a60595c2110f9f3f81c38d8c71e51bba939f0c70769dec6af93b8d6?s=96&#038;d=mm&#038;r=g<\/span>\r\n\t\t\t\t<\/span>\r\n\t\t\t<\/span>\r\n\t\t\t\t\t\t<time class=\"grve-structured-data\" itemprop=\"datePublished\" datetime=\"2025-03-07T16:51:31+02:00\">7 mars 2025<\/time>\r\n\t\t\t<time class=\"grve-structured-data\" itemprop=\"dateModified\"  datetime=\"2025-03-09T14:04:57+02:00\">9 mars 2025<\/time>\r\n\t\t\t<span class=\"grve-structured-data\" itemprop=\"mainEntityOfPage\" itemscope itemtype=\"http:\/\/schema.org\/WebPage\" itemid=\"https:\/\/vadevela.com\/fr\/initiation-a-la-voile\/\"><\/span>\r\n\t\t<\/span>\r\n\t\t\t\t\t\t\t\t<div class=\"grve-post-meta\">\r\n\t\t\t\t\t\t\t\t\t\t<div class=\"grve-post-author\">\r\n\t\t\t<span>Par : <\/span><span><a href=\"https:\/\/vadevela.com\/fr\/author\/mia\/\" title=\"Articles par Mia\" rel=\"author\">Mia<\/a><\/span>\r\n\t\t<\/div>\r\n\t<time class=\"grve-post-date\" datetime=\"2025-03-07T16:51:31+02:00\">\r\n\t\t7 mars 2025\t<\/time>\r\n\t<div class=\"grve-post-comments grve-small-text\">\r\n\t\t<span class=\"grve-icon-comment\"><\/span> 0\t<\/div>\r\n\t\t<div class=\"grve-like-counter\"><span class=\"grve-icon-heart\"><\/span>0<\/div>\r\n\t\t\t\t\t\t\t<\/div>\r\n\t\t\t\t\t\t\t<div itemprop=\"articleBody\"><p>Universit\u00e9 de Girona et Vadevela. Cr\u00e9dits \u00e0 choix libre (ouvert \u00e0 tous) 2 s\u00e9ances pour atteindre la phase d&rsquo;initiation \u00e0 la voile, o\u00f9 l&rsquo;\u00e9l\u00e8ve acquiert progressivement les notions de base et, avec l&rsquo;aide d&rsquo;un moniteur, les met en pratique de mani\u00e8re progressive et structur\u00e9e. Ce n&rsquo;est rien d&rsquo;autre que le premier contact des \u00e9tudiants avec\u2026<\/p><\/div>\t\t\t\t\t\t<\/div>\r\n\t\t\t\t\t\r\n\t\t\t\t<\/div>\t\t\t<\/article>\r\n\r\n\t\t\t<article id=\"post-7414\" class=\"grve-blog-item grve-isotope-item post-7414 post type-post status-publish format-standard has-post-thumbnail hentry category-non-categorise\" itemscope itemType=\"http:\/\/schema.org\/BlogPosting\">\r\n\t\t\t\t<div class=\"grve-isotope-item-inner\">\t\t\t\t\t\t\t<div class=\"grve-media grve-image-hover\">\r\n\t\t\t<a href=\"https:\/\/vadevela.com\/fr\/cours-de-specialisation-en-requins-et-anneaux-de-la-mediterranee\/\" target=\"_self\"><img loading=\"lazy\" decoding=\"async\" width=\"560\" height=\"315\" src=\"https:\/\/vadevela.com\/wp-content\/uploads\/2025\/03\/POSTER-TAURONS-1-560x315.jpg\" class=\"attachment-grve-image-small-rect-horizontal size-grve-image-small-rect-horizontal wp-post-image\" alt=\"CURS\" \/><\/a>\r\n\t\t<\/div>\r\n\r\n\t\t\t\t\t\t\t\t\t\t\t<div class=\"grve-post-content\">\r\n\t\t\t\t\t\t\t<a href=\"https:\/\/vadevela.com\/fr\/cours-de-specialisation-en-requins-et-anneaux-de-la-mediterranee\/\" rel=\"bookmark\"><h5 class=\"grve-post-title\" itemprop=\"headline\">COURS DE SP\u00c9CIALISATION EN REQUINS ET ANNEAUX DE LA M\u00c9DITERRAN\u00c9E<\/h5><\/a>\t\t\t\t\t\t\t\t\t<span class=\"grve-hidden\">\r\n\t\t\t<span class=\"grve-structured-data\" itemprop=\"image\" itemscope itemtype=\"http:\/\/schema.org\/ImageObject\">\r\n\t\t\t   <span itemprop='url' >https:\/\/vadevela.com\/wp-content\/uploads\/2025\/03\/POSTER-TAURONS-1-1024x1024.jpg<\/span>\r\n\t\t\t   <span itemprop='height' >1024<\/span>\r\n\t\t\t   <span itemprop='width' >1024<\/span>\r\n\t\t\t<\/span>\r\n\t\t\t\t\t\t<span class=\"grve-structured-data\" itemprop=\"author\" itemscope itemtype=\"http:\/\/schema.org\/Person\">\r\n\t\t\t\t<span itemprop=\"name\">Mia<\/span>\r\n\t\t\t<\/span>\r\n\t\t\t<span class=\"grve-structured-data\" itemprop=\"publisher\" itemscope itemtype=\"http:\/\/schema.org\/Organization\">\r\n\t\t\t\t<span itemprop='name'>Mia<\/span>\r\n\t\t\t\t<span itemprop='logo' itemscope itemtype='http:\/\/schema.org\/ImageObject'>\r\n\t\t\t\t\t<span itemprop='url'>https:\/\/secure.gravatar.com\/avatar\/33c7ecd61a60595c2110f9f3f81c38d8c71e51bba939f0c70769dec6af93b8d6?s=96&#038;d=mm&#038;r=g<\/span>\r\n\t\t\t\t<\/span>\r\n\t\t\t<\/span>\r\n\t\t\t\t\t\t<time class=\"grve-structured-data\" itemprop=\"datePublished\" datetime=\"2025-03-06T19:02:06+02:00\">6 mars 2025<\/time>\r\n\t\t\t<time class=\"grve-structured-data\" itemprop=\"dateModified\"  datetime=\"2025-03-06T19:35:59+02:00\">6 mars 2025<\/time>\r\n\t\t\t<span class=\"grve-structured-data\" itemprop=\"mainEntityOfPage\" itemscope itemtype=\"http:\/\/schema.org\/WebPage\" itemid=\"https:\/\/vadevela.com\/fr\/cours-de-specialisation-en-requins-et-anneaux-de-la-mediterranee\/\"><\/span>\r\n\t\t<\/span>\r\n\t\t\t\t\t\t\t\t<div class=\"grve-post-meta\">\r\n\t\t\t\t\t\t\t\t\t\t<div class=\"grve-post-author\">\r\n\t\t\t<span>Par : <\/span><span><a href=\"https:\/\/vadevela.com\/fr\/author\/mia\/\" title=\"Articles par Mia\" rel=\"author\">Mia<\/a><\/span>\r\n\t\t<\/div>\r\n\t<time class=\"grve-post-date\" datetime=\"2025-03-06T19:02:06+02:00\">\r\n\t\t6 mars 2025\t<\/time>\r\n\t<div class=\"grve-post-comments grve-small-text\">\r\n\t\t<span class=\"grve-icon-comment\"><\/span> 0\t<\/div>\r\n\t\t<div class=\"grve-like-counter\"><span class=\"grve-icon-heart\"><\/span>0<\/div>\r\n\t\t\t\t\t\t\t<\/div>\r\n\t\t\t\t\t\t\t<div itemprop=\"articleBody\"><p>2\u00e8me \u00c9DITION. TH\u00c9ORIE : Du lundi 30 juin au vendredi 4 juillet de 19h \u00e0 21h (en ligne) PRATIQUE : D\u00e9part de Cadaqu\u00e9s, pour observer les requins bleus, les mercredis 23 et 30 juillet, de 8h \u00e0 18h PRIX : 340 \u20ac<\/p><\/div>\t\t\t\t\t\t<\/div>\r\n\t\t\t\t\t\r\n\t\t\t\t<\/div>\t\t\t<\/article>\r\n\r\n\t\t\t<article id=\"post-7394\" class=\"grve-blog-item grve-isotope-item post-7394 post type-post status-publish format-standard has-post-thumbnail hentry category-non-categorise\" itemscope itemType=\"http:\/\/schema.org\/BlogPosting\">\r\n\t\t\t\t<div class=\"grve-isotope-item-inner\">\t\t\t\t\t\t\t<div class=\"grve-media grve-image-hover\">\r\n\t\t\t<a href=\"https:\/\/vadevela.com\/fr\/recensement-des-especes-protegees-baleines-dauphins-tortues-et-requins\/\" target=\"_self\"><img loading=\"lazy\" decoding=\"async\" width=\"560\" height=\"315\" src=\"https:\/\/vadevela.com\/wp-content\/uploads\/2025\/03\/DOFI-560x315.jpg\" class=\"attachment-grve-image-small-rect-horizontal size-grve-image-small-rect-horizontal wp-post-image\" alt=\"dofins amb veler\" srcset=\"https:\/\/vadevela.com\/wp-content\/uploads\/2025\/03\/DOFI-560x315.jpg 560w, https:\/\/vadevela.com\/wp-content\/uploads\/2025\/03\/DOFI-1170x658.jpg 1170w\" sizes=\"auto, (max-width: 560px) 100vw, 560px\" \/><\/a>\r\n\t\t<\/div>\r\n\r\n\t\t\t\t\t\t\t\t\t\t\t<div class=\"grve-post-content\">\r\n\t\t\t\t\t\t\t<a href=\"https:\/\/vadevela.com\/fr\/recensement-des-especes-protegees-baleines-dauphins-tortues-et-requins\/\" rel=\"bookmark\"><h5 class=\"grve-post-title\" itemprop=\"headline\">RECENSEMENT DES ESP\u00c8CES PROT\u00c9G\u00c9ES : BALEINES, DAUPHINS, TORTUES ET REQUINS<\/h5><\/a>\t\t\t\t\t\t\t\t\t<span class=\"grve-hidden\">\r\n\t\t\t<span class=\"grve-structured-data\" itemprop=\"image\" itemscope itemtype=\"http:\/\/schema.org\/ImageObject\">\r\n\t\t\t   <span itemprop='url' >https:\/\/vadevela.com\/wp-content\/uploads\/2025\/03\/DOFI-1024x668.jpg<\/span>\r\n\t\t\t   <span itemprop='height' >1024<\/span>\r\n\t\t\t   <span itemprop='width' >668<\/span>\r\n\t\t\t<\/span>\r\n\t\t\t\t\t\t<span class=\"grve-structured-data\" itemprop=\"author\" itemscope itemtype=\"http:\/\/schema.org\/Person\">\r\n\t\t\t\t<span itemprop=\"name\">Mia<\/span>\r\n\t\t\t<\/span>\r\n\t\t\t<span class=\"grve-structured-data\" itemprop=\"publisher\" itemscope itemtype=\"http:\/\/schema.org\/Organization\">\r\n\t\t\t\t<span itemprop='name'>Mia<\/span>\r\n\t\t\t\t<span itemprop='logo' itemscope itemtype='http:\/\/schema.org\/ImageObject'>\r\n\t\t\t\t\t<span itemprop='url'>https:\/\/secure.gravatar.com\/avatar\/33c7ecd61a60595c2110f9f3f81c38d8c71e51bba939f0c70769dec6af93b8d6?s=96&#038;d=mm&#038;r=g<\/span>\r\n\t\t\t\t<\/span>\r\n\t\t\t<\/span>\r\n\t\t\t\t\t\t<time class=\"grve-structured-data\" itemprop=\"datePublished\" datetime=\"2025-03-03T18:54:02+02:00\">3 mars 2025<\/time>\r\n\t\t\t<time class=\"grve-structured-data\" itemprop=\"dateModified\"  datetime=\"2025-03-05T22:53:18+02:00\">5 mars 2025<\/time>\r\n\t\t\t<span class=\"grve-structured-data\" itemprop=\"mainEntityOfPage\" itemscope itemtype=\"http:\/\/schema.org\/WebPage\" itemid=\"https:\/\/vadevela.com\/fr\/recensement-des-especes-protegees-baleines-dauphins-tortues-et-requins\/\"><\/span>\r\n\t\t<\/span>\r\n\t\t\t\t\t\t\t\t<div class=\"grve-post-meta\">\r\n\t\t\t\t\t\t\t\t\t\t<div class=\"grve-post-author\">\r\n\t\t\t<span>Par : <\/span><span><a href=\"https:\/\/vadevela.com\/fr\/author\/mia\/\" title=\"Articles par Mia\" rel=\"author\">Mia<\/a><\/span>\r\n\t\t<\/div>\r\n\t<time class=\"grve-post-date\" datetime=\"2025-03-03T18:54:02+02:00\">\r\n\t\t3 mars 2025\t<\/time>\r\n\t<div class=\"grve-post-comments grve-small-text\">\r\n\t\t<span class=\"grve-icon-comment\"><\/span> 0\t<\/div>\r\n\t\t<div class=\"grve-like-counter\"><span class=\"grve-icon-heart\"><\/span>0<\/div>\r\n\t\t\t\t\t\t\t<\/div>\r\n\t\t\t\t\t\t\t<div itemprop=\"articleBody\"><p>VADEVELA collabore avec la G\u00e9n\u00e9ralit\u00e9 de Catalogne sur un important projet environnemental ax\u00e9 sur la conservation de la faune marine. Dans le cadre de cette initiative, VADEVELA fournit le voilier BREEZE pour soutenir le RECENSEMENT DES ESP\u00c8CES PROT\u00c9G\u00c9ES d&rsquo;oiseaux, de baleines et de requins dans les eaux de la mer Catalane. Ce RECENSEMENT DES ESP\u00c8CES\u2026<\/p><\/div>\t\t\t\t\t\t<\/div>\r\n\t\t\t\t\t\r\n\t\t\t\t<\/div>\t\t\t<\/article>\r\n\r\n\t\t\t<\/div>\r\n\t\t<\/div>\r\n[\/vc_column][\/vc_row]<\/p>\n<\/div>","protected":false},"excerpt":{"rendered":"<p>[vc_row][vc_column][\/vc_column][\/vc_row]<\/p>\n","protected":false},"author":1,"featured_media":0,"parent":0,"menu_order":0,"comment_status":"closed","ping_status":"closed","template":"","meta":{"footnotes":""},"class_list":["post-7332","page","type-page","status-publish","hentry"],"yoast_head":"<!-- This site is optimized with the Yoast SEO plugin v27.3 - https:\/\/yoast.com\/product\/yoast-seo-wordpress\/ -->\n<title>Blog - Vadevela<\/title>\n<meta name=\"robots\" content=\"index, follow, max-snippet:-1, max-image-preview:large, max-video-preview:-1\" \/>\n<link rel=\"canonical\" href=\"https:\/\/vadevela.com\/fr\/blog\/\" \/>\n<meta property=\"og:locale\" content=\"fr_FR\" \/>\n<meta property=\"og:type\" content=\"article\" \/>\n<meta property=\"og:title\" content=\"Blog - Vadevela\" \/>\n<meta property=\"og:description\" content=\"[vc_row][vc_column][\/vc_column][\/vc_row]\" \/>\n<meta property=\"og:url\" content=\"https:\/\/vadevela.com\/fr\/blog\/\" \/>\n<meta property=\"og:site_name\" content=\"Vadevela\" \/>\n<meta property=\"article:publisher\" content=\"https:\/\/www.facebook.com\/profile.php?id=100066870703106\" \/>\n<meta property=\"article:modified_time\" content=\"2025-03-03T17:56:41+00:00\" \/>\n<meta name=\"twitter:card\" content=\"summary_large_image\" \/>\n<meta name=\"twitter:label1\" content=\"Dur\u00e9e de lecture estim\u00e9e\" \/>\n\t<meta name=\"twitter:data1\" content=\"1 minute\" \/>\n<script type=\"application\/ld+json\" class=\"yoast-schema-graph\">{\"@context\":\"https:\\\/\\\/schema.org\",\"@graph\":[{\"@type\":\"WebPage\",\"@id\":\"https:\\\/\\\/vadevela.com\\\/fr\\\/blog\\\/\",\"url\":\"https:\\\/\\\/vadevela.com\\\/fr\\\/blog\\\/\",\"name\":\"Blog - Vadevela\",\"isPartOf\":{\"@id\":\"https:\\\/\\\/vadevela.com\\\/fr\\\/#website\"},\"datePublished\":\"2025-03-03T17:46:50+00:00\",\"dateModified\":\"2025-03-03T17:56:41+00:00\",\"breadcrumb\":{\"@id\":\"https:\\\/\\\/vadevela.com\\\/fr\\\/blog\\\/#breadcrumb\"},\"inLanguage\":\"fr-FR\",\"potentialAction\":[{\"@type\":\"ReadAction\",\"target\":[\"https:\\\/\\\/vadevela.com\\\/fr\\\/blog\\\/\"]}]},{\"@type\":\"BreadcrumbList\",\"@id\":\"https:\\\/\\\/vadevela.com\\\/fr\\\/blog\\\/#breadcrumb\",\"itemListElement\":[{\"@type\":\"ListItem\",\"position\":1,\"name\":\"Inici\",\"item\":\"https:\\\/\\\/vadevela.com\\\/fr\\\/\"},{\"@type\":\"ListItem\",\"position\":2,\"name\":\"Blog\"}]},{\"@type\":\"WebSite\",\"@id\":\"https:\\\/\\\/vadevela.com\\\/fr\\\/#website\",\"url\":\"https:\\\/\\\/vadevela.com\\\/fr\\\/\",\"name\":\"Vadevela\",\"description\":\"Lloguer de velers - Alquiler de veleros - Sailboat rental &amp; charter\",\"publisher\":{\"@id\":\"https:\\\/\\\/vadevela.com\\\/fr\\\/#organization\"},\"potentialAction\":[{\"@type\":\"SearchAction\",\"target\":{\"@type\":\"EntryPoint\",\"urlTemplate\":\"https:\\\/\\\/vadevela.com\\\/fr\\\/?s={search_term_string}\"},\"query-input\":{\"@type\":\"PropertyValueSpecification\",\"valueRequired\":true,\"valueName\":\"search_term_string\"}}],\"inLanguage\":\"fr-FR\"},{\"@type\":\"Organization\",\"@id\":\"https:\\\/\\\/vadevela.com\\\/fr\\\/#organization\",\"name\":\"Vadevela\",\"url\":\"https:\\\/\\\/vadevela.com\\\/fr\\\/\",\"logo\":{\"@type\":\"ImageObject\",\"inLanguage\":\"fr-FR\",\"@id\":\"https:\\\/\\\/vadevela.com\\\/fr\\\/#\\\/schema\\\/logo\\\/image\\\/\",\"url\":\"https:\\\/\\\/vadevela.com\\\/wp-content\\\/uploads\\\/2022\\\/09\\\/logo_vadevela_b_2.png\",\"contentUrl\":\"https:\\\/\\\/vadevela.com\\\/wp-content\\\/uploads\\\/2022\\\/09\\\/logo_vadevela_b_2.png\",\"width\":300,\"height\":59,\"caption\":\"Vadevela\"},\"image\":{\"@id\":\"https:\\\/\\\/vadevela.com\\\/fr\\\/#\\\/schema\\\/logo\\\/image\\\/\"},\"sameAs\":[\"https:\\\/\\\/www.facebook.com\\\/profile.php?id=100066870703106\",\"https:\\\/\\\/www.youtube.com\\\/user\\\/vadevela1\\\/videos\"]}]}<\/script>\n<!-- \/ Yoast SEO plugin. -->","yoast_head_json":{"title":"Blog - Vadevela","robots":{"index":"index","follow":"follow","max-snippet":"max-snippet:-1","max-image-preview":"max-image-preview:large","max-video-preview":"max-video-preview:-1"},"canonical":"https:\/\/vadevela.com\/fr\/blog\/","og_locale":"fr_FR","og_type":"article","og_title":"Blog - Vadevela","og_description":"[vc_row][vc_column][\/vc_column][\/vc_row]","og_url":"https:\/\/vadevela.com\/fr\/blog\/","og_site_name":"Vadevela","article_publisher":"https:\/\/www.facebook.com\/profile.php?id=100066870703106","article_modified_time":"2025-03-03T17:56:41+00:00","twitter_card":"summary_large_image","twitter_misc":{"Dur\u00e9e de lecture estim\u00e9e":"1 minute"},"schema":{"@context":"https:\/\/schema.org","@graph":[{"@type":"WebPage","@id":"https:\/\/vadevela.com\/fr\/blog\/","url":"https:\/\/vadevela.com\/fr\/blog\/","name":"Blog - Vadevela","isPartOf":{"@id":"https:\/\/vadevela.com\/fr\/#website"},"datePublished":"2025-03-03T17:46:50+00:00","dateModified":"2025-03-03T17:56:41+00:00","breadcrumb":{"@id":"https:\/\/vadevela.com\/fr\/blog\/#breadcrumb"},"inLanguage":"fr-FR","potentialAction":[{"@type":"ReadAction","target":["https:\/\/vadevela.com\/fr\/blog\/"]}]},{"@type":"BreadcrumbList","@id":"https:\/\/vadevela.com\/fr\/blog\/#breadcrumb","itemListElement":[{"@type":"ListItem","position":1,"name":"Inici","item":"https:\/\/vadevela.com\/fr\/"},{"@type":"ListItem","position":2,"name":"Blog"}]},{"@type":"WebSite","@id":"https:\/\/vadevela.com\/fr\/#website","url":"https:\/\/vadevela.com\/fr\/","name":"Vadevela","description":"Lloguer de velers - Alquiler de veleros - Sailboat rental &amp; charter","publisher":{"@id":"https:\/\/vadevela.com\/fr\/#organization"},"potentialAction":[{"@type":"SearchAction","target":{"@type":"EntryPoint","urlTemplate":"https:\/\/vadevela.com\/fr\/?s={search_term_string}"},"query-input":{"@type":"PropertyValueSpecification","valueRequired":true,"valueName":"search_term_string"}}],"inLanguage":"fr-FR"},{"@type":"Organization","@id":"https:\/\/vadevela.com\/fr\/#organization","name":"Vadevela","url":"https:\/\/vadevela.com\/fr\/","logo":{"@type":"ImageObject","inLanguage":"fr-FR","@id":"https:\/\/vadevela.com\/fr\/#\/schema\/logo\/image\/","url":"https:\/\/vadevela.com\/wp-content\/uploads\/2022\/09\/logo_vadevela_b_2.png","contentUrl":"https:\/\/vadevela.com\/wp-content\/uploads\/2022\/09\/logo_vadevela_b_2.png","width":300,"height":59,"caption":"Vadevela"},"image":{"@id":"https:\/\/vadevela.com\/fr\/#\/schema\/logo\/image\/"},"sameAs":["https:\/\/www.facebook.com\/profile.php?id=100066870703106","https:\/\/www.youtube.com\/user\/vadevela1\/videos"]}]}},"_links":{"self":[{"href":"https:\/\/vadevela.com\/fr\/wp-json\/wp\/v2\/pages\/7332","targetHints":{"allow":["GET"]}}],"collection":[{"href":"https:\/\/vadevela.com\/fr\/wp-json\/wp\/v2\/pages"}],"about":[{"href":"https:\/\/vadevela.com\/fr\/wp-json\/wp\/v2\/types\/page"}],"author":[{"embeddable":true,"href":"https:\/\/vadevela.com\/fr\/wp-json\/wp\/v2\/users\/1"}],"replies":[{"embeddable":true,"href":"https:\/\/vadevela.com\/fr\/wp-json\/wp\/v2\/comments?post=7332"}],"version-history":[{"count":2,"href":"https:\/\/vadevela.com\/fr\/wp-json\/wp\/v2\/pages\/7332\/revisions"}],"predecessor-version":[{"id":7342,"href":"https:\/\/vadevela.com\/fr\/wp-json\/wp\/v2\/pages\/7332\/revisions\/7342"}],"wp:attachment":[{"href":"https:\/\/vadevela.com\/fr\/wp-json\/wp\/v2\/media?parent=7332"}],"curies":[{"name":"wp","href":"https:\/\/api.w.org\/{rel}","templated":true}]}}