{"id":7360,"date":"2022-09-05T19:16:59","date_gmt":"2022-09-05T17:16:59","guid":{"rendered":"https:\/\/vadevela.com\/lloguer-de-veler-a-palamos\/"},"modified":"2025-03-05T14:07:44","modified_gmt":"2025-03-05T12:07:44","slug":"location-de-voiliers-a-palamos","status":"publish","type":"page","link":"https:\/\/vadevela.com\/fr\/location-de-voiliers-a-palamos\/","title":{"rendered":"Location de voiliers \u00e0 Palam\u00f3s"},"content":{"rendered":"<div class=\"wpb-content-wrapper\"><p>[vc_row][vc_column]<div class=\"grve-element grve-slogan grve-align-left\" style=\"\"><h4 class=\"grve-slogan-title grve-align-left grve-title-line\"><span>NOUS VOUS PROPOSONS DEUX FA\u00c7ONS DE PROFITER DE NOS VOILIERS \u00c0 LOUER \u00c0 PALAM\u00d3S :<\/span><\/h4>  <p class=\"\"><\/p><\/div>[\/vc_column][\/vc_row][vc_row][vc_column width=\u00a0\u00bb2\/3&Prime;][vc_column_text css=\u00a0\u00bb\u00a0\u00bb]<strong>Louez un voilier si vous n&rsquo;avez pas de permis :<\/strong> Naviguez \u00e0 bord de notre voilier SUN ODYSSEY 40 de 12 m\u00e8tres pouvant accueillir jusqu&rsquo;\u00e0 11 personnes. Venez en couple, en famille ou entre amis et profitez \u00e0 bord sans soucis et en toute s\u00e9curit\u00e9.<\/p>\n<p>Excursions \u00e0 la mi-journ\u00e9e ou \u00e0 la journ\u00e9e \u00e0 travers la zone prot\u00e9g\u00e9e de Platja de Castell (Palam\u00f3s) jusqu&rsquo;aux falaises ocres du Cap Roig (Calella de Palafrugell)<\/p>\n<ul>\n<li>Anniversaires sur un voilier.<\/li>\n<li>Enterrement de vie de jeune fille sur un bateau.<\/li>\n<li>S\u00e9ances photos sur un voilier.<\/li>\n<li>Cadeaux sp\u00e9ciaux sur un voilier.<\/li>\n<li>Itin\u00e9raires de navigation.<\/li>\n<li>Incitations pour les entreprises.<\/li>\n<li>Observation des c\u00e9tac\u00e9s.<\/li>\n<li>R\u00e9gates de voile.<\/li>\n<\/ul>\n<p><strong>Location de voilier avec certification :<\/strong> Naviguez en toute libert\u00e9 avec l&rsquo;OCEANIS 331 de 10 m\u00e8tres. Avec lui, vous pourrez explorer toute la Costa Brava en naviguant pendant plusieurs jours au nord jusqu&rsquo;\u00e0 Cadaqu\u00e9s ou au sud jusqu&rsquo;\u00e0 Tossa de Mar ou simplement passer la journ\u00e9e \u00e0 naviguer le long de la c\u00f4te de Palam\u00f3s.<\/p>\n<p>Nous vous informerons sur les caract\u00e9ristiques de la zone de la Costa Brava que vous souhaitez explorer, nous vous conseillerons sur les meilleurs mouillages et champs de bou\u00e9es, nous serons toujours attentifs \u00e0 ce que votre navigation soit l&rsquo;une des meilleures exp\u00e9riences \u00e0 vivre.[\/vc_column_text][\/vc_column][vc_column width=\u00a0\u00bb1\/3&Prime;]<div class=\"grve-element grve-carousel-wrapper\"  style=\" \"><div class=\"grve-carousel-navigation grve-light\" data-navigation-type=\"1\">\t<div class=\"grve-carousel-buttons\">\t\t<div class=\"grve-carousel-prev grve-icon-nav-left\"><\/div>\t\t<div class=\"grve-carousel-next grve-icon-nav-right\"><\/div>\t<\/div><\/div><div class=\"grve-slider grve-carousel-element \" data-slider-speed=\"3500\" data-slider-pause=\"no\" data-navigation-type=\"1\" data-slider-autoplay=\"yes\" data-slider-autoheight=\"no\"><div class=\"grve-slider-item\">\t<figure class=\"grve-image-hover grve-zoom-in\">\t\t<div class=\"grve-media grve-dark-overlay grve-opacity-60\"><img loading=\"lazy\" decoding=\"async\" width=\"500\" height=\"375\" src=\"https:\/\/vadevela.com\/wp-content\/uploads\/2022\/09\/157g.jpg\" class=\"attachment-grve-image-small-square size-grve-image-small-square\" alt=\"Grupo de amigos disfrutando de la Costa Brava en un velero al mediod\u00eda\" srcset=\"https:\/\/vadevela.com\/wp-content\/uploads\/2022\/09\/157g.jpg 500w, https:\/\/vadevela.com\/wp-content\/uploads\/2022\/09\/157g-300x225.jpg 300w\" sizes=\"auto, (max-width: 500px) 100vw, 500px\" \/>\t\t<\/div><figcaption><h6 class=\"grve-title grve-dark\">Lloguer veler Palam\u00f3s i Costa Brava<\/h6><span class=\"grve-caption grve-dark\">Lloguer veler Palam\u00f3s i Costa Brava<\/span><\/figcaption>\t<\/figure><\/div><div class=\"grve-slider-item\">\t<figure class=\"grve-image-hover grve-zoom-in\">\t\t<div class=\"grve-media grve-dark-overlay grve-opacity-60\"><img loading=\"lazy\" decoding=\"async\" width=\"500\" height=\"375\" src=\"https:\/\/vadevela.com\/wp-content\/uploads\/2022\/09\/156g.jpg\" class=\"attachment-grve-image-small-square size-grve-image-small-square\" alt=\"Posta de sol al veler de Vadevela a les cales de Palam\u00f3s\" srcset=\"https:\/\/vadevela.com\/wp-content\/uploads\/2022\/09\/156g.jpg 500w, https:\/\/vadevela.com\/wp-content\/uploads\/2022\/09\/156g-300x225.jpg 300w\" sizes=\"auto, (max-width: 500px) 100vw, 500px\" \/>\t\t<\/div><figcaption><h6 class=\"grve-title grve-dark\">Lloguer de velers<\/h6><\/figcaption>\t<\/figure><\/div><div class=\"grve-slider-item\">\t<figure class=\"grve-image-hover grve-zoom-in\">\t\t<div class=\"grve-media grve-dark-overlay grve-opacity-60\"><img loading=\"lazy\" decoding=\"async\" width=\"500\" height=\"375\" src=\"https:\/\/vadevela.com\/wp-content\/uploads\/2022\/09\/155g.jpg\" class=\"attachment-grve-image-small-square size-grve-image-small-square\" alt=\"Posta de sol en veler a les cales de Palam\u00f3s\" srcset=\"https:\/\/vadevela.com\/wp-content\/uploads\/2022\/09\/155g.jpg 500w, https:\/\/vadevela.com\/wp-content\/uploads\/2022\/09\/155g-300x225.jpg 300w\" sizes=\"auto, (max-width: 500px) 100vw, 500px\" \/>\t\t<\/div><figcaption><h6 class=\"grve-title grve-dark\">Lloguer veler Palam\u00f3s i Costa Brava<\/h6><span class=\"grve-caption grve-dark\">Lloguer veler Palam\u00f3s i Costa Brava<\/span><\/figcaption>\t<\/figure><\/div><div class=\"grve-slider-item\">\t<figure class=\"grve-image-hover grve-zoom-in\">\t\t<div class=\"grve-media grve-dark-overlay grve-opacity-60\"><img loading=\"lazy\" decoding=\"async\" width=\"500\" height=\"375\" src=\"https:\/\/vadevela.com\/wp-content\/uploads\/2022\/09\/150g.jpg\" class=\"attachment-grve-image-small-square size-grve-image-small-square\" alt=\"Grup d&#039;amics gaudint d\u00b4un veler de Vadevela per Palam\u00f3s\" srcset=\"https:\/\/vadevela.com\/wp-content\/uploads\/2022\/09\/150g.jpg 500w, https:\/\/vadevela.com\/wp-content\/uploads\/2022\/09\/150g-300x225.jpg 300w\" sizes=\"auto, (max-width: 500px) 100vw, 500px\" \/>\t\t<\/div><figcaption><h6 class=\"grve-title grve-dark\">Lloguer de velers<\/h6><\/figcaption>\t<\/figure><\/div>\t<\/div><\/div>[\/vc_column][\/vc_row][vc_row][vc_column width=\u00a0\u00bb1\/3&Prime;]<div class=\"grve-element grve-carousel-wrapper\"  style=\" \"><div class=\"grve-carousel-navigation grve-light\" data-navigation-type=\"1\">\t<div class=\"grve-carousel-buttons\">\t\t<div class=\"grve-carousel-prev grve-icon-nav-left\"><\/div>\t\t<div class=\"grve-carousel-next grve-icon-nav-right\"><\/div>\t<\/div><\/div><div class=\"grve-slider grve-carousel-element \" data-slider-speed=\"3500\" data-slider-pause=\"no\" data-navigation-type=\"1\" data-slider-autoplay=\"yes\" data-slider-autoheight=\"no\"><div class=\"grve-slider-item\">\t<figure class=\"grve-image-hover grve-zoom-in\">\t\t<div class=\"grve-media grve-dark-overlay grve-opacity-60\"><img loading=\"lazy\" decoding=\"async\" width=\"560\" height=\"560\" src=\"https:\/\/vadevela.com\/wp-content\/uploads\/2022\/09\/61g-560x560.jpg\" class=\"attachment-grve-image-small-square size-grve-image-small-square\" alt=\"Grup d&#039;amics gaudint d&#039;un veler de Vadevela i saludant a c\u00e0mera\" srcset=\"https:\/\/vadevela.com\/wp-content\/uploads\/2022\/09\/61g-560x560.jpg 560w, https:\/\/vadevela.com\/wp-content\/uploads\/2022\/09\/61g-150x150.jpg 150w, https:\/\/vadevela.com\/wp-content\/uploads\/2022\/09\/61g-80x80.jpg 80w, https:\/\/vadevela.com\/wp-content\/uploads\/2022\/09\/61g-300x300.jpg 300w, https:\/\/vadevela.com\/wp-content\/uploads\/2022\/09\/61g-100x100.jpg 100w\" sizes=\"auto, (max-width: 560px) 100vw, 560px\" \/>\t\t<\/div><figcaption><h6 class=\"grve-title grve-dark\">Lloguer de velers<\/h6><\/figcaption>\t<\/figure><\/div><div class=\"grve-slider-item\">\t<figure class=\"grve-image-hover grve-zoom-in\">\t\t<div class=\"grve-media grve-dark-overlay grve-opacity-60\"><img loading=\"lazy\" decoding=\"async\" width=\"560\" height=\"560\" src=\"https:\/\/vadevela.com\/wp-content\/uploads\/2022\/09\/53g-560x560.jpg\" class=\"attachment-grve-image-small-square size-grve-image-small-square\" alt=\"Grup d&#039;amics disfrutant del val regal de Vadevela a un veler de la Costa Brava\" srcset=\"https:\/\/vadevela.com\/wp-content\/uploads\/2022\/09\/53g-560x560.jpg 560w, https:\/\/vadevela.com\/wp-content\/uploads\/2022\/09\/53g-150x150.jpg 150w, https:\/\/vadevela.com\/wp-content\/uploads\/2022\/09\/53g-80x80.jpg 80w, https:\/\/vadevela.com\/wp-content\/uploads\/2022\/09\/53g-300x300.jpg 300w, https:\/\/vadevela.com\/wp-content\/uploads\/2022\/09\/53g-100x100.jpg 100w\" sizes=\"auto, (max-width: 560px) 100vw, 560px\" \/>\t\t<\/div><figcaption><h6 class=\"grve-title grve-dark\">Lloguer veler Palam\u00f3s i Costa Brava<\/h6><\/figcaption>\t<\/figure><\/div><div class=\"grve-slider-item\">\t<figure class=\"grve-image-hover grve-zoom-in\">\t\t<div class=\"grve-media grve-dark-overlay grve-opacity-60\"><img loading=\"lazy\" decoding=\"async\" width=\"560\" height=\"560\" src=\"https:\/\/vadevela.com\/wp-content\/uploads\/2022\/09\/60g-560x560.jpg\" class=\"attachment-grve-image-small-square size-grve-image-small-square\" alt=\"Lloguer de velers per a empreses a Palam\u00f3s. Imatge de dos velers a la Costa Brava\" srcset=\"https:\/\/vadevela.com\/wp-content\/uploads\/2022\/09\/60g-560x560.jpg 560w, https:\/\/vadevela.com\/wp-content\/uploads\/2022\/09\/60g-150x150.jpg 150w, https:\/\/vadevela.com\/wp-content\/uploads\/2022\/09\/60g-80x80.jpg 80w, https:\/\/vadevela.com\/wp-content\/uploads\/2022\/09\/60g-300x300.jpg 300w, https:\/\/vadevela.com\/wp-content\/uploads\/2022\/09\/60g-100x100.jpg 100w\" sizes=\"auto, (max-width: 560px) 100vw, 560px\" \/>\t\t<\/div><figcaption><h6 class=\"grve-title grve-dark\">Lloguer veler Palam\u00f3s i Costa Brava<\/h6><span class=\"grve-caption grve-dark\">Lloguer veler Palam\u00f3s i Costa Brava<\/span><\/figcaption>\t<\/figure><\/div><div class=\"grve-slider-item\">\t<figure class=\"grve-image-hover grve-zoom-in\">\t\t<div class=\"grve-media grve-dark-overlay grve-opacity-60\"><img loading=\"lazy\" decoding=\"async\" width=\"560\" height=\"560\" src=\"https:\/\/vadevela.com\/wp-content\/uploads\/2022\/09\/72g-560x560.jpg\" class=\"attachment-grve-image-small-square size-grve-image-small-square\" alt=\"Imatge a\u00e8ria del mar a una cala de Palam\u00f3s\" srcset=\"https:\/\/vadevela.com\/wp-content\/uploads\/2022\/09\/72g-560x560.jpg 560w, https:\/\/vadevela.com\/wp-content\/uploads\/2022\/09\/72g-150x150.jpg 150w, https:\/\/vadevela.com\/wp-content\/uploads\/2022\/09\/72g-80x80.jpg 80w, https:\/\/vadevela.com\/wp-content\/uploads\/2022\/09\/72g-300x300.jpg 300w, https:\/\/vadevela.com\/wp-content\/uploads\/2022\/09\/72g-100x100.jpg 100w\" sizes=\"auto, (max-width: 560px) 100vw, 560px\" \/>\t\t<\/div><figcaption><h6 class=\"grve-title grve-dark\">Lloguer de velers<\/h6><\/figcaption>\t<\/figure><\/div><div class=\"grve-slider-item\">\t<figure class=\"grve-image-hover grve-zoom-in\">\t\t<div class=\"grve-media grve-dark-overlay grve-opacity-60\"><img loading=\"lazy\" decoding=\"async\" width=\"560\" height=\"560\" src=\"https:\/\/vadevela.com\/wp-content\/uploads\/2022\/09\/59g-560x560.jpg\" class=\"attachment-grve-image-small-square size-grve-image-small-square\" alt=\"Grupo de amigos que han alquilado el velero por un d\u00eda en Palam\u00f3s, Costa Brava\" srcset=\"https:\/\/vadevela.com\/wp-content\/uploads\/2022\/09\/59g-560x560.jpg 560w, https:\/\/vadevela.com\/wp-content\/uploads\/2022\/09\/59g-150x150.jpg 150w, https:\/\/vadevela.com\/wp-content\/uploads\/2022\/09\/59g-80x80.jpg 80w, https:\/\/vadevela.com\/wp-content\/uploads\/2022\/09\/59g-300x300.jpg 300w, https:\/\/vadevela.com\/wp-content\/uploads\/2022\/09\/59g-100x100.jpg 100w\" sizes=\"auto, (max-width: 560px) 100vw, 560px\" \/>\t\t<\/div><figcaption><h6 class=\"grve-title grve-dark\">Rutes en veler Palam\u00f3s i Costa Brava<\/h6><span class=\"grve-caption grve-dark\">Rutes en veler Palam\u00f3s i Costa Brava<\/span><\/figcaption>\t<\/figure><\/div>\t<\/div><\/div>[\/vc_column][vc_column width=\u00a0\u00bb2\/3&Prime;][vc_column_text css=\u00a0\u00bb\u00a0\u00bb]Oh! Nous disposons d&rsquo;amarrages spacieux avec une grande zone de man\u0153uvre au Port Marina de Palamos, afin que vous puissiez avoir un bon amarrage sans soucis.<\/p>\n<p>Si vous avez besoin de rafra\u00eechir vos connaissances pour naviguer plus en toute s\u00e9curit\u00e9, nous pouvons naviguer avec vous pendant quelques heures jusqu&rsquo;\u00e0 ce que vous d\u00e9cidiez.<\/p>\n<p>Nous avons \u00e9galement un FORFAIT \u00e9conomique (hors saison) pour que vous ne vous d\u00e9connectiez pas et que vous puissiez acqu\u00e9rir l&rsquo;exp\u00e9rience n\u00e9cessaire lorsque vous louez le voilier avec votre famille ou vos amis pendant vos vacances.<\/p>\n<p>Si vous avez d&rsquo;autres questions, vous pouvez consulter la page FAQS ou nous contacter par email ou WhatsApp.[\/vc_column_text][\/vc_column][\/vc_row]<\/p>\n<\/div>","protected":false},"excerpt":{"rendered":"<p>[vc_row][vc_column][\/vc_column][\/vc_row][vc_row][vc_column width=\u00a0\u00bb2\/3&Prime;][vc_column_text css=\u00a0\u00bb\u00a0\u00bb]Louez un voilier si vous n&rsquo;avez pas de permis : Naviguez \u00e0 bord de notre voilier SUN ODYSSEY 40 de 12 m\u00e8tres pouvant accueillir jusqu&rsquo;\u00e0 11 personnes. Venez en couple, en famille ou entre amis et profitez \u00e0 bord sans soucis et en toute s\u00e9curit\u00e9. Excursions \u00e0 la mi-journ\u00e9e ou \u00e0 la journ\u00e9e [&hellip;]<\/p>\n","protected":false},"author":1,"featured_media":0,"parent":0,"menu_order":0,"comment_status":"closed","ping_status":"closed","template":"","meta":{"footnotes":""},"class_list":["post-7360","page","type-page","status-publish","hentry"],"yoast_head":"<!-- This site is optimized with the Yoast SEO plugin v27.3 - https:\/\/yoast.com\/product\/yoast-seo-wordpress\/ -->\n<title>Location de voiliers \u00e0 Palam\u00f3s - Vadevela<\/title>\n<meta name=\"description\" content=\"Nous vous proposons deux fa\u00e7ons de profiter de nos voiliers en location \u00e0 Palam\u00f3s : louer le voilier si vous n&#039;avez pas de permis ou avec un permis.\" \/>\n<meta name=\"robots\" content=\"index, follow, max-snippet:-1, max-image-preview:large, max-video-preview:-1\" \/>\n<link rel=\"canonical\" href=\"https:\/\/vadevela.com\/fr\/location-de-voiliers-a-palamos\/\" \/>\n<meta property=\"og:locale\" content=\"fr_FR\" \/>\n<meta property=\"og:type\" content=\"article\" \/>\n<meta property=\"og:title\" content=\"Location de voiliers \u00e0 Palam\u00f3s - Vadevela\" \/>\n<meta property=\"og:description\" content=\"Nous vous proposons deux fa\u00e7ons de profiter de nos voiliers en location \u00e0 Palam\u00f3s : louer le voilier si vous n&#039;avez pas de permis ou avec un permis.\" \/>\n<meta property=\"og:url\" content=\"https:\/\/vadevela.com\/fr\/location-de-voiliers-a-palamos\/\" \/>\n<meta property=\"og:site_name\" content=\"Vadevela\" \/>\n<meta property=\"article:publisher\" content=\"https:\/\/www.facebook.com\/profile.php?id=100066870703106\" \/>\n<meta property=\"article:modified_time\" content=\"2025-03-05T12:07:44+00:00\" \/>\n<meta name=\"twitter:card\" content=\"summary_large_image\" \/>\n<meta name=\"twitter:label1\" content=\"Dur\u00e9e de lecture estim\u00e9e\" \/>\n\t<meta name=\"twitter:data1\" content=\"4 minutes\" \/>\n<script type=\"application\/ld+json\" class=\"yoast-schema-graph\">{\"@context\":\"https:\\\/\\\/schema.org\",\"@graph\":[{\"@type\":\"WebPage\",\"@id\":\"https:\\\/\\\/vadevela.com\\\/fr\\\/location-de-voiliers-a-palamos\\\/\",\"url\":\"https:\\\/\\\/vadevela.com\\\/fr\\\/location-de-voiliers-a-palamos\\\/\",\"name\":\"Location de voiliers \u00e0 Palam\u00f3s - Vadevela\",\"isPartOf\":{\"@id\":\"https:\\\/\\\/vadevela.com\\\/fr\\\/#website\"},\"datePublished\":\"2022-09-05T17:16:59+00:00\",\"dateModified\":\"2025-03-05T12:07:44+00:00\",\"description\":\"Nous vous proposons deux fa\u00e7ons de profiter de nos voiliers en location \u00e0 Palam\u00f3s : louer le voilier si vous n'avez pas de permis ou avec un permis.\",\"breadcrumb\":{\"@id\":\"https:\\\/\\\/vadevela.com\\\/fr\\\/location-de-voiliers-a-palamos\\\/#breadcrumb\"},\"inLanguage\":\"fr-FR\",\"potentialAction\":[{\"@type\":\"ReadAction\",\"target\":[\"https:\\\/\\\/vadevela.com\\\/fr\\\/location-de-voiliers-a-palamos\\\/\"]}]},{\"@type\":\"BreadcrumbList\",\"@id\":\"https:\\\/\\\/vadevela.com\\\/fr\\\/location-de-voiliers-a-palamos\\\/#breadcrumb\",\"itemListElement\":[{\"@type\":\"ListItem\",\"position\":1,\"name\":\"Inici\",\"item\":\"https:\\\/\\\/vadevela.com\\\/fr\\\/\"},{\"@type\":\"ListItem\",\"position\":2,\"name\":\"Location de voiliers \u00e0 Palam\u00f3s\"}]},{\"@type\":\"WebSite\",\"@id\":\"https:\\\/\\\/vadevela.com\\\/fr\\\/#website\",\"url\":\"https:\\\/\\\/vadevela.com\\\/fr\\\/\",\"name\":\"Vadevela\",\"description\":\"Lloguer de velers - Alquiler de veleros - Sailboat rental &amp; charter\",\"publisher\":{\"@id\":\"https:\\\/\\\/vadevela.com\\\/fr\\\/#organization\"},\"potentialAction\":[{\"@type\":\"SearchAction\",\"target\":{\"@type\":\"EntryPoint\",\"urlTemplate\":\"https:\\\/\\\/vadevela.com\\\/fr\\\/?s={search_term_string}\"},\"query-input\":{\"@type\":\"PropertyValueSpecification\",\"valueRequired\":true,\"valueName\":\"search_term_string\"}}],\"inLanguage\":\"fr-FR\"},{\"@type\":\"Organization\",\"@id\":\"https:\\\/\\\/vadevela.com\\\/fr\\\/#organization\",\"name\":\"Vadevela\",\"url\":\"https:\\\/\\\/vadevela.com\\\/fr\\\/\",\"logo\":{\"@type\":\"ImageObject\",\"inLanguage\":\"fr-FR\",\"@id\":\"https:\\\/\\\/vadevela.com\\\/fr\\\/#\\\/schema\\\/logo\\\/image\\\/\",\"url\":\"https:\\\/\\\/vadevela.com\\\/wp-content\\\/uploads\\\/2022\\\/09\\\/logo_vadevela_b_2.png\",\"contentUrl\":\"https:\\\/\\\/vadevela.com\\\/wp-content\\\/uploads\\\/2022\\\/09\\\/logo_vadevela_b_2.png\",\"width\":300,\"height\":59,\"caption\":\"Vadevela\"},\"image\":{\"@id\":\"https:\\\/\\\/vadevela.com\\\/fr\\\/#\\\/schema\\\/logo\\\/image\\\/\"},\"sameAs\":[\"https:\\\/\\\/www.facebook.com\\\/profile.php?id=100066870703106\",\"https:\\\/\\\/www.youtube.com\\\/user\\\/vadevela1\\\/videos\"]}]}<\/script>\n<!-- \/ Yoast SEO plugin. -->","yoast_head_json":{"title":"Location de voiliers \u00e0 Palam\u00f3s - Vadevela","description":"Nous vous proposons deux fa\u00e7ons de profiter de nos voiliers en location \u00e0 Palam\u00f3s : louer le voilier si vous n'avez pas de permis ou avec un permis.","robots":{"index":"index","follow":"follow","max-snippet":"max-snippet:-1","max-image-preview":"max-image-preview:large","max-video-preview":"max-video-preview:-1"},"canonical":"https:\/\/vadevela.com\/fr\/location-de-voiliers-a-palamos\/","og_locale":"fr_FR","og_type":"article","og_title":"Location de voiliers \u00e0 Palam\u00f3s - Vadevela","og_description":"Nous vous proposons deux fa\u00e7ons de profiter de nos voiliers en location \u00e0 Palam\u00f3s : louer le voilier si vous n'avez pas de permis ou avec un permis.","og_url":"https:\/\/vadevela.com\/fr\/location-de-voiliers-a-palamos\/","og_site_name":"Vadevela","article_publisher":"https:\/\/www.facebook.com\/profile.php?id=100066870703106","article_modified_time":"2025-03-05T12:07:44+00:00","twitter_card":"summary_large_image","twitter_misc":{"Dur\u00e9e de lecture estim\u00e9e":"4 minutes"},"schema":{"@context":"https:\/\/schema.org","@graph":[{"@type":"WebPage","@id":"https:\/\/vadevela.com\/fr\/location-de-voiliers-a-palamos\/","url":"https:\/\/vadevela.com\/fr\/location-de-voiliers-a-palamos\/","name":"Location de voiliers \u00e0 Palam\u00f3s - Vadevela","isPartOf":{"@id":"https:\/\/vadevela.com\/fr\/#website"},"datePublished":"2022-09-05T17:16:59+00:00","dateModified":"2025-03-05T12:07:44+00:00","description":"Nous vous proposons deux fa\u00e7ons de profiter de nos voiliers en location \u00e0 Palam\u00f3s : louer le voilier si vous n'avez pas de permis ou avec un permis.","breadcrumb":{"@id":"https:\/\/vadevela.com\/fr\/location-de-voiliers-a-palamos\/#breadcrumb"},"inLanguage":"fr-FR","potentialAction":[{"@type":"ReadAction","target":["https:\/\/vadevela.com\/fr\/location-de-voiliers-a-palamos\/"]}]},{"@type":"BreadcrumbList","@id":"https:\/\/vadevela.com\/fr\/location-de-voiliers-a-palamos\/#breadcrumb","itemListElement":[{"@type":"ListItem","position":1,"name":"Inici","item":"https:\/\/vadevela.com\/fr\/"},{"@type":"ListItem","position":2,"name":"Location de voiliers \u00e0 Palam\u00f3s"}]},{"@type":"WebSite","@id":"https:\/\/vadevela.com\/fr\/#website","url":"https:\/\/vadevela.com\/fr\/","name":"Vadevela","description":"Lloguer de velers - Alquiler de veleros - Sailboat rental &amp; charter","publisher":{"@id":"https:\/\/vadevela.com\/fr\/#organization"},"potentialAction":[{"@type":"SearchAction","target":{"@type":"EntryPoint","urlTemplate":"https:\/\/vadevela.com\/fr\/?s={search_term_string}"},"query-input":{"@type":"PropertyValueSpecification","valueRequired":true,"valueName":"search_term_string"}}],"inLanguage":"fr-FR"},{"@type":"Organization","@id":"https:\/\/vadevela.com\/fr\/#organization","name":"Vadevela","url":"https:\/\/vadevela.com\/fr\/","logo":{"@type":"ImageObject","inLanguage":"fr-FR","@id":"https:\/\/vadevela.com\/fr\/#\/schema\/logo\/image\/","url":"https:\/\/vadevela.com\/wp-content\/uploads\/2022\/09\/logo_vadevela_b_2.png","contentUrl":"https:\/\/vadevela.com\/wp-content\/uploads\/2022\/09\/logo_vadevela_b_2.png","width":300,"height":59,"caption":"Vadevela"},"image":{"@id":"https:\/\/vadevela.com\/fr\/#\/schema\/logo\/image\/"},"sameAs":["https:\/\/www.facebook.com\/profile.php?id=100066870703106","https:\/\/www.youtube.com\/user\/vadevela1\/videos"]}]}},"_links":{"self":[{"href":"https:\/\/vadevela.com\/fr\/wp-json\/wp\/v2\/pages\/7360","targetHints":{"allow":["GET"]}}],"collection":[{"href":"https:\/\/vadevela.com\/fr\/wp-json\/wp\/v2\/pages"}],"about":[{"href":"https:\/\/vadevela.com\/fr\/wp-json\/wp\/v2\/types\/page"}],"author":[{"embeddable":true,"href":"https:\/\/vadevela.com\/fr\/wp-json\/wp\/v2\/users\/1"}],"replies":[{"embeddable":true,"href":"https:\/\/vadevela.com\/fr\/wp-json\/wp\/v2\/comments?post=7360"}],"version-history":[{"count":4,"href":"https:\/\/vadevela.com\/fr\/wp-json\/wp\/v2\/pages\/7360\/revisions"}],"predecessor-version":[{"id":7364,"href":"https:\/\/vadevela.com\/fr\/wp-json\/wp\/v2\/pages\/7360\/revisions\/7364"}],"wp:attachment":[{"href":"https:\/\/vadevela.com\/fr\/wp-json\/wp\/v2\/media?parent=7360"}],"curies":[{"name":"wp","href":"https:\/\/api.w.org\/{rel}","templated":true}]}}