{"id":7366,"date":"2022-09-14T17:23:53","date_gmt":"2022-09-14T15:23:53","guid":{"rendered":"https:\/\/vadevela.com\/lloguer-de-velers-palamos-costa-brava-2\/"},"modified":"2026-03-15T21:46:13","modified_gmt":"2026-03-15T19:46:13","slug":"location-de-voiliers-a-palamos-costa-brava","status":"publish","type":"page","link":"https:\/\/vadevela.com\/fr\/location-de-voiliers-a-palamos-costa-brava\/","title":{"rendered":"Location de voiliers \u00e0 Palam\u00f3s Costa Brava"},"content":{"rendered":"<div class=\"wpb-content-wrapper\"><p>[vc_row header_feature=\u00a0\u00bbyes\u00a0\u00bb padding_top=\u00a0\u00bb35&Prime;][vc_column]<div class=\"grve-element grve-slogan grve-align-center\" style=\"\"><h4 class=\"grve-slogan-title grve-align-center grve-title-line\"><span>LOCATION DE VOILIER \u00c0 PALAM\u00d3S, COSTA BRAVA<\/span><\/h4>  <p class=\"\"><\/p><\/div>[\/vc_column][\/vc_row][vc_row][vc_column width=\u00a0\u00bb1\/2&Prime;]<div class=\"grve-element grve-carousel-wrapper\"  style=\" \"><div class=\"grve-carousel-navigation grve-light\" data-navigation-type=\"1\">\t<div class=\"grve-carousel-buttons\">\t\t<div class=\"grve-carousel-prev grve-icon-nav-left\"><\/div>\t\t<div class=\"grve-carousel-next grve-icon-nav-right\"><\/div>\t<\/div><\/div><div class=\"grve-slider grve-carousel-element \" data-slider-speed=\"3500\" data-slider-pause=\"no\" data-navigation-type=\"1\" data-slider-autoplay=\"yes\" data-slider-autoheight=\"no\"><div class=\"grve-slider-item\">\t<figure class=\"grve-image-hover grve-zoom-in\">\t\t<div class=\"grve-media grve-dark-overlay grve-opacity-60\"><img loading=\"lazy\" decoding=\"async\" width=\"500\" height=\"375\" src=\"https:\/\/vadevela.com\/wp-content\/uploads\/2025\/02\/galeria_oceanis_01-1.jpg\" class=\"attachment-grve-image-small-square size-grve-image-small-square\" alt=\"\" srcset=\"https:\/\/vadevela.com\/wp-content\/uploads\/2025\/02\/galeria_oceanis_01-1.jpg 500w, https:\/\/vadevela.com\/wp-content\/uploads\/2025\/02\/galeria_oceanis_01-1-300x225.jpg 300w\" sizes=\"auto, (max-width: 500px) 100vw, 500px\" \/>\t\t<\/div><figcaption><\/figcaption>\t<\/figure><\/div><div class=\"grve-slider-item\">\t<figure class=\"grve-image-hover grve-zoom-in\">\t\t<div class=\"grve-media grve-dark-overlay grve-opacity-60\"><img loading=\"lazy\" decoding=\"async\" width=\"500\" height=\"375\" src=\"https:\/\/vadevela.com\/wp-content\/uploads\/2025\/02\/galeria_oceanis_02-1.jpg\" class=\"attachment-grve-image-small-square size-grve-image-small-square\" alt=\"\" srcset=\"https:\/\/vadevela.com\/wp-content\/uploads\/2025\/02\/galeria_oceanis_02-1.jpg 500w, https:\/\/vadevela.com\/wp-content\/uploads\/2025\/02\/galeria_oceanis_02-1-300x225.jpg 300w\" sizes=\"auto, (max-width: 500px) 100vw, 500px\" \/>\t\t<\/div><figcaption><\/figcaption>\t<\/figure><\/div><div class=\"grve-slider-item\">\t<figure class=\"grve-image-hover grve-zoom-in\">\t\t<div class=\"grve-media grve-dark-overlay grve-opacity-60\"><img loading=\"lazy\" decoding=\"async\" width=\"500\" height=\"375\" src=\"https:\/\/vadevela.com\/wp-content\/uploads\/2025\/02\/galeria_oceanis_03-1.jpg\" class=\"attachment-grve-image-small-square size-grve-image-small-square\" alt=\"\" srcset=\"https:\/\/vadevela.com\/wp-content\/uploads\/2025\/02\/galeria_oceanis_03-1.jpg 500w, https:\/\/vadevela.com\/wp-content\/uploads\/2025\/02\/galeria_oceanis_03-1-300x225.jpg 300w\" sizes=\"auto, (max-width: 500px) 100vw, 500px\" \/>\t\t<\/div><figcaption><\/figcaption>\t<\/figure><\/div><div class=\"grve-slider-item\">\t<figure class=\"grve-image-hover grve-zoom-in\">\t\t<div class=\"grve-media grve-dark-overlay grve-opacity-60\"><img loading=\"lazy\" decoding=\"async\" width=\"500\" height=\"375\" src=\"https:\/\/vadevela.com\/wp-content\/uploads\/2025\/02\/galeria_oceanis_04-1.jpg\" class=\"attachment-grve-image-small-square size-grve-image-small-square\" alt=\"\" srcset=\"https:\/\/vadevela.com\/wp-content\/uploads\/2025\/02\/galeria_oceanis_04-1.jpg 500w, https:\/\/vadevela.com\/wp-content\/uploads\/2025\/02\/galeria_oceanis_04-1-300x225.jpg 300w\" sizes=\"auto, (max-width: 500px) 100vw, 500px\" \/>\t\t<\/div><figcaption><\/figcaption>\t<\/figure><\/div><div class=\"grve-slider-item\">\t<figure class=\"grve-image-hover grve-zoom-in\">\t\t<div class=\"grve-media grve-dark-overlay grve-opacity-60\"><img loading=\"lazy\" decoding=\"async\" width=\"500\" height=\"375\" src=\"https:\/\/vadevela.com\/wp-content\/uploads\/2025\/02\/galeria_oceanis_05-1.jpg\" class=\"attachment-grve-image-small-square size-grve-image-small-square\" alt=\"\" srcset=\"https:\/\/vadevela.com\/wp-content\/uploads\/2025\/02\/galeria_oceanis_05-1.jpg 500w, https:\/\/vadevela.com\/wp-content\/uploads\/2025\/02\/galeria_oceanis_05-1-300x225.jpg 300w\" sizes=\"auto, (max-width: 500px) 100vw, 500px\" \/>\t\t<\/div><figcaption><\/figcaption>\t<\/figure><\/div><div class=\"grve-slider-item\">\t<figure class=\"grve-image-hover grve-zoom-in\">\t\t<div class=\"grve-media grve-dark-overlay grve-opacity-60\"><img loading=\"lazy\" decoding=\"async\" width=\"500\" height=\"375\" src=\"https:\/\/vadevela.com\/wp-content\/uploads\/2025\/02\/galeria_oceanis_06-1.jpg\" class=\"attachment-grve-image-small-square size-grve-image-small-square\" alt=\"\" srcset=\"https:\/\/vadevela.com\/wp-content\/uploads\/2025\/02\/galeria_oceanis_06-1.jpg 500w, https:\/\/vadevela.com\/wp-content\/uploads\/2025\/02\/galeria_oceanis_06-1-300x225.jpg 300w\" sizes=\"auto, (max-width: 500px) 100vw, 500px\" \/>\t\t<\/div><figcaption><\/figcaption>\t<\/figure><\/div><div class=\"grve-slider-item\">\t<figure class=\"grve-image-hover grve-zoom-in\">\t\t<div class=\"grve-media grve-dark-overlay grve-opacity-60\"><img loading=\"lazy\" decoding=\"async\" width=\"500\" height=\"375\" src=\"https:\/\/vadevela.com\/wp-content\/uploads\/2025\/02\/galeria_oceanis_07.jpg\" class=\"attachment-grve-image-small-square size-grve-image-small-square\" alt=\"\" srcset=\"https:\/\/vadevela.com\/wp-content\/uploads\/2025\/02\/galeria_oceanis_07.jpg 500w, https:\/\/vadevela.com\/wp-content\/uploads\/2025\/02\/galeria_oceanis_07-300x225.jpg 300w\" sizes=\"auto, (max-width: 500px) 100vw, 500px\" \/>\t\t<\/div><figcaption><\/figcaption>\t<\/figure><\/div><div class=\"grve-slider-item\">\t<figure class=\"grve-image-hover grve-zoom-in\">\t\t<div class=\"grve-media grve-dark-overlay grve-opacity-60\"><img loading=\"lazy\" decoding=\"async\" width=\"500\" height=\"375\" src=\"https:\/\/vadevela.com\/wp-content\/uploads\/2025\/02\/galeria_oceanis_08-1.jpg\" class=\"attachment-grve-image-small-square size-grve-image-small-square\" alt=\"\" srcset=\"https:\/\/vadevela.com\/wp-content\/uploads\/2025\/02\/galeria_oceanis_08-1.jpg 500w, https:\/\/vadevela.com\/wp-content\/uploads\/2025\/02\/galeria_oceanis_08-1-300x225.jpg 300w\" sizes=\"auto, (max-width: 500px) 100vw, 500px\" \/>\t\t<\/div><figcaption><\/figcaption>\t<\/figure><\/div><div class=\"grve-slider-item\">\t<figure class=\"grve-image-hover grve-zoom-in\">\t\t<div class=\"grve-media grve-dark-overlay grve-opacity-60\"><img loading=\"lazy\" decoding=\"async\" width=\"500\" height=\"375\" src=\"https:\/\/vadevela.com\/wp-content\/uploads\/2025\/02\/galeria_oceanis_09-1.jpg\" class=\"attachment-grve-image-small-square size-grve-image-small-square\" alt=\"\" srcset=\"https:\/\/vadevela.com\/wp-content\/uploads\/2025\/02\/galeria_oceanis_09-1.jpg 500w, https:\/\/vadevela.com\/wp-content\/uploads\/2025\/02\/galeria_oceanis_09-1-300x225.jpg 300w\" sizes=\"auto, (max-width: 500px) 100vw, 500px\" \/>\t\t<\/div><figcaption><\/figcaption>\t<\/figure><\/div><div class=\"grve-slider-item\">\t<figure class=\"grve-image-hover grve-zoom-in\">\t\t<div class=\"grve-media grve-dark-overlay grve-opacity-60\"><img loading=\"lazy\" decoding=\"async\" width=\"500\" height=\"375\" src=\"https:\/\/vadevela.com\/wp-content\/uploads\/2025\/02\/galeria_oceanis_10-1.jpg\" class=\"attachment-grve-image-small-square size-grve-image-small-square\" alt=\"\" srcset=\"https:\/\/vadevela.com\/wp-content\/uploads\/2025\/02\/galeria_oceanis_10-1.jpg 500w, https:\/\/vadevela.com\/wp-content\/uploads\/2025\/02\/galeria_oceanis_10-1-300x225.jpg 300w\" sizes=\"auto, (max-width: 500px) 100vw, 500px\" \/>\t\t<\/div><figcaption><\/figcaption>\t<\/figure><\/div><div class=\"grve-slider-item\">\t<figure class=\"grve-image-hover grve-zoom-in\">\t\t<div class=\"grve-media grve-dark-overlay grve-opacity-60\"><img loading=\"lazy\" decoding=\"async\" width=\"500\" height=\"375\" src=\"https:\/\/vadevela.com\/wp-content\/uploads\/2025\/02\/galeria_oceanis_11.jpg\" class=\"attachment-grve-image-small-square size-grve-image-small-square\" alt=\"\" srcset=\"https:\/\/vadevela.com\/wp-content\/uploads\/2025\/02\/galeria_oceanis_11.jpg 500w, https:\/\/vadevela.com\/wp-content\/uploads\/2025\/02\/galeria_oceanis_11-300x225.jpg 300w\" sizes=\"auto, (max-width: 500px) 100vw, 500px\" \/>\t\t<\/div><figcaption><\/figcaption>\t<\/figure><\/div>\t<\/div><\/div>[\/vc_column][vc_column width=\u00a0\u00bb1\/2&Prime;][vc_column_text css=\u00a0\u00bb\u00a0\u00bb text_style=\u00a0\u00bbsubtitle\u00a0\u00bb]<strong>OCEANIS 331 (10m) \u00ab\u00a0BREEZE\u00a0\u00bb<\/strong><\/p>\n<p>Qualification minimale PEE (SKIPPER DE BATEAU DE PLAISANCE) EN VOILE<\/p>\n<p><strong>FORFAIT : LOUEZ LE VOILIER POUR 172,86\u20ac\/JOUR !<\/strong> (Forfait 7 jours \u00e0 1210\u20ac) Du 1er novembre au 30 avril (sauf P\u00e2ques)<\/p>\n<p>Le BREEZE est un voilier de 10m facile \u00e0 diriger et tr\u00e8s ludique. Il se distingue par le fait d&rsquo;\u00eatre un voilier confortable et spacieux.<\/p>\n<p>Il s&rsquo;adresse aux navigateurs qui souhaitent explorer la Costa Brava. Il dispose de trois cabines doubles.[\/vc_column_text][\/vc_column][\/vc_row][vc_row][vc_column]<div class=\"grve-element grve-hr grve-line-divider\" style=\"\"><\/div>[\/vc_column][\/vc_row][vc_row][vc_column width=\u00a0\u00bb1\/2&Prime;][vc_column_text css=\u00a0\u00bb\u00a0\u00bb text_style=\u00a0\u00bbsubtitle\u00a0\u00bb]Possibilit\u00e9 de sortir quelques heures avec un skipper pour rafra\u00eechir vos connaissances !<\/p>\n<p>IL EST RECOMMAND\u00c9 DE T\u00c9L\u00c9CHARGER L&rsquo;APPLICATION \u00ab\u00a0NAVIONICS BOATING\u00a0\u00bb AVEC LES CARTES M\u00c9DITERRAN\u00c9ENNES SUR VOTRE MOBILE OU TABLETTE- (15 jours gratuits. 18\u20ac d&rsquo;achat)<\/p>\n<ul>\n<li><strong>CARACT\u00c9RISTIQUES :<\/strong> Longueur 10m. Moteur Yanmar 30 cv.<\/li>\n<li><strong>EQUIPEMENT :<\/strong> Equipement de s\u00e9curit\u00e9 complet zone 4 (12mn). Bimini, GPS 1 avec Plotter), Radio VHF avec ASN, An\u00e9mom\u00e8tre, Sondeur, Couloir, Pilote automatique, guindeau d&rsquo;ancre avec commande depuis le cockpit, douche dans le cockpit, cuisine deux feux, r\u00e9frig\u00e9rateur \u00e9lectrique, micro-ondes et table ext\u00e9rieure pour 4\/6 personnes.<\/li>\n<li><strong>MOTEUR :<\/strong> Volvo 30cv.<\/li>\n<li><strong>CAPACIT\u00c9 :<\/strong> 6\/8 personnes. 2 cabines doubles plus deux lits superpos\u00e9s et une salle de bain (nuit\u00e9e pour 6 personnes).<\/li>\n<li><strong>LOCALISATION :<\/strong> Port de plaisance de Palam\u00f3s.<\/li>\n<\/ul>\n<p>[\/vc_column_text][\/vc_column][vc_column width=\u00a0\u00bb1\/2&Prime;][vc_column_text css=\u00a0\u00bb\u00a0\u00bb text_style=\u00a0\u00bbsubtitle\u00a0\u00bb]<strong>TARIFS DE LOCATION DE VOILIER<\/strong><\/p>\n<table>\n<tbody>\n<tr>\n<td width=\"142\"><strong> DE &#8211; \u00c0<\/strong><\/td>\n<td width=\"142\"><strong>JOUR<\/strong><\/td>\n<td width=\"142\"><strong>SEMAINE<\/strong><\/td>\n<\/tr>\n<tr>\n<td width=\"142\">02\/01 to 30\/04<\/td>\n<td width=\"142\">245\u20ac<\/td>\n<td width=\"142\">1.225 \u20ac<\/td>\n<\/tr>\n<tr>\n<td width=\"142\">01\/05 to 10\/06<\/td>\n<td width=\"142\">280 \u20ac<\/td>\n<td width=\"142\">\u00e0 partir de 1.400 \u20ac<\/td>\n<\/tr>\n<tr>\n<td width=\"142\">11\/06 to 22\/07<\/td>\n<td width=\"142\">363\u20ac<\/td>\n<td width=\"142\">\u00e0 partir de 2178 \u20ac<\/td>\n<\/tr>\n<tr>\n<td width=\"142\">23\/07 to 26\/08<\/td>\n<td width=\"142\">424 \u20ac<\/td>\n<td width=\"142\">\u00e0 partir de 2.544\u20ac<\/td>\n<\/tr>\n<tr>\n<td width=\"142\">27\/08 to 16\/09<\/td>\n<td width=\"142\">363 \u20ac<\/td>\n<td width=\"142\">\u00e0 partir de 2.178 \u20ac<\/td>\n<\/tr>\n<tr>\n<td width=\"142\">17\/09 to 14\/10<\/td>\n<td width=\"142\">280 \u20ac<\/td>\n<td width=\"142\">\u00e0 partir de 1.400 \u20ac<\/td>\n<\/tr>\n<tr>\n<td width=\"142\">15\/10 to 30\/12<\/td>\n<td width=\"142\">245 \u20ac<\/td>\n<td width=\"142\">1.225 \u20ac<\/td>\n<\/tr>\n<\/tbody>\n<\/table>\n<p>[\/vc_column_text][vc_column_text css=\u00a0\u00bb\u00a0\u00bb text_style=\u00a0\u00bbsubtitle\u00a0\u00bb]<\/p>\n<ul>\n<li>Embarquement : 09h00 \/ D\u00e9barquement 19h.<\/li>\n<li>Comprend : assurance. Amarrage au port de plaisance de Palam\u00f3s.<\/li>\n<li>Parking \u00e0 l&rsquo;int\u00e9rieur du port (demander les bons). Wifi, toilettes et douches gratuites.<\/li>\n<li>Assistant d&rsquo;aviron.<\/li>\n<li>Ne comprend pas : carburant, nettoyage de sortie\/ moteur hors-bord d&rsquo;appoint 95\u20ac\/jour. (caution 1200\u20ac)<\/li>\n<\/ul>\n<p>[\/vc_column_text][\/vc_column][\/vc_row][vc_row][vc_column][vc_column_text css=\u00a0\u00bb\u00a0\u00bb text_style=\u00a0\u00bbsubtitle\u00a0\u00bb]Demander plus d&rsquo;informations : \u00a0<a href=\"https:\/\/api.whatsapp.com\/send?phone=645880096\"><img loading=\"lazy\" decoding=\"async\" class=\"alignnone size-full wp-image-4662\" src=\"http:\/\/vadevela.com\/wp-content\/uploads\/2022\/09\/whatsapp_4.png\" alt=\"\" width=\"44\" height=\"44\" \/><\/a>[\/vc_column_text][\/vc_column][\/vc_row]<\/p>\n<\/div>","protected":false},"excerpt":{"rendered":"<p>[vc_row header_feature=\u00a0\u00bbyes\u00a0\u00bb padding_top=\u00a0\u00bb35&Prime;][vc_column][\/vc_column][\/vc_row][vc_row][vc_column width=\u00a0\u00bb1\/2&Prime;][\/vc_column][vc_column width=\u00a0\u00bb1\/2&Prime;][vc_column_text css=\u00a0\u00bb\u00a0\u00bb text_style=\u00a0\u00bbsubtitle\u00a0\u00bb]OCEANIS 331 (10m) \u00ab\u00a0BREEZE\u00a0\u00bb Qualification minimale PEE (SKIPPER DE BATEAU DE PLAISANCE) EN VOILE FORFAIT : LOUEZ LE VOILIER POUR 172,86\u20ac\/JOUR ! (Forfait 7 jours \u00e0 1210\u20ac) Du 1er novembre au 30 avril (sauf P\u00e2ques) Le BREEZE est un voilier de 10m facile \u00e0 diriger et tr\u00e8s ludique. Il [&hellip;]<\/p>\n","protected":false},"author":1,"featured_media":0,"parent":0,"menu_order":0,"comment_status":"closed","ping_status":"closed","template":"","meta":{"footnotes":""},"class_list":["post-7366","page","type-page","status-publish","hentry"],"yoast_head":"<!-- This site is optimized with the Yoast SEO plugin v27.3 - https:\/\/yoast.com\/product\/yoast-seo-wordpress\/ -->\n<title>Location de voiliers \u00e0 Palam\u00f3s Costa Brava - Vadevela<\/title>\n<meta name=\"description\" content=\"Location de voiliers \u00e0 Palam\u00f3s Costa Brava .Le BREEZE est un voilier de 10m facile \u00e0 diriger et tr\u00e8s ludique.\" \/>\n<meta name=\"robots\" content=\"index, follow, max-snippet:-1, max-image-preview:large, max-video-preview:-1\" \/>\n<link rel=\"canonical\" href=\"https:\/\/vadevela.com\/fr\/location-de-voiliers-a-palamos-costa-brava\/\" \/>\n<meta property=\"og:locale\" content=\"fr_FR\" \/>\n<meta property=\"og:type\" content=\"article\" \/>\n<meta property=\"og:title\" content=\"Location de voiliers \u00e0 Palam\u00f3s Costa Brava - Vadevela\" \/>\n<meta property=\"og:description\" content=\"Location de voiliers \u00e0 Palam\u00f3s Costa Brava .Le BREEZE est un voilier de 10m facile \u00e0 diriger et tr\u00e8s ludique.\" \/>\n<meta property=\"og:url\" content=\"https:\/\/vadevela.com\/fr\/location-de-voiliers-a-palamos-costa-brava\/\" \/>\n<meta property=\"og:site_name\" content=\"Vadevela\" \/>\n<meta property=\"article:publisher\" content=\"https:\/\/www.facebook.com\/profile.php?id=100066870703106\" \/>\n<meta property=\"article:modified_time\" content=\"2026-03-15T19:46:13+00:00\" \/>\n<meta property=\"og:image\" content=\"http:\/\/vadevela.com\/wp-content\/uploads\/2022\/09\/whatsapp_4.png\" \/>\n<meta name=\"twitter:card\" content=\"summary_large_image\" \/>\n<meta name=\"twitter:label1\" content=\"Dur\u00e9e de lecture estim\u00e9e\" \/>\n\t<meta name=\"twitter:data1\" content=\"5 minutes\" \/>\n<script type=\"application\/ld+json\" class=\"yoast-schema-graph\">{\"@context\":\"https:\\\/\\\/schema.org\",\"@graph\":[{\"@type\":\"WebPage\",\"@id\":\"https:\\\/\\\/vadevela.com\\\/fr\\\/location-de-voiliers-a-palamos-costa-brava\\\/\",\"url\":\"https:\\\/\\\/vadevela.com\\\/fr\\\/location-de-voiliers-a-palamos-costa-brava\\\/\",\"name\":\"Location de voiliers \u00e0 Palam\u00f3s Costa Brava - Vadevela\",\"isPartOf\":{\"@id\":\"https:\\\/\\\/vadevela.com\\\/fr\\\/#website\"},\"primaryImageOfPage\":{\"@id\":\"https:\\\/\\\/vadevela.com\\\/fr\\\/location-de-voiliers-a-palamos-costa-brava\\\/#primaryimage\"},\"image\":{\"@id\":\"https:\\\/\\\/vadevela.com\\\/fr\\\/location-de-voiliers-a-palamos-costa-brava\\\/#primaryimage\"},\"thumbnailUrl\":\"http:\\\/\\\/vadevela.com\\\/wp-content\\\/uploads\\\/2022\\\/09\\\/whatsapp_4.png\",\"datePublished\":\"2022-09-14T15:23:53+00:00\",\"dateModified\":\"2026-03-15T19:46:13+00:00\",\"description\":\"Location de voiliers \u00e0 Palam\u00f3s Costa Brava .Le BREEZE est un voilier de 10m facile \u00e0 diriger et tr\u00e8s ludique.\",\"breadcrumb\":{\"@id\":\"https:\\\/\\\/vadevela.com\\\/fr\\\/location-de-voiliers-a-palamos-costa-brava\\\/#breadcrumb\"},\"inLanguage\":\"fr-FR\",\"potentialAction\":[{\"@type\":\"ReadAction\",\"target\":[\"https:\\\/\\\/vadevela.com\\\/fr\\\/location-de-voiliers-a-palamos-costa-brava\\\/\"]}]},{\"@type\":\"ImageObject\",\"inLanguage\":\"fr-FR\",\"@id\":\"https:\\\/\\\/vadevela.com\\\/fr\\\/location-de-voiliers-a-palamos-costa-brava\\\/#primaryimage\",\"url\":\"http:\\\/\\\/vadevela.com\\\/wp-content\\\/uploads\\\/2022\\\/09\\\/whatsapp_4.png\",\"contentUrl\":\"http:\\\/\\\/vadevela.com\\\/wp-content\\\/uploads\\\/2022\\\/09\\\/whatsapp_4.png\"},{\"@type\":\"BreadcrumbList\",\"@id\":\"https:\\\/\\\/vadevela.com\\\/fr\\\/location-de-voiliers-a-palamos-costa-brava\\\/#breadcrumb\",\"itemListElement\":[{\"@type\":\"ListItem\",\"position\":1,\"name\":\"Inici\",\"item\":\"https:\\\/\\\/vadevela.com\\\/fr\\\/\"},{\"@type\":\"ListItem\",\"position\":2,\"name\":\"Location de voiliers \u00e0 Palam\u00f3s Costa Brava\"}]},{\"@type\":\"WebSite\",\"@id\":\"https:\\\/\\\/vadevela.com\\\/fr\\\/#website\",\"url\":\"https:\\\/\\\/vadevela.com\\\/fr\\\/\",\"name\":\"Vadevela\",\"description\":\"Lloguer de velers - Alquiler de veleros - Sailboat rental &amp; charter\",\"publisher\":{\"@id\":\"https:\\\/\\\/vadevela.com\\\/fr\\\/#organization\"},\"potentialAction\":[{\"@type\":\"SearchAction\",\"target\":{\"@type\":\"EntryPoint\",\"urlTemplate\":\"https:\\\/\\\/vadevela.com\\\/fr\\\/?s={search_term_string}\"},\"query-input\":{\"@type\":\"PropertyValueSpecification\",\"valueRequired\":true,\"valueName\":\"search_term_string\"}}],\"inLanguage\":\"fr-FR\"},{\"@type\":\"Organization\",\"@id\":\"https:\\\/\\\/vadevela.com\\\/fr\\\/#organization\",\"name\":\"Vadevela\",\"url\":\"https:\\\/\\\/vadevela.com\\\/fr\\\/\",\"logo\":{\"@type\":\"ImageObject\",\"inLanguage\":\"fr-FR\",\"@id\":\"https:\\\/\\\/vadevela.com\\\/fr\\\/#\\\/schema\\\/logo\\\/image\\\/\",\"url\":\"https:\\\/\\\/vadevela.com\\\/wp-content\\\/uploads\\\/2022\\\/09\\\/logo_vadevela_b_2.png\",\"contentUrl\":\"https:\\\/\\\/vadevela.com\\\/wp-content\\\/uploads\\\/2022\\\/09\\\/logo_vadevela_b_2.png\",\"width\":300,\"height\":59,\"caption\":\"Vadevela\"},\"image\":{\"@id\":\"https:\\\/\\\/vadevela.com\\\/fr\\\/#\\\/schema\\\/logo\\\/image\\\/\"},\"sameAs\":[\"https:\\\/\\\/www.facebook.com\\\/profile.php?id=100066870703106\",\"https:\\\/\\\/www.youtube.com\\\/user\\\/vadevela1\\\/videos\"]}]}<\/script>\n<!-- \/ Yoast SEO plugin. -->","yoast_head_json":{"title":"Location de voiliers \u00e0 Palam\u00f3s Costa Brava - Vadevela","description":"Location de voiliers \u00e0 Palam\u00f3s Costa Brava .Le BREEZE est un voilier de 10m facile \u00e0 diriger et tr\u00e8s ludique.","robots":{"index":"index","follow":"follow","max-snippet":"max-snippet:-1","max-image-preview":"max-image-preview:large","max-video-preview":"max-video-preview:-1"},"canonical":"https:\/\/vadevela.com\/fr\/location-de-voiliers-a-palamos-costa-brava\/","og_locale":"fr_FR","og_type":"article","og_title":"Location de voiliers \u00e0 Palam\u00f3s Costa Brava - Vadevela","og_description":"Location de voiliers \u00e0 Palam\u00f3s Costa Brava .Le BREEZE est un voilier de 10m facile \u00e0 diriger et tr\u00e8s ludique.","og_url":"https:\/\/vadevela.com\/fr\/location-de-voiliers-a-palamos-costa-brava\/","og_site_name":"Vadevela","article_publisher":"https:\/\/www.facebook.com\/profile.php?id=100066870703106","article_modified_time":"2026-03-15T19:46:13+00:00","og_image":[{"url":"http:\/\/vadevela.com\/wp-content\/uploads\/2022\/09\/whatsapp_4.png","type":"","width":"","height":""}],"twitter_card":"summary_large_image","twitter_misc":{"Dur\u00e9e de lecture estim\u00e9e":"5 minutes"},"schema":{"@context":"https:\/\/schema.org","@graph":[{"@type":"WebPage","@id":"https:\/\/vadevela.com\/fr\/location-de-voiliers-a-palamos-costa-brava\/","url":"https:\/\/vadevela.com\/fr\/location-de-voiliers-a-palamos-costa-brava\/","name":"Location de voiliers \u00e0 Palam\u00f3s Costa Brava - Vadevela","isPartOf":{"@id":"https:\/\/vadevela.com\/fr\/#website"},"primaryImageOfPage":{"@id":"https:\/\/vadevela.com\/fr\/location-de-voiliers-a-palamos-costa-brava\/#primaryimage"},"image":{"@id":"https:\/\/vadevela.com\/fr\/location-de-voiliers-a-palamos-costa-brava\/#primaryimage"},"thumbnailUrl":"http:\/\/vadevela.com\/wp-content\/uploads\/2022\/09\/whatsapp_4.png","datePublished":"2022-09-14T15:23:53+00:00","dateModified":"2026-03-15T19:46:13+00:00","description":"Location de voiliers \u00e0 Palam\u00f3s Costa Brava .Le BREEZE est un voilier de 10m facile \u00e0 diriger et tr\u00e8s ludique.","breadcrumb":{"@id":"https:\/\/vadevela.com\/fr\/location-de-voiliers-a-palamos-costa-brava\/#breadcrumb"},"inLanguage":"fr-FR","potentialAction":[{"@type":"ReadAction","target":["https:\/\/vadevela.com\/fr\/location-de-voiliers-a-palamos-costa-brava\/"]}]},{"@type":"ImageObject","inLanguage":"fr-FR","@id":"https:\/\/vadevela.com\/fr\/location-de-voiliers-a-palamos-costa-brava\/#primaryimage","url":"http:\/\/vadevela.com\/wp-content\/uploads\/2022\/09\/whatsapp_4.png","contentUrl":"http:\/\/vadevela.com\/wp-content\/uploads\/2022\/09\/whatsapp_4.png"},{"@type":"BreadcrumbList","@id":"https:\/\/vadevela.com\/fr\/location-de-voiliers-a-palamos-costa-brava\/#breadcrumb","itemListElement":[{"@type":"ListItem","position":1,"name":"Inici","item":"https:\/\/vadevela.com\/fr\/"},{"@type":"ListItem","position":2,"name":"Location de voiliers \u00e0 Palam\u00f3s Costa Brava"}]},{"@type":"WebSite","@id":"https:\/\/vadevela.com\/fr\/#website","url":"https:\/\/vadevela.com\/fr\/","name":"Vadevela","description":"Lloguer de velers - Alquiler de veleros - Sailboat rental &amp; charter","publisher":{"@id":"https:\/\/vadevela.com\/fr\/#organization"},"potentialAction":[{"@type":"SearchAction","target":{"@type":"EntryPoint","urlTemplate":"https:\/\/vadevela.com\/fr\/?s={search_term_string}"},"query-input":{"@type":"PropertyValueSpecification","valueRequired":true,"valueName":"search_term_string"}}],"inLanguage":"fr-FR"},{"@type":"Organization","@id":"https:\/\/vadevela.com\/fr\/#organization","name":"Vadevela","url":"https:\/\/vadevela.com\/fr\/","logo":{"@type":"ImageObject","inLanguage":"fr-FR","@id":"https:\/\/vadevela.com\/fr\/#\/schema\/logo\/image\/","url":"https:\/\/vadevela.com\/wp-content\/uploads\/2022\/09\/logo_vadevela_b_2.png","contentUrl":"https:\/\/vadevela.com\/wp-content\/uploads\/2022\/09\/logo_vadevela_b_2.png","width":300,"height":59,"caption":"Vadevela"},"image":{"@id":"https:\/\/vadevela.com\/fr\/#\/schema\/logo\/image\/"},"sameAs":["https:\/\/www.facebook.com\/profile.php?id=100066870703106","https:\/\/www.youtube.com\/user\/vadevela1\/videos"]}]}},"_links":{"self":[{"href":"https:\/\/vadevela.com\/fr\/wp-json\/wp\/v2\/pages\/7366","targetHints":{"allow":["GET"]}}],"collection":[{"href":"https:\/\/vadevela.com\/fr\/wp-json\/wp\/v2\/pages"}],"about":[{"href":"https:\/\/vadevela.com\/fr\/wp-json\/wp\/v2\/types\/page"}],"author":[{"embeddable":true,"href":"https:\/\/vadevela.com\/fr\/wp-json\/wp\/v2\/users\/1"}],"replies":[{"embeddable":true,"href":"https:\/\/vadevela.com\/fr\/wp-json\/wp\/v2\/comments?post=7366"}],"version-history":[{"count":6,"href":"https:\/\/vadevela.com\/fr\/wp-json\/wp\/v2\/pages\/7366\/revisions"}],"predecessor-version":[{"id":7679,"href":"https:\/\/vadevela.com\/fr\/wp-json\/wp\/v2\/pages\/7366\/revisions\/7679"}],"wp:attachment":[{"href":"https:\/\/vadevela.com\/fr\/wp-json\/wp\/v2\/media?parent=7366"}],"curies":[{"name":"wp","href":"https:\/\/api.w.org\/{rel}","templated":true}]}}