{"id":7384,"date":"2022-09-05T19:17:17","date_gmt":"2022-09-05T17:17:17","guid":{"rendered":"https:\/\/vadevela.com\/ubicacio-i-contacte\/"},"modified":"2025-03-05T14:48:12","modified_gmt":"2025-03-05T12:48:12","slug":"localisation-et-contact","status":"publish","type":"page","link":"https:\/\/vadevela.com\/fr\/localisation-et-contact\/","title":{"rendered":"Localisation et contact"},"content":{"rendered":"<div class=\"wpb-content-wrapper\"><p>[vc_row header_feature=\u00a0\u00bbyes\u00a0\u00bb padding_top=\u00a0\u00bb35&Prime;][vc_column]<div class=\"grve-element grve-slogan grve-align-center\" style=\"\"><h4 class=\"grve-slogan-title grve-align-center grve-title-line\"><span>NOUS NOUS RENCONTRONS AU PORT MARINA DE PALAM\u00d3S<\/span><\/h4>  <p class=\"\"><\/p><\/div>[\/vc_column][\/vc_row][vc_row][vc_column width=\u00a0\u00bb1\/2&Prime;][vc_column_text css=\u00a0\u00bb\u00a0\u00bb text_style=\u00a0\u00bbsubtitle\u00a0\u00bb]<strong>FORMULAIRE DE CONTACT :<\/strong>[\/vc_column_text]\n<div class=\"wpcf7 no-js\" id=\"wpcf7-f4642-o1\" lang=\"ca\" dir=\"ltr\" data-wpcf7-id=\"4642\">\n<div class=\"screen-reader-response\"><p role=\"status\" aria-live=\"polite\" aria-atomic=\"true\"><\/p> <ul><\/ul><\/div>\n<form action=\"\/fr\/wp-json\/wp\/v2\/pages\/7384#wpcf7-f4642-o1\" method=\"post\" class=\"wpcf7-form init\" aria-label=\"Formulari de contacte\" novalidate=\"novalidate\" data-status=\"init\">\n<fieldset class=\"hidden-fields-container\"><input type=\"hidden\" name=\"_wpcf7\" value=\"4642\" \/><input type=\"hidden\" name=\"_wpcf7_version\" value=\"6.1.5\" \/><input type=\"hidden\" name=\"_wpcf7_locale\" value=\"ca\" \/><input type=\"hidden\" name=\"_wpcf7_unit_tag\" value=\"wpcf7-f4642-o1\" \/><input type=\"hidden\" name=\"_wpcf7_container_post\" value=\"0\" \/><input type=\"hidden\" name=\"_wpcf7_posted_data_hash\" value=\"\" \/><input type=\"hidden\" name=\"_wpcf7_recaptcha_response\" value=\"\" \/>\n<\/fieldset>\n<p><label> Nom<br \/>\n<span class=\"wpcf7-form-control-wrap\" data-name=\"your-name\"><input size=\"40\" maxlength=\"400\" class=\"wpcf7-form-control wpcf7-text wpcf7-validates-as-required\" aria-required=\"true\" aria-invalid=\"false\" value=\"\" type=\"text\" name=\"your-name\" \/><\/span> <\/label><br \/>\n<label> Cognoms<br \/>\n<span class=\"wpcf7-form-control-wrap\" data-name=\"your-name\"><input size=\"40\" maxlength=\"400\" class=\"wpcf7-form-control wpcf7-text wpcf7-validates-as-required\" aria-required=\"true\" aria-invalid=\"false\" value=\"\" type=\"text\" name=\"your-name\" \/><\/span> <\/label><br \/>\n<label> Email<br \/>\n<span class=\"wpcf7-form-control-wrap\" data-name=\"your-email\"><input size=\"40\" maxlength=\"400\" class=\"wpcf7-form-control wpcf7-email wpcf7-validates-as-required wpcf7-text wpcf7-validates-as-email\" aria-required=\"true\" aria-invalid=\"false\" value=\"\" type=\"email\" name=\"your-email\" \/><\/span> <\/label><br \/>\n<label> Tel\u00e8fon<br \/>\n<span class=\"wpcf7-form-control-wrap\" data-name=\"tel-10\"><input size=\"40\" maxlength=\"400\" class=\"wpcf7-form-control wpcf7-tel wpcf7-validates-as-required wpcf7-text wpcf7-validates-as-tel\" aria-required=\"true\" aria-invalid=\"false\" value=\"\" type=\"tel\" name=\"tel-10\" \/><\/span> <\/label><br \/>\n<label> Consulta (optional)<br \/>\n<span class=\"wpcf7-form-control-wrap\" data-name=\"your-message\"><textarea cols=\"40\" rows=\"10\" maxlength=\"2000\" class=\"wpcf7-form-control wpcf7-textarea\" aria-invalid=\"false\" name=\"your-message\"><\/textarea><\/span> <\/label><br \/>\n<input class=\"wpcf7-form-control wpcf7-submit has-spinner\" type=\"submit\" value=\"Enviar\" \/>\n<\/p><div class=\"wpcf7-response-output\" aria-hidden=\"true\"><\/div>\n<\/form>\n<\/div>\n[\/vc_column][vc_column width=\u00a0\u00bb1\/2&Prime;][vc_column_text css=\u00a0\u00bb\u00a0\u00bb text_style=\u00a0\u00bbsubtitle\u00a0\u00bb]<iframe loading=\"lazy\" style=\"border: 0;\" src=\"https:\/\/www.google.com\/maps\/embed?pb=!1m14!1m8!1m3!1d762394.8626567879!2d2.3049032707191657!3d41.71825450626595!3m2!1i1024!2i768!4f13.1!3m3!1m2!1s0x0%3A0x1ec60a68fdd986a!2sVadevela.Excursions%20amb%20veler%20y%20alquiler%20de%20veleros!5e0!3m2!1sca!2ses!4v1663176741586!5m2!1sca!2ses\" width=\"600\" height=\"450\" allowfullscreen=\"allowfullscreen\"><\/iframe><\/p>\n<p>Location de voilier <strong>VADEVELA<\/strong> \u00e0 Palam\u00f3s &#8211; Excursions en voilier.<br \/>\nPort de plaisance de Palam\u00f3s<br \/>\n17230 Palamos &#8211; G\u00e9rone<\/p>\n<p><strong>Mia Ferrer<\/strong><br \/>\nTel. (0034) 645 880 096<br \/>\n<a href=\"mailto:mia@vadevela.com\">mia@vadevela.com<\/a>[\/vc_column_text][\/vc_column][\/vc_row]<\/p>\n<\/div>","protected":false},"excerpt":{"rendered":"<p>[vc_row header_feature=\u00a0\u00bbyes\u00a0\u00bb padding_top=\u00a0\u00bb35&Prime;][vc_column][\/vc_column][\/vc_row][vc_row][vc_column width=\u00a0\u00bb1\/2&Prime;][vc_column_text css=\u00a0\u00bb\u00a0\u00bb text_style=\u00a0\u00bbsubtitle\u00a0\u00bb]FORMULAIRE DE CONTACT :[\/vc_column_text][\/vc_column][vc_column width=\u00a0\u00bb1\/2&Prime;][vc_column_text css=\u00a0\u00bb\u00a0\u00bb text_style=\u00a0\u00bbsubtitle\u00a0\u00bb] Location de voilier VADEVELA \u00e0 Palam\u00f3s &#8211; Excursions en voilier. Port de plaisance de Palam\u00f3s 17230 Palamos &#8211; G\u00e9rone Mia Ferrer Tel. (0034) 645 880 096 mia@vadevela.com[\/vc_column_text][\/vc_column][\/vc_row]<\/p>\n","protected":false},"author":1,"featured_media":0,"parent":0,"menu_order":0,"comment_status":"closed","ping_status":"closed","template":"","meta":{"footnotes":""},"class_list":["post-7384","page","type-page","status-publish","hentry"],"yoast_head":"<!-- This site is optimized with the Yoast SEO plugin v27.3 - https:\/\/yoast.com\/product\/yoast-seo-wordpress\/ -->\n<title>Localisation et contact - Vadevela<\/title>\n<meta name=\"description\" content=\"Lloguer de velers a Palam\u00f3s \u2013 Excursions amb veler. Port Marina de Palam\u00f3s. 17230 Palam\u00f3s \u2013 Girona. mia@vadevela.com +34 645 88 00 96\" \/>\n<meta name=\"robots\" content=\"index, follow, max-snippet:-1, max-image-preview:large, max-video-preview:-1\" \/>\n<link rel=\"canonical\" href=\"https:\/\/vadevela.com\/fr\/localisation-et-contact\/\" \/>\n<meta property=\"og:locale\" content=\"fr_FR\" \/>\n<meta property=\"og:type\" content=\"article\" \/>\n<meta property=\"og:title\" content=\"Localisation et contact - Vadevela\" \/>\n<meta property=\"og:description\" content=\"Lloguer de velers a Palam\u00f3s \u2013 Excursions amb veler. Port Marina de Palam\u00f3s. 17230 Palam\u00f3s \u2013 Girona. mia@vadevela.com +34 645 88 00 96\" \/>\n<meta property=\"og:url\" content=\"https:\/\/vadevela.com\/fr\/localisation-et-contact\/\" \/>\n<meta property=\"og:site_name\" content=\"Vadevela\" \/>\n<meta property=\"article:publisher\" content=\"https:\/\/www.facebook.com\/profile.php?id=100066870703106\" \/>\n<meta property=\"article:modified_time\" content=\"2025-03-05T12:48:12+00:00\" \/>\n<meta name=\"twitter:card\" content=\"summary_large_image\" \/>\n<meta name=\"twitter:label1\" content=\"Dur\u00e9e de lecture estim\u00e9e\" \/>\n\t<meta name=\"twitter:data1\" content=\"1 minute\" \/>\n<script type=\"application\/ld+json\" class=\"yoast-schema-graph\">{\"@context\":\"https:\\\/\\\/schema.org\",\"@graph\":[{\"@type\":\"WebPage\",\"@id\":\"https:\\\/\\\/vadevela.com\\\/fr\\\/localisation-et-contact\\\/\",\"url\":\"https:\\\/\\\/vadevela.com\\\/fr\\\/localisation-et-contact\\\/\",\"name\":\"Localisation et contact - Vadevela\",\"isPartOf\":{\"@id\":\"https:\\\/\\\/vadevela.com\\\/fr\\\/#website\"},\"datePublished\":\"2022-09-05T17:17:17+00:00\",\"dateModified\":\"2025-03-05T12:48:12+00:00\",\"description\":\"Lloguer de velers a Palam\u00f3s \u2013 Excursions amb veler. Port Marina de Palam\u00f3s. 17230 Palam\u00f3s \u2013 Girona. mia@vadevela.com +34 645 88 00 96\",\"breadcrumb\":{\"@id\":\"https:\\\/\\\/vadevela.com\\\/fr\\\/localisation-et-contact\\\/#breadcrumb\"},\"inLanguage\":\"fr-FR\",\"potentialAction\":[{\"@type\":\"ReadAction\",\"target\":[\"https:\\\/\\\/vadevela.com\\\/fr\\\/localisation-et-contact\\\/\"]}]},{\"@type\":\"BreadcrumbList\",\"@id\":\"https:\\\/\\\/vadevela.com\\\/fr\\\/localisation-et-contact\\\/#breadcrumb\",\"itemListElement\":[{\"@type\":\"ListItem\",\"position\":1,\"name\":\"Inici\",\"item\":\"https:\\\/\\\/vadevela.com\\\/fr\\\/\"},{\"@type\":\"ListItem\",\"position\":2,\"name\":\"Localisation et contact\"}]},{\"@type\":\"WebSite\",\"@id\":\"https:\\\/\\\/vadevela.com\\\/fr\\\/#website\",\"url\":\"https:\\\/\\\/vadevela.com\\\/fr\\\/\",\"name\":\"Vadevela\",\"description\":\"Lloguer de velers - Alquiler de veleros - Sailboat rental &amp; charter\",\"publisher\":{\"@id\":\"https:\\\/\\\/vadevela.com\\\/fr\\\/#organization\"},\"potentialAction\":[{\"@type\":\"SearchAction\",\"target\":{\"@type\":\"EntryPoint\",\"urlTemplate\":\"https:\\\/\\\/vadevela.com\\\/fr\\\/?s={search_term_string}\"},\"query-input\":{\"@type\":\"PropertyValueSpecification\",\"valueRequired\":true,\"valueName\":\"search_term_string\"}}],\"inLanguage\":\"fr-FR\"},{\"@type\":\"Organization\",\"@id\":\"https:\\\/\\\/vadevela.com\\\/fr\\\/#organization\",\"name\":\"Vadevela\",\"url\":\"https:\\\/\\\/vadevela.com\\\/fr\\\/\",\"logo\":{\"@type\":\"ImageObject\",\"inLanguage\":\"fr-FR\",\"@id\":\"https:\\\/\\\/vadevela.com\\\/fr\\\/#\\\/schema\\\/logo\\\/image\\\/\",\"url\":\"https:\\\/\\\/vadevela.com\\\/wp-content\\\/uploads\\\/2022\\\/09\\\/logo_vadevela_b_2.png\",\"contentUrl\":\"https:\\\/\\\/vadevela.com\\\/wp-content\\\/uploads\\\/2022\\\/09\\\/logo_vadevela_b_2.png\",\"width\":300,\"height\":59,\"caption\":\"Vadevela\"},\"image\":{\"@id\":\"https:\\\/\\\/vadevela.com\\\/fr\\\/#\\\/schema\\\/logo\\\/image\\\/\"},\"sameAs\":[\"https:\\\/\\\/www.facebook.com\\\/profile.php?id=100066870703106\",\"https:\\\/\\\/www.youtube.com\\\/user\\\/vadevela1\\\/videos\"]}]}<\/script>\n<!-- \/ Yoast SEO plugin. -->","yoast_head_json":{"title":"Localisation et contact - Vadevela","description":"Lloguer de velers a Palam\u00f3s \u2013 Excursions amb veler. Port Marina de Palam\u00f3s. 17230 Palam\u00f3s \u2013 Girona. mia@vadevela.com +34 645 88 00 96","robots":{"index":"index","follow":"follow","max-snippet":"max-snippet:-1","max-image-preview":"max-image-preview:large","max-video-preview":"max-video-preview:-1"},"canonical":"https:\/\/vadevela.com\/fr\/localisation-et-contact\/","og_locale":"fr_FR","og_type":"article","og_title":"Localisation et contact - Vadevela","og_description":"Lloguer de velers a Palam\u00f3s \u2013 Excursions amb veler. Port Marina de Palam\u00f3s. 17230 Palam\u00f3s \u2013 Girona. mia@vadevela.com +34 645 88 00 96","og_url":"https:\/\/vadevela.com\/fr\/localisation-et-contact\/","og_site_name":"Vadevela","article_publisher":"https:\/\/www.facebook.com\/profile.php?id=100066870703106","article_modified_time":"2025-03-05T12:48:12+00:00","twitter_card":"summary_large_image","twitter_misc":{"Dur\u00e9e de lecture estim\u00e9e":"1 minute"},"schema":{"@context":"https:\/\/schema.org","@graph":[{"@type":"WebPage","@id":"https:\/\/vadevela.com\/fr\/localisation-et-contact\/","url":"https:\/\/vadevela.com\/fr\/localisation-et-contact\/","name":"Localisation et contact - Vadevela","isPartOf":{"@id":"https:\/\/vadevela.com\/fr\/#website"},"datePublished":"2022-09-05T17:17:17+00:00","dateModified":"2025-03-05T12:48:12+00:00","description":"Lloguer de velers a Palam\u00f3s \u2013 Excursions amb veler. Port Marina de Palam\u00f3s. 17230 Palam\u00f3s \u2013 Girona. mia@vadevela.com +34 645 88 00 96","breadcrumb":{"@id":"https:\/\/vadevela.com\/fr\/localisation-et-contact\/#breadcrumb"},"inLanguage":"fr-FR","potentialAction":[{"@type":"ReadAction","target":["https:\/\/vadevela.com\/fr\/localisation-et-contact\/"]}]},{"@type":"BreadcrumbList","@id":"https:\/\/vadevela.com\/fr\/localisation-et-contact\/#breadcrumb","itemListElement":[{"@type":"ListItem","position":1,"name":"Inici","item":"https:\/\/vadevela.com\/fr\/"},{"@type":"ListItem","position":2,"name":"Localisation et contact"}]},{"@type":"WebSite","@id":"https:\/\/vadevela.com\/fr\/#website","url":"https:\/\/vadevela.com\/fr\/","name":"Vadevela","description":"Lloguer de velers - Alquiler de veleros - Sailboat rental &amp; charter","publisher":{"@id":"https:\/\/vadevela.com\/fr\/#organization"},"potentialAction":[{"@type":"SearchAction","target":{"@type":"EntryPoint","urlTemplate":"https:\/\/vadevela.com\/fr\/?s={search_term_string}"},"query-input":{"@type":"PropertyValueSpecification","valueRequired":true,"valueName":"search_term_string"}}],"inLanguage":"fr-FR"},{"@type":"Organization","@id":"https:\/\/vadevela.com\/fr\/#organization","name":"Vadevela","url":"https:\/\/vadevela.com\/fr\/","logo":{"@type":"ImageObject","inLanguage":"fr-FR","@id":"https:\/\/vadevela.com\/fr\/#\/schema\/logo\/image\/","url":"https:\/\/vadevela.com\/wp-content\/uploads\/2022\/09\/logo_vadevela_b_2.png","contentUrl":"https:\/\/vadevela.com\/wp-content\/uploads\/2022\/09\/logo_vadevela_b_2.png","width":300,"height":59,"caption":"Vadevela"},"image":{"@id":"https:\/\/vadevela.com\/fr\/#\/schema\/logo\/image\/"},"sameAs":["https:\/\/www.facebook.com\/profile.php?id=100066870703106","https:\/\/www.youtube.com\/user\/vadevela1\/videos"]}]}},"_links":{"self":[{"href":"https:\/\/vadevela.com\/fr\/wp-json\/wp\/v2\/pages\/7384","targetHints":{"allow":["GET"]}}],"collection":[{"href":"https:\/\/vadevela.com\/fr\/wp-json\/wp\/v2\/pages"}],"about":[{"href":"https:\/\/vadevela.com\/fr\/wp-json\/wp\/v2\/types\/page"}],"author":[{"embeddable":true,"href":"https:\/\/vadevela.com\/fr\/wp-json\/wp\/v2\/users\/1"}],"replies":[{"embeddable":true,"href":"https:\/\/vadevela.com\/fr\/wp-json\/wp\/v2\/comments?post=7384"}],"version-history":[{"count":3,"href":"https:\/\/vadevela.com\/fr\/wp-json\/wp\/v2\/pages\/7384\/revisions"}],"predecessor-version":[{"id":7387,"href":"https:\/\/vadevela.com\/fr\/wp-json\/wp\/v2\/pages\/7384\/revisions\/7387"}],"wp:attachment":[{"href":"https:\/\/vadevela.com\/fr\/wp-json\/wp\/v2\/media?parent=7384"}],"curies":[{"name":"wp","href":"https:\/\/api.w.org\/{rel}","templated":true}]}}